 {"id":127,"date":"2013-02-22T12:26:22","date_gmt":"2013-02-22T11:26:22","guid":{"rendered":"https:\/\/blogs.univ-tlse2.fr\/plateformeterrae\/?page_id=127"},"modified":"2014-03-18T16:35:14","modified_gmt":"2014-03-18T15:35:14","slug":"participation-a-des-reseaux","status":"publish","type":"page","link":"https:\/\/blogs.univ-tlse2.fr\/plateformeterrae\/participation-a-des-reseaux\/","title":{"rendered":"Participation \u00e0 des r\u00e9seaux"},"content":{"rendered":"<p><strong>Liste des r\u00e9seaux \u00a0:<\/strong><\/p>\n<p><strong>&#8211; R\u00e9seau ISA<\/strong><\/p>\n<p><strong>&#8211; GDR Modys<\/strong><\/p>\n<p><strong>&#8211; R\u00e9seau AGRESTE<\/strong><\/p>\n<p><strong>&#8211; R\u00e9seau DEPART<\/strong><\/p>\n<p>&nbsp;<\/p>\n<p>********************************************************************************<\/p>\n<p>Les membres de Terrae participent et co-animent le r\u00e9seau inter-MSH ISA<\/p>\n<p>ISA est un r\u00e9seau de concepteurs et d&rsquo;utilisateurs d\u2019information spatiale en arch\u00e9ologie. Soutenu par le\u00a0<a href=\"http:\/\/www.msh-reseau.fr\/\">r\u00e9seau des Maisons des Sciences de l&rsquo;Homme<\/a>, il a \u00e9t\u00e9 constitu\u00e9 en 2001. Au-del\u00e0 des MSH qui en assurent le pilotage, le r\u00e9seau est largement interinstitutionnel, avec la participation des membres de la communaut\u00e9 arch\u00e9ologique au Minist\u00e8re de la Culture, \u00e0 l&rsquo;INRAP et dans les collectivit\u00e9s territoriales.<br \/>\nDans le cadre de l&rsquo;\u00e9tude des dynamiques spatiales en arch\u00e9ologie, le r\u00e9seau ISA a pour ambition de contribuer \u00e0 l&rsquo;am\u00e9lioration, \u00e0 la diffusion et au d\u00e9veloppement collectif des pratiques g\u00e9omatiques dans la recherche arch\u00e9ologique par la mise en commun de r\u00e9flexions, de m\u00e9thodes, de comp\u00e9tences, de savoir-faire et d&rsquo;outils.<\/p>\n<p>Les activit\u00e9s du r\u00e9seau ont pour objet de r\u00e9unir les arch\u00e9ologues faisant appel \u00e0 la g\u00e9omatique afin de d\u00e9velopper\u00a0:<\/p>\n<p>&#8211; la d\u00e9finition de nouveaux objets de recherche concernant les soci\u00e9t\u00e9s du pass\u00e9 ;<\/p>\n<p>&#8211; le transfert de concepts de la g\u00e9ographie dans le domaine de l\u2019arch\u00e9ologie ;<\/p>\n<p>&#8211; la diffusion de la g\u00e9omatique dans les divers milieux professionnels de l\u2019arch\u00e9ologie.<\/p>\n<p>&nbsp;<\/p>\n<p>Pour cela, le r\u00e9seau ISA organise des s\u00e9minaires, des formations, des ateliers\u00a0et des \u00e9coles th\u00e9matiques, g\u00e8re une plate-forme technologique du CNRS, constitue un observatoire des ressources, des personnes et des exp\u00e9riences en mati\u00e8re de g\u00e9omatique appliqu\u00e9e \u00e0 l&rsquo;arch\u00e9ologie et participe au d\u00e9veloppement m\u00e9thodologique d&rsquo;outils et de mod\u00e8les sp\u00e9cifiques aux questionnements arch\u00e9ologiques.<\/p>\n<div>\n<p>\u00a0Pour plus d&rsquo;information :\u00a0<a href=\"http:\/\/isa.univ-tours.fr\/index.php\" target=\"_blank\">http:\/\/isa.univ-tours.fr\/index.php<\/a><\/p>\n<p>********************************************************************************<\/p>\n<p>Les membres de Terrae participent et co-animent le GDR Modys<\/p>\n<p>Le GDR 3359 MODYS (2010-2013) CNRS \u2013 InSHS sections 39 et 32 et dirig\u00e9 par\u00a0Xavier Rodier et\u00a0Lahouari Kaddouri<\/p>\n<p>Au croisement des sciences historiques et de la g\u00e9ographie, le GdR MoDyS a pour objet la formalisation et la mod\u00e9lisation de ph\u00e9nom\u00e8nes localis\u00e9s dans l&rsquo;espace et dans le temps. Le programme est structur\u00e9 selon deux axes :<\/p>\n<p>1) multi-temporalit\u00e9s et longue dur\u00e9e\u00a0(co-direction de ce sous-axe : Bastien Lefebvre et Dominque Baud)<\/p>\n<p>2) incertitude et multi-repr\u00e9sentations\u00a0(co-direction de ce sous-axe : Nicolas Poirier et Johnny Douvinet)<\/p>\n<p>L&rsquo;ambition est de contribuer \u00e0 am\u00e9liorer la compr\u00e9hension des transformations des objets spatiaux consid\u00e9r\u00e9s, selon les disciplines, dans le temps long.<\/p>\n<p>Le GdR\u00a0<i>Mod\u00e9lisation des dynamiques spatiales<\/i>\u00a0(MoDys) a \u00e9t\u00e9 cr\u00e9\u00e9 en 2010 pour 4 ans par l&rsquo;<a href=\"http:\/\/www.cnrs.fr\/inshs\/\" target=\"blank\">InSHS\u00a0<\/a>. Il s&rsquo;appuie sur la double filiation du r\u00e9seau inter-MSH Information Spatiale et Arch\u00e9ologie (<a href=\"http:\/\/isa.univ-tours.fr\/\" target=\"blank\">r\u00e9seau ISA<\/a>) et du r\u00e9seau th\u00e9matique pluridisciplinaire Mod\u00e9lisation des dynamiques spatiales (<a href=\"http:\/\/isa.univ-tours.fr\/\/modys\/rtp.php\" target=\"blank\">RTP MoDys<\/a>) dirig\u00e9 par Elisabeth Zadora-Rio de 2005 \u00e0 2008.<\/p>\n<p>Depuis 2001, le r\u00e9seau inter-MSH ISA, initi\u00e9 par des arch\u00e9ologues travaillant sur le rapport des soci\u00e9t\u00e9s \u00e0 l&rsquo;espace, a largement contribu\u00e9 \u00e0 l&rsquo;animation de la recherche (s\u00e9minaires, colloques, \u00e9coles th\u00e9matiques) et \u00e0 la structuration de la communaut\u00e9 scientifique. Soutenu par le CNRS comme plateforme technologique, il est reconnu comme une des principales actions du r\u00e9seau des MSH. En permettant des formations et des travaux collectifs, il a permis d\u2019organiser et de faire progresser l\u2019instrumentation de la recherche dans le domaine de l\u2019application de l\u2019analyse spatiale en arch\u00e9ologie notamment par l\u2019utilisation des outils de la g\u00e9omatique (SIG, t\u00e9l\u00e9d\u00e9tection).<\/p>\n<p>Le travail en r\u00e9seau conduit autour de l\u2019instrumentation de la recherche et des processus spatio-temporels a d\u00e9montr\u00e9 l&rsquo;int\u00e9r\u00eat d&rsquo;une approche transversale et pluridisciplinaire des dynamiques spatiales. Le r\u00f4le moteur et structurant de ces r\u00e9seaux a contribu\u00e9 \u00e0 f\u00e9d\u00e9rer une communaut\u00e9 travaillant, au-del\u00e0 des seules questions techniques, \u00e0 la d\u00e9finition de nouveaux objets de recherche sur les relations soci\u00e9t\u00e9\/espace, soci\u00e9t\u00e9\/milieu. L\u2019objectif du GdR est de capitaliser ces avanc\u00e9es afin de d\u00e9finir les nouveaux paradigmes qui \u00e9mergent \u00e0 l\u2019interface temps\/espace. Pour la g\u00e9ographie il s\u2019agit de projeter les concepts de l\u2019analyse spatiale dans la longue dur\u00e9e en connaissance incertaine, c\u2019est-\u00e0-dire avec des donn\u00e9es h\u00e9t\u00e9rog\u00e8nes et incompl\u00e8tes issues de sources multiples. Pour les sciences historiques, les enjeux portent sur l&rsquo;appropriation de l&rsquo;espace par une approche mod\u00e9lisatrice et la formalisation des concepts temporels n\u00e9cessaires \u00e0 l\u2019analyse.<\/p>\n<p>L\u2019importance prise par l\u2019analyse spatiale en SHS a suscit\u00e9 depuis une dizaine d\u2019ann\u00e9es un intense dialogue interdisciplinaire entre g\u00e9ographes, arch\u00e9ologues et historiens, autour de l\u2019analyse des processus de transformation de l\u2019espace \u00e0 diff\u00e9rentes \u00e9chelles de temps, et notamment dans la longue dur\u00e9e, c&rsquo;est-\u00e0-dire plusieurs si\u00e8cles voire plusieurs mill\u00e9naires, jusque-l\u00e0 peu abord\u00e9e par les g\u00e9ographes. Ce travail a mis en \u00e9vidence les questions communes qui se posent \u00e0 l\u2019intersection des disciplines concern\u00e9es. En outre, cela a permis d\u2019identifier les sp\u00e9cificit\u00e9s des dynamiques spatiales dans le temps long qui n\u00e9cessitent des d\u00e9veloppements et des formalisations propres : la longue dur\u00e9e, les temporalit\u00e9s multiples, les \u00e9chelons d\u2019analyse, le rapport aux sources. La multiplicit\u00e9 et la diversit\u00e9 des sources mises en \u0153uvre, la particularit\u00e9 de leurs modes de production et de conservation, conf\u00e8rent en effet aux donn\u00e9es historiques et arch\u00e9ologiques un caract\u00e8re h\u00e9t\u00e9rog\u00e8ne et lacunaire. S\u2019y ajoute une pr\u00e9cision chronologique tr\u00e8s in\u00e9gale. Ces param\u00e8tres compliquent particuli\u00e8rement l&rsquo;\u00e9valuation des rythmes de transformation et l\u2019appr\u00e9hension des interactions spatiales. D\u00e8s lors qu\u2019elle se d\u00e9voile, cette complexit\u00e9 du temps, \u00e0 la fois effet de source et r\u00e9alit\u00e9, devient un enjeu. Ces sp\u00e9cificit\u00e9s impliquent de nouveaux formalismes pour l\u2019analyse et la mod\u00e9lisation des processus. Si l\u2019espace est au c\u0153ur du questionnement des analyses spatiales, le temps et ses diff\u00e9rentes composantes pr\u00e9valent dans l\u2019approche historienne : il s\u2019agit alors d\u2019aborder la mod\u00e9lisation des dynamiques spatiales en donnant toute sa place au temps, et en s&rsquo;affranchissant de la pr\u00e9dominance de l&rsquo;espace, implicite en g\u00e9ographie.<\/p>\n<p>Pour avoir plus d&rsquo;information :\u00a0<a href=\"http:\/\/isa.univ-tours.fr\/modys\/index.php\">http:\/\/isa.univ-tours.fr\/modys\/index.php<\/a><\/p>\n<p>*******************************************************************************<\/p>\n<p>R\u00e9seau Agreste :<\/p>\n<h1>Coop\u00e9ration universitaire : A l\u2019ombre des for\u00eats de Charente<\/h1>\n<p>Cette nouvelle op\u00e9ration constitue donc une opportunit\u00e9 pour renforcer la collaboration scientifique entre les deux laboratoires qui offrent des comp\u00e9tences compl\u00e9mentaires (en arch\u00e9ologie, en g\u00e9oarch\u00e9ologie, en pal\u00e9oenvironnement et en g\u00e9omatique) et n\u00e9cessaires dans le cadre de la v\u00e9rification au sol et de l\u2019exploitation des donn\u00e9es produites par l\u2019op\u00e9ration Lidar. De par cette action, de nombreux vestiges tels que les enclos, les limites parcellaires anciennes, les habitats faisant partie des paysages construits, seront cartographi\u00e9s et pourront faire l\u2019objet d\u2019une \u00e9tude r\u00e9unissant l\u2019\u00e9quipe de recherche autour de la th\u00e9matique de l\u2019agro-sylvo-pastoralisme. Ainsi l\u2019\u00e9tude de la gestion des territoires par les soci\u00e9t\u00e9s du pass\u00e9 sera plus compl\u00e8te puisqu\u2019elle int\u00e8grera \u00e9galement ces activit\u00e9s non exclusivement li\u00e9es \u00e0 la pr\u00e9sence de la for\u00eat qui ont fa\u00e7onn\u00e9 les paysages au cours du temps en ouvrant par exemple les massifs forestiers pour le pastoralisme et l\u2019agriculture.<\/p>\n<p>Pour avoir plus d&rsquo;information :\u00a0<a href=\"http:\/\/recherche.flsh.unilim.fr\/geolab\/2012\/12\/26\/cooperation-universitaire-agreste\/\" target=\"_blank\">http:\/\/recherche.flsh.unilim.fr\/geolab\/2012\/12\/26\/cooperation-universitaire-agreste\/<\/a><\/p>\n<p>&nbsp;<\/p>\n<p>********************************************************************************<\/p>\n<p>R\u00e9seau DEPART<\/p>\n<p>R\u00e9seau financ\u00e9 par la CTP et associant Midi-Pyr\u00e9n\u00e9es, Aquitain, Andorre et Catalogne.<\/p>\n<p>Au cours des 20 derni\u00e8res ann\u00e9es, le d\u00e9veloppement des recherches arch\u00e9ologiques sur les dynamique des syst\u00e8mes pastoraux d&rsquo;altitude\u00a0 a engendr\u00e9, tout au long du massif pyr\u00e9n\u00e9en, la constitution d&rsquo;une dizaine de zones ateliers interdisciplinaires, con\u00e7ues comme autant de laboratoires d&rsquo;\u00e9tude des interactions entre les soci\u00e9t\u00e9s, leur espace et leur environnement dans la longue dur\u00e9e. La quantit\u00e9 de donn\u00e9es amass\u00e9es (plus de 500 nouveaux sites) permet aujourd&rsquo;hui de d\u00e9passer le cadre des monographies, pour se lancer dans une v\u00e9ritable approche compar\u00e9e des trajectoires de ces territoires d&rsquo;altitude. Ce projet, qui se fonde sur la mod\u00e9lisation et la cr\u00e9ation d&rsquo;un Syst\u00e8me d\u2019Information G\u00e9ographique, n\u00e9cessite un important travail d&rsquo;\u00e9laboration, technique et th\u00e9orique, tant en termes de construction de la g\u00e9odatabase que de formalisation des processus \u00e0 \u00e9tudier.\u00a0 Dans cette perspective, cette r\u00e9ponse vise le soutien \u00e0 un r\u00e9seau qui se fixe comme objectifs :<\/p>\n<p>1. de construire et tester un SIG partag\u00e9 sur un \u00e9chantillon du corpus ;<\/p>\n<p>2. d&rsquo;\u00e9laborer les outils et les questions structurant la comparaison ;<\/p>\n<p>3. ce faisant de renforcer et p\u00e9renniser ce r\u00e9seau pour en faire le support d\u2019op\u00e9rations de recherche \u00e0 plus long terme et de tester son \u00e9largissement aux \u00e9quipes travaillant sur d\u2019autres massifs europ\u00e9ens ;<\/p>\n<p>4. de r\u00e9diger un projet de recherche de type CTP modalit\u00e9 C, ou national, ou europ\u00e9en, selon le dispositif de comparaison envisag\u00e9.<\/p>\n<\/div>\n","protected":false},"excerpt":{"rendered":"<p>Liste des r\u00e9seaux \u00a0: &#8211; R\u00e9seau ISA &#8211; GDR Modys &#8211; R\u00e9seau AGRESTE &#8211; R\u00e9seau DEPART &nbsp; ******************************************************************************** Les membres de Terrae participent et co-animent le r\u00e9seau inter-MSH [..]<\/p>\n","protected":false},"author":116,"featured_media":0,"parent":0,"menu_order":0,"comment_status":"closed","ping_status":"open","template":"","meta":{"footnotes":""},"class_list":["post-127","page","type-page","status-publish","hentry"],"_links":{"self":[{"href":"https:\/\/blogs.univ-tlse2.fr\/plateformeterrae\/wp-json\/wp\/v2\/pages\/127","targetHints":{"allow":["GET"]}}],"collection":[{"href":"https:\/\/blogs.univ-tlse2.fr\/plateformeterrae\/wp-json\/wp\/v2\/pages"}],"about":[{"href":"https:\/\/blogs.univ-tlse2.fr\/plateformeterrae\/wp-json\/wp\/v2\/types\/page"}],"author":[{"embeddable":true,"href":"https:\/\/blogs.univ-tlse2.fr\/plateformeterrae\/wp-json\/wp\/v2\/users\/116"}],"replies":[{"embeddable":true,"href":"https:\/\/blogs.univ-tlse2.fr\/plateformeterrae\/wp-json\/wp\/v2\/comments?post=127"}],"version-history":[{"count":7,"href":"https:\/\/blogs.univ-tlse2.fr\/plateformeterrae\/wp-json\/wp\/v2\/pages\/127\/revisions"}],"predecessor-version":[{"id":621,"href":"https:\/\/blogs.univ-tlse2.fr\/plateformeterrae\/wp-json\/wp\/v2\/pages\/127\/revisions\/621"}],"wp:attachment":[{"href":"https:\/\/blogs.univ-tlse2.fr\/plateformeterrae\/wp-json\/wp\/v2\/media?parent=127"}],"curies":[{"name":"wp","href":"https:\/\/api.w.org\/{rel}","templated":true}]}}