 {"id":14,"date":"2014-11-19T17:01:08","date_gmt":"2014-11-19T16:01:08","guid":{"rendered":"https:\/\/blogs.univ-tlse2.fr\/plateformeterrae\/?page_id=14"},"modified":"2015-12-14T09:23:51","modified_gmt":"2015-12-14T08:23:51","slug":"communciations","status":"publish","type":"page","link":"https:\/\/blogs.univ-tlse2.fr\/plateformeterrae\/communciations\/","title":{"rendered":"Publications, colloques, reportages &#8230;"},"content":{"rendered":"<p><span style=\"color: #000000;font-size: 2.4em;line-height: 1.5em\">Publications, colloques &#8230;<\/span><\/p>\n<p>&nbsp;<\/p>\n<p>&nbsp;<\/p>\n<p>Le programme Arch\u00e9odrone collabore a un GIS (<a href=\"https:\/\/www.dgdr.cnrs.fr\/daj\/partenariat\/partenariat\/structcontractuelles\/gis2.htm\" target=\"_blank\">Groupement d&rsquo;Int\u00e9r\u00eat Scientifique<\/a>) sur les micro-drones dirig\u00e9 par l&rsquo;<a href=\"http:\/\/www.isae.fr\/\" target=\"_blank\">ISAE<\/a> et <a href=\"http:\/\/personnel.isae.fr\/jean-marc-moschetta\/\" target=\"_blank\">Jean-Marc Moschetta<\/a>. Le GIS \u00ab Micro-Drones \u00bb regroupe des partenaires concepteurs et utilisateurs de drones dans diff\u00e9rents domaines scientifiques : <a href=\"http:\/\/www.isae.fr\/\" target=\"_blank\">ISAE-SUPAERO<\/a>, <a href=\"http:\/\/www.enac.fr\/\" target=\"_blank\">ENAC<\/a>, <a href=\"http:\/\/www.onera.fr\/nos-centres\/midi-pyrenees-toulouse\" target=\"_blank\">ONERA<\/a>, <a href=\"https:\/\/www.laas.fr\/public\/\" target=\"_blank\">LAAS<\/a>, <a href=\"http:\/\/w3.geode.univ-tlse2.fr\/\" target=\"_blank\">GEODE<\/a>, <a href=\"http:\/\/traces.univ-tlse2.fr\/\" target=\"_blank\">TRACES<\/a>, <a href=\"http:\/\/www.inrap.fr\/archeologie-preventive\/p-7-Accueil.htm\" target=\"_blank\">INRAP<\/a>, <a href=\"https:\/\/www.imft.fr\/\" target=\"_blank\">IMFT<\/a>, <a href=\"http:\/\/www.laplace.univ-tlse.fr\/\" target=\"_blank\">LAPLACE<\/a>, <a href=\"http:\/\/www.aero.obs-mip.fr\/\" target=\"_blank\">LA<\/a>.<\/p>\n<p>\u00ab\u00a0<em>Ce GIS \u00ab Micro-Drones \u00bb d\u00e9veloppera des syst\u00e8mes ou sous-syst\u00e8mes pour des usages scientifiques concernant plus particuli\u00e8rement l\u2019exploration du monde et de l\u2019univers : l\u2019exploration plan\u00e9taire, la compr\u00e9hension du monde du vivant, la m\u00e9t\u00e9orologie, la recherche arch\u00e9ologique. Il s\u2019agira de rendre possible l\u2019utilisation s\u00fbre et s\u00e9curis\u00e9e des micro-drones \u00e0 des fins de mesure, collecte d\u2019information, recalage de mod\u00e8les et analyse de donn\u00e9es m\u00e9t\u00e9orologiques, atmosph\u00e9riques, dans le but de cr\u00e9er une base technologique et m\u00e9thodologique robuste et s\u00fbre, \u00e0 la rencontre des champs de la Robotique et de l\u2019A\u00e9ronautique<\/em>.\u00a0\u00bb &#8211; <a href=\"http:\/\/www.isae.fr\/fr\/actualites\/9_partenaires_communaute_scientifique_creent_gis_micro_drones.html#sthash.dadayyGD.dpuf\" target=\"_blank\">See more<\/a><\/p>\n<p>Une <a href=\"http:\/\/video.isae.fr\/channels\/DAEP\/\" target=\"_blank\">vid\u00e9o<\/a><\/p>\n<p>&nbsp;<\/p>\n<p>&nbsp;<\/p>\n<p>***********************************************************************************<\/p>\n<div>\n<p>Le programme Arch\u00e9odrone est sur le Journal du CNRS :\u00a0<a title=\"Arch\u00e9odrone - Journal du CNRS\" href=\"https:\/\/lejournal.cnrs.fr\/articles\/les-drones-nouveaux-outils-de-la-recherche\" target=\"_blank\">https:\/\/lejournal.cnrs.fr\/articles\/les-drones-nouveaux-outils-de-la-recherche<\/a><\/p>\n<p>&nbsp;<\/p>\n<p>************************************************************************************<\/p>\n<p>&nbsp;<\/p>\n<p>Des 6\u00e8me parlent du programme \u00ab\u00a0Arch\u00e9odrone\u00a0\u00bb sur <a href=\"https:\/\/twitter.com\/Lecahiernoir\/status\/520903296371159041\" target=\"_blank\">Twitter\u00a0<\/a><\/p>\n<p>&nbsp;<\/p>\n<p>************************************************************************************<\/p>\n<p>&nbsp;<\/p>\n<p>Le 23 ao\u00fbt 2014, le programme Arch\u00e9odrone passe dans la <a title=\"Journal t\u00e9l\u00e9vis\u00e9 France 2\" href=\"http:\/\/www.francetvinfo.fr\/archeologie-les-drones-collecteurs-d-informations_676097.htm\" target=\"_blank\">Journal t\u00e9l\u00e9vis\u00e9 de France 2\u00a0<\/a><\/p>\n<p>&nbsp;<\/p>\n<p>************************************************************************************<\/p>\n<p>Le programme Arch\u00e9odrone participe au colloque organis\u00e9 par l&rsquo;ENSG \u00e0 Montpellier sur \u00ab\u00a0<span style=\"color: #222222\">Drones et moyens l\u00e9gers a\u00e9roport\u00e9s d&rsquo;observation\u00a0\u00bb du 24 au 26 juin 2014.<\/span><\/p>\n<p><a href=\"https:\/\/blogs.univ-tlse2.fr\/plateformeterrae\/files\/2014\/06\/programme-colloque-drones-juin-2014.pdf\">programme colloque drones-juin 2014<\/a><\/p>\n<p>R\u00e9sum\u00e9s, articles et vid\u00e9os de communications :\u00a0<a title=\"Colloque Drones et moyens l\u00e9gers a\u00e9roport\u00e9s d'observation (ENSG - Montpellier - Juin 2014)\" href=\"http:\/\/drone.teledetection.fr\/\" target=\"_blank\">Site <\/a>o\u00f9 vous pourrez trouver les r\u00e9sum\u00e9s et les articles et voir la <a title=\"Conclusions - Session &quot;Patrimoine et ouvrage&quot;\" href=\"http:\/\/drone.teledetection.fr\/videos\/patrimoine.mp4\" target=\"_blank\">vid\u00e9o <\/a>des conclusions sur la session \u00ab\u00a0Patrimoine et ouvrage\u00a0\u00bb<\/p>\n<p>&#8212;&#8212;&#8212;&#8212;&#8212;&#8212;&#8212;&#8212;&#8212;&#8212;&#8212;&#8212;&#8212;&#8212;&#8212;&#8212;&#8212;&#8212;&#8212;&#8212;&#8212;&#8212;&#8212;&#8212;&#8212;&#8212;&#8212;&#8212;&#8212;&#8212;<\/p>\n<p>&nbsp;<\/p>\n<p>Le programme Arch\u00e9odrone dans la <a title=\"Revue M\u00e9tro\" href=\"http:\/\/www.metronews.fr\/toulouse\/en-midi-pyrenees-le-trace-de-la-future-lgv-passe-au-crible-par-l-archeodrone\/mnfv!gJY5AFHjlxFmc\/\" target=\"_blank\">revue M\u00e9tro<\/a> :<\/p>\n<p>&nbsp;<\/p>\n<p>&#8212;&#8212;&#8212;&#8212;&#8212;&#8212;&#8212;&#8212;&#8212;&#8212;&#8212;&#8212;&#8212;&#8212;&#8212;&#8212;&#8212;&#8212;&#8212;&#8212;&#8212;&#8212;&#8212;&#8212;&#8212;&#8212;&#8212;&#8212;&#8212;&#8212;-<\/p>\n<p>Le programme Arch\u00e9odrone s&rsquo;est expos\u00e9 lors du Garden Workshop du MAV Research center organis\u00e9 par Jean-Marc Moschetta de l&rsquo;ISEA le 16 juin 2014.<\/p>\n<div id=\"attachment_708\" style=\"width: 586px\" class=\"wp-caption alignnone\"><a href=\"https:\/\/blogs.univ-tlse2.fr\/plateformeterrae\/files\/2013\/02\/2014-06-16-12.24.25.jpg\"><img loading=\"lazy\" decoding=\"async\" aria-describedby=\"caption-attachment-708\" class=\"size-large wp-image-708\" src=\"https:\/\/blogs.univ-tlse2.fr\/plateformeterrae\/files\/2013\/02\/2014-06-16-12.24.25-576x1024.jpg\" alt=\"Arch\u00e9odrone au Garden Workshop du Mav Research center - 16 juin 2014\" width=\"576\" height=\"1024\" srcset=\"https:\/\/blogs.univ-tlse2.fr\/plateformeterrae\/files\/2013\/02\/2014-06-16-12.24.25-576x1024.jpg 576w, https:\/\/blogs.univ-tlse2.fr\/plateformeterrae\/files\/2013\/02\/2014-06-16-12.24.25-168x300.jpg 168w, https:\/\/blogs.univ-tlse2.fr\/plateformeterrae\/files\/2013\/02\/2014-06-16-12.24.25.jpg 1836w\" sizes=\"auto, (max-width: 576px) 100vw, 576px\" \/><\/a><p id=\"caption-attachment-708\" class=\"wp-caption-text\">Arch\u00e9odrone au Garden Workshop du Mav Research center &#8211; 16 juin 2014<\/p><\/div>\n<p>&nbsp;<\/p>\n<p>&#8212;&#8212;&#8212;&#8212;&#8212;&#8212;&#8212;&#8212;&#8212;&#8212;&#8212;&#8212;&#8212;&#8212;&#8212;&#8212;&#8212;&#8212;&#8212;&#8212;&#8212;&#8212;&#8212;&#8212;&#8212;&#8212;&#8212;&#8212;&#8212;&#8212;-<\/p>\n<p>L&rsquo;op\u00e9ration que les membres de Terrae ont men\u00e9 avec Laurent Bruxelles et Jos\u00e9 Braga sur le site de Sterkfontein fait l&rsquo;objet d&rsquo;un particle :\u00a0<a title=\"Article - Squelette de Little-foot\" href=\"http:\/\/www.univ-tlse2.fr\/accueil\/recherche\/grace-a-laurent-bruxelles-le-squelette-little-foot-devoile-enfin-son-age--308552.kjsp?RH=04Recherche\" target=\"_blank\">http:\/\/www.univ-tlse2.fr\/accueil\/recherche\/grace-a-laurent-bruxelles-le-squelette-little-foot-devoile-enfin-son-age&#8211;308552.kjsp?RH=04Recherche<\/a><\/p>\n<p>&#8212;&#8212;&#8212;&#8212;&#8212;&#8212;&#8212;&#8212;&#8212;&#8212;&#8212;&#8212;&#8212;&#8212;&#8212;&#8212;&#8212;&#8212;&#8212;&#8212;&#8212;&#8212;&#8212;&#8212;&#8212;&#8212;&#8212;&#8212;&#8212;&#8212;<\/p>\n<p>Le programme <strong>Arch\u00e9odrone<\/strong> va s&rsquo;exposer en poster \u00e0 l&rsquo;atelier du MAV Research center qui aura lieu le 17 d\u00e9cembre 2013.<\/p>\n<div id=\"attachment_581\" style=\"width: 600px\" class=\"wp-caption alignnone\"><a href=\"https:\/\/blogs.univ-tlse2.fr\/plateformeterrae\/files\/2013\/02\/Poster-ArcheodroneV3-2R\u00e9duit.png\"><img loading=\"lazy\" decoding=\"async\" aria-describedby=\"caption-attachment-581\" class=\"size-large wp-image-581\" src=\"https:\/\/blogs.univ-tlse2.fr\/plateformeterrae\/files\/2013\/02\/Poster-ArcheodroneV3-2R\u00e9duit-722x1024.png\" alt=\"poster Arch\u00e9odrone - MAV Research center\" width=\"590\" height=\"836\" srcset=\"https:\/\/blogs.univ-tlse2.fr\/plateformeterrae\/files\/2013\/02\/Poster-ArcheodroneV3-2R\u00e9duit-722x1024.png 722w, https:\/\/blogs.univ-tlse2.fr\/plateformeterrae\/files\/2013\/02\/Poster-ArcheodroneV3-2R\u00e9duit-211x300.png 211w, https:\/\/blogs.univ-tlse2.fr\/plateformeterrae\/files\/2013\/02\/Poster-ArcheodroneV3-2R\u00e9duit.png 1167w\" sizes=\"auto, (max-width: 590px) 100vw, 590px\" \/><\/a><p id=\"caption-attachment-581\" class=\"wp-caption-text\">poster Arch\u00e9odrone &#8211; MAV Research center<\/p><\/div>\n<p>&nbsp;<\/p>\n<p>&#8212;&#8212;&#8212;&#8212;&#8212;&#8212;&#8212;&#8212;&#8212;&#8212;&#8212;&#8212;&#8212;&#8212;&#8212;&#8212;&#8212;&#8212;&#8212;&#8212;&#8212;&#8212;&#8212;&#8212;&#8212;&#8212;&#8212;&#8212;&#8212;&#8212;<\/p>\n<p>L&rsquo;\u00e9tude par cam\u00e9ra thermique au ch\u00e2teau de Duras fait pour la soci\u00e9t\u00e9 HADES vient de parait dans le journal Sud-Ouest :\u00a0<a href=\"http:\/\/www.sudouest.fr\/2013\/05\/18\/le-chateau-ausculte-1057356-3683.php\">http:\/\/www.sudouest.fr\/2013\/05\/18\/le-chateau-ausculte-1057356-3683.php<\/a><\/p>\n<p>&#8212;&#8212;&#8212;&#8212;&#8212;&#8212;&#8212;&#8212;&#8212;&#8212;&#8212;&#8212;&#8212;&#8212;&#8212;&#8212;&#8212;&#8212;&#8212;&#8212;&#8212;&#8212;&#8212;&#8212;&#8212;&#8212;&#8212;&#8212;&#8212;&#8212;<\/p>\n<p>Le programme Arch\u00e9odrone vient de faire l&rsquo;objet d&rsquo;une notice sur le site internet Helicomicro :\u00a0<a href=\"http:\/\/helicomicro.com\/drone-archeologie\/\" target=\"_blank\">http:\/\/helicomicro.com\/drone-archeologie\/<\/a><\/p>\n<p>&#8212;&#8212;&#8212;&#8212;&#8212;&#8212;&#8212;&#8212;&#8212;&#8212;&#8212;&#8212;&#8212;&#8212;&#8212;&#8212;&#8212;&#8212;&#8212;&#8212;&#8212;&#8212;&#8212;&#8212;&#8212;&#8212;&#8212;&#8212;&#8212;&#8212;<\/p>\n<p>&nbsp;<\/p>\n<p>Arch\u00e9odrone dans la presse locale du Berry, o\u00f9 il s&rsquo;est fait remarquer \u00e0 l&rsquo;occasion d&rsquo;une\u00a0<a title=\"Mission en Berry\" href=\"https:\/\/blogs.univ-tlse2.fr\/archeodrone\/2013\/06\/19\/mission-en-berry\/\">mission de prospection thermique<\/a>\u00a0:<\/p>\n<p><a href=\"http:\/\/www.leberry.fr\/cher\/actualite\/pays\/boischaut\/2013\/08\/28\/un-drone-pour-les-fouilles-archeologiques-1670135.html\">http:\/\/www.leberry.fr\/cher\/actualite\/pays\/boischaut\/2013\/08\/28\/un-drone-pour-les-fouilles-archeologiques-1670135.html<\/a><\/p>\n<p>&#8212;&#8212;&#8212;&#8212;&#8212;&#8212;&#8212;&#8212;&#8212;&#8212;&#8212;&#8212;&#8212;&#8212;&#8212;&#8212;&#8212;&#8212;&#8212;&#8212;&#8212;&#8212;&#8212;&#8212;&#8212;&#8212;&#8212;&#8212;&#8212;&#8212;-<\/p>\n<p>&nbsp;<\/p>\n<p>Nicolas Poirier, Florent Hautefeuille et Carine Calastrenc ont le plaisir de vous annoncer la parution d&rsquo;une notice dans le Journal of archaeological prospection intitul\u00e9e :\u00a0Low Altitude Thermal Survey by Means of an Automated Unmanned Aerial Vehicle for the Detection of Archaeological Buried Structures.<\/p>\n<p>Pour avoir acc\u00e8s au r\u00e9sum\u00e9\u00a0<a href=\"http:\/\/onlinelibrary.wiley.com\/doi\/10.1002\/arp.1454\/abstract\">http:\/\/onlinelibrary.wiley.com\/doi\/10.1002\/arp.1454\/abstract<\/a><\/p>\n<p>&#8212;&#8212;&#8212;&#8212;&#8212;&#8212;&#8212;&#8212;&#8212;&#8212;&#8212;&#8212;&#8212;&#8212;&#8212;&#8212;&#8212;&#8212;&#8212;&#8212;&#8212;&#8212;&#8212;&#8212;&#8212;&#8212;&#8212;&#8212;&#8212;&#8212;<\/p>\n<p>L&rsquo;\u00e9tude thermique du r\u00e9seau karstique du Mas d&rsquo;Azil (Ari\u00e8ge) est paru dans La D\u00e9p\u00eache :\u00a0<a href=\"http:\/\/www.ladepeche.fr\/article\/2012\/06\/23\/1385595-le-mas-d-azil-cache-encore-des-secrets.html\">http:\/\/www.ladepeche.fr\/article\/2012\/06\/23\/1385595-le-mas-d-azil-cache-encore-des-secrets.html<\/a><\/p>\n<p>&nbsp;<\/p>\n<p>&#8212;&#8212;&#8212;&#8212;&#8212;&#8212;&#8212;&#8212;&#8212;&#8212;&#8212;&#8212;&#8212;&#8212;&#8212;&#8212;&#8212;&#8212;&#8212;&#8212;&#8212;&#8212;&#8212;&#8212;&#8212;&#8212;&#8212;&#8212;&#8212;&#8212;-<\/p>\n<div>Marie-Pierre Ruas et Charlotte Hallavant ont le grand plaisir de vous faire part de la parution (en ligne pour le moment) de notre article sur les premi\u00e8res d\u00e9couvertes arch\u00e9obotaniques de l&rsquo;\u00e9pinard en France m\u00e9di\u00e9vale (et les plus anciennes en Europe) dans la revue\u00a0Vegetation History and Archaeobotany.<\/div>\n<div><\/div>\n<div>Vous trouverez l&rsquo;article all\u00e9g\u00e9 en pi\u00e8ce jointe et en int\u00e9gralit\u00e9 (avec les figures suppl\u00e9mentaires dites ESM dans le texte) en suivant ce lien :<\/div>\n<div><a href=\"http:\/\/www.grosfichiers.ch\/index.php?option=com_grosfichiers&amp;cid=025dfsbk8ka7o7rv0ekkk33tn4&amp;task=resultat\" target=\"_blank\">http:\/\/www.grosfichiers.ch\/index.php?option=com_grosfichiers&amp;cid=025dfsbk8ka7o7rv0ekkk33tn4&amp;task=resultat<\/a><\/div>\n<div><\/div>\n<div>5 ann\u00e9es auront \u00e9t\u00e9 n\u00e9cessaires pour mener \u00e0 bien ce travail confront\u00e9 \u00e0 diverses difficult\u00e9s. Je tenais donc \u00e0 remercier Terrae pour sa participation en permettant le financement de la redevance pour l&rsquo;utilisation d&rsquo;iconographie de la Bnf.<\/div>\n<p>&nbsp;<\/p>\n<p>&#8212;&#8212;&#8212;&#8212;&#8212;&#8212;&#8212;&#8212;&#8212;&#8212;&#8212;&#8212;&#8212;&#8212;&#8212;&#8212;&#8212;&#8212;&#8212;&#8212;&#8212;&#8212;&#8212;&#8212;&#8212;&#8212;&#8212;&#8212;-<\/p>\n<p>Journ\u00e9e r\u00e9gional de l&rsquo;arch\u00e9ologie &#8211; 15 et 16 f\u00e9vrier 2013<\/p>\n<p>Pr\u00e9sentation du programme Arch\u00e9odrone &#8211; Florent Hautefeuille<\/p>\n<p><a title=\"Programme de la Journ\u00e9e R\u00e9gionale d'Arch\u00e9ologie\" href=\"http:\/\/traces.univ-tlse2.fr\/accueil-traces\/journees-archeologiques-regionales-223114.kjsp?RH=ACCUEIL_TRACES\">Programme de la journ\u00e9e<\/a><\/p>\n<p>\u2014\u2014\u2014\u2014\u2014\u2014\u2014\u2014\u2014\u2014\u2014\u2014\u2014\u2014\u2014\u2014\u2014\u2014\u2014\u2014\u2014\u2014\u2014\u2014\u2014\u2014\u2014\u2014-<\/p>\n<p>Un futur possible pour le programme\u00a0<strong>Arch\u00e9odrone<\/strong> :\u00a0<a href=\"https:\/\/blogs.univ-tlse2.fr\/archeodrone\/files\/2012\/05\/2012Fall-meeting-poster-STAE-MAVRC-1.jpg\">le Compact-Explorer, un mini-drone pour l\u2019exploration des cavit\u00e9s souterraines<\/a>\u00a0(\u00e0 d\u00e9velopper dans le cadre du\u00a0<a href=\"https:\/\/sites.google.com\/site\/mavresearchcenter\/\">Micro Air Vehicle Research Center<\/a>\u00a0\u00e0 Toulouse)<\/p>\n<div>\n<dl>\n<dt><a href=\"https:\/\/blogs.univ-tlse2.fr\/archeodrone\/files\/2012\/05\/2012Fall-meeting-poster-STAE-MAVRC-1.jpg\"><img loading=\"lazy\" decoding=\"async\" src=\"https:\/\/blogs.univ-tlse2.fr\/archeodrone\/files\/2012\/05\/2012Fall-meeting-poster-STAE-MAVRC-1-150x150.jpg\" alt=\"\" width=\"150\" height=\"150\" \/><\/a><\/dt>\n<dd>cliquez pour agrandir<\/dd>\n<\/dl>\n<\/div>\n<p>\u2014\u2014\u2014\u2014\u2014\u2014\u2014\u2014\u2014\u2014\u2014\u2014\u2014\u2014\u2014\u2014\u2014\u2014\u2014\u2014\u2014\u2014\u2014\u2014\u2014\u2014\u2014\u2014-<\/p>\n<p><strong>Colloque<\/strong> &#8211; \u00ab\u00a0Un drone pour la prospection thermique a\u00e9roport\u00e9e \u00e0 basse altitude\u00a0\u00bb<\/p>\n<p>Nicolas Poirier, CNRS UMR 5608 TRACES, Universit\u00e9 Toulouse 2 \u2013 Le Mirail<\/p>\n<p>Pr\u00e9sentation du programme Arch\u00e9odrone \u00e0 l\u2019occasion du s\u00e9minaire \u00ab\u00a0Imagerie \u00e0 haute r\u00e9solution \u2013 applications en arch\u00e9ologie et arch\u00e9osciences\u00a0\u00bb organis\u00e9 par le\u00a0<a title=\"R\u00e9seau ISA\" href=\"http:\/\/isa.univ-tours.fr\/\" target=\"_blank\">r\u00e9seau ISA<\/a>\u00a0\u00e0 la MSH de Clermont-Ferrand les 19 et 20 novembre 2012.<\/p>\n<p><a href=\"http:\/\/videocampus.univ-bpclermont.fr\/?v=HI6miix7bVb1\" target=\"_blank\">Vid\u00e9o de la pr\u00e9sentation<\/a><\/p>\n<\/div>\n<p>&#8212;&#8212;&#8212;&#8212;&#8212;&#8212;&#8212;&#8212;&#8212;&#8212;&#8212;&#8212;&#8212;&#8212;&#8212;&#8212;&#8212;&#8212;&#8212;&#8212;&#8212;&#8212;&#8212;&#8212;&#8212;&#8212;&#8212;&#8212;&#8212;&#8212;<\/p>\n<p>Annonce sortie publication : Marc Conesa vient de publier un article sur les r\u00e9sultats apport\u00e9s par les diff\u00e9rents Chantier Histoire r\u00e9alis\u00e9s sur les Cabreu des Cerdagne<\/p>\n<p>Conesa (M.) ; Le Cou\u00e9dic (M.), Bille (E.), Calastrenc (E.), <a title=\"Articel Conesa - Mod\u00e9lisation source notariale\" href=\"http:\/\/isa.univ-tours.fr\/modys\/download\/rd06_conesa.pdf\" target=\"_blank\">Essai de mod\u00e9lisation spatiale d&rsquo;une source notariale. Les contrats de parcerias et leurs dynamiques.(Cerdagne, Pyr\u00e9n\u00e9es de l&rsquo;est, XIIIe-XVIIIe si\u00e8cle)\u00a0<\/a><\/p>\n","protected":false},"excerpt":{"rendered":"<p>Publications, colloques &#8230; &nbsp; &nbsp; Le programme Arch\u00e9odrone collabore a un GIS (Groupement d&rsquo;Int\u00e9r\u00eat Scientifique) sur les micro-drones dirig\u00e9 par l&rsquo;ISAE et Jean-Marc Moschetta. Le GIS \u00ab Micro-Drones [..]<\/p>\n","protected":false},"author":116,"featured_media":0,"parent":0,"menu_order":0,"comment_status":"open","ping_status":"open","template":"","meta":{"footnotes":""},"class_list":["post-14","page","type-page","status-publish","hentry"],"_links":{"self":[{"href":"https:\/\/blogs.univ-tlse2.fr\/plateformeterrae\/wp-json\/wp\/v2\/pages\/14","targetHints":{"allow":["GET"]}}],"collection":[{"href":"https:\/\/blogs.univ-tlse2.fr\/plateformeterrae\/wp-json\/wp\/v2\/pages"}],"about":[{"href":"https:\/\/blogs.univ-tlse2.fr\/plateformeterrae\/wp-json\/wp\/v2\/types\/page"}],"author":[{"embeddable":true,"href":"https:\/\/blogs.univ-tlse2.fr\/plateformeterrae\/wp-json\/wp\/v2\/users\/116"}],"replies":[{"embeddable":true,"href":"https:\/\/blogs.univ-tlse2.fr\/plateformeterrae\/wp-json\/wp\/v2\/comments?post=14"}],"version-history":[{"count":37,"href":"https:\/\/blogs.univ-tlse2.fr\/plateformeterrae\/wp-json\/wp\/v2\/pages\/14\/revisions"}],"predecessor-version":[{"id":1048,"href":"https:\/\/blogs.univ-tlse2.fr\/plateformeterrae\/wp-json\/wp\/v2\/pages\/14\/revisions\/1048"}],"wp:attachment":[{"href":"https:\/\/blogs.univ-tlse2.fr\/plateformeterrae\/wp-json\/wp\/v2\/media?parent=14"}],"curies":[{"name":"wp","href":"https:\/\/api.w.org\/{rel}","templated":true}]}}