 {"id":15,"date":"2013-02-15T17:04:17","date_gmt":"2013-02-15T16:04:17","guid":{"rendered":"https:\/\/blogs.univ-tlse2.fr\/plateformeterrae\/?page_id=15"},"modified":"2013-02-20T11:15:45","modified_gmt":"2013-02-20T10:15:45","slug":"archeodrone","status":"publish","type":"page","link":"https:\/\/blogs.univ-tlse2.fr\/plateformeterrae\/archeodrone\/","title":{"rendered":"Archeodrone"},"content":{"rendered":"<p><a href=\"https:\/\/blogs.univ-tlse2.fr\/plateformeterrae\/files\/2013\/02\/Drone.jpg\"><img loading=\"lazy\" decoding=\"async\" class=\"alignnone size-medium wp-image-16\" alt=\"Drone\" src=\"https:\/\/blogs.univ-tlse2.fr\/plateformeterrae\/files\/2013\/02\/Drone-300x150.jpg\" width=\"300\" height=\"150\" srcset=\"https:\/\/blogs.univ-tlse2.fr\/plateformeterrae\/files\/2013\/02\/Drone-300x150.jpg 300w, https:\/\/blogs.univ-tlse2.fr\/plateformeterrae\/files\/2013\/02\/Drone-1024x512.jpg 1024w\" sizes=\"auto, (max-width: 300px) 100vw, 300px\" \/><\/a><\/p>\n<p>&nbsp;<\/p>\n<h1><strong><span style=\"color: #3366ff\"><a title=\"Blog programme Arch\u00e9odrone\" href=\"https:\/\/blogs.univ-tlse2.fr\/archeodrone\/\" target=\"_blank\"><span style=\"color: #3366ff\">Blog programme Arch\u00e9odrone<\/span><\/a><\/span><\/strong><\/h1>\n<h1>Thermographie a\u00e9roport\u00e9e<\/h1>\n<div>\n<p>La prospection thermique a\u00e9roport\u00e9e repose sur le principe selon lequel il existe une diff\u00e9rence essentielle des caract\u00e9ristiques thermiques des vestiges enfouis par rapport au milieu dans lesquels ils se trouvent (<a href=\"http:\/\/www.sciencedirect.com\/science\/article\/pii\/S1296207409001137\" target=\"_blank\">Eppelbaum 2009<\/a>). De ce fait, les structures arch\u00e9ologiques auront tendance \u00e0 r\u00e9agir diff\u00e9remment aux changements de temp\u00e9rature par rapport au s\u00e9diment encaissant, se r\u00e9chauffant ou se refroidissant plus ou moins rapidement selon leur nature. Par exemple, les structures construites en pierre et mortier pr\u00e9senteront une inertie thermique plus grande que le s\u00e9diment encaissant ; \u00e0 l\u2019inverse, les structures en creux (foss\u00e9s et fosses) auront une inertie thermique plus faible.<\/p>\n<p><a href=\"https:\/\/blogs.univ-tlse2.fr\/archeodrone\/files\/2012\/05\/thermo_a%C3%A9ro_tabbagh.jpg\"><img loading=\"lazy\" decoding=\"async\" alt=\"\" src=\"https:\/\/blogs.univ-tlse2.fr\/archeodrone\/files\/2012\/05\/thermo_a%C3%A9ro_tabbagh-276x300.jpg\" width=\"276\" height=\"300\" \/><\/a><\/p>\n<p>Micro-reliefs en Beauce r\u00e9v\u00e9lateurs d&rsquo;un ancien parcellaire (Beaufr\u00e8re et al. 1999)<\/p>\n<p>Cette m\u00e9thode de d\u00e9tection est utilis\u00e9e en arch\u00e9ologie depuis les ann\u00e9es 1970 (<a href=\"http:\/\/www.persee.fr\/web\/revues\/home\/prescript\/article\/galip_0016-4127_1977_num_20_1_1560\" target=\"_blank\">Tabbagh 1977<\/a>\u00a0;\u00a0<a href=\"http:\/\/www.jstor.org\/stable\/278932\" target=\"_blank\">Berlin et al. 1977\u00a0<\/a>;\u00a0<a href=\"http:\/\/www.jstor.org\/stable\/520479\" target=\"_blank\">Lund\u00e9n 1985\u00a0<\/a>;\u00a0<a href=\"http:\/\/onlinelibrary.wiley.com\/doi\/10.1111\/j.1475-4754.1990.tb00466.x\/abstract\" target=\"_blank\">Bellerby et al. 1990\u00a0<\/a>;\u00a0<a href=\"http:\/\/www.persee.fr\/web\/revues\/home\/prescript\/article\/pica_1272-6117_1999_hos_17_1_2115\" target=\"_blank\">Beaufr\u00e8re et al. 1999<\/a>\u00a0;<a href=\"http:\/\/www.tandfonline.com\/doi\/abs\/10.1080\/01431160010006890\" target=\"_blank\">Ben-Dor et al. 2001<\/a>). Mais l\u2019utilisation de l\u2019avion rendait la m\u00e9thode difficile d\u2019acc\u00e8s, par son co\u00fbt et son manque de souplesse d\u2019organisation : les vols devaient \u00eatre programm\u00e9s plusieurs semaines \u00e0 l\u2019avance ; l\u2019altitude du vol ne permettait de d\u00e9tecter que des structures de grande ampleur (chemins et limites parcellaires abandonn\u00e9s).<\/p>\n<p>Le d\u00e9veloppement parall\u00e8le des drones a\u00e9roport\u00e9s et la miniaturisation des capteurs et des moyens de transmission des donn\u00e9es permettent aujourd\u2019hui de proposer une v\u00e9ritable rupture technologique en termes de prospection arch\u00e9ologique. Toutefois, ce d\u00e9veloppement r\u00e9cent des drones n\u2019a pour l\u2019instant b\u00e9n\u00e9fici\u00e9 \u00e0 la prospection arch\u00e9ologique que par l\u2019embarquement d\u2019appareils photographiques num\u00e9riques classiques, pour la r\u00e9alisation de photographies a\u00e9riennes verticales ou obliques, essentiellement \u00e0 l\u2019\u00e9chelle du site identifi\u00e9 ou en cours de fouille.<\/p>\n<p>Le projet\u00a0<em>Arch\u00e9odrone<\/em>\u00a0vise \u00e0 associer la souplesse et le faible co\u00fbt d\u2019utilisation d\u2019un drone a\u00e9roport\u00e9 avec la pr\u00e9cision de l\u2019enregistrement d\u2019une cam\u00e9ra thermique. Cette combinaison permet d\u2019utiliser la prospection thermique pour la d\u00e9tection arch\u00e9ologique \u00e0 basse altitude, pour une haute r\u00e9solution d\u2019information, de l\u2019\u00e9chelle du terroir \u00e0 celle du site.<\/p>\n<\/div>\n","protected":false},"excerpt":{"rendered":"<p>&nbsp; Blog programme Arch\u00e9odrone Thermographie a\u00e9roport\u00e9e La prospection thermique a\u00e9roport\u00e9e repose sur le principe selon lequel il existe une diff\u00e9rence essentielle des caract\u00e9ristiques thermiques des vestiges enfouis par [..]<\/p>\n","protected":false},"author":116,"featured_media":0,"parent":0,"menu_order":0,"comment_status":"open","ping_status":"open","template":"","meta":{"footnotes":""},"class_list":["post-15","page","type-page","status-publish","hentry"],"_links":{"self":[{"href":"https:\/\/blogs.univ-tlse2.fr\/plateformeterrae\/wp-json\/wp\/v2\/pages\/15","targetHints":{"allow":["GET"]}}],"collection":[{"href":"https:\/\/blogs.univ-tlse2.fr\/plateformeterrae\/wp-json\/wp\/v2\/pages"}],"about":[{"href":"https:\/\/blogs.univ-tlse2.fr\/plateformeterrae\/wp-json\/wp\/v2\/types\/page"}],"author":[{"embeddable":true,"href":"https:\/\/blogs.univ-tlse2.fr\/plateformeterrae\/wp-json\/wp\/v2\/users\/116"}],"replies":[{"embeddable":true,"href":"https:\/\/blogs.univ-tlse2.fr\/plateformeterrae\/wp-json\/wp\/v2\/comments?post=15"}],"version-history":[{"count":6,"href":"https:\/\/blogs.univ-tlse2.fr\/plateformeterrae\/wp-json\/wp\/v2\/pages\/15\/revisions"}],"predecessor-version":[{"id":58,"href":"https:\/\/blogs.univ-tlse2.fr\/plateformeterrae\/wp-json\/wp\/v2\/pages\/15\/revisions\/58"}],"wp:attachment":[{"href":"https:\/\/blogs.univ-tlse2.fr\/plateformeterrae\/wp-json\/wp\/v2\/media?parent=15"}],"curies":[{"name":"wp","href":"https:\/\/api.w.org\/{rel}","templated":true}]}}