 {"id":211,"date":"2013-04-19T11:22:23","date_gmt":"2013-04-19T10:22:23","guid":{"rendered":"https:\/\/blogs.univ-tlse2.fr\/plateformeterrae\/?page_id=211"},"modified":"2014-09-09T08:38:36","modified_gmt":"2014-09-09T07:38:36","slug":"programmes-de-recherche","status":"publish","type":"page","link":"https:\/\/blogs.univ-tlse2.fr\/plateformeterrae\/programmes-de-recherche\/","title":{"rendered":"Programmes de recherche"},"content":{"rendered":"<p>Le mat\u00e9riel de la plateforme technique de l&rsquo;\u00e9quipe Terrae participe \u00e0 plusieurs programmes de recherche :<\/p>\n<p>&nbsp;<\/p>\n<p>* Aout\/Septembre 2014 &#8211; Participation aux relev\u00e9s en arch\u00e9ologie du b\u00e2ti \u00e0 Moissac (Tarn) dirig\u00e9s par Bastien Lefebvre\u00a0(Traces &#8211; UMR 5608)<\/p>\n<p>* Juillet 2014 &#8211; Participation aux fouilles programm\u00e9es \u00e0 l&rsquo;abbaye de Lagrasse (Aude) dirig\u00e9es par Nelly Pousthomis et Bastien Lefebvre (Traces &#8211; UMR 5608).<\/p>\n<p>* F\u00e9vrier 2014 &#8211; Participation\u00a0\u00a0\u00e0 la campagne de fouille et de prospection dirig\u00e9e par\u00a0<a title=\"Anne Benoist\" href=\"http:\/\/www.archeorient.mom.fr\/annuaire\/benoist-anne\" target=\"_blank\">Anne Benoist\u00a0<\/a>du laboratoire Arch\u00e9orient de la MOM sur le site de l&rsquo;oasis de\u00a0<a title=\"Site de Masafi\" href=\"http:\/\/archeorient.hypotheses.org\/814\" target=\"_blank\">Masafi\u00a0<\/a>dans l&rsquo;\u00e9mirats de Fujairah aux Emirats Arabes Unis. Ce chantier s&rsquo;inscrit dans le cadre du\u00a0programme de recherches men\u00e9 par la\u00a0<a title=\"Mission fran\u00e7aise aux Emirats Arabes Unis\" href=\"http:\/\/www.mae.u-paris10.fr\/arscan\/Mission-archeologique-francaise.html\" target=\"_blank\">mission arch\u00e9ologique fran\u00e7aise aux Emirats Arabes Unis<\/a>\u00a0(sous la direction de\u00a0<a href=\"http:\/\/www.mae.u-paris10.fr\/arscan\/Sophie-MERY.html\" target=\"_blank\">Sophie M\u00e9ry<\/a>, du laboratoire ArScan \u00e0 Nanterre) financ\u00e9 par le Minist\u00e8re des Affaires \u00c9trang\u00e8res.<\/p>\n<p>* F\u00e9vrier 2014 &#8211; D\u00e9but du programme de recherche \u00ab\u00a0Rep\u00e9rage\u00a0\u00bb (Tarn-et-Garonne) \u00a0&#8211; Direction : Nicolas Poirier (Traces &#8211; UMR 5608) : prospection p\u00e9destre et prospection a\u00e9roport\u00e9e par drone<\/p>\n<p>* Juillet 2013 &#8211; Participation \u00e0 la campagne de diagnostic en collaboration avec l&rsquo;INRAP sur le site d&rsquo;Odeillo (Pyr\u00e9n\u00e9es-Orientales)<\/p>\n<p>* F\u00e9vrier 2013 &#8211; Prospection p\u00e9destre &#8211; Lagrasse (Aude &#8211; 11) &#8211; Direction : Nicolas Poirier\u00a0(Traces &#8211; UMR 5608)<\/p>\n<p>* Septembre 2012 &#8211; Participation ponctuelle au programme Havstgayd &#8211; Direction : Nicolas Teyssandier (Traces &#8211; UMR 5608 &#8211; Equipe SMP3C)<\/p>\n<p>* Juillet 2012 &#8211; Fouille arch\u00e9ologique du site de Saint-Martin de Moissac &#8211; Direction : Bastien Lef\u00e9bre (Traces &#8211; UMR 5608)\u00a0(<a title=\"Blog saint martin de moissac\" href=\"http:\/\/stmartinmoissac.hypotheses.org\/\" target=\"_blank\">Blog<\/a>\u00a0de l&rsquo;op\u00e9ration)<\/p>\n<p>* 2012\/2013 &#8211; Programme Collectif de Recherche \u00ab\u00a0L&rsquo;abbaye, le bourg, le terroir\u00a0\u00bb &#8211; Direction : Nelly Pousthomis\u00a0(Traces &#8211; UMR 5608)<\/p>\n<p>* Mars 2012 &#8211; Demande et obtention d&rsquo;un PEPS &#8211; INEE \u00ab\u00a0Thermoprospect\u00a0\u00bb &#8211; Direction : Florent Hautefeuille (Traces &#8211; UMR 5608)<\/p>\n<p>* Juillet 2009 &#8211; Juillet 2011 &#8211; Fouilles extensive &#8211; Estive d&rsquo;An\u00e9ou &#8211; Haute vall\u00e9e d&rsquo;Ossau &#8211; Pyr\u00e9n\u00e9es-Atlantiques &#8211; Responsable op\u00e9ration : Carine Calastrenc (Traces &#8211; UMR 5608 \/ Framespa &#8211; UMR 5136) avec la participation de Christine Rendu (Framespa &#8211; UMR 5136), Vladimir Lemaitre, Denis Crabol)<\/p>\n<p>* Mai et Juin 2009 &#8211; Collaboration avec le P\u00f4le arch\u00e9ologique du Conseil G\u00e9n\u00e9ral des Pyr\u00e9n\u00e9es-Orientales \u00e0 une op\u00e9ration de diagnostic arch\u00e9ologique sur le site de Themis (Targassonne &#8211; Pyr\u00e9n\u00e9es-Orientales) (Dir. : Olivier Passarrius)<\/p>\n<p>* Septembre 2005 &#8211; Septembre 2007 &#8211; Programme Collectif de Recherche \u00ab\u00a0Dynamiques sociales, spatiales et environnementales dans les Pyr\u00e9n\u00e9es Centrales\u00a0\u00bb &#8211; Co-direction Christine Rendu (Framespa &#8211; UMR 5136) et Didier Galop (Geode &#8211; UMR 5602)<\/p>\n<p>* Octobre 2004 &#8211; Juillet 2007 &#8211; Prospection p\u00e9destre et sondages a vis\u00e9s chrono-typologique\u00a0\u00a0&#8211; Estive d&rsquo;An\u00e9ou &#8211; Haute vall\u00e9e d&rsquo;Ossau &#8211; Pyr\u00e9n\u00e9es-Atlantiques &#8211; Co-responsable op\u00e9ration : Carine Calastrenc (Traces &#8211; UMR 5608 \/ Framespa &#8211; UMR 5136), M\u00e9lanie Le-Cou\u00e9dic, avec la participation, en 2007, d&rsquo;Olivier Barge (Maison de l&rsquo;Orient et de la M\u00e9diterran\u00e9e &#8211; UMR 5138) \u00a0pour la prise de vue a\u00e9rienne par cerf-volant et pixy.<\/p>\n<p>&nbsp;<\/p>\n<p>&nbsp;<\/p>\n","protected":false},"excerpt":{"rendered":"<p>Le mat\u00e9riel de la plateforme technique de l&rsquo;\u00e9quipe Terrae participe \u00e0 plusieurs programmes de recherche : &nbsp; * Aout\/Septembre 2014 &#8211; Participation aux relev\u00e9s en arch\u00e9ologie du b\u00e2ti [..]<\/p>\n","protected":false},"author":116,"featured_media":0,"parent":0,"menu_order":0,"comment_status":"closed","ping_status":"open","template":"","meta":{"footnotes":""},"class_list":["post-211","page","type-page","status-publish","hentry"],"_links":{"self":[{"href":"https:\/\/blogs.univ-tlse2.fr\/plateformeterrae\/wp-json\/wp\/v2\/pages\/211","targetHints":{"allow":["GET"]}}],"collection":[{"href":"https:\/\/blogs.univ-tlse2.fr\/plateformeterrae\/wp-json\/wp\/v2\/pages"}],"about":[{"href":"https:\/\/blogs.univ-tlse2.fr\/plateformeterrae\/wp-json\/wp\/v2\/types\/page"}],"author":[{"embeddable":true,"href":"https:\/\/blogs.univ-tlse2.fr\/plateformeterrae\/wp-json\/wp\/v2\/users\/116"}],"replies":[{"embeddable":true,"href":"https:\/\/blogs.univ-tlse2.fr\/plateformeterrae\/wp-json\/wp\/v2\/comments?post=211"}],"version-history":[{"count":14,"href":"https:\/\/blogs.univ-tlse2.fr\/plateformeterrae\/wp-json\/wp\/v2\/pages\/211\/revisions"}],"predecessor-version":[{"id":781,"href":"https:\/\/blogs.univ-tlse2.fr\/plateformeterrae\/wp-json\/wp\/v2\/pages\/211\/revisions\/781"}],"wp:attachment":[{"href":"https:\/\/blogs.univ-tlse2.fr\/plateformeterrae\/wp-json\/wp\/v2\/media?parent=211"}],"curies":[{"name":"wp","href":"https:\/\/api.w.org\/{rel}","templated":true}]}}