 {"id":65,"date":"2013-02-20T12:06:24","date_gmt":"2013-02-20T11:06:24","guid":{"rendered":"https:\/\/blogs.univ-tlse2.fr\/plateformeterrae\/?page_id=65"},"modified":"2014-09-09T09:33:16","modified_gmt":"2014-09-09T08:33:16","slug":"equipement","status":"publish","type":"page","link":"https:\/\/blogs.univ-tlse2.fr\/plateformeterrae\/equipement\/","title":{"rendered":"R\u00e9servation mat\u00e9riel"},"content":{"rendered":"<p>Pour r\u00e9server du mat\u00e9riel, vous\u00a0pouvez vous rendre sur le site de r\u00e9servation. Pour y acc\u00e9der, cliquez sur l&rsquo;image :<\/p>\n<div id=\"attachment_793\" style=\"width: 600px\" class=\"wp-caption alignnone\"><a title=\"Site r\u00e9servation\" href=\"https:\/\/www.geotests.net\/booked\/\" target=\"_blank\"><img loading=\"lazy\" decoding=\"async\" aria-describedby=\"caption-attachment-793\" class=\"size-large wp-image-793\" src=\"https:\/\/blogs.univ-tlse2.fr\/plateformeterrae\/files\/2013\/02\/Reservation-1024x518.jpg\" alt=\"R\u00e9servation\" width=\"590\" height=\"298\" srcset=\"https:\/\/blogs.univ-tlse2.fr\/plateformeterrae\/files\/2013\/02\/Reservation-1024x518.jpg 1024w, https:\/\/blogs.univ-tlse2.fr\/plateformeterrae\/files\/2013\/02\/Reservation-300x152.jpg 300w, https:\/\/blogs.univ-tlse2.fr\/plateformeterrae\/files\/2013\/02\/Reservation.jpg 1800w\" sizes=\"auto, (max-width: 590px) 100vw, 590px\" \/><\/a><p id=\"caption-attachment-793\" class=\"wp-caption-text\">R\u00e9servation<\/p><\/div>\n<p>&nbsp;<\/p>\n<p>Toute r\u00e9servation ne peut se faire que par des personnes identifi\u00e9es comme \u00ab\u00a0membre\u00a0\u00bb. Pour cela, veuillez contacter l&rsquo;un des responsables de la plateforme technique (<a href=\"&#x6d;&#97;i&#x6c;&#116;o&#x3a;&#x63;ar&#x69;&#110;e&#x2e;&#x63;al&#x61;&#115;t&#x72;&#x65;nc&#x40;&#117;n&#x69;&#x76;-t&#x6c;&#115;e&#x32;&#x2e;f&#x72;\">carine calastrenc<\/a>, <a href=\"&#x6d;&#97;il&#x74;&#x6f;:f&#x6c;&#x6f;re&#x6e;&#x74;&#46;h&#x61;&#x75;&#116;e&#x66;&#x65;&#117;i&#x6c;&#x6c;&#101;&#64;u&#x6e;&#x69;-t&#x6c;&#x73;e2&#x2e;&#x66;&#114;\">florent hautefeuille<\/a>, <a href=\"m&#97;&#x69;&#x6c;to&#58;&#x63;&#x68;r&#105;&#x73;&#x74;in&#101;&#x2e;&#x72;e&#110;&#x64;&#x75;&#64;u&#110;&#x69;&#x76;-t&#x6c;&#x73;e2&#46;&#x66;&#x72;\">christine rendu<\/a>). La validation de la demande n&rsquo;est pas automatique.<\/p>\n<p>Toute demande de mat\u00e9riel n&rsquo;est pas automatique, mais fait l&rsquo;objet d&rsquo;une validation.<\/p>\n<p>&nbsp;<\/p>\n<p>&nbsp;<\/p>\n","protected":false},"excerpt":{"rendered":"<p>Pour r\u00e9server du mat\u00e9riel, vous\u00a0pouvez vous rendre sur le site de r\u00e9servation. Pour y acc\u00e9der, cliquez sur l&rsquo;image : &nbsp; Toute r\u00e9servation ne peut se faire que par [..]<\/p>\n","protected":false},"author":116,"featured_media":0,"parent":0,"menu_order":0,"comment_status":"closed","ping_status":"open","template":"","meta":{"footnotes":""},"class_list":["post-65","page","type-page","status-publish","hentry"],"_links":{"self":[{"href":"https:\/\/blogs.univ-tlse2.fr\/plateformeterrae\/wp-json\/wp\/v2\/pages\/65","targetHints":{"allow":["GET"]}}],"collection":[{"href":"https:\/\/blogs.univ-tlse2.fr\/plateformeterrae\/wp-json\/wp\/v2\/pages"}],"about":[{"href":"https:\/\/blogs.univ-tlse2.fr\/plateformeterrae\/wp-json\/wp\/v2\/types\/page"}],"author":[{"embeddable":true,"href":"https:\/\/blogs.univ-tlse2.fr\/plateformeterrae\/wp-json\/wp\/v2\/users\/116"}],"replies":[{"embeddable":true,"href":"https:\/\/blogs.univ-tlse2.fr\/plateformeterrae\/wp-json\/wp\/v2\/comments?post=65"}],"version-history":[{"count":43,"href":"https:\/\/blogs.univ-tlse2.fr\/plateformeterrae\/wp-json\/wp\/v2\/pages\/65\/revisions"}],"predecessor-version":[{"id":798,"href":"https:\/\/blogs.univ-tlse2.fr\/plateformeterrae\/wp-json\/wp\/v2\/pages\/65\/revisions\/798"}],"wp:attachment":[{"href":"https:\/\/blogs.univ-tlse2.fr\/plateformeterrae\/wp-json\/wp\/v2\/media?parent=65"}],"curies":[{"name":"wp","href":"https:\/\/api.w.org\/{rel}","templated":true}]}}