 {"id":134,"date":"2021-09-06T16:52:00","date_gmt":"2021-09-06T14:52:00","guid":{"rendered":"https:\/\/blogs.univ-tlse2.fr\/prepcomp2021\/?page_id=134"},"modified":"2021-09-18T11:52:29","modified_gmt":"2021-09-18T09:52:29","slug":"inscription-registration","status":"publish","type":"page","link":"https:\/\/blogs.univ-tlse2.fr\/prepcomp2021\/inscription-registration\/","title":{"rendered":"Inscription\/Registration"},"content":{"rendered":"\n<p class=\"has-text-align-center\">&#8212; English version below &#8212;<\/p>\n\n\n\n<h2 class=\"wp-block-heading\">Inscription<\/h2>\n\n\n\n<p>Les inscriptions au colloque sont d\u00e9sormais ouvertes. Quelle que soit votre modalit\u00e9 de participation ou votre statut, vous devez vous inscrire via le formulaire d&rsquo;inscription disponible <a href=\"https:\/\/w3.colloquescprs.univ-tlse2.fr\/spip.php?rubrique140&amp;lang=fr\" data-type=\"URL\" data-id=\"https:\/\/w3.colloquescprs.univ-tlse2.fr\/spip.php?rubrique140&amp;lang=fr\" target=\"_blank\" rel=\"noreferrer noopener\"><strong>ici<\/strong><\/a>. <\/p>\n\n\n\n<p>Les frais d\u2019inscriptions sont de:&nbsp;<\/p>\n\n\n\n<p>&#8211; 170 euros &#8211; tarif normal couvrant l\u2019acc\u00e8s au colloque, sacoche, pauses et d\u00e9jeuners, d\u00eeners, attestation de participation, visite de la ville<\/p>\n\n\n\n<p>&#8211; 110 euros &#8211; tarif r\u00e9duit pour les doctorants couvrant l\u2019acc\u00e8s au colloque, sacoche, pauses et d\u00e9jeuners, d\u00eeners, attestation de participation, visite de la ville<\/p>\n\n\n\n<p>&#8211; Gratuit pour les conf\u00e9renciers et le public \u00e0 distance, personnels et \u00e9tudiants de l\u2019UT2J, couvrant uniquement l\u2019acc\u00e8s au colloque<\/p>\n\n\n\n<p>Le paiement s\u2019effectuera <strong>sur place le premier jour du colloque<\/strong>.&nbsp;<\/p>\n\n\n\n<h2 class=\"wp-block-heading\">Registration<\/h2>\n\n\n\n<p>The registration is now open &#8211; please follow&nbsp;<a href=\"https:\/\/w3.colloquescprs.univ-tlse2.fr\/spip.php?rubrique140&amp;lang=fr\" target=\"_blank\" rel=\"noreferrer noopener\">this link<\/a>. Whatever the option you choose (on-site or remote), you must register. <\/p>\n\n\n\n<p>The conference fee are:&nbsp;<\/p>\n\n\n\n<p>&#8211; 170 Euros &#8211; regular registration including attendance to the conference, conference materials, refreshments and lunches, dinners, certificate of attendance and city tour,&nbsp;<\/p>\n\n\n\n<p>&#8211; 110 Euros &#8211; reduced fee for students including attendance to the conference, conference materials, refreshments and lunches, certificate of attendance and city tour,&nbsp;<\/p>\n\n\n\n<p>&#8211; Free for remote participants and UT2J staff and students, including only attendance to the conference.<\/p>\n\n\n\n<p>The payment will be <strong>on-site on the first day of the conference<\/strong>.<\/p>\n\n\n\n<p><\/p>\n","protected":false},"excerpt":{"rendered":"<p>&#8212; English version below &#8212; Inscription Les inscriptions au colloque sont d\u00e9sormais ouvertes. Quelle que soit votre modalit\u00e9 de participation ou votre statut, vous devez vous inscrire via le formulaire d&rsquo;inscription disponible ici. Les frais d\u2019inscriptions sont de:&nbsp; &#8211; 170 euros &#8211; tarif normal couvrant l\u2019acc\u00e8s au colloque, sacoche, pauses et d\u00e9jeuners, d\u00eeners, attestation de [&hellip;]<\/p>\n","protected":false},"author":310,"featured_media":0,"parent":0,"menu_order":0,"comment_status":"closed","ping_status":"closed","template":"","meta":{"footnotes":""},"class_list":["post-134","page","type-page","status-publish","hentry","post-preview"],"_links":{"self":[{"href":"https:\/\/blogs.univ-tlse2.fr\/prepcomp2021\/wp-json\/wp\/v2\/pages\/134","targetHints":{"allow":["GET"]}}],"collection":[{"href":"https:\/\/blogs.univ-tlse2.fr\/prepcomp2021\/wp-json\/wp\/v2\/pages"}],"about":[{"href":"https:\/\/blogs.univ-tlse2.fr\/prepcomp2021\/wp-json\/wp\/v2\/types\/page"}],"author":[{"embeddable":true,"href":"https:\/\/blogs.univ-tlse2.fr\/prepcomp2021\/wp-json\/wp\/v2\/users\/310"}],"replies":[{"embeddable":true,"href":"https:\/\/blogs.univ-tlse2.fr\/prepcomp2021\/wp-json\/wp\/v2\/comments?post=134"}],"version-history":[{"count":4,"href":"https:\/\/blogs.univ-tlse2.fr\/prepcomp2021\/wp-json\/wp\/v2\/pages\/134\/revisions"}],"predecessor-version":[{"id":186,"href":"https:\/\/blogs.univ-tlse2.fr\/prepcomp2021\/wp-json\/wp\/v2\/pages\/134\/revisions\/186"}],"wp:attachment":[{"href":"https:\/\/blogs.univ-tlse2.fr\/prepcomp2021\/wp-json\/wp\/v2\/media?parent=134"}],"curies":[{"name":"wp","href":"https:\/\/api.w.org\/{rel}","templated":true}]}}