 {"id":29,"date":"2020-09-01T11:15:52","date_gmt":"2020-09-01T09:15:52","guid":{"rendered":"https:\/\/blogs.univ-tlse2.fr\/prepcomp2021\/?page_id=29"},"modified":"2020-12-02T14:43:50","modified_gmt":"2020-12-02T13:43:50","slug":"comite-scientifique","status":"publish","type":"page","link":"https:\/\/blogs.univ-tlse2.fr\/prepcomp2021\/comite-scientifique\/","title":{"rendered":"Comit\u00e9 scientifique"},"content":{"rendered":"\n<p><strong>Silvia Adler<\/strong> (Univ. de Bar-Ilan)\u00a0<\/p>\n\n\n\n<p><strong>Dany Amiot<\/strong> (Univ. de Lille)\u00a0<\/p>\n\n\n\n<p><strong>Michel Aurnague<\/strong> (CNRS, CLLE)\u00a0<\/p>\n\n\n\n<p><strong>Antonio Balvet<\/strong> (Univ. Lille)\u00a0<\/p>\n\n\n\n<p><strong>Marie-Jos\u00e9 B\u00e9guelin<\/strong> (Univ. de Neuch\u00e2tel)\u00a0<\/p>\n\n\n\n<p><strong>Peter Blumenthal<\/strong> (Univ. de Cologne)<\/p>\n\n\n\n<p><strong>Andr\u00e9e Borillo<\/strong> (Univ. Toulouse J. Jaur\u00e8s)<\/p>\n\n\n\n<p><strong>Paul Cappeau<\/strong> (Univ. de Poitiers)<\/p>\n\n\n\n<p><strong>Injoo Choi-Jonin <\/strong>(Univ. Toulouse J. Jaur\u00e8s)<\/p>\n\n\n\n<p><strong>Mathieu Constant<\/strong> (Univ. de Lorraine)<\/p>\n\n\n\n<p><strong>Pierre Corbin<\/strong> (Univ. de Lille)<\/p>\n\n\n\n<p><strong>Denis Creissels<\/strong> (Univ. Lyon 2)<\/p>\n\n\n\n<p><strong>Walter De Mulder<\/strong> (Univ. d\u2019Anvers),<\/p>\n\n\n\n<p><strong>Henriette de Swart<\/strong> (Univ. d\u2019Utrecht)<\/p>\n\n\n\n<p><strong>Sascha Diwersy<\/strong> (Univ. Montpellier 3)<\/p>\n\n\n\n<p><strong>Benjamin Fagard<\/strong> (CNRS, LATTICE)<\/p>\n\n\n\n<p><strong>Nathalie Gasiglia<\/strong> (Univ. de Lille)<\/p>\n\n\n\n<p><strong>Claude Guimier<\/strong> (Univ. de Caen)<\/p>\n\n\n\n<p><strong>Gerd Jendraschek<\/strong> (Univ. Nat. Gyeongsang)<\/p>\n\n\n\n<p><strong>B\u00e9atrice Lamiroy<\/strong> (KU Leuven)<\/p>\n\n\n\n<p><strong>Peter Lauwers<\/strong> (Univ. de Gand)<\/p>\n\n\n\n<p><strong>Anne Le Draoulec<\/strong> (CNRS, CLLE)<\/p>\n\n\n\n<p><strong>Alexandru Mardale<\/strong> (INALCO)<\/p>\n\n\n\n<p><strong>Ludo Melis<\/strong> (KU Leuven)<\/p>\n\n\n\n<p><strong>Aleksandra Miletic<\/strong> (Laboratoire CLLE)<\/p>\n\n\n\n<p><strong>Aliyah Morgenstern<\/strong> (Univ. Paris 3)<\/p>\n\n\n\n<p><strong>Jos\u00e9 Pinto de Lima<\/strong> (Univ. de Lisbonne)<\/p>\n\n\n\n<p><strong>Thierry Poibeau<\/strong> (CNRS, LATTICE)<\/p>\n\n\n\n<p><strong>Carlos Ramisch<\/strong> (Univ. Aix-Marseille)<\/p>\n\n\n\n<p><strong>Fr\u00e9d\u00e9ric Sabio<\/strong> (Univ. Aix-Marseille)<\/p>\n\n\n\n<p><strong>Laure Sarda<\/strong> (CNRS, LATTICE)<\/p>\n\n\n\n<p><strong>Agata Savary<\/strong> (Univ. de Tour)<\/p>\n\n\n\n<p><strong>Catherine Schnedecker <\/strong>(Univ. Strasbourg)<\/p>\n\n\n\n<p><strong>Elena Smirnova<\/strong> (Univ. de Neuch\u00e2tel)<\/p>\n\n\n\n<p><strong>Witold Ucherek<\/strong> (Univ. de Wroclaw)<\/p>\n\n\n\n<p><strong>Denis Vigier <\/strong>(Univ.\u00a0Lyon 2).<\/p>\n","protected":false},"excerpt":{"rendered":"<p>Silvia Adler (Univ. de Bar-Ilan)\u00a0 Dany Amiot (Univ. de Lille)\u00a0 Michel Aurnague (CNRS, CLLE)\u00a0 Antonio Balvet (Univ. Lille)\u00a0 Marie-Jos\u00e9 B\u00e9guelin (Univ. de Neuch\u00e2tel)\u00a0 Peter Blumenthal (Univ. de Cologne) Andr\u00e9e Borillo (Univ. Toulouse J. Jaur\u00e8s) Paul Cappeau (Univ. de Poitiers) Injoo Choi-Jonin (Univ. Toulouse J. Jaur\u00e8s) Mathieu Constant (Univ. de Lorraine) Pierre Corbin (Univ. de Lille) [&hellip;]<\/p>\n","protected":false},"author":310,"featured_media":0,"parent":0,"menu_order":0,"comment_status":"closed","ping_status":"closed","template":"","meta":{"footnotes":""},"class_list":["post-29","page","type-page","status-publish","hentry","post-preview"],"_links":{"self":[{"href":"https:\/\/blogs.univ-tlse2.fr\/prepcomp2021\/wp-json\/wp\/v2\/pages\/29","targetHints":{"allow":["GET"]}}],"collection":[{"href":"https:\/\/blogs.univ-tlse2.fr\/prepcomp2021\/wp-json\/wp\/v2\/pages"}],"about":[{"href":"https:\/\/blogs.univ-tlse2.fr\/prepcomp2021\/wp-json\/wp\/v2\/types\/page"}],"author":[{"embeddable":true,"href":"https:\/\/blogs.univ-tlse2.fr\/prepcomp2021\/wp-json\/wp\/v2\/users\/310"}],"replies":[{"embeddable":true,"href":"https:\/\/blogs.univ-tlse2.fr\/prepcomp2021\/wp-json\/wp\/v2\/comments?post=29"}],"version-history":[{"count":3,"href":"https:\/\/blogs.univ-tlse2.fr\/prepcomp2021\/wp-json\/wp\/v2\/pages\/29\/revisions"}],"predecessor-version":[{"id":66,"href":"https:\/\/blogs.univ-tlse2.fr\/prepcomp2021\/wp-json\/wp\/v2\/pages\/29\/revisions\/66"}],"wp:attachment":[{"href":"https:\/\/blogs.univ-tlse2.fr\/prepcomp2021\/wp-json\/wp\/v2\/media?parent=29"}],"curies":[{"name":"wp","href":"https:\/\/api.w.org\/{rel}","templated":true}]}}