 {"id":31,"date":"2020-09-01T11:18:09","date_gmt":"2020-09-01T09:18:09","guid":{"rendered":"https:\/\/blogs.univ-tlse2.fr\/prepcomp2021\/?page_id=31"},"modified":"2021-08-31T16:04:16","modified_gmt":"2021-08-31T14:04:16","slug":"comite-dorganisation","status":"publish","type":"page","link":"https:\/\/blogs.univ-tlse2.fr\/prepcomp2021\/comite-dorganisation\/","title":{"rendered":"Informations pratiques"},"content":{"rendered":"\n<h2 class=\"wp-block-heading\">Contact<\/h2>\n\n\n\n<p><a href=\"&#109;&#x61;i&#x6c;t&#x6f;:&#99;&#x6f;&#108;&#x6c;o&#x71;u&#x65;&#46;&#112;&#x72;e&#x70;c&#x6f;m&#x70;&#x32;&#48;&#x32;1&#x40;u&#x6e;i&#118;&#x2d;&#116;&#x6c;s&#x65;2&#x2e;f&#114;\">c&#111;&#x6c;&#x6c;oq&#117;&#x65;&#x2e;pr&#101;&#x70;&#x63;om&#x70;&#x32;&#x30;2&#49;&#x40;&#x75;ni&#118;&#x2d;&#x74;ls&#101;&#x32;&#x2e;fr<\/a><\/p>\n\n\n\n<h2 class=\"wp-block-heading\">Lieu et modalit\u00e9 du colloque<\/h2>\n\n\n\n<p>Le colloque aura lieu \u00e0 l&rsquo;Universit\u00e9 Toulouse Jean Jaur\u00e8s, 5 all\u00e9es Antonio Machado, Toulouse (M\u00e9tro <em>Mirail Universit\u00e9<\/em>). <\/p>\n\n\n\n<p>Nouvelle maison de la recherche,<strong> Amphi F417<\/strong> (4\u00e8me \u00e9tage).<\/p>\n\n\n\n<p>Pour toutes les informations sur l&rsquo;acc\u00e8s au site et les plans d&rsquo;acc\u00e8s, merci de consulter la page d\u00e9di\u00e9e du Centre pour la  Promotion de la Recherche Scientifique de l&rsquo;UT2J (cliquez <strong><a href=\"https:\/\/w3.colloquescprs.univ-tlse2.fr\/spip.php?article23&amp;lang=fr\" data-type=\"URL\" data-id=\"https:\/\/w3.colloquescprs.univ-tlse2.fr\/spip.php?article23&amp;lang=fr\" target=\"_blank\" rel=\"noreferrer noopener\">ici<\/a><\/strong>).<\/p>\n\n\n\n<p>Le colloque se d\u00e9roulera en modalit\u00e9 hybride; certaines conf\u00e9rences seront donn\u00e9es en pr\u00e9sentiel, d&rsquo;autres via Zoom (voir le programme).<\/p>\n\n\n\n<h2 class=\"wp-block-heading\">Dates importantes<\/h2>\n\n\n\n<p><strong>Dates importantes<\/strong><\/p>\n\n\n\n<p>Date limite de soumission :\u00a0<strong>21 mars<\/strong>\u00a0<strong>2021<\/strong><\/p>\n\n\n\n<p>Notification d\u2019acceptation :&nbsp;<strong>10 \u2013 15 mai 2021<\/strong><\/p>\n\n\n\n<p>Inscriptions\u00a0:<strong>\u00a0septembre 2021<\/strong><\/p>\n\n\n\n<p>Colloque :\u00a0<strong>30 septembre \u2013 1er octobre 2021<\/strong><\/p>\n\n\n\n<p>Envoi des articles s\u00e9lectionn\u00e9s pour publication&nbsp;:<strong>&nbsp;20 janvier 2022<\/strong><\/p>\n\n\n\n<h2 class=\"wp-block-heading\">Comit\u00e9 d&rsquo;organisation<\/h2>\n\n\n\n<p>Le colloque Prep Comp 2021 est organis\u00e9 par:<\/p>\n\n\n\n<p><strong>Dejan Stosic<\/strong> (Universit\u00e9 Toulouse &#8211; Jean Jaur\u00e8s, France)<\/p>\n\n\n\n<p><strong>Myriam Bras<\/strong> (Universit\u00e9 Toulouse &#8211; Jean Jaur\u00e8s, France)<\/p>\n\n\n\n<p><strong>Chiara Minoccheri<\/strong> (Universit\u00e9 Toulouse &#8211; Jean Jaur\u00e8s, France)<\/p>\n\n\n\n<p><strong>Oc\u00e9ane Abrard&nbsp;<\/strong>(Universit\u00e9 Toulouse &#8211; Jean Jaur\u00e8s, France)<\/p>\n\n\n\n<p><strong>Sasa Marjanovic<\/strong> (Facult\u00e9 de philologie de l&rsquo;Universit\u00e9 de Belgrade, Serbie)<\/p>\n\n\n\n<p><strong>Veran Stanojevic&nbsp;<\/strong>(Facult\u00e9 de philologie de l&rsquo;Universit\u00e9 de Belgrade, Serbie)<\/p>\n\n\n\n<h2 class=\"wp-block-heading\">Programme culturel<\/h2>\n\n\n\n<p>Nous pr\u00e9voyons une visite touristique de la ville de Toulouse le vendredi 1er octobre 2021.<\/p>\n","protected":false},"excerpt":{"rendered":"<p>Contact c&#x6f;l&#108;&#x6f;q&#117;&#x65;&#46;&#112;&#x72;e&#112;&#x63;o&#x6d;&#x70;2&#x30;&#x32;1&#x40;u&#110;&#x69;v&#45;&#x74;l&#115;&#x65;2&#46;&#x66;r Lieu et modalit\u00e9 du colloque Le colloque aura lieu \u00e0 l&rsquo;Universit\u00e9 Toulouse Jean Jaur\u00e8s, 5 all\u00e9es Antonio Machado, Toulouse (M\u00e9tro Mirail Universit\u00e9). Nouvelle maison de la recherche, Amphi F417 (4\u00e8me \u00e9tage). Pour toutes les informations sur l&rsquo;acc\u00e8s au site et les plans d&rsquo;acc\u00e8s, merci de consulter la page d\u00e9di\u00e9e du Centre pour la [&hellip;]<\/p>\n","protected":false},"author":310,"featured_media":0,"parent":0,"menu_order":0,"comment_status":"closed","ping_status":"closed","template":"","meta":{"footnotes":""},"class_list":["post-31","page","type-page","status-publish","hentry","post-preview"],"_links":{"self":[{"href":"https:\/\/blogs.univ-tlse2.fr\/prepcomp2021\/wp-json\/wp\/v2\/pages\/31","targetHints":{"allow":["GET"]}}],"collection":[{"href":"https:\/\/blogs.univ-tlse2.fr\/prepcomp2021\/wp-json\/wp\/v2\/pages"}],"about":[{"href":"https:\/\/blogs.univ-tlse2.fr\/prepcomp2021\/wp-json\/wp\/v2\/types\/page"}],"author":[{"embeddable":true,"href":"https:\/\/blogs.univ-tlse2.fr\/prepcomp2021\/wp-json\/wp\/v2\/users\/310"}],"replies":[{"embeddable":true,"href":"https:\/\/blogs.univ-tlse2.fr\/prepcomp2021\/wp-json\/wp\/v2\/comments?post=31"}],"version-history":[{"count":14,"href":"https:\/\/blogs.univ-tlse2.fr\/prepcomp2021\/wp-json\/wp\/v2\/pages\/31\/revisions"}],"predecessor-version":[{"id":133,"href":"https:\/\/blogs.univ-tlse2.fr\/prepcomp2021\/wp-json\/wp\/v2\/pages\/31\/revisions\/133"}],"wp:attachment":[{"href":"https:\/\/blogs.univ-tlse2.fr\/prepcomp2021\/wp-json\/wp\/v2\/media?parent=31"}],"curies":[{"name":"wp","href":"https:\/\/api.w.org\/{rel}","templated":true}]}}