 {"id":25,"date":"2024-07-13T09:32:44","date_gmt":"2024-07-13T07:32:44","guid":{"rendered":"https:\/\/blogs.univ-tlse2.fr\/pretrela\/?page_id=25"},"modified":"2024-09-11T08:56:03","modified_gmt":"2024-09-11T06:56:03","slug":"programme","status":"publish","type":"page","link":"https:\/\/blogs.univ-tlse2.fr\/pretrela\/programme\/","title":{"rendered":"Programme"},"content":{"rendered":"\n<p class=\"has-text-align-center has-primary-color has-vertical-tertiary-to-background-gradient-background has-text-color has-background has-link-color wp-elements-a6e1a9640edb6dd4d793bb7f2cfe9bdf\"><strong>Une exposition sur les \u00e9ditions \u00e9trang\u00e8res du Monde diplomatique aura lieu tout au long de la manifestation<br>Hall de l&rsquo;Amphi F417 (Maison de la recherche)<\/strong><\/p>\n\n\n\n<h2 class=\"wp-block-heading has-large-font-size\"><strong>19 Septembre 2024<\/strong><\/h2>\n\n\n\n<p><strong>13h45<\/strong><br>Ouverture (Amphi F417)<\/p>\n\n\n\n<p class=\"has-primary-color has-vertical-tertiary-to-background-gradient-background has-text-color has-background has-link-color wp-elements-d0464620c95ef43d8b2be250fb0fa704\"><strong>Enjeux traductologiques et soci\u00e9taux de la traduction journalistique<\/strong> <\/p>\n\n\n\n<p><strong>14h00<\/strong> &#8211; <strong>14h45<\/strong><br><strong>Anne-C\u00e9cile Robert<\/strong>, directrice adjointe du <em>Monde diplomatique<\/em><br>Les \u00e9ditions internationales du <em>Monde diplomatique<\/em> : pourquoi (faire) traduire <em>Le Monde diplomatique<\/em> \u00e0 l\u2019\u00e9tranger ?<\/p>\n\n\n\n<p><strong>14h45<\/strong> &#8211; <strong>15h30<\/strong><br><strong>Valia Ka\u00efmaki<\/strong>, directrice de l&rsquo;\u00e9dition grecque du <em>Monde diplomatique<\/em> <br>Enjeux soci\u00e9taux de la traduction du <em>Monde diplomatique<\/em> \u00e0 l\u2019\u00e9tranger<\/p>\n\n\n\n<p><strong>15h30<\/strong> &#8211; <strong>16h30<\/strong><br><strong>Roberto A. Valde\u00f3n<\/strong>, Universit\u00e9 d\u2019Oviedo <br>The application of translation studies concepts to the study of journalistic translation<\/p>\n\n\n\n<div class=\"wp-block-cover\" style=\"min-height:211px;aspect-ratio:unset;\"><span aria-hidden=\"true\" class=\"wp-block-cover__background has-background-dim\"><\/span><div class=\"wp-block-cover__inner-container is-layout-flow wp-block-cover-is-layout-flow\">\n<div class=\"wp-block-group is-layout-constrained wp-block-group-is-layout-constrained\">\n<div class=\"wp-block-group is-vertical is-layout-flex wp-container-core-group-is-layout-fe9cc265 wp-block-group-is-layout-flex\">\n<div class=\"wp-block-group is-horizontal is-content-justification-space-between is-layout-flex wp-container-core-group-is-layout-51c0f668 wp-block-group-is-layout-flex\">\n<p class=\"has-foreground-color has-tertiary-background-color has-text-color has-background has-link-color wp-elements-36bb7b4455849268deac41f253fc7b58 wp-container-content-9cfa9a5a\">\u00e0 partir de <strong>17h00<\/strong><br><strong>Exposition<\/strong>, Utopia Borderouge <br><em>70 ans du Monde diplomatique <\/em><br>L&rsquo;exposition est organis\u00e9e par l&rsquo;antenne toulousaine des Amis du Monde diplomatique.<\/p>\n\n\n\n<p><\/p>\n\n\n\n<p><\/p>\n<\/div>\n<\/div>\n<\/div>\n<\/div><\/div>\n\n\n\n<div class=\"wp-block-cover\" style=\"min-height:496px;aspect-ratio:unset;\"><span aria-hidden=\"true\" class=\"wp-block-cover__background has-background-dim\"><\/span><div class=\"wp-block-cover__inner-container is-layout-flow wp-block-cover-is-layout-flow\">\n<div class=\"wp-block-group is-layout-constrained wp-block-group-is-layout-constrained\">\n<div class=\"wp-block-group is-vertical is-layout-flex wp-container-core-group-is-layout-fe9cc265 wp-block-group-is-layout-flex\">\n<div class=\"wp-block-group is-vertical is-content-justification-stretch is-layout-flex wp-container-core-group-is-layout-353c4f5a wp-block-group-is-layout-flex\">\n<p class=\"has-foreground-color has-tertiary-background-color has-text-color has-background has-link-color wp-elements-3493592362dc4427bedf9ce6ebea5d84 wp-container-content-9cfa9a5a\"><strong>17h30<\/strong> &#8211; <strong>19h00<\/strong><br><strong>Table ronde<\/strong>, Utopia Borderouge <br>Les d\u00e9fis de la traduction et la presse \u00e9crite<\/p>\n\n\n\n<p><em>avec la participation de<\/em>: <\/p>\n\n\n\n<p><strong>Anne-C\u00e9cile Robert<\/strong> (directrice adjointe du&nbsp;<em>Monde diplomatique<\/em>)<br><strong>Valia Ka\u00efmaki<\/strong> (directrice de l&rsquo;\u00e9dition grecque du&nbsp;<em>Monde diplomatique<\/em>)<br><strong>Shervin Ahmad<\/strong>i (directeur de l\u2019\u00e9dition iranienne du&nbsp;<em>Monde diplomatique<\/em>)<br><strong>Ivica Mladenovi\u0107<\/strong> (directeur de l\u2019\u00e9dition serbe du&nbsp;<em>Monde diplomatique<\/em>)<br><strong>Pascale Elbaz<\/strong> (enseignante-chercheuse \u00e0 l\u2019ISIT Paris)<br><strong>Yuwen Zhang<\/strong> (chercheuse associ\u00e9e \u00e0 Sorbonne Universit\u00e9)<br><strong>Raluca Nita<\/strong> (enseignante-chercheuse \u00e0 l\u2019Universit\u00e9 de Poitiers)<br><strong>Sa\u0161a Marjanovi\u0107<\/strong> (enseignant-chercheur \u00e0 l\u2019Universit\u00e9 de Belgrade)<br><strong>Dejan Stosic<\/strong> (enseignant-chercheur \u00e0 l\u2019Universit\u00e9 Toulouse Jean Jaur\u00e8s)<\/p>\n<\/div>\n<\/div>\n<\/div>\n<\/div><\/div>\n\n\n\n<div class=\"wp-block-cover\" style=\"min-height:211px;aspect-ratio:unset;\"><span aria-hidden=\"true\" class=\"wp-block-cover__background has-background-dim\"><\/span><div class=\"wp-block-cover__inner-container is-layout-flow wp-block-cover-is-layout-flow\">\n<div class=\"wp-block-group is-layout-constrained wp-block-group-is-layout-constrained\">\n<div class=\"wp-block-group is-vertical is-layout-flex wp-container-core-group-is-layout-fe9cc265 wp-block-group-is-layout-flex\">\n<div class=\"wp-block-group is-horizontal is-content-justification-space-between is-layout-flex wp-container-core-group-is-layout-51c0f668 wp-block-group-is-layout-flex\">\n<p class=\"has-foreground-color has-tertiary-background-color has-text-color has-background has-link-color wp-elements-309e42859961f0df03f67551b5366e94 wp-container-content-9cfa9a5a\"><strong>20h30<\/strong><br><strong>Projection du film<\/strong>, Utopia Borderouge <br><em><a href=\"https:\/\/www.francetvinfo.fr\/culture\/cinema\/sorties-de-films\/le-traducteur-deux-refugies-politiques-denoncent-la-violente-repression-syrienne-dans-un-thriller-percutant_4803115.html\">Le Traducteur<\/a><\/em> (Un mot peut changer une vie)<br>Un film de Rana Kazkaz &amp; Anas Khalaf<\/p>\n\n\n\n<p><\/p>\n\n\n\n<p><\/p>\n<\/div>\n<\/div>\n<\/div>\n<\/div><\/div>\n\n\n\n<hr class=\"wp-block-separator has-alpha-channel-opacity\" \/>\n\n\n\n<h2 class=\"wp-block-heading has-large-font-size\"><strong>20 Septembre 2024<\/strong><\/h2>\n\n\n\n<p class=\"has-primary-color has-vertical-tertiary-to-background-gradient-background has-text-color has-background has-link-color wp-elements-f37cc2928809185f4bc2982e7db7b33d\"><strong>Ressources multilingues constitu\u00e9es \u00e0 partir de textes journalistiques<\/strong> <\/p>\n\n\n\n<p><strong>09h00<\/strong> &#8211; <strong>09h45<\/strong><br><strong>Sa\u0161a Marjanovi\u0107<\/strong>, Universit\u00e9 de Belgrade et<strong> Dejan Stosic<\/strong>, Universit\u00e9 Toulouse Jean Jaur\u00e8s &amp; CLLE <br><em>Le Monde diplomatique<\/em> dans le corpus parall\u00e8le <em>ParCoLab<\/em><\/p>\n\n\n\n<p><strong>09h45<\/strong> &#8211; <strong>10h30<\/strong><br><strong>H\u00e9l\u00e8ne Chuquet<\/strong>, Universit\u00e9 de Poitiers &amp; FoReLLIS<strong><br><\/strong>Corpus de presse journalistique <em>PLECI<\/em> : constitution et exploitation<\/p>\n\n\n\n<p><strong>10h30<\/strong> &#8211; <strong>11h00<\/strong><br>Pause caf\u00e9<\/p>\n\n\n\n<p class=\"has-primary-color has-vertical-tertiary-to-background-gradient-background has-text-color has-background has-link-color wp-elements-86ffca77ad8fd50ab6d720b438206c52\"><strong><strong>Exploitation de ressources multilingues journalistiques<\/strong><\/strong><\/p>\n\n\n\n<p><strong>11h00<\/strong> &#8211; <strong>11h45<\/strong><br><strong>Dejana Mirkovi\u0107 Birta\u0161i\u0107<\/strong> et <strong>Du\u0161ica Terzi\u0107<\/strong>, Universit\u00e9 de Belgrade<br>Alignement des textes journalistiques multilingues : exp\u00e9rience et perspectives<\/p>\n\n\n\n<p><strong>11h45<\/strong> &#8211; <strong>12h30<\/strong><br><strong>Sarah Daniel <\/strong>et <strong>Caroline Rossi<\/strong>, Universit\u00e9 Grenoble Alpes<br>Les m\u00e9taphores de l\u2019immigration dans <em>Le Monde diplomatique<\/em> et leur traduction<\/p>\n\n\n\n<p><strong>12h30<\/strong> &#8211; <strong>14h00<\/strong><br>Pause d\u00e9jeuner<\/p>\n\n\n\n<p><strong>14h00<\/strong> &#8211; <strong>14h45<\/strong><br><strong>Raluca Nita<\/strong>, Universit\u00e9 de Poitiers &amp; FoReLLIS<strong><br><\/strong>La traduction journalistique au centre du&nbsp;jeu. Les corpus parall\u00e8les en arbitre<\/p>\n\n\n\n<p><strong>14h45<\/strong> &#8211; <strong>15h30<\/strong><br><strong>Dejan Stosic<\/strong>, Universit\u00e9 Toulouse Jean Jaur\u00e8s &amp; CLLE et <strong>Sa\u0161a Marjanovi\u0107<\/strong>, Universit\u00e9 de Belgrade<br>Journalistes, cobayes de linguistes<\/p>\n\n\n\n<p><strong>15h30<\/strong> &#8211; <strong>16h00<\/strong><br>Bilan et cl\u00f4ture des journ\u00e9es d\u2019\u00e9tudes<\/p>\n\n\n\n<hr class=\"wp-block-separator has-alpha-channel-opacity\" \/>\n\n\n\n<p class=\"has-text-align-center has-primary-color has-vertical-tertiary-to-background-gradient-background has-text-color has-background has-link-color wp-elements-a6e1a9640edb6dd4d793bb7f2cfe9bdf\"><strong>Une exposition sur les \u00e9ditions \u00e9trang\u00e8res du Monde diplomatique aura lieu tout au long de la manifestation<br>Hall de l&rsquo;Amphi F417 (Maison de la recherche)<\/strong><\/p>\n\n\n\n<hr class=\"wp-block-separator has-alpha-channel-opacity\" \/>\n\n\n\n<div class=\"wp-block-buttons alignfull is-content-justification-center is-layout-flex wp-container-core-buttons-is-layout-a89b3969 wp-block-buttons-is-layout-flex\">\n<div class=\"wp-block-button has-custom-width wp-block-button__width-50 has-custom-font-size has-large-font-size\"><a class=\"wp-block-button__link has-diagonal-primary-to-foreground-gradient-background has-background wp-element-button\" href=\"https:\/\/enquetes.univ-tlse2.fr\/index.php\/296847?lang=fr\">Inscription obligatoire<\/a><\/div>\n<\/div>\n\n\n\n<p><\/p>\n\n\n\n<p><\/p>\n\n\n\n<p><\/p>\n\n\n\n<figure class=\"wp-block-image size-large\"><img loading=\"lazy\" decoding=\"async\" width=\"1024\" height=\"445\" src=\"https:\/\/blogs.univ-tlse2.fr\/pretrela\/files\/2024\/07\/Logos_bandeau-1024x445.jpg\" alt=\"\" class=\"wp-image-50\" srcset=\"https:\/\/blogs.univ-tlse2.fr\/pretrela\/files\/2024\/07\/Logos_bandeau-1024x445.jpg 1024w, https:\/\/blogs.univ-tlse2.fr\/pretrela\/files\/2024\/07\/Logos_bandeau-300x130.jpg 300w, https:\/\/blogs.univ-tlse2.fr\/pretrela\/files\/2024\/07\/Logos_bandeau-768x334.jpg 768w, https:\/\/blogs.univ-tlse2.fr\/pretrela\/files\/2024\/07\/Logos_bandeau-1536x668.jpg 1536w, https:\/\/blogs.univ-tlse2.fr\/pretrela\/files\/2024\/07\/Logos_bandeau-2048x890.jpg 2048w\" sizes=\"auto, (max-width: 1024px) 100vw, 1024px\" \/><\/figure>\n\n\n\n<p><\/p>\n","protected":false},"excerpt":{"rendered":"<p>Une exposition sur les \u00e9ditions \u00e9trang\u00e8res du Monde diplomatique aura lieu tout au long de la manifestationHall de l&rsquo;Amphi F417 (Maison de la recherche) 19 Septembre 2024 13h45Ouverture (Amphi F417) Enjeux traductologiques et soci\u00e9taux de la traduction journalistique 14h00 &#8211; 14h45Anne-C\u00e9cile Robert, directrice adjointe du Monde diplomatiqueLes \u00e9ditions internationales du Monde diplomatique : pourquoi (faire) [&hellip;]<\/p>\n","protected":false},"author":310,"featured_media":0,"parent":0,"menu_order":0,"comment_status":"closed","ping_status":"closed","template":"","meta":{"footnotes":""},"class_list":["post-25","page","type-page","status-publish","hentry"],"_links":{"self":[{"href":"https:\/\/blogs.univ-tlse2.fr\/pretrela\/wp-json\/wp\/v2\/pages\/25","targetHints":{"allow":["GET"]}}],"collection":[{"href":"https:\/\/blogs.univ-tlse2.fr\/pretrela\/wp-json\/wp\/v2\/pages"}],"about":[{"href":"https:\/\/blogs.univ-tlse2.fr\/pretrela\/wp-json\/wp\/v2\/types\/page"}],"author":[{"embeddable":true,"href":"https:\/\/blogs.univ-tlse2.fr\/pretrela\/wp-json\/wp\/v2\/users\/310"}],"replies":[{"embeddable":true,"href":"https:\/\/blogs.univ-tlse2.fr\/pretrela\/wp-json\/wp\/v2\/comments?post=25"}],"version-history":[{"count":26,"href":"https:\/\/blogs.univ-tlse2.fr\/pretrela\/wp-json\/wp\/v2\/pages\/25\/revisions"}],"predecessor-version":[{"id":86,"href":"https:\/\/blogs.univ-tlse2.fr\/pretrela\/wp-json\/wp\/v2\/pages\/25\/revisions\/86"}],"wp:attachment":[{"href":"https:\/\/blogs.univ-tlse2.fr\/pretrela\/wp-json\/wp\/v2\/media?parent=25"}],"curies":[{"name":"wp","href":"https:\/\/api.w.org\/{rel}","templated":true}]}}