 {"id":74,"date":"2024-09-06T17:45:28","date_gmt":"2024-09-06T15:45:28","guid":{"rendered":"https:\/\/blogs.univ-tlse2.fr\/pretrela\/?page_id=74"},"modified":"2024-09-06T18:24:33","modified_gmt":"2024-09-06T16:24:33","slug":"acces","status":"publish","type":"page","link":"https:\/\/blogs.univ-tlse2.fr\/pretrela\/acces\/","title":{"rendered":"Acc\u00e8s"},"content":{"rendered":"\n<p>La manifestation PrETreLa aura lieu \u00e0 deux endroits diff\u00e9rents (voir le programme pour le d\u00e9tail): <\/p>\n\n\n\n<ul class=\"wp-block-list\">\n<li>Universit\u00e9 Toulouse Jean Jaur\u00e8s, Amphi F417 (Maison de la recherche 2, 4\u00e8me \u00e9tage)<\/li>\n\n\n\n<li>Cin\u00e9ma Utopia Borderouge<\/li>\n<\/ul>\n\n\n\n<p>Pour acc\u00e9der \u00e0 l&rsquo;Universit\u00e9 Toulouse Jean Jaur\u00e8s, consultez <a href=\"https:\/\/www.univ-tlse2.fr\/accueil\/recherche\/colloques\/acces\">cette page<\/a>. <\/p>\n\n\n\n<p>Pour acc\u00e9der au Cin\u00e9ma Utopia de Borderouge, prendre la ligne B du m\u00e9tro et descendre \u00e0 l&rsquo;arr\u00eat Borderouge (terminus). L&rsquo;adresse est la suivante: <a href=\"https:\/\/www.google.fr\/maps\/place\/\/data=!4m2!3m1!1s0x12aea3b38f363543:0x9de8bf0c16c0f370?sa=X&amp;ved=1t:8290&amp;hl=fr&amp;ictx=111\">59, Av. Maurice Bourg\u00e8s-Maunoury, 31200 Toulouse<\/a>.<\/p>\n","protected":false},"excerpt":{"rendered":"<p>La manifestation PrETreLa aura lieu \u00e0 deux endroits diff\u00e9rents (voir le programme pour le d\u00e9tail): Pour acc\u00e9der \u00e0 l&rsquo;Universit\u00e9 Toulouse Jean Jaur\u00e8s, consultez cette page. Pour acc\u00e9der au Cin\u00e9ma Utopia de Borderouge, prendre la ligne B du m\u00e9tro et descendre \u00e0 l&rsquo;arr\u00eat Borderouge (terminus). L&rsquo;adresse est la suivante: 59, Av. Maurice Bourg\u00e8s-Maunoury, 31200 Toulouse.<\/p>\n","protected":false},"author":310,"featured_media":0,"parent":0,"menu_order":0,"comment_status":"closed","ping_status":"closed","template":"","meta":{"footnotes":""},"class_list":["post-74","page","type-page","status-publish","hentry"],"_links":{"self":[{"href":"https:\/\/blogs.univ-tlse2.fr\/pretrela\/wp-json\/wp\/v2\/pages\/74","targetHints":{"allow":["GET"]}}],"collection":[{"href":"https:\/\/blogs.univ-tlse2.fr\/pretrela\/wp-json\/wp\/v2\/pages"}],"about":[{"href":"https:\/\/blogs.univ-tlse2.fr\/pretrela\/wp-json\/wp\/v2\/types\/page"}],"author":[{"embeddable":true,"href":"https:\/\/blogs.univ-tlse2.fr\/pretrela\/wp-json\/wp\/v2\/users\/310"}],"replies":[{"embeddable":true,"href":"https:\/\/blogs.univ-tlse2.fr\/pretrela\/wp-json\/wp\/v2\/comments?post=74"}],"version-history":[{"count":3,"href":"https:\/\/blogs.univ-tlse2.fr\/pretrela\/wp-json\/wp\/v2\/pages\/74\/revisions"}],"predecessor-version":[{"id":78,"href":"https:\/\/blogs.univ-tlse2.fr\/pretrela\/wp-json\/wp\/v2\/pages\/74\/revisions\/78"}],"wp:attachment":[{"href":"https:\/\/blogs.univ-tlse2.fr\/pretrela\/wp-json\/wp\/v2\/media?parent=74"}],"curies":[{"name":"wp","href":"https:\/\/api.w.org\/{rel}","templated":true}]}}