 {"id":1197,"date":"2023-07-06T19:29:23","date_gmt":"2023-07-06T17:29:23","guid":{"rendered":"https:\/\/blogs.univ-tlse2.fr\/prior\/?page_id=1197"},"modified":"2023-08-14T19:09:40","modified_gmt":"2023-08-14T17:09:40","slug":"remerciements","status":"publish","type":"page","link":"https:\/\/blogs.univ-tlse2.fr\/prior\/remerciements\/","title":{"rendered":"Remerciements"},"content":{"rendered":"\n<p>Nous souhaitons remercier tous\u00b7tes les habitant\u00b7es de la vall\u00e9e de l\u2019Orbiel qui ont contribu\u00e9 \u00e0 la r\u00e9alisation de cette \u00e9tude en r\u00e9pondant au questionnaire d\u2019enqu\u00eate et en \u00e9changeant avec nous lors des entretiens. Merci aussi \u00e0 tous\u00b7tes ceux et celles rencontr\u00e9\u00b7es fortuitement au d\u00e9tour d\u2019une ruelle ou d\u2019une balade. Merci d\u2019avoir partag\u00e9 avec nous l\u2019histoire de la vall\u00e9e, votre propre histoire et celle des habitant\u00b7es qui y vivent. Merci pour votre accueil toujours chaleureux et pour le temps consacr\u00e9 \u00e0 nos \u00e9changes. Merci aussi pour votre bienveillance et pour les moments conviviaux auxquels nous avons \u00e9t\u00e9s r\u00e9guli\u00e8rement convi\u00e9\u00b7es.<\/p>\n\n\n\n<p>Nous remercions chaleureusement les jardinier\u00b7\u00e8res &nbsp;du syndicat du Vic au Pont Del Gua et de l\u2019association des jardins du Puisard (Conques-sur-Orbiel) pour leur participation \u00e0 l\u2019exp\u00e9rimentation \u00ab&nbsp;Moutarde&nbsp;\u00bb, pour la visite de leur jardin et le partage de leurs exp\u00e9riences du jardinage et de la pollution. Un merci particulier \u00e0 Jacques et \u00e0 Roger pour leur accueil chaleureux. Merci \u00e0 toi Claude pour ton engagement dans l\u2019exp\u00e9rimentation et sa coordination, et plus encore pour ta convivialit\u00e9 et ton enthousiasme tout au long de la r\u00e9alisation de la recherche PRIOR.<\/p>\n\n\n\n<p>Vous nous avez permis, toutes et tous, de vivre une exp\u00e9rience de terrain enrichissante sur le plan scientifique et sur le plan humain.<\/p>\n\n\n\n<p>Nous tenons aussi \u00e0 remercier les chercheurs, ing\u00e9nieurs de recherches ainsi que les \u00e9tudiants qui ont contribu\u00e9 \u00e0 la r\u00e9alisation de cette enqu\u00eate&nbsp;:<\/p>\n\n\n\n<p>Viol\u00e8ne Sibertin-Blanc, docteure en sciences de l\u2019information et de la communication (ing\u00e9nieure de recherches, MSHS de Toulouse, UT2J), pour avoir nourri nos r\u00e9flexions d\u2019analyse, pour ses relectures minutieuses et la mise en ligne du rapport de recherche sur le site du programme PRIOR (https:\/\/blogs.univ-tlse2.fr\/prior\/).<\/p>\n\n\n\n<p>Jean-Fran\u00e7ois Barthe (PAST, sociologie, UT2J, LISST) et Corinne Saint-Martin (ma\u00eetresse de conf\u00e9rences, sociologie, UT2J, CERTOP) pour leur participation \u00e0 l\u2019\u00e9laboration du protocole d\u2019enqu\u00eate et au suivi de la premi\u00e8re phase de recueil des donn\u00e9es quantitatives.<\/p>\n\n\n\n<p>J\u00e9milie Jaffart (stagiaire, M2 Politiques Environnementales et Pratiques Sociales, UT2J) pour sa participation au recueil des donn\u00e9es qualitatives-quantitatives et son analyse sociologique des donn\u00e9es, mis en mots dans son m\u00e9moire intitul\u00e9 \u00ab&nbsp;Faire corps avec le risque par l\u2019empreinte territoriale. Exp\u00e9riences de la terre et perceptions du risque d\u2019impr\u00e9gnation \u00e0 la pollution dans le contexte post-minier de la Vall\u00e9e de l\u2019Orbiel&nbsp;\u00bb.<\/p>\n\n\n\n<p>Les \u00e9tudiant\u00b7es qui ont particip\u00e9 activement et avec enthousiasme au recueil des donn\u00e9es quantitatives&nbsp;: Maman Samba Balde (L2 Sociologie, UT2J), L\u00e9a Bourblanc (M1 SOAP, UT2J), Natolotra Johns Rajohnarisoa (L2 Sociologie, UT2J), Diallo Kalidou (M2 SOAP, UT2J), Juliette Bollaert (M1 PEPS, UT2J), Jean Brichet (M1 PEPS, UT2J), Ivan Deluc (M1 PEPS, UT2J), L\u00e9a Franc (M1 AG\u00c2P\u00c9S, UT2J), Agathe Fabre (M1 AG\u00c2P\u00c9S, UT2J) et la promotion 2021-2022 du M1 PEPS.<\/p>\n\n\n\n<p>Nous souhaitons remercier nos coll\u00e8gues de la MSHS-T (UAR3414) \u2013 Richard Vincendeau, Sophie Corr\u00e9, Anne Razous et Pascal Gaillard \u2013, nos coll\u00e8gues de l\u2019UT2J pour leur confiance et leur travail d\u2019appui \u00e0 la recherche \u2013 Olivier Martzloff de la Maison de l\u2019image et du num\u00e9rique, Benoit Colas infographiste au Centre de promotion de la recherche scientifique (CPRS-DAR UMS838), Jean-Pascal Thibaudi\u00e8re du Service de logistique g\u00e9n\u00e9rale et Magalie Garros du Service imprimerie.<\/p>\n\n\n\n<p>Nous souhaitons enfin remercier l\u2019ARS Occitanie et Sant\u00e9 publique France pour leur confiance et la totale libert\u00e9 qui a \u00e9t\u00e9 la n\u00f4tre pour r\u00e9aliser cette recherche. Merci \u00e0 St\u00e9phanie Rivi\u00e8re, Damien Mouly et Christophe Perrey (Sant\u00e9 publique France) pour leur bienveillance et nos \u00e9changes r\u00e9guliers et toujours tr\u00e8s enrichissants.<\/p>\n\n\n\n<p><strong>Pour citer le rapport de recherche PRIOR ou des \u00ab&nbsp;contenus du rapport&nbsp;\u00bb<\/strong><\/p>\n\n\n\n<p>Busca D., Chauveau L., Bontemps M., Meidani A., Dumat C., 2023, <em>Habiter (avec) la pollution. Pratiques et perceptions des risques par les habitants riverains de la vall\u00e9e de l\u2019Orbiel (11)<\/em>, rapport de recherche, MSHS de Toulouse (UAR3414), CERTOP (UMR5044), Universit\u00e9 Toulouse \u2013 Jean Jaur\u00e8s (UT2J), Sant\u00e9 publique France, juillet, Toulouse.<\/p>\n\n\n\n<p>La recherche PRIOR a fait l\u2019objet d\u2019une convention de partenariat et de financement entre le CNRS et l\u2019Agence Nationale de Sant\u00e9 Publique (Sant\u00e9 publique France). L\u2019ARS Occitanie a co-financ\u00e9 la recherche.<\/p>\n\n\n\n<div class=\"wp-block-buttons is-layout-flex wp-block-buttons-is-layout-flex\">\n<div class=\"wp-block-button\"><a class=\"wp-block-button__link wp-element-button\" href=\"https:\/\/blogs.univ-tlse2.fr\/prior\/rapport-de-recherche-prior\/\">Retour au plan du rapport<\/a><\/div>\n<\/div>\n","protected":false},"excerpt":{"rendered":"<p>Nous souhaitons remercier tous\u00b7tes les habitant\u00b7es de la vall\u00e9e de l\u2019Orbiel qui ont contribu\u00e9 \u00e0 la r\u00e9alisation de cette \u00e9tude en r\u00e9pondant au questionnaire d\u2019enqu\u00eate et en \u00e9changeant avec nous lors des entretiens. Merci aussi \u00e0 tous\u00b7tes ceux et celles rencontr\u00e9\u00b7es fortuitement au d\u00e9tour d\u2019une ruelle ou d\u2019une balade. Merci d\u2019avoir partag\u00e9 avec nous l\u2019histoire &hellip; <\/p>\n<p class=\"link-more\"><a href=\"https:\/\/blogs.univ-tlse2.fr\/prior\/remerciements\/\" class=\"more-link\">Continuer la lecture<span class=\"screen-reader-text\"> de &laquo;&nbsp;Remerciements&nbsp;&raquo;<\/span><\/a><\/p>\n","protected":false},"author":882,"featured_media":0,"parent":0,"menu_order":0,"comment_status":"closed","ping_status":"closed","template":"","meta":{"footnotes":""},"class_list":["post-1197","page","type-page","status-publish","hentry"],"_links":{"self":[{"href":"https:\/\/blogs.univ-tlse2.fr\/prior\/wp-json\/wp\/v2\/pages\/1197","targetHints":{"allow":["GET"]}}],"collection":[{"href":"https:\/\/blogs.univ-tlse2.fr\/prior\/wp-json\/wp\/v2\/pages"}],"about":[{"href":"https:\/\/blogs.univ-tlse2.fr\/prior\/wp-json\/wp\/v2\/types\/page"}],"author":[{"embeddable":true,"href":"https:\/\/blogs.univ-tlse2.fr\/prior\/wp-json\/wp\/v2\/users\/882"}],"replies":[{"embeddable":true,"href":"https:\/\/blogs.univ-tlse2.fr\/prior\/wp-json\/wp\/v2\/comments?post=1197"}],"version-history":[{"count":9,"href":"https:\/\/blogs.univ-tlse2.fr\/prior\/wp-json\/wp\/v2\/pages\/1197\/revisions"}],"predecessor-version":[{"id":1275,"href":"https:\/\/blogs.univ-tlse2.fr\/prior\/wp-json\/wp\/v2\/pages\/1197\/revisions\/1275"}],"wp:attachment":[{"href":"https:\/\/blogs.univ-tlse2.fr\/prior\/wp-json\/wp\/v2\/media?parent=1197"}],"curies":[{"name":"wp","href":"https:\/\/api.w.org\/{rel}","templated":true}]}}