 {"id":21,"date":"2021-01-07T15:06:16","date_gmt":"2021-01-07T14:06:16","guid":{"rendered":"https:\/\/blogs.univ-tlse2.fr\/prior\/?page_id=21"},"modified":"2023-08-05T09:46:10","modified_gmt":"2023-08-05T07:46:10","slug":"objectifs-etapes-de-letude-prior","status":"publish","type":"page","link":"https:\/\/blogs.univ-tlse2.fr\/prior\/","title":{"rendered":""},"content":{"rendered":"\n<div class=\"wp-block-columns is-layout-flex wp-container-core-columns-is-layout-9d6595d7 wp-block-columns-is-layout-flex\">\n<div class=\"wp-block-column is-layout-flow wp-block-column-is-layout-flow\" style=\"flex-basis:100%\">\n<h6 class=\"wp-block-heading\"><\/h6>\n\n\n\n<div class=\"wp-block-columns are-vertically-aligned-top has-black-color has-text-color is-layout-flex wp-container-core-columns-is-layout-9d6595d7 wp-block-columns-is-layout-flex\">\n<div class=\"wp-block-column is-vertically-aligned-top is-layout-flow wp-block-column-is-layout-flow\" style=\"flex-basis:66.66%\"><div class=\"wp-block-image is-style-default\">\n<figure class=\"alignright size-large is-resized\"><img loading=\"lazy\" decoding=\"async\" src=\"https:\/\/blogs.univ-tlse2.fr\/prior\/files\/2021\/01\/logo-PRIOR-long-fond-couleur-1.png\" alt=\"\" class=\"wp-image-309\" width=\"433\" height=\"90\" srcset=\"https:\/\/blogs.univ-tlse2.fr\/prior\/files\/2021\/01\/logo-PRIOR-long-fond-couleur-1.png 610w, https:\/\/blogs.univ-tlse2.fr\/prior\/files\/2021\/01\/logo-PRIOR-long-fond-couleur-1-300x62.png 300w\" sizes=\"auto, (max-width: 433px) 100vw, 433px\" \/><\/figure>\n<\/div>\n\n\n<p><\/p>\n<\/div>\n<\/div>\n\n\n\n<p><mark class=\"has-inline-color has-vivid-red-color\">Acc\u00e9der <strong><a href=\"https:\/\/blogs.univ-tlse2.fr\/prior\/rapport-de-recherche-prior\/\">ICI<\/a><\/strong> au plan du rapport consultable en ligne<\/mark><\/p>\n\n\n\n<h6 class=\"wp-block-heading\">Rappel des objectifs de l&rsquo;Etude PRIOR<\/h6>\n\n\n\n<div class=\"wp-block-group\"><div class=\"wp-block-group__inner-container is-layout-flow wp-block-group-is-layout-flow\">\n<p>Depuis plus de vingt ans, les pollutions des anciens sites miniers de la vall\u00e9e de l&rsquo;Orbiel g\u00e9n\u00e8rent des interrogations environnementales et sanitaires. Alors que l\u2019inqui\u00e9tude des citoyens s\u2019est accentu\u00e9e depuis les inondations de 2018, <a rel=\"noreferrer noopener\" href=\"https:\/\/blogs.univ-tlse2.fr\/prior\/qui-sommes-nous\/\" data-type=\"URL\" data-id=\"https:\/\/blogs.univ-tlse2.fr\/prior\/qui-sommes-nous\/\" target=\"_blank\"><strong>des sociologues <\/strong><\/a>de l&rsquo;Universit\u00e9 de Toulouse &#8211; Jean Jaur\u00e8s et du CNRS<strong><sup>*<\/sup><\/strong> (Centre national de la recherche scientifique), en partenariat avec Sant\u00e9 publique France, souhaitent donner la parole \u00e0 la population. L&rsquo;objectif est que la population s&rsquo;exprime sur ses attentes, la mani\u00e8re dont elle vit les pollutions du territoire et ressent les risques qui y sont li\u00e9s (sanitaires, environnementaux, socio-\u00e9conomiques, etc.).  <\/p>\n\n\n\n<p>L\u2019\u00e9tude PRIOR \u00ab Pratiques et perceptions des risques par les habitants riverains de la vall\u00e9e de l\u2019Orbiel \u00bb vise ainsi \u00e0 mieux conna\u00eetre les personnes vivant dans la vall\u00e9e,  leurs conditions de vie, leurs pratiques et activit\u00e9s ordinaires (consommer, se promener, se baigner, etc.), leur sant\u00e9 telle qu&rsquo;elle est per\u00e7ue (et son \u00e9volution), &#8230; en d&rsquo;autres termes les probl\u00e8mes \u2013tels qu\u2019ils sont identifi\u00e9s par la population\u2013, le sentiment d\u2019in\u00e9galit\u00e9 que les  pollutions et leurs impacts g\u00e9n\u00e8rent et les attentes qui en d\u00e9coulent.<\/p>\n\n\n\n<p>La participation des habitant\u00b7es de la vall\u00e9e \u00e0 l&rsquo;\u00e9tude PRIOR permet d&rsquo;am\u00e9liorer les connaissances du contexte local et des attentes de la population. L&rsquo;Universit\u00e9 de Toulouse &#8211; Jean Jaur\u00e8s et le CNRS assurent la s\u00e9curit\u00e9 et la confidentialit\u00e9 des donn\u00e9es de l&rsquo;enqu\u00eate (certificat d&rsquo;enregistrement n\u00b0220078\/USR 3414, CNIL &#8211; Commission Nationale&nbsp;de l\u2019Informatique et des Libert\u00e9s).<\/p>\n\n\n\n<p class=\"has-text-align-right\"><strong><strong>Busca Didier, Chauveau Lila, Bontemps Martin, Meidani Anastasia, Camille Dumat<\/strong><\/strong><\/p>\n\n\n\n<p><em><strong><sup>*<\/sup><\/strong> Maison des Sciences de l&rsquo;Homme et de la Soci\u00e9t\u00e9 de Toulouse (MSHS T UAR 3414),  Centre d&rsquo;\u00e9tude et de recherche Travail &#8211; Organisation &#8211; Pouvoir (CERTOP UMR 5044) et  Laboratoire Interdisciplinaire Solidarit\u00e9s, Soci\u00e9t\u00e9s, Territoires (LISST-Cers UMR 5193).<\/em><\/p>\n<\/div><\/div>\n<\/div>\n<\/div>\n\n\n<div class=\"wp-block-image\">\n<figure class=\"alignright size-large is-resized\"><img loading=\"lazy\" decoding=\"async\" src=\"https:\/\/blogs.univ-tlse2.fr\/prior\/files\/2021\/01\/logo-PRIOR-long-fond-couleur-1.png\" alt=\"\" class=\"wp-image-309\" width=\"364\" height=\"75\" srcset=\"https:\/\/blogs.univ-tlse2.fr\/prior\/files\/2021\/01\/logo-PRIOR-long-fond-couleur-1.png 610w, https:\/\/blogs.univ-tlse2.fr\/prior\/files\/2021\/01\/logo-PRIOR-long-fond-couleur-1-300x62.png 300w\" sizes=\"auto, (max-width: 364px) 100vw, 364px\" \/><\/figure>\n<\/div>\n\n\n\n\n<div style=\"height:100px\" aria-hidden=\"true\" class=\"wp-block-spacer\"><\/div>\n\n\n\n<figure class=\"wp-block-image size-full\"><img loading=\"lazy\" decoding=\"async\" width=\"943\" height=\"75\" src=\"https:\/\/blogs.univ-tlse2.fr\/prior\/files\/2023\/07\/Bandeau-Logos.png\" alt=\"\" class=\"wp-image-1232\" srcset=\"https:\/\/blogs.univ-tlse2.fr\/prior\/files\/2023\/07\/Bandeau-Logos.png 943w, https:\/\/blogs.univ-tlse2.fr\/prior\/files\/2023\/07\/Bandeau-Logos-300x24.png 300w, https:\/\/blogs.univ-tlse2.fr\/prior\/files\/2023\/07\/Bandeau-Logos-768x61.png 768w\" sizes=\"auto, (max-width: 767px) 89vw, (max-width: 1000px) 54vw, (max-width: 1071px) 543px, 580px\" \/><\/figure>\n","protected":false},"excerpt":{"rendered":"<p>Acc\u00e9der ICI au plan du rapport consultable en ligne Rappel des objectifs de l&rsquo;Etude PRIOR Depuis plus de vingt ans, les pollutions des anciens sites miniers de la vall\u00e9e de l&rsquo;Orbiel g\u00e9n\u00e8rent des interrogations environnementales et sanitaires. Alors que l\u2019inqui\u00e9tude des citoyens s\u2019est accentu\u00e9e depuis les inondations de 2018, des sociologues de l&rsquo;Universit\u00e9 de Toulouse &hellip; <\/p>\n<p class=\"link-more\"><a href=\"https:\/\/blogs.univ-tlse2.fr\/prior\/\" class=\"more-link\">Continuer la lecture<span class=\"screen-reader-text\"> de &laquo;&nbsp;&nbsp;&raquo;<\/span><\/a><\/p>\n","protected":false},"author":882,"featured_media":0,"parent":0,"menu_order":0,"comment_status":"closed","ping_status":"closed","template":"","meta":{"footnotes":""},"class_list":["post-21","page","type-page","status-publish","hentry"],"_links":{"self":[{"href":"https:\/\/blogs.univ-tlse2.fr\/prior\/wp-json\/wp\/v2\/pages\/21","targetHints":{"allow":["GET"]}}],"collection":[{"href":"https:\/\/blogs.univ-tlse2.fr\/prior\/wp-json\/wp\/v2\/pages"}],"about":[{"href":"https:\/\/blogs.univ-tlse2.fr\/prior\/wp-json\/wp\/v2\/types\/page"}],"author":[{"embeddable":true,"href":"https:\/\/blogs.univ-tlse2.fr\/prior\/wp-json\/wp\/v2\/users\/882"}],"replies":[{"embeddable":true,"href":"https:\/\/blogs.univ-tlse2.fr\/prior\/wp-json\/wp\/v2\/comments?post=21"}],"version-history":[{"count":93,"href":"https:\/\/blogs.univ-tlse2.fr\/prior\/wp-json\/wp\/v2\/pages\/21\/revisions"}],"predecessor-version":[{"id":1267,"href":"https:\/\/blogs.univ-tlse2.fr\/prior\/wp-json\/wp\/v2\/pages\/21\/revisions\/1267"}],"wp:attachment":[{"href":"https:\/\/blogs.univ-tlse2.fr\/prior\/wp-json\/wp\/v2\/media?parent=21"}],"curies":[{"name":"wp","href":"https:\/\/api.w.org\/{rel}","templated":true}]}}