 {"id":461,"date":"2021-03-22T16:45:18","date_gmt":"2021-03-22T15:45:18","guid":{"rendered":"https:\/\/blogs.univ-tlse2.fr\/prior\/?page_id=461"},"modified":"2021-03-22T17:16:09","modified_gmt":"2021-03-22T16:16:09","slug":"prior-en-bref","status":"publish","type":"page","link":"https:\/\/blogs.univ-tlse2.fr\/prior\/prior-en-bref\/","title":{"rendered":"PRIOR en bref"},"content":{"rendered":"\n<p>Vous pouvez t\u00e9l\u00e9charger le d\u00e9pliant de pr\u00e9sentation de l&rsquo;\u00e9tude PRIOR en cliquant <strong><em><span class=\"has-inline-color has-vivid-red-color\"><a href=\"https:\/\/blogs.univ-tlse2.fr\/prior\/files\/2021\/03\/SPF_DeplianT3Volets-PriorOrbiel-A4-PROTEGE.pdf\" data-type=\"URL\" data-id=\"https:\/\/blogs.univ-tlse2.fr\/prior\/files\/2021\/03\/SPF_DeplianT3Volets-PriorOrbiel-A4-PROTEGE.pdf\" target=\"_blank\" rel=\"noreferrer noopener\">ICI<\/a><\/span><\/em><\/strong><\/p>\n","protected":false},"excerpt":{"rendered":"<p>Vous pouvez t\u00e9l\u00e9charger le d\u00e9pliant de pr\u00e9sentation de l&rsquo;\u00e9tude PRIOR en cliquant ICI<\/p>\n","protected":false},"author":882,"featured_media":0,"parent":0,"menu_order":0,"comment_status":"closed","ping_status":"closed","template":"","meta":{"footnotes":""},"class_list":["post-461","page","type-page","status-publish","hentry"],"_links":{"self":[{"href":"https:\/\/blogs.univ-tlse2.fr\/prior\/wp-json\/wp\/v2\/pages\/461","targetHints":{"allow":["GET"]}}],"collection":[{"href":"https:\/\/blogs.univ-tlse2.fr\/prior\/wp-json\/wp\/v2\/pages"}],"about":[{"href":"https:\/\/blogs.univ-tlse2.fr\/prior\/wp-json\/wp\/v2\/types\/page"}],"author":[{"embeddable":true,"href":"https:\/\/blogs.univ-tlse2.fr\/prior\/wp-json\/wp\/v2\/users\/882"}],"replies":[{"embeddable":true,"href":"https:\/\/blogs.univ-tlse2.fr\/prior\/wp-json\/wp\/v2\/comments?post=461"}],"version-history":[{"count":5,"href":"https:\/\/blogs.univ-tlse2.fr\/prior\/wp-json\/wp\/v2\/pages\/461\/revisions"}],"predecessor-version":[{"id":475,"href":"https:\/\/blogs.univ-tlse2.fr\/prior\/wp-json\/wp\/v2\/pages\/461\/revisions\/475"}],"wp:attachment":[{"href":"https:\/\/blogs.univ-tlse2.fr\/prior\/wp-json\/wp\/v2\/media?parent=461"}],"curies":[{"name":"wp","href":"https:\/\/api.w.org\/{rel}","templated":true}]}}