 {"id":558,"date":"2023-04-25T10:50:03","date_gmt":"2023-04-25T08:50:03","guid":{"rendered":"https:\/\/blogs.univ-tlse2.fr\/prior\/?page_id=558"},"modified":"2023-07-06T12:03:06","modified_gmt":"2023-07-06T10:03:06","slug":"zoom-sur-lenquete-par-questionnaire","status":"publish","type":"page","link":"https:\/\/blogs.univ-tlse2.fr\/prior\/zoom-sur-lenquete-par-questionnaire\/","title":{"rendered":"Zoom sur l&rsquo;enqu\u00eate par questionnaire"},"content":{"rendered":"\n<p class=\"has-text-align-left\" style=\"font-style:normal;font-weight:200\"><em>Un questionnaire pour recueillir la parole du plus grand nombre.<\/em><\/p>\n\n\n\n<div class=\"wp-block-genesis-blocks-gb-accordion gb-block-accordion\"><details><summary class=\"gb-accordion-title\"><strong>Quelles sont les communes concern\u00e9es par l&rsquo;\u00e9tude\u00a0?<\/strong><\/summary><div class=\"gb-accordion-text\">\n<p>L\u2019enqu\u00eate par questionnaire s\u2019adresse aux habitant\u00b7es de la vall\u00e9e de l\u2019Orbiel, du village des Martyrs jusqu\u2019\u00e0 Tr\u00e8bes. Nous avons nomm\u00e9&nbsp;\u00ab&nbsp;vall\u00e9e de l\u2019Orbiel&nbsp;\u00bb un territoire d\u2019enqu\u00eate \u00e9tendu \u00e0 <strong>27 communes<\/strong> plus ou moins impact\u00e9es par les anciennes activit\u00e9s mini\u00e8res.&nbsp;La \u00ab&nbsp;vall\u00e9e de l\u2019Orbiel&nbsp;\u00bb&nbsp;ne correspond pas strictement au d\u00e9coupage administratif du \u00ab&nbsp;Canton de la vall\u00e9e de l\u2019Orbiel&nbsp;\u00bb, mais rassemble donc 27 communes localis\u00e9es sur les quatre cantons du&nbsp;<em>Haut Minervois<\/em>, de la&nbsp;<em>Montagne d\u2019Alaric<\/em>, de&nbsp;<em>Malep\u00e8re \u00e0 la Montagne Noire<\/em>&nbsp;et de la&nbsp;<em>Vall\u00e9e de l\u2019Orbiel<\/em>. M\u00eame si votre commune ne fait pas partie du Canton de la vall\u00e9e de l\u2019Orbiel&nbsp;: vous \u00eates concern\u00e9\u00b7e par les questions concernant la \u00ab&nbsp;vall\u00e9e de l\u2019Orbiel&nbsp;\u00bb. Par ailleurs, la \u00ab&nbsp;vall\u00e9e de l\u2019Orbiel&nbsp;\u00bb&nbsp;ne correspond pas uniquement aux zones en bords de cours d\u2019eau, mais bien \u00e0 l\u2019int\u00e9gralit\u00e9 du territoire des 27 communes de l\u2019enqu\u00eate (garrigue, plaine, plateau, etc.).<\/p>\n\n\n\n<p><strong>Les communes concern\u00e9es par l\u2019\u00e9tude sont&nbsp;par ordre alphab\u00e9tique<\/strong>&nbsp;:&nbsp;<em>Aragon ; Badens ; Bagnoles ; Bouilhonnac ; Conques-sur-Orbiel ; Cuxac-Cabard\u00e8s ; Fournes-Cabard\u00e8s ; Fraisse-Cabard\u00e8s ; Lastours ; Les Ilhes ; Les Martys ; Limousis ; Mas-Cabard\u00e8s ; Miraval-Cabard\u00e8s ; Moussoulens ; Sall\u00e8les-Cabard\u00e8s ; Salsigne ; Trassanel ; Tr\u00e8bes ; Villalier ; Villani\u00e8re ; Villardonnel ; Villarzel-Cabard\u00e8s ; Villedubert ; Villegailhenc ; Villegly ; Villeneuve-Minervois.<\/em><\/p>\n<\/div><\/details><\/div>\n\n\n\n<div class=\"wp-block-genesis-blocks-gb-accordion gb-block-accordion\"><details><summary class=\"gb-accordion-title\"><strong>Comment appr\u00e9hender la diversit\u00e9 territoriale des pollutions<\/strong><strong> ?<\/strong><\/summary><div class=\"gb-accordion-text\">\n<p>Le territoire d&rsquo;enqu\u00eate a \u00e9t\u00e9 divis\u00e9 en <strong>quatre zones<\/strong> correspondant \u00e0 des ensembles diff\u00e9renci\u00e9s de communes en fonction :<\/p>\n\n\n\n<ul class=\"wp-block-list\">\n<li>de la pr\u00e9sence-absence, sur les communes, d&rsquo;anciennes activit\u00e9s mini\u00e8res, de sites de stockage (haldes, st\u00e9riles ou d\u00e9p\u00f4ts), d&rsquo;une station de traitement des eaux ou de bassins de stockage d\u2019eau pollu\u00e9e,<\/li>\n\n\n\n<li>de la pr\u00e9sence-absence, sur les communes, d&rsquo;\u00e9tudes sanitaires ou environnementales ayant \u00e9t\u00e9 men\u00e9es aupr\u00e8s de la population ou sur le territoire communal,<\/li>\n\n\n\n<li>de la pr\u00e9sence-absence et de la fr\u00e9quence, sur les communes, de d\u00e9cisions publiques (1997 \u00e0 2020) en mati\u00e8re de restriction <em>des usages des lieux publics&nbsp;<\/em>ou <em>de la vente ou de la consommation<\/em>&nbsp;de l\u00e9gumes, d&rsquo;herbes aromatiques, d&rsquo;escargots, etc.<\/li>\n<\/ul>\n<\/div><\/details><\/div>\n\n\n\n<div class=\"wp-block-genesis-blocks-gb-accordion gb-block-accordion\"><details><summary class=\"gb-accordion-title\"><strong>Tous les habitants de la vall\u00e9e ont-ils \u00e9t\u00e9 interrog\u00e9s\u00a0?<\/strong><\/summary><div class=\"gb-accordion-text\">\n<p>A partir de l\u2019identification du territoire d\u2019enqu\u00eate, une <strong>base de donn\u00e9es<\/strong> rassemblant <strong>15014 habitant\u00b7es<strong>\u00b7<\/strong><\/strong> du territoire d\u2019enqu\u00eate a \u00e9t\u00e9 constitu\u00e9e. Pour \u00eatre la plus exhaustive possible, cette base de donn\u00e9es a \u00e9t\u00e9 constitu\u00e9e par la fusion des listes \u00e9lectorales et de la liste des habitant\u00b7es inscrit\u00b7es dans les pages blanches de l\u2019annuaire t\u00e9l\u00e9phonique des 27 communes concern\u00e9es. La base de donn\u00e9es a ensuite \u00e9t\u00e9 compar\u00e9e aux caract\u00e9ristiques INSEE du territoire cibl\u00e9 afin de s&rsquo;assurer qu&rsquo;elle \u00e9tait bien repr\u00e9sentative des habitant\u00b7es de la vall\u00e9e en termes d&rsquo;\u00e2ge, de genre et de localisation g\u00e9ographique. Cette v\u00e9rification permet ainsi de <strong>garantir la qualit\u00e9<\/strong> de la base de donn\u00e9es \u00e0 partir de laquelle les habitant\u00b7es ont \u00e9t\u00e9 sollicit\u00e9\u00b7es pour r\u00e9pondre \u00e0 l\u2019enqu\u00eate par questionnaire. <\/p>\n\n\n\n<p>L\u2019enqu\u00eate par questionnaire visait l\u2019objectif maximum de recueillir le point de vue de 1000 adultes. Pour r\u00e9pondre \u00e0 cet objectif, un <strong>premier courrier postal<\/strong> a \u00e9t\u00e9 adress\u00e9 <strong>fin janvier 2021 <\/strong>\u00e0 <strong>4000 personnes<\/strong> vivant dans la vall\u00e9e. Ces personnes ont \u00e9t\u00e9 tir\u00e9es au sort au sein de la base de donn\u00e9es constitu\u00e9e pour l\u2019\u00e9tude.<\/p>\n\n\n\n<p><strong>Entre juillet et septembre 2021<\/strong>, une phase de passation du <strong>questionnaire en face \u00e0 face<\/strong> a \u00e9galement \u00e9t\u00e9 r\u00e9alis\u00e9e aupr\u00e8s des habitant\u00b7es de la vall\u00e9e.<\/p>\n\n\n\n<p>Enfin, <strong>entre septembre et octobre 2021<\/strong> une <strong>deuxi\u00e8me vague de 4000 nouveaux courriers postaux<\/strong> a \u00e9t\u00e9 lanc\u00e9e, adress\u00e9e aux habitant\u00b7es de la vall\u00e9e selon le m\u00eame principe de s\u00e9lection par tirage au sort.<\/p>\n<\/div><\/details><\/div>\n\n\n\n<div class=\"wp-block-genesis-blocks-gb-accordion gb-block-accordion\"><details><summary class=\"gb-accordion-title\"><strong>Pourquoi un tirage au sort ?<\/strong><\/summary><div class=\"gb-accordion-text\">\n<p>Le tirage au sort permet \u00e0 la fois de respecter un <strong>principe scientifique d\u2019al\u00e9a<\/strong> permettant de s\u00e9lectionner au hasard les habitant\u00b7es invit\u00e9\u00b7es \u00e0 r\u00e9pondre au questionnaire mais aussi de <strong>contr\u00f4ler <\/strong>que les personnes enqu\u00eat\u00e9es (ou l\u2019\u00e9chantillon) aient les m\u00eames caract\u00e9ristiques d\u2019\u00e2ge et de sexe que l\u2019ensemble de la population de la vall\u00e9e (dite population m\u00e8re) selon les derni\u00e8res donn\u00e9es de l\u2019INSEE (Institut nationale de la statistique et des \u00e9tudes \u00e9conomique). Un num\u00e9ro personnel a \u00e9t\u00e9 attribu\u00e9 aux 4000 personnes sollicit\u00e9es : ce num\u00e9ro leur permettait d\u2019acc\u00e9der au questionnaire. Le questionnaire et les r\u00e9ponses sont h\u00e9berg\u00e9s et s\u00e9curis\u00e9s sur un site d\u00e9di\u00e9 de l\u2019Universit\u00e9 Toulouse \u2013 Jean Jaur\u00e8s. Le traitement des r\u00e9ponses est <strong>anonymis\u00e9 <\/strong>: il est impossible de relier une personne aux r\u00e9ponses qu\u2019elle a apport\u00e9 au questionnaire.<\/p>\n<\/div><\/details><\/div>\n\n\n\n<div class=\"wp-block-genesis-blocks-gb-accordion gb-block-accordion\"><details><summary class=\"gb-accordion-title\"><strong>Que penser du nombre de r\u00e9ponses au questionnaire ?<\/strong><\/summary><div class=\"gb-accordion-text\">\n<p>Les diff\u00e9rentes phases de l\u2019enqu\u00eate par questionnaires ont permis de recueillir <strong>604 questionnaires<\/strong> exploitables pour l\u2019analyse.<\/p>\n\n\n\n<p>Compte tenu des effectifs de la base de donn\u00e9es, comptant un peu plus de 15 000 personnes, la marge d&rsquo;erreur de cette enqu\u00eate quantitative est de 3,90% (avec une confiance dans cette marge d&rsquo;erreur de 95%). Autrement dit, lorsque 58,3% des r\u00e9pondant\u00b7es consid\u00e8rent qu&rsquo;aujourd&rsquo;hui dans la vall\u00e9e, l\u2019ancienne activit\u00e9 mini\u00e8re pr\u00e9sente un impact fort sur la pollution des ressources naturelles, cela signifie que sur l&rsquo;ensemble de la population de la vall\u00e9e, ce taux de r\u00e9ponses peut varier entre 54,4% et 62,2% (avec 95% de confiance dans cet \u00e9cart).<\/p>\n\n\n\n<p>En outre, afin de garantir la repr\u00e9sentativit\u00e9 des r\u00e9ponses, autrement dit pour s&rsquo;assurer que les r\u00e9pondant\u00b7es soit \u00e0 l&rsquo;image parfaite de la r\u00e9partition de la population de la vall\u00e9e en termes d&rsquo;\u00e2ge, de genre ou de localisation, nous avons r\u00e9alis\u00e9 une <strong>pond\u00e9ration <\/strong>des r\u00e9ponses afin de corriger toute possibilit\u00e9 de sur ou de sous-repr\u00e9sentation d&rsquo;une portion de la population. Cette pond\u00e9ration demeure faible et n&rsquo;alt\u00e8re en rien la fiabilit\u00e9 des donn\u00e9es recueillies.<\/p>\n<\/div><\/details><\/div>\n\n\n\n<div class=\"wp-block-buttons is-layout-flex wp-block-buttons-is-layout-flex\">\n<div class=\"wp-block-button\"><a class=\"wp-block-button__link wp-element-button\" href=\"https:\/\/blogs.univ-tlse2.fr\/prior\/\">Retour \u00e0 accueil<\/a><\/div>\n<\/div>\n\n\n\n<p><\/p>\n\n\n\n<p><\/p>\n","protected":false},"excerpt":{"rendered":"<p>Un questionnaire pour recueillir la parole du plus grand nombre.<\/p>\n","protected":false},"author":882,"featured_media":0,"parent":0,"menu_order":0,"comment_status":"closed","ping_status":"closed","template":"","meta":{"footnotes":""},"class_list":["post-558","page","type-page","status-publish","hentry"],"_links":{"self":[{"href":"https:\/\/blogs.univ-tlse2.fr\/prior\/wp-json\/wp\/v2\/pages\/558","targetHints":{"allow":["GET"]}}],"collection":[{"href":"https:\/\/blogs.univ-tlse2.fr\/prior\/wp-json\/wp\/v2\/pages"}],"about":[{"href":"https:\/\/blogs.univ-tlse2.fr\/prior\/wp-json\/wp\/v2\/types\/page"}],"author":[{"embeddable":true,"href":"https:\/\/blogs.univ-tlse2.fr\/prior\/wp-json\/wp\/v2\/users\/882"}],"replies":[{"embeddable":true,"href":"https:\/\/blogs.univ-tlse2.fr\/prior\/wp-json\/wp\/v2\/comments?post=558"}],"version-history":[{"count":23,"href":"https:\/\/blogs.univ-tlse2.fr\/prior\/wp-json\/wp\/v2\/pages\/558\/revisions"}],"predecessor-version":[{"id":1123,"href":"https:\/\/blogs.univ-tlse2.fr\/prior\/wp-json\/wp\/v2\/pages\/558\/revisions\/1123"}],"wp:attachment":[{"href":"https:\/\/blogs.univ-tlse2.fr\/prior\/wp-json\/wp\/v2\/media?parent=558"}],"curies":[{"name":"wp","href":"https:\/\/api.w.org\/{rel}","templated":true}]}}