 {"id":767,"date":"2023-07-06T14:52:37","date_gmt":"2023-07-06T12:52:37","guid":{"rendered":"https:\/\/blogs.univ-tlse2.fr\/prior\/?page_id=767"},"modified":"2024-06-13T08:04:10","modified_gmt":"2024-06-13T06:04:10","slug":"rapport-de-recherche-prior","status":"publish","type":"page","link":"https:\/\/blogs.univ-tlse2.fr\/prior\/rapport-de-recherche-prior\/","title":{"rendered":"Rapport de recherche PRIOR"},"content":{"rendered":"\n<p class=\"has-text-align-center\"><strong>Habiter (avec) la pollution<\/strong><\/p>\n\n\n\n<p class=\"has-text-align-center\"><strong>Pratiques et perceptions des risques par les habitants riverains de la vall\u00e9e de l\u2019Orbiel (11)<\/strong><\/p>\n\n\n\n<p class=\"has-text-align-center\"><strong><em>Rapport de recherche PRIOR \u2013 Juillet 2023<\/em><\/strong><\/p>\n\n\n\n<p class=\"has-text-align-center\"><strong>Busca Didier, Chauveau Lila, Bontemps Martin, Meidani Anastasia, Camille Dumat<\/strong><\/p>\n\n\n\n<div class=\"wp-block-genesis-blocks-gb-accordion gb-block-accordion\"><details><summary class=\"gb-accordion-title\">Comment naviguer dans le rapport ?<\/summary><div class=\"gb-accordion-text\">\n<p>Afin de faciliter l&rsquo;exploration du contenu du rapport, chaque partie de celui-ci est pr\u00e9sent\u00e9e sous forme de pages autonomes, accessibles depuis la section \u00ab\u00a0Plan du rapport\u00a0\u00bb disponible ci-dessous, ou par le menu g\u00e9n\u00e9ral.<\/p>\n<p>Pour permettre l&rsquo;anonymisation des personnes ayant particip\u00e9 aux entretiens, les pr\u00e9noms des 55 enqu\u00eat\u00e9s ont \u00e9t\u00e9 modifi\u00e9s (<a href=\"https:\/\/blogs.univ-tlse2.fr\/prior\/files\/2023\/07\/image-10.png\" rel=\"lightbox[767]\">R\u00e9pertoire des enqu\u00eat\u00e9\u00b7e\u00b7s rencontr\u00e9\u00b7e\u00b7s dans le cadre des entretiens semi-directifs (genre, \u00e2ge, zone<\/a>). Des \u00e9l\u00e9ments ont parfois \u00e9t\u00e9 ajout\u00e9s au verbatim (=discours) pour faciliter la compr\u00e9hension des extraits mobilis\u00e9s. Ils apparaissent [entre crochet]. Les verbatims ont \u00e9t\u00e9 pseudonymis\u00e9s, toute information permettant trop directement d&rsquo;identifier leur auteur a \u00e9t\u00e9 supprim\u00e9e. Les [&#8230;] renvoient \u00e0 des coupures dans le verbatim permettant d&rsquo;\u00e9liminer les effets de langage (r\u00e9p\u00e9tition, digression) afin de rendre le propos plus facilement lisible.<\/p>\n<div style=\"background-color:#f2f2f2;color:#32373c\" class=\"wp-block-genesis-blocks-gb-testimonial left-aligned gb-font-size-14 gb-block-testimonial\"><div class=\"gb-testimonial-text\"><p><em>\u00ab\u00a0Quand j\u2019\u00e9tais gamin je n\u2019en ai pas trop entendu parler [des pollutions li\u00e9es \u00e0 l\u2019ancienne activit\u00e9 mini\u00e8re]. Et donc plus c\u2019est plus maintenant, <\/em><em>vu que je suis adulte, que j\u2019ai [deux enfants] qui ont [moins de 16 ans]. <\/em><em> Et c\u2019est pour \u00e7a que cette \u00e9tude [le programme PRIOR] \u00e7a m\u2019a int\u00e9ress\u00e9 [\u2026] Mon grand-p\u00e8re a travaill\u00e9 \u00e0 la mine, il en est mort. Apr\u00e8s il a eu d\u2019autres emplois dans sa vie, mais son dernier boulot c\u2019\u00e9tait \u00e0 la mine. Si je ne dis pas de b\u00eatise, il conduisait les convois, les petits trains avec les chariots. Il n\u2019\u00e9tait pas \u00e0 la pioche. Voil\u00e0. Donc c\u2019est pour \u00e7a que \u00e7a m\u2019interpelle forc\u00e9ment. \u00bb<\/em><\/p><\/div><div class=\"gb-testimonial-info\"><h2 class=\"gb-testimonial-name\" style=\"color:#32373c\">Nicolas<small class=\"gb-testimonial-title\" style=\"color:#32373c\"><\/small><\/div><\/div>\n<\/div><\/details><\/div>\n\n\n\n<div class=\"wp-block-genesis-blocks-gb-accordion gb-block-accordion\"><details><summary class=\"gb-accordion-title\">Comment lire les tableaux et les graphiques ?<\/summary><div class=\"gb-accordion-text\">\n\n<div class=\"wp-block-group\"><div class=\"wp-block-group__inner-container is-layout-constrained wp-block-group-is-layout-constrained\">\n\n<p>Les diff\u00e9rents tableaux mentionn\u00e9s tout au long du rapport sont accessibles par simple clic. Ils apparaissent alors sous forme d&rsquo;une fen\u00eatre \u00ab\u00a0pop-up\u00a0\u00bb. Vous trouverez deux types de tableaux : les tableaux de fr\u00e9quence et les tableaux crois\u00e9s.<\/p>\n\n\n<ul class=\"wp-block-list\">\n\n<li><strong>Les tableaux de fr\u00e9quence<\/strong><\/li>\n\n<\/ul>\n\n\n<p>Le tableau de fr\u00e9quence (ou tri \u00e0 plat) d&rsquo;une variable permet de visualiser la mani\u00e8re dont les diff\u00e9rentes modalit\u00e9s de r\u00e9ponse \u00e0 une question sont distribu\u00e9es dans l&rsquo;\u00e9chantillon des 604 r\u00e9pondants de l&rsquo;enqu\u00eate par questionnaire.<\/p>\n\n\n<figure class=\"wp-block-image size-full\"><img loading=\"lazy\" decoding=\"async\" width=\"605\" height=\"358\" src=\"https:\/\/blogs.univ-tlse2.fr\/prior\/files\/2023\/06\/image-121.png\" alt=\"\" class=\"wp-image-1008\" srcset=\"https:\/\/blogs.univ-tlse2.fr\/prior\/files\/2023\/06\/image-121.png 605w, https:\/\/blogs.univ-tlse2.fr\/prior\/files\/2023\/06\/image-121-300x178.png 300w\" sizes=\"auto, (max-width: 605px) 100vw, 605px\" \/><figcaption class=\"wp-element-caption\">Tableau 75<\/figcaption><\/figure>\n\n\n<p>La colonne \u00ab\u00a0fr\u00e9quence\u00a0\u00bb correspond au nombre de r\u00e9ponses obtenues pour chaque modalit\u00e9. La colonne \u00ab\u00a0pourcentage\u00a0\u00bb correspond \u00e0 la proportion de r\u00e9ponses pour chaque modalit\u00e9 calcul\u00e9e par rapport aux 604 personnes ayant particip\u00e9 \u00e0 l&rsquo;enqu\u00eate par questionnaire. La colonne pourcentage valide renvoie \u00e0 la part de chaque fr\u00e9quence sur le nombre total de personnes ayant exprim\u00e9 un avis (ici, 530 individus). La valeur \u00ab\u00a0manquant = 1\u00a0\u00bb \u00e9quivaut \u00e0 l&rsquo;ensemble des personnes n&rsquo;ayant pas souhait\u00e9 r\u00e9pondre \u00e0 la question ou tout simplement non concern\u00e9es par cette question. <\/p>\n\n\n<p>Exemple de lecture du tableau de fr\u00e9quence ci-dessus : 179 personnes disent \u00eatre \u00ab\u00a0plut\u00f4t d&rsquo;accord\u00a0\u00bb sur le fait d&rsquo;\u00eatre rassur\u00e9es par la mise en place d&rsquo;\u00e9tudes environnementales et\/ou de sant\u00e9, soit 29,6% des 604 personnes enqu\u00eat\u00e9es, et 33,8% des 530 personnes ayant exprim\u00e9 leur point de vue.<\/p>\n\n\n<ul class=\"wp-block-list\">\n\n<li><strong>Tableaux crois\u00e9s<\/strong><\/li>\n\n<\/ul>\n\n\n<p>Les tableaux crois\u00e9s figurant dans le rapport, et les graphiques qui les illustrent, permettent de comprendre le lien de r\u00e9ponse entre deux variables. Dans le tableau ci-dessous, la question pos\u00e9e est de savoir si le fait d&rsquo;\u00eatre plus ou moins rassur\u00e9.e par la mise en place d&rsquo;\u00e9tudes environnementales et\/ou de sant\u00e9 d\u00e9pend du fait d&rsquo;avoir connaissance ou pas de personnes ayant eu ou probablement eu un probl\u00e8me de sant\u00e9 li\u00e9 aux pollutions. Cette d\u00e9pendance est appr\u00e9ci\u00e9e au regard d&rsquo;un test statistique appel\u00e9 \u00ab\u00a0khi-deux\u00a0\u00bb (ou khi-carr\u00e9).<\/p>\n\n\n<figure class=\"wp-block-image size-full\"><img loading=\"lazy\" decoding=\"async\" width=\"605\" height=\"761\" src=\"https:\/\/blogs.univ-tlse2.fr\/prior\/files\/2023\/06\/image-124.png\" alt=\"\" class=\"wp-image-1035\" srcset=\"https:\/\/blogs.univ-tlse2.fr\/prior\/files\/2023\/06\/image-124.png 605w, https:\/\/blogs.univ-tlse2.fr\/prior\/files\/2023\/06\/image-124-239x300.png 239w\" sizes=\"auto, (max-width: 605px) 100vw, 605px\" \/><figcaption class=\"wp-element-caption\">Note 1 : La mention \u00ab\u00a0Comb\u00a0\u00bb figurant dans l&rsquo;intitul\u00e9 des variables mobilis\u00e9es pour ce croisement indique une combinaison des modalit\u00e9s de r\u00e9ponse de ces variables. Dans cet exemple, les enqu\u00eat\u00e9.es ayant r\u00e9pondu \u00ab\u00a0Pas du tout d&rsquo;accord\u00a0\u00bb et \u00ab\u00a0Plut\u00f4t pas d&rsquo;accord\u00a0\u00bb ont ainsi \u00e9t\u00e9 regroup\u00e9.es pour former la modalit\u00e9 \u00ab\u00a0Non ou plut\u00f4t non\u00a0\u00bb. La m\u00eame op\u00e9ration a \u00e9t\u00e9 r\u00e9alis\u00e9e pour les modalit\u00e9s \u00ab\u00a0Plut\u00f4t d&rsquo;accord\u00a0\u00bb et \u00ab\u00a0Tout \u00e0 fait d&rsquo;accord\u00a0\u00bb, regroup\u00e9es sous l&rsquo;\u00e9tiquette \u00ab\u00a0Oui ou plut\u00f4t oui\u00a0\u00bb.<br><br>Note 2 : Les r\u00e9ponses aux questionnaires ont fait l&rsquo;objet d&rsquo;une pond\u00e9ration pour assurer la repr\u00e9sentativit\u00e9 de l&rsquo;\u00e9chantillon des r\u00e9ponses (cf \u00ab\u00a0<a rel=\"noreferrer noopener\" href=\"http:\/\/zoom-sur-lenquete-par-questionnaire\" target=\"_blank\">Zoom sur l&rsquo;enqu\u00eate par questionnaire<\/a>\u00ab\u00a0). Cette pond\u00e9ration peut cr\u00e9er un d\u00e9calage entre les effectifs des tableaux crois\u00e9s et ceux des tableaux de fr\u00e9quence, sans pour autant que cela ne constitue une erreur. Ceci est normal et ne biaise en aucune mani\u00e8re les r\u00e9sultats d&rsquo;analyse. Au contraire, cette pond\u00e9ration assure la repr\u00e9sentativit\u00e9 des r\u00e9ponses par rapport \u00e0 la population totale.<\/figcaption><\/figure>\n\n\n<p>Dans cet exemple, l&rsquo;analyse statistique s&rsquo;appuie sur un effectif de <mark style=\"background-color:#f78da7\" class=\"has-inline-color\">523<\/mark> enqu\u00eat\u00e9s ayant r\u00e9pondu \u00e0 la fois aux questions Q42[SQ002] et Q41[SQ007]. <\/p>\n\n\n<p>Les pourcentages marginaux de la variable en colonne renvoient \u00e0 la r\u00e9partition des r\u00e9ponses totales \u00e0 la variable Q41[SQ007] pour les habitant.es ayant aussi r\u00e9pondu \u00e0 la question Q42[SQ002]. Ainsi <mark style=\"background-color:#7bdcb5\" class=\"has-inline-color\">54,7%<\/mark> des interrog\u00e9.es se disent \u00ab\u00a0plut\u00f4t \u00e0 tout \u00e0 fait rassur\u00e9.es\u00a0\u00bb par la mise en place de ces \u00e9tudes.<\/p>\n\n\n<p>De la m\u00eame mani\u00e8re, les effectifs marginaux de la variable en ligne, autrement dit les effectifs totaux de chaque ligne, renvoient \u00e0 la r\u00e9partition des r\u00e9ponses totales \u00e0 la variable Q42[SQ002] pour des habitant.es ayant aussi r\u00e9pondu \u00e0 la question Q41[SQ007]. Ainsi, par exemple, <mark style=\"background-color:#fcb900\" class=\"has-inline-color\">280<\/mark> des interrog\u00e9.es d\u00e9clarent avoir connaissance de personnes qui ont ou probablement eu un probl\u00e8me de sant\u00e9 li\u00e9 aux pollutions.<\/p>\n\n\n<p>Les deux variables sont d\u00e9pendantes au sens du Khi-deux de Pearson. Le principal r\u00e9sultat du tableau crois\u00e9 est : \u00ab\u00a0<em>Dans l\u2019enqu\u00eate par questionnaire, m\u00eame si la majorit\u00e9 (<mark style=\"background-color:#7bdcb5\" class=\"has-inline-color\">54,7%<\/mark>) des habitant\u00b7es se disent rassur\u00e9\u00b7es par la mise en place d\u2019\u00e9tudes environnementales ou de sant\u00e9, <mark style=\"background-color:#8ed1fc\" class=\"has-inline-color\">41,4%<\/mark> des habitant\u00b7es ayant connaissance de personnes qui ont, ou auraient, un probl\u00e8me de sant\u00e9 li\u00e9 aux pollutions d\u00e9clarent \u00e0 l\u2019inverse et dans une plus grande part ne pas \u00eatre rassur\u00e9\u00b7es (<mark style=\"background-color:#c890fd\" class=\"has-inline-color\">35%<\/mark> toute population confondue, soit +6,4 points d\u2019\u00e9cart).<\/em>\u00a0\u00bb (extrait du rapport)<\/p>\n\n\n<ul class=\"wp-block-list\">\n\n<li><strong>Graphiques<\/strong><\/li>\n\n<\/ul>\n\n\n<p>Les pourcentages du tableau crois\u00e9 peuvent \u00eatre repr\u00e9sent\u00e9s sous forme graphique. Dans cet exemple, les trois modalit\u00e9s de r\u00e9ponse de la variable en colonne forment trois groupes (\u00ab\u00a0Ne sait pas\u00a0\u00bb, \u00ab\u00a0Non ou plut\u00f4t non\u00a0\u00bb, \u00ab\u00a0Oui ou plut\u00f4t oui\u00a0\u00bb). Chaque groupe est constitu\u00e9 de quatre barres renvoyant aux modalit\u00e9s de r\u00e9ponse de la variable en ligne (barres gris clair \u00e0 gris fonc\u00e9). La barre blanche renvoie \u00e0 la r\u00e9partition des r\u00e9ponses \u00e0 la question en colonne ind\u00e9pendamment des r\u00e9ponses apport\u00e9es \u00e0 la question en ligne. L&rsquo;\u00e9cart en points de pourcentage entre les colonnes gris\u00e9es et la colonne blanche indique en quoi le fait d&rsquo;\u00eatre rassur\u00e9.es ou pas par la mise en place des \u00e9tudes d\u00e9pend de la connaissance ou non de personnes probablement malades du fait des pollutions.<\/p>\n\n\n<figure class=\"wp-block-table\"><table><tbody><tr><td><strong>Avez-vous \u00e9t\u00e9 inform\u00e9\u00b7e de personnes qui ont (ou auraient eu) des probl\u00e8mes de sant\u00e9 dus aux pollutions mini\u00e8res&nbsp;?<\/strong><br><img decoding=\"async\" src=\"https:\/\/blogs.univ-tlse2.fr\/prior\/files\/2023\/06\/image-125.png\" alt=\"\"><\/td><\/tr><\/tbody><\/table><figcaption class=\"wp-element-caption\">Graphique 1<\/figcaption><\/figure>\n\n\n<p>Par exemple, si 35% des enqu\u00eat\u00e9.es d\u00e9clarent ne pas \u00eatre rassur\u00e9.es par la mise en place d&rsquo;\u00e9tudes, ce pourcentage augmente \u00e0 41,4% (soit <mark style=\"background-color:#8ed1fc\" class=\"has-inline-color\">+6,4 points<\/mark> d&rsquo;\u00e9cart en pourcentage) quand ils d\u00e9clarent avoir connaissance de personnes malades.<\/p>\n\n<\/div><\/div>\n\n<\/div><\/details><\/div>\n\n\n\n<div class=\"wp-block-genesis-blocks-gb-accordion gb-block-accordion\"><details><summary class=\"gb-accordion-title\">Plan du rapport<\/summary><div class=\"gb-accordion-text\">\n\n<p><a href=\"https:\/\/blogs.univ-tlse2.fr\/prior\/remerciements\/\">Remerciements<\/a><\/p>\n\n\n<p><a href=\"https:\/\/blogs.univ-tlse2.fr\/prior\/contexte-de-letude\/\">Contexte de l\u2019\u00e9tude<\/a><\/p>\n\n\n<p><a href=\"https:\/\/blogs.univ-tlse2.fr\/prior\/itineraire\/\">Itin\u00e9raire<\/a> (Introduction)<\/p>\n\n\n<p><a href=\"https:\/\/blogs.univ-tlse2.fr\/prior\/les-regimes-de-perception-des-risques-de-sante-environnementale-pour-une-pragmatique-de-lexpertise-citoyenne\/\">Les r\u00e9gimes de perception des risques de sant\u00e9 environnementale.<br>Pour une pragmatique de l\u2019expertise citoyenne<\/a><\/p>\n\n\n<p><a href=\"https:\/\/blogs.univ-tlse2.fr\/prior\/les-mediations-homme-nature-a-la-loupe\/\">Les m\u00e9diations homme-nature \u00e0 la loupe<\/a> (Focus n\u00b01)<\/p>\n\n\n<p><a href=\"https:\/\/blogs.univ-tlse2.fr\/prior\/habiter-son-jardin\/\">Habiter son jardin<\/a> (Focus n\u00b02)<\/p>\n\n\n<p><a href=\"https:\/\/blogs.univ-tlse2.fr\/prior\/transformations\/\">Transformation(s)<\/a> (Conclusion)<\/p>\n\n<\/div><\/details><\/div>\n","protected":false},"excerpt":{"rendered":"<p>Habiter (avec) la pollution Pratiques et perceptions des risques par les habitants riverains de la vall\u00e9e de l\u2019Orbiel (11) Rapport de recherche PRIOR \u2013 Juillet 2023 Busca Didier, Chauveau Lila, Bontemps Martin, Meidani Anastasia, Camille Dumat Comment naviguer dans le rapport ? Afin de faciliter l&rsquo;exploration du contenu du rapport, chaque partie de celui-ci est &hellip; <\/p>\n<p class=\"link-more\"><a href=\"https:\/\/blogs.univ-tlse2.fr\/prior\/rapport-de-recherche-prior\/\" class=\"more-link\">Continuer la lecture<span class=\"screen-reader-text\"> de &laquo;&nbsp;Rapport de recherche PRIOR&nbsp;&raquo;<\/span><\/a><\/p>\n","protected":false},"author":882,"featured_media":0,"parent":0,"menu_order":0,"comment_status":"closed","ping_status":"closed","template":"","meta":{"footnotes":""},"class_list":["post-767","page","type-page","status-publish","hentry"],"_links":{"self":[{"href":"https:\/\/blogs.univ-tlse2.fr\/prior\/wp-json\/wp\/v2\/pages\/767","targetHints":{"allow":["GET"]}}],"collection":[{"href":"https:\/\/blogs.univ-tlse2.fr\/prior\/wp-json\/wp\/v2\/pages"}],"about":[{"href":"https:\/\/blogs.univ-tlse2.fr\/prior\/wp-json\/wp\/v2\/types\/page"}],"author":[{"embeddable":true,"href":"https:\/\/blogs.univ-tlse2.fr\/prior\/wp-json\/wp\/v2\/users\/882"}],"replies":[{"embeddable":true,"href":"https:\/\/blogs.univ-tlse2.fr\/prior\/wp-json\/wp\/v2\/comments?post=767"}],"version-history":[{"count":43,"href":"https:\/\/blogs.univ-tlse2.fr\/prior\/wp-json\/wp\/v2\/pages\/767\/revisions"}],"predecessor-version":[{"id":1295,"href":"https:\/\/blogs.univ-tlse2.fr\/prior\/wp-json\/wp\/v2\/pages\/767\/revisions\/1295"}],"wp:attachment":[{"href":"https:\/\/blogs.univ-tlse2.fr\/prior\/wp-json\/wp\/v2\/media?parent=767"}],"curies":[{"name":"wp","href":"https:\/\/api.w.org\/{rel}","templated":true}]}}