 {"id":10,"date":"2019-07-17T13:21:35","date_gmt":"2019-07-17T11:21:35","guid":{"rendered":"https:\/\/blogs.univ-tlse2.fr\/projet-mejic\/?page_id=10"},"modified":"2019-07-17T15:09:52","modified_gmt":"2019-07-17T13:09:52","slug":"publications","status":"publish","type":"page","link":"https:\/\/blogs.univ-tlse2.fr\/projet-mejic\/publications\/","title":{"rendered":"Publications"},"content":{"rendered":"\n<h2 class=\"wp-block-heading\">Sous presse \/ In press<\/h2>\n\n\n\n<ul class=\"wp-block-list\"><li> <strong>B\u00e9na, J<\/strong>., Carreras, O., <strong>Terrier, P<\/strong>.\u00a0  (sous presse). L\u2019effet de v\u00e9rit\u00e9 induit par la r\u00e9p\u00e9tition : une revue  critique de l\u2019hypoth\u00e8se de la familiarit\u00e9. L\u2019Ann\u00e9e Psychologique.<\/li><li><strong>Hilton, D<\/strong>.,  Treich, N., Lazzara, G., &amp; Tendil, P. (in press). Designing  effective nudges that satisfy ethical constraints: The case of  environmentally responsible behaviour. Mind and Society<\/li><li>Panzone, L. A., Ulph, A., Zizzo, D. J., <strong>Hilton, D<\/strong>.,  &amp; Clear, A. (in press). The impact of environmental recall and  carbon taxation on the carbon footprint of supermarket shopping. Journal  of Environmental Economics and Management. <\/li><\/ul>\n\n\n\n<h2 class=\"wp-block-heading\">2019<\/h2>\n\n\n\n<ul class=\"wp-block-list\"><li>Ginet, M., Chakroun, N., Colomb, C., &amp; <strong>Verkampt, F<\/strong>. (2019). Can the Cognitive Interview reduce memory conformity in an interview context? <em>Journal of Police and Criminal Psychology<\/em>. Advance online publication. doi:\u00a010.1007\/s11896-019-09325-6<a href=\"https:\/\/doi.org\/10.1080\/00221309.2018.1494126\">. <\/a><\/li><li><strong>Verkampt, F<\/strong>. (2019). Apparence des suspects. Encyclop\u00e6dia Universalis.<\/li><\/ul>\n\n\n\n<h2 class=\"wp-block-heading\">2018<\/h2>\n\n\n\n<ul class=\"wp-block-list\"><li> Bardin, B., <strong>Vidal, P<\/strong>., <strong>Facca, L<\/strong>., Dumas, R., &amp; <strong>Perrissol, S<\/strong>.  (2018). The effect of information quality evaluation on selective  exposure in informational cognitive dissonance: The Role of information  novelty. <em>International Review of Social Psychology, 31(1)<\/em>, 21. doi: http:\/\/doi.org\/10.5334\/irsp.173<\/li><li>Ginet, M., Bardin, B., Dodier, O., Desert, M., Greffeuille, C., &amp; <strong>Verkampt, F<\/strong>. (2018). Perspective effects on recall in a testimony paradigm. The <em>Journal of General Psychology<\/em>. Advance online publication. doi: 10.1080\/00221309.2018.1494126.<\/li><li><strong>Norimatsu, H<\/strong>. (2018). Uniqueness of Japanese studies in Developmental psychology. <em>The Japanese Journal of Developmental Psychology, 29 (4)<\/em>, 199-207.<\/li><li><strong>Verkampt, F<\/strong>. (2018). Psychologie et Justice. Encyclop\u00e6dia Universalis.URL : http:\/\/www.universalis.fr\/encyclopedie\/psychologie-et-justice\/ <\/li><\/ul>\n\n\n\n<h2 class=\"wp-block-heading\">2017<\/h2>\n\n\n\n<ul class=\"wp-block-list\"><li> Abadie, M., Waroquier, L., &amp; <strong>Terrier, P<\/strong>. (2017). The role of gist and verbatim memory in complex decision making: Explaining the unconscious-thought effect. <em>Journal of Experimental Psychology: Learning, Memory, and Cognition, 43(5)<\/em>, 694-X.<\/li><li>Bardin, B., <strong>Perrissol, S<\/strong>., <strong>Facca, L<\/strong>.,  &amp; Smeding, A. (2017). From risk perception to information  selection\u2026 And not the other way round: Selective exposure mechanisms in  the field of genetically modified organisms. <em>Food quality and preference, 58<\/em>, 10-17.<\/li><li>Bardin, B., <strong>Perrissol, S<\/strong>.,  Fos, Y., Py, J. &amp; Dagot, L. (2017). Exposition s\u00e9lective \u00e0  l\u2019information de pr\u00e9vention et attitude implicite envers le tabac. <em>Psychologie Fran\u00e7aise., 62<\/em>, 1-14. doi :10.1016\/j.psfr.2015.07.003<\/li><li>Bouchat,  P., Licata, L., Rosoux, V., Allesch, C., Ammerer, H., Bovina, I. et al.  (2017). A century of victimhood: Antecedents and current impacts of  perceived suffingin World War I across Europe. <em>European Journal of Social Psychology, 47(5)<\/em>, 661-662.<\/li><li><strong>Hilton, D.J.<\/strong>, &amp; Liu, J.H. (2017). History as the narrative of a people: From function to structure and content. <em>Memory Studies, 10(3)<\/em>, 297-309. <\/li><\/ul>\n\n\n\n<h2 class=\"wp-block-heading\">2016<\/h2>\n\n\n\n<ul class=\"wp-block-list\"><li> Abadie, M., Waroquier, L., &amp; <strong>Terrier, P<\/strong>. (2016). Information presentation format moderates the unconscious-thought effect: The role of recollection. <em>Memory, 24(8)<\/em>, 1123-1133.<\/li><li>Bardin, B., <strong>Perrissol, S<\/strong>.,  Py, J., Fos, Y., &amp; Souchon, N. (2016). Testing a paper-and-pencil  Personalized Single Category Implicit Association Test (SC-IAT-P). <em>International Review of Social Psychology, 29(1)<\/em>, 31-44.<\/li><li>Bouchat,  P., Licata, L., Rosoux, V., Allesch, C., Ammerer, H., Bovina, I. et al.  (2016). A century of victimhood\u00a0: Antecedents and current impacts of  perceived suffering in World War across Europe. <em>European Journal of Social Psychology, X(X)<\/em>, X-X.<\/li><li><strong>Hilton, D.J.<\/strong> (2016). Pragmatic approaches to deontic conditionals: From rule content to rule use. <em>Cognitive Unconscious and Human Rationality, X<\/em>, 183-203.<\/li><li><strong>Hilton, D.J.<\/strong>,  Charalambides, L., &amp; Hoareau-Blanchet, S. (2016). Reasoning about  rights and duties\u00a0: Mental models, world knwoledge and pragmatic  interpretation. <em>Thinking &amp; Reasoning, 22(2)<\/em>, 150-183.<\/li><li><strong>Hilton, D.J.<\/strong>,  McClure, J., &amp; Moir, B. (2016). Acting knowingly\u00a0: effects of the  agent\u2019s awareness of an opportunity on causal attributions. <em>Thinking &amp; Reasoning, 22(4)<\/em>, 461-494.<\/li><li>Panzone, L., <strong>Hilton, D.,<\/strong>  Sale, L., &amp; Cohen, D. (2016). Socio-demographics, implicit  attitudes, explicit attitudes, and sustainable consumption in  supermarket shopping. <em>Journal of Economic Psychology, 55<\/em>, 77-95.<\/li><li>Studzinska, A.,\u00a0 &amp; <strong>Hilton, D<\/strong>. (2016) . Minimization of male suffering: Perception of victims and perpetrators of opposite-sex sexual coercion. <em>Sexuality Research and Social Policy<\/em>, 1-13.<\/li><li>Tian, Q., <strong>Hilton, D.<\/strong>,  &amp; Becker, M. (2016). Confronting the meat paradox in different  cultural contexts: Reactions among Chinese and French participants, <em>Appetite, 96<\/em>, 187-194.<\/li><li>Van Can, S., Dodier, O., Otgaar, H., &amp; <strong>Verkampt, F<\/strong>.  (2016). The benefits of multiple recollection strategies on  adolescents\u2019 testimonies: Quality versus within-statement consistency? J<em>ournal of Forensic Practice, 18(2)<\/em>, 118-130. <\/li><\/ul>\n\n\n\n<h2 class=\"wp-block-heading\">2015<\/h2>\n\n\n\n<ul class=\"wp-block-list\"><li> Alicke, M.D., Mandel, D.R., <strong>Hilton, D.J<\/strong>.,  Gerstenberg, T., &amp; Lagnado, D.A. (2015). Causal Conceptions in  Social Explanation and Moral Evaluation: A Historical Tour. <em>Perspectives on Psychological Science, 10<\/em>, 790-812.<\/li><li>Demarque, C., Charalambides, L., <strong>Hilton, D.J<\/strong>.,  &amp; Waroquier, L. (2015). Nudging sustainable consumption\u00a0: The use  of descriptive norms to promote a minority behavior in an online  shopping environment. <em>Journal of Environmental Psychology, 43<\/em>, 166-174.<\/li><li>Erb, H-P, <strong>Hilton, D.J<\/strong>., B\u00f6hner, G., &amp; Roffey, L. (2015). The minority decision : A risky choice. <em>Journal of Experimental Social Psychology, 57<\/em>, 43-50.<\/li><li>Hanke,  K., Liu, J.H., Sibley, C.G., Paez, D., Gaines Jr.S.O., Moloney, G.,  Leong, C-H., Wagner, W., Licata, L., Klein, O., Garber, I., B\u00f6hm, G., <strong>Hilton, D.J.<\/strong>, Valchev, V., Khan, S.S., &amp; Cabecinhas. R. (2015). \u201cHeroes\u201d and \u201cVillains\u201d of World History across Cultures. <em>PLoS ONE, 10(2)<\/em>: e0115641. doi:10.1371\/journal. pone.0115641 <\/li><\/ul>\n\n\n\n<h2 class=\"wp-block-heading\">2014<\/h2>\n\n\n\n<ul class=\"wp-block-list\"><li> Bardin, B., <strong>Perrissol, S<\/strong>., Py, J., Launay, C.,  &amp; Escoub\u00e8s, F. (2014). The personalized SC-IAT: A possible way of  reducing the influence of societal views on assessments of implicit  attitude toward smoking. <em>Psychological Reports, 115(1)<\/em>, 13-25, doi : 10.2466\/18.07.PR0.115c10<\/li><li>Causse, M., Alonso, R. Vachon, F., Parise, R., Orliaguet, J.-P., <strong>Terrier, P<\/strong>.,  &amp; Tremblay, S. (2014). Testing usalility and trainability of  indirect touch interaction: Perspective for the next generation of air  traffic control systems. <em>Ergonomics, 57<\/em>, 1616-1627.<\/li><li>Ginet, M., Brunel, M., <strong>Verkampt, F.<\/strong>,  D\u00e9sert, M., Colomb, C., &amp; Jund, R. (2014). L&rsquo;Entretien Cognitif  reste-t-il efficace pour aider de tr\u00e8s jeunes enfants issus de milieux  d\u00e9favoris\u00e9s \u00e0 t\u00e9moigner d&rsquo;un \u00e9v\u00e8nement visuel ? L&rsquo;Ann\u00e9e Psychologique,  114(2), 281-313. doi.org\/10.404\/S0003503314002048.<\/li><li><strong>Hilton, D<\/strong>.,  Charalambides, L., Demarque,\u00a0 C., Waroquier, L., &amp; Raux, C. (2014).  A tax can nudge: The impact of an environmentally motivated bonus\/malus  fiscal system on transport preferences. Journal of Economic Psychology,  42, 17-27.<\/li><li>Mot\u00e1k, L., Sagaspe, P., Bayssac, L., Taillard ,J., Huet, N., <strong>Terrier, P.<\/strong>,  Philip, P.\u00a0 Daurat, A. (2014). Naturalistic conversation improves  daytime motorway driving performance under a benzodiazepine: a  randomised, crossover, double-blind, placebo-controlled study. <em>Accident Analysis &amp; Prevention, 67<\/em>, 61-66. doi: 10.1016\/j.aap.2014.02.009.<\/li><li><strong>Norimatsu, H<\/strong>.,  Blin, R., Hashiya, K., Sorsana, Ch. &amp; Kobayashi, H. (2014).  Understanding of others&rsquo; knowledge in French and Japanese children: A  comparative study with a disambiguation task on 16-38-month-olds. <em>Infant Behavior and Development, 37(4)<\/em>, 632-643. DOI: 10.1016\/j.infbeh.2014.08.006<\/li><li>Schmeltzer, C., &amp; <strong>Hilton, D.J<\/strong>. (2014). To do or not to do? A cognitive consistency model for drawing conclusions from conditional instructions and advice. <em>Thinking &amp; Reasoning, 20(1)<\/em>, 16-50.<\/li><li><strong>Verkampt, F.<\/strong>,  Ginet, M., &amp; Colomb, C. (2014). The influence of social  instructions on the effectiveness of a Cognitive Interview used with  very young child witnesses. <em>European Review of Applied Psychology, 64<\/em>, 323-333. doi: 10.1080\/10683160500036962. <\/li><\/ul>\n","protected":false},"excerpt":{"rendered":"<p>Sous presse \/ In press B\u00e9na, J., Carreras, O., Terrier, P.\u00a0 (sous presse). L\u2019effet de v\u00e9rit\u00e9 induit par la r\u00e9p\u00e9tition : une revue critique de l\u2019hypoth\u00e8se de la familiarit\u00e9. L\u2019Ann\u00e9e Psychologique. Hilton, D., Treich, N., Lazzara, G., &amp; Tendil, P.&hellip;<\/p>\n<p class=\"more-link-p\"><a class=\"more-link\" href=\"https:\/\/blogs.univ-tlse2.fr\/projet-mejic\/publications\/\">Read more &rarr;<\/a><\/p>\n","protected":false},"author":697,"featured_media":0,"parent":0,"menu_order":0,"comment_status":"closed","ping_status":"closed","template":"","meta":{"footnotes":""},"class_list":["post-10","page","type-page","status-publish","hentry"],"_links":{"self":[{"href":"https:\/\/blogs.univ-tlse2.fr\/projet-mejic\/wp-json\/wp\/v2\/pages\/10","targetHints":{"allow":["GET"]}}],"collection":[{"href":"https:\/\/blogs.univ-tlse2.fr\/projet-mejic\/wp-json\/wp\/v2\/pages"}],"about":[{"href":"https:\/\/blogs.univ-tlse2.fr\/projet-mejic\/wp-json\/wp\/v2\/types\/page"}],"author":[{"embeddable":true,"href":"https:\/\/blogs.univ-tlse2.fr\/projet-mejic\/wp-json\/wp\/v2\/users\/697"}],"replies":[{"embeddable":true,"href":"https:\/\/blogs.univ-tlse2.fr\/projet-mejic\/wp-json\/wp\/v2\/comments?post=10"}],"version-history":[{"count":3,"href":"https:\/\/blogs.univ-tlse2.fr\/projet-mejic\/wp-json\/wp\/v2\/pages\/10\/revisions"}],"predecessor-version":[{"id":53,"href":"https:\/\/blogs.univ-tlse2.fr\/projet-mejic\/wp-json\/wp\/v2\/pages\/10\/revisions\/53"}],"wp:attachment":[{"href":"https:\/\/blogs.univ-tlse2.fr\/projet-mejic\/wp-json\/wp\/v2\/media?parent=10"}],"curies":[{"name":"wp","href":"https:\/\/api.w.org\/{rel}","templated":true}]}}