 {"id":11,"date":"2019-07-17T13:21:35","date_gmt":"2019-07-17T11:21:35","guid":{"rendered":"https:\/\/blogs.univ-tlse2.fr\/projet-mejic\/?page_id=11"},"modified":"2019-07-17T15:15:02","modified_gmt":"2019-07-17T13:15:02","slug":"contact","status":"publish","type":"page","link":"https:\/\/blogs.univ-tlse2.fr\/projet-mejic\/contact\/","title":{"rendered":"Contact"},"content":{"rendered":"\n<figure class=\"wp-block-image\"><img loading=\"lazy\" decoding=\"async\" width=\"600\" height=\"402\" src=\"https:\/\/blogs.univ-tlse2.fr\/projet-mejic\/files\/2019\/07\/maison-de-la-recherche_2.jpg\" alt=\"\" class=\"wp-image-54\" srcset=\"https:\/\/blogs.univ-tlse2.fr\/projet-mejic\/files\/2019\/07\/maison-de-la-recherche_2.jpg 600w, https:\/\/blogs.univ-tlse2.fr\/projet-mejic\/files\/2019\/07\/maison-de-la-recherche_2-300x201.jpg 300w, https:\/\/blogs.univ-tlse2.fr\/projet-mejic\/files\/2019\/07\/maison-de-la-recherche_2-560x375.jpg 560w, https:\/\/blogs.univ-tlse2.fr\/projet-mejic\/files\/2019\/07\/maison-de-la-recherche_2-260x174.jpg 260w, https:\/\/blogs.univ-tlse2.fr\/projet-mejic\/files\/2019\/07\/maison-de-la-recherche_2-160x107.jpg 160w\" sizes=\"auto, (max-width: 600px) 100vw, 600px\" \/><\/figure>\n\n\n\n<p>Laboratoire CLLE LTC<\/p>\n\n\n\n<p>Maison de la recherche<\/p>\n\n\n\n<p>Universit\u00e9 Toulouse &#8211; Jean Jaur\u00e8s<\/p>\n\n\n\n<p>5, all\u00e9es Antonio Machado<\/p>\n\n\n\n<p>31 058 Toulouse Cedex 9<\/p>\n","protected":false},"excerpt":{"rendered":"<p>Laboratoire CLLE LTC Maison de la recherche Universit\u00e9 Toulouse &#8211; Jean Jaur\u00e8s 5, all\u00e9es Antonio Machado 31 058 Toulouse Cedex 9<\/p>\n<p class=\"more-link-p\"><a class=\"more-link\" href=\"https:\/\/blogs.univ-tlse2.fr\/projet-mejic\/contact\/\">Read more &rarr;<\/a><\/p>\n","protected":false},"author":697,"featured_media":0,"parent":0,"menu_order":0,"comment_status":"closed","ping_status":"closed","template":"","meta":{"footnotes":""},"class_list":["post-11","page","type-page","status-publish","hentry"],"_links":{"self":[{"href":"https:\/\/blogs.univ-tlse2.fr\/projet-mejic\/wp-json\/wp\/v2\/pages\/11","targetHints":{"allow":["GET"]}}],"collection":[{"href":"https:\/\/blogs.univ-tlse2.fr\/projet-mejic\/wp-json\/wp\/v2\/pages"}],"about":[{"href":"https:\/\/blogs.univ-tlse2.fr\/projet-mejic\/wp-json\/wp\/v2\/types\/page"}],"author":[{"embeddable":true,"href":"https:\/\/blogs.univ-tlse2.fr\/projet-mejic\/wp-json\/wp\/v2\/users\/697"}],"replies":[{"embeddable":true,"href":"https:\/\/blogs.univ-tlse2.fr\/projet-mejic\/wp-json\/wp\/v2\/comments?post=11"}],"version-history":[{"count":3,"href":"https:\/\/blogs.univ-tlse2.fr\/projet-mejic\/wp-json\/wp\/v2\/pages\/11\/revisions"}],"predecessor-version":[{"id":56,"href":"https:\/\/blogs.univ-tlse2.fr\/projet-mejic\/wp-json\/wp\/v2\/pages\/11\/revisions\/56"}],"wp:attachment":[{"href":"https:\/\/blogs.univ-tlse2.fr\/projet-mejic\/wp-json\/wp\/v2\/media?parent=11"}],"curies":[{"name":"wp","href":"https:\/\/api.w.org\/{rel}","templated":true}]}}