 {"id":78,"date":"2019-07-19T08:35:24","date_gmt":"2019-07-19T06:35:24","guid":{"rendered":"https:\/\/blogs.univ-tlse2.fr\/projet-mejic\/?page_id=78"},"modified":"2019-07-19T08:43:32","modified_gmt":"2019-07-19T06:43:32","slug":"enseignant%c2%b7e%c2%b7s-chercheur%c2%b7e%c2%b7s","status":"publish","type":"page","link":"https:\/\/blogs.univ-tlse2.fr\/projet-mejic\/enseignant%c2%b7e%c2%b7s-chercheur%c2%b7e%c2%b7s\/","title":{"rendered":"Enseignant\u00b7e\u00b7s chercheur\u00b7e\u00b7s"},"content":{"rendered":"\n<h3 class=\"wp-block-heading\">Denis Hilton<\/h3>\n\n\n\n<p><strong>Professeur des Universit\u00e9s<\/strong><\/p>\n\n\n\n<p> Docteur en psychologie sociale de l\u2019Universit\u00e9 d\u2019Oxford et directeur  associ\u00e9 de l\u2019European Journal of Social Psychology, Denis est professeur  de psychologie sociale \u00e0 l\u2019Universit\u00e9 Toulouse &#8211; Jean Jaur\u00e8s. Ses  centres d\u2019int\u00e9r\u00eat portent sur la cognition sociale, le raisonnement, le  jugement et la prise de d\u00e9cision, de m\u00eame que sur l\u2019\u00e9conomie  exp\u00e9rimentale.\u00a0 <\/p>\n\n\n\n<p> Pour plus d&rsquo;informations, voir : <a rel=\"noreferrer noopener\" href=\"https:\/\/clle.univ-tlse2.fr\/accueil\/navigation\/actualites\/annuaire\/hilton-denis-29393.kjsp\" target=\"_blank\">https:\/\/clle.univ-tlse2.fr\/accueil\/navigation\/actualites\/annuaire\/hilton-denis-29393.kjsp<\/a><\/p>\n\n\n\n<h3 class=\"wp-block-heading\">Hiroko Norimatsu<\/h3>\n\n\n\n<p><strong>Ma\u00eetre de Conf\u00e9rences<\/strong><\/p>\n\n\n\n<p> Docteur en psychologie du d\u00e9veloppement, Hiroko est ma\u00eetre de  conf\u00e9rences \u00e0 l&rsquo;universit\u00e9 Toulouse &#8211; Jean Jaur\u00e8s.\u00a0 Ses travaux portent  sur le d\u00e9veloppement des comp\u00e9tences socio-cognitives chez les jeunes  enfants (attention conjointe, th\u00e9orie de l&rsquo;esprit), sur l&rsquo;utilisation  d&rsquo;outils et d&rsquo;approches \u00e9cologiques, ainsi que sur l&rsquo;\u00e9tude des facteurs  socio-culturels et \u00e9thologiques sur les pratiques d&rsquo;alimentation des  tr\u00e8s jeunes enfants. <\/p>\n\n\n\n<p> Pour plus d&rsquo;informations, voir : <a rel=\"noreferrer noopener\" href=\"https:\/\/clle.univ-tlse2.fr\/accueil\/navigation\/actualites\/annuaire\/norimatsu-hiroko-59338.kjsp?RH=ltc\" target=\"_blank\">https:\/\/clle.univ-tlse2.fr\/accueil\/navigation\/actualites\/annuaire\/norimatsu-hiroko-59338.kjsp?RH=ltc<\/a><\/p>\n\n\n\n<h3 class=\"wp-block-heading\">St\u00e9phane Perrissol<\/h3>\n\n\n\n<p><strong>Ma\u00eetre de Conf\u00e9rences<\/strong><\/p>\n\n\n\n<p> Docteur en psychologie sociale, St\u00e9phane est ma\u00eetre de conf\u00e9rences \u00e0  l&rsquo;Universit\u00e9 Toulouse &#8211; Jean Jaur\u00e8s. Ses travaux de recherches se  situent dans le domaine de la communication persuasive, et plus  particuli\u00e8rement sur l&rsquo;exposition s\u00e9lective aux informations et sur le  d\u00e9veloppement et l&rsquo;utilisation de mesures d&rsquo;attitudes et de st\u00e9r\u00e9otypes  implicites dans diff\u00e9rents champs (politique, addiction,  etc.).\u00a0 <\/p>\n\n\n\n<h3 class=\"wp-block-heading\">Patrice Terrier<\/h3>\n\n\n\n<p><strong>Professeur des Universit\u00e9s<\/strong><\/p>\n\n\n\n<p> Docteur en psychologie cognitive, Patrice est professeur de psychologie  cognitive et ergonomie au sein de l&rsquo;Universit\u00e9 Toulouse &#8211; Jean  Jaur\u00e8s.\u00a0Ses travaux portent sur les ph\u00e9nom\u00e8nes de m\u00e9moire et de  conscience, dans leur relation \u00e0 la situation d&rsquo;interaction  personne-syst\u00e8me. Ses recherches s&rsquo;inscrivent dans diff\u00e9rents contextes,  tels que le contr\u00f4le a\u00e9rien et le pilotage, le nucl\u00e9aire embarqu\u00e9, le  suivi des proc\u00e9dures, le dialogue naturel homme-machine, la recherche  d&rsquo;information sur Internet, ou la perception du risque sanitaire en  restauration et certains probl\u00e8mes de prise de d\u00e9cision.\u00a0 <\/p>\n\n\n\n<p> Pour plus d&rsquo;informations, voir : <a rel=\"noreferrer noopener\" href=\"https:\/\/clle.univ-tlse2.fr\/accueil\/navigation\/actualites\/annuaire\/terrier-patrice-29516.kjsp?RH=ltc\" target=\"_blank\">https:\/\/clle.univ-tlse2.fr\/accueil\/navigation\/actualites\/annuaire\/terrier-patrice-29516.kjsp?RH=ltc<\/a><\/p>\n\n\n\n<h3 class=\"wp-block-heading\">Fanny Verkampt<\/h3>\n\n\n\n<p><strong>Ma\u00eetre de Conf\u00e9rences<\/strong><\/p>\n\n\n\n<p> Docteur en psychologie sociale et cognitive et Pr\u00e9sidente de la division  \u00ab\u00a0Psychology &amp; Law\u00a0\u00bb de l&rsquo;International Association of Applied  Psychology (IAAP), Fanny est ma\u00eetre de conf\u00e9rences en psychologie \u00e0  l&rsquo;Universit\u00e9 Toulouse &#8211; Jean Jaur\u00e8s. Ses recherches portent sur la  r\u00e9cup\u00e9ration des informations en contexte judiciaires, l&rsquo;\u00e9laboration de  m\u00e9thodes d&rsquo;entretien adapt\u00e9es aux t\u00e9moins vuln\u00e9rables (enfants,  adolescents, jeunes migrants victimes de Traite Humaine), ainsi que des  probl\u00e9matiques li\u00e9es \u00e0 l&rsquo;immigration. <\/p>\n\n\n\n<p>\nPour plus d&rsquo;informations, voir : <a rel=\"noreferrer noopener\" href=\"https:\/\/clle.univ-tlse2.fr\/accueil\/navigation\/actualites\/annuaire\/fanny-verkampt--414827.kjsp?RH=ltc\" target=\"_blank\">https:\/\/clle.univ-tlse2.fr\/accueil\/navigation\/actualites\/annuaire\/fanny-verkampt&#8211;414827.kjsp?RH=ltc<\/a><\/p>\n","protected":false},"excerpt":{"rendered":"<p>Denis Hilton Professeur des Universit\u00e9s Docteur en psychologie sociale de l\u2019Universit\u00e9 d\u2019Oxford et directeur associ\u00e9 de l\u2019European Journal of Social Psychology, Denis est professeur de psychologie sociale \u00e0 l\u2019Universit\u00e9 Toulouse &#8211; Jean Jaur\u00e8s. Ses centres d\u2019int\u00e9r\u00eat portent sur la cognition&hellip;<\/p>\n<p class=\"more-link-p\"><a class=\"more-link\" href=\"https:\/\/blogs.univ-tlse2.fr\/projet-mejic\/enseignant%c2%b7e%c2%b7s-chercheur%c2%b7e%c2%b7s\/\">Read more &rarr;<\/a><\/p>\n","protected":false},"author":697,"featured_media":0,"parent":0,"menu_order":0,"comment_status":"closed","ping_status":"closed","template":"","meta":{"footnotes":""},"class_list":["post-78","page","type-page","status-publish","hentry"],"_links":{"self":[{"href":"https:\/\/blogs.univ-tlse2.fr\/projet-mejic\/wp-json\/wp\/v2\/pages\/78","targetHints":{"allow":["GET"]}}],"collection":[{"href":"https:\/\/blogs.univ-tlse2.fr\/projet-mejic\/wp-json\/wp\/v2\/pages"}],"about":[{"href":"https:\/\/blogs.univ-tlse2.fr\/projet-mejic\/wp-json\/wp\/v2\/types\/page"}],"author":[{"embeddable":true,"href":"https:\/\/blogs.univ-tlse2.fr\/projet-mejic\/wp-json\/wp\/v2\/users\/697"}],"replies":[{"embeddable":true,"href":"https:\/\/blogs.univ-tlse2.fr\/projet-mejic\/wp-json\/wp\/v2\/comments?post=78"}],"version-history":[{"count":3,"href":"https:\/\/blogs.univ-tlse2.fr\/projet-mejic\/wp-json\/wp\/v2\/pages\/78\/revisions"}],"predecessor-version":[{"id":86,"href":"https:\/\/blogs.univ-tlse2.fr\/projet-mejic\/wp-json\/wp\/v2\/pages\/78\/revisions\/86"}],"wp:attachment":[{"href":"https:\/\/blogs.univ-tlse2.fr\/projet-mejic\/wp-json\/wp\/v2\/media?parent=78"}],"curies":[{"name":"wp","href":"https:\/\/api.w.org\/{rel}","templated":true}]}}