 {"id":69,"date":"2023-11-08T15:15:04","date_gmt":"2023-11-08T14:15:04","guid":{"rendered":"https:\/\/blogs.univ-tlse2.fr\/pulco\/?page_id=69"},"modified":"2025-09-17T15:54:47","modified_gmt":"2025-09-17T13:54:47","slug":"publications","status":"publish","type":"page","link":"https:\/\/blogs.univ-tlse2.fr\/pulco\/publications\/","title":{"rendered":"Publications issues du projet"},"content":{"rendered":"\n<h2 class=\"wp-block-heading\">Workshops <\/h2>\n\n\n\n<p>Organisation du workshop ESoSA \u00ab\u00a0<strong>Empirical studies on syntactic alternation across languages and theoretical frameworks<\/strong>\u00a0\u00bb \u00e0 la conf\u00e9rence annuelle de la Societas Linguistica Europaea, Yanis da Cunha, Pegah Faghiri, Juliette Thuilier<\/p>\n\n\n\n<h2 class=\"wp-block-heading\">Communications<\/h2>\n\n\n\n<ul class=\"wp-block-list\">\n<li>Thuilier, Faghiri, Pineau (2025)  <strong>Syntactic alternation of French psych-verbs: Experiencer first!<\/strong> <em>Societas Linguistica Europaea <\/em>(SLE 2025), Aout 2025, Bordeaux, France<\/li>\n\n\n\n<li>Thuilier, Corminboeuf, Benzitoun, Thiberge (2025) <strong>Alternance entre avoir \u00e9t\u00e9 et \u00eatre all\u00e9 en fran\u00e7ais parl\u00e9&nbsp;: quelle influence de la norme prescriptive et des param\u00e8tres linguistiques<\/strong>. <em>Nouveaux regards sur la norme<\/em>, Jun 2025, Fribourg, Suisse<\/li>\n\n\n\n<li>Thuilier, Faghiri, da Cunha, Pineau (2024) <strong>Animacy, semantic role and prototypicality in sentence production<\/strong>. <em>ARCHITECTURES AND MECHANISMS FOR LANGUAGE PROCESSING<\/em> (AMLAP 2024), Sep 2024, Edinbourg, Ecosse, France<\/li>\n\n\n\n<li>Dagnac, Thuilier, Br\u00e9dif (2024) <strong>Differential Object Marking in Southern French: Effects of Local factors<\/strong>. <em>Langues et Langage \u00e0 la crois\u00e9e des disciplines<\/em> (LLcD2024), Sep 2024, Paris, France<\/li>\n\n\n\n<li>Thuilier, Corminboeuf, Benzitoun (2024) <strong>Une alternance en question: avoir \u00e9t\u00e9 et \u00eatre all\u00e9<\/strong>. <em>Langues et Langage \u00e0 la crois\u00e9e des disciplines <\/em>(LLcD 2024), Sep 2024, Paris, France<\/li>\n\n\n\n<li>Thuilier, Faghiri, da Cunha, Pineau (2024) <strong>Prototypicalit\u00e9 des arguments et anim\u00e9it\u00e9 dans le domaine postverbal du fran\u00e7ais.<\/strong> <em>Langues et Langage \u00e0 la crois\u00e9e des disciplines<\/em> (LLcD 2024), Sep 2024, Paris, France<\/li>\n\n\n\n<li>Thuilier, Faghiri, da Cunha, Pineau (2024)  <strong>Alternance de voix des verbes psychologiques: une \u00e9tude exp\u00e9rimentale.<\/strong> <em>Langues et Langage \u00e0 la crois\u00e9e des disciplines<\/em> (LLcD 2024), Sep 2024, Paris, France<\/li>\n<\/ul>\n\n\n\n<p>Liens vers HAL<\/p>\n\n\n<ul class=\"wp-block-rss\"><li class='wp-block-rss__item'><div class='wp-block-rss__item-title'><a href='https:\/\/univ-tlse2.hal.science\/hal-05265414v1'>[hal-05265414] Alternance entre avoir \u00e9t\u00e9 et \u00eatre all\u00e9 en fran\u00e7ais parl\u00e9 : quelle influence de la norme prescriptive et des param\u00e8tres linguistiques<\/a><\/div><\/li><li class='wp-block-rss__item'><div class='wp-block-rss__item-title'><a href='https:\/\/hal.science\/hal-05265280v1'>[hal-05265280] Syntactic alternation of French psych-verbs: Experiencer first!<\/a><\/div><\/li><li class='wp-block-rss__item'><div class='wp-block-rss__item-title'><a href='https:\/\/hal.science\/hal-04717283v1'>[hal-04717283] Animacy, semantic role and prototypicality in sentence production<\/a><\/div><\/li><li class='wp-block-rss__item'><div class='wp-block-rss__item-title'><a href='https:\/\/hal.science\/hal-04717256v1'>[hal-04717256] Alternance de voix des verbes psychologiques: une \u00e9tude exp\u00e9rimentale<\/a><\/div><\/li><li class='wp-block-rss__item'><div class='wp-block-rss__item-title'><a href='https:\/\/hal.science\/hal-04717083v1'>[hal-04717083] Prototypicalit\u00e9 des arguments et anim\u00e9it\u00e9 dans le domaine postverbal du fran\u00e7ais<\/a><\/div><\/li><\/ul>\n\n\n<h3 class=\"wp-block-heading\">Publications en lien avec le projet<\/h3>\n\n\n\n<ul class=\"wp-block-list\">\n<li>B\u00eelb\u00eeie, Faghiri, Thuilier (Eds) (2021) Syntaxe exp\u00e9rimentale, <em>Langages<\/em> 223, Armand Colin&nbsp;<a rel=\"noreferrer noopener\" href=\"https:\/\/www.cairn.info\/revue-langages-2021-3.htm\" target=\"_blank\">www.cairn.info\/revue-langages-2021-3.htm<\/a><\/li>\n\n\n\n<li>Dagnac, Thuilier (2020) Fran\u00e7ais du Sud Ouest et marquage diff\u00e9rentiel de l\u2019objet : une approche exp\u00e9rimentale. <em>L\u2019Information grammaticale 166<\/em>, <a href=\"https:\/\/doi.org\/10.2143\/IG.166.0.3288322 \">https:\/\/doi.org\/10.2143\/IG.166.0.3288322 <\/a><\/li>\n\n\n\n<li>Debaisieux, Benzitoun (2020) (Eds) Orf\u00e9o : un corpus et une plateforme pour l&rsquo;\u00e9tude du fran\u00e7ais contemporain, <em>Langages 219<\/em>, Armand Colin.<\/li>\n\n\n\n<li>Faghiri, Thuilier (2018) Ordre des compl\u00e9ments postverbaux en fran\u00e7ais : poids et accessibilit\u00e9 discursive. In Neveu, et al (eds.), <em>Shs web conference: 6\u00e8me congr\u00e8s mondial de linguistique fran\u00e7aise <\/em><a href=\"http:\/\/doi.org\/10.1051\/shsconf\/20184614008\">http:\/\/doi.org\/10.1051\/shsconf\/20184614008<\/a><\/li>\n\n\n\n<li>Thuilier, Grant, Crabb\u00e9, Abeill\u00e9, (2021) Word order in French: the role of animacy, <em>Glossa: a journal of general linguistics 6(1) <\/em><a href=\"https:\/\/doi.org\/10.5334\/gjgl.1155\">https:\/\/doi.org\/10.5334\/gjgl.1155<\/a><\/li>\n<\/ul>\n\n\n\n<h3 class=\"wp-block-heading\">Communications en lien avec le projet<\/h3>\n\n\n\n<ul class=\"wp-block-list\">\n<li>Thuilier, Faghiri (2019) Canonicit\u00e9 des arguments verbaux, caract\u00e8re anim\u00e9 et ordre lin\u00e9aire, Journ\u00e9e d\u2019\u00e9tudes <em>Les constructions verbales (non) canoniques : de la r\u00e9alisation argumentale \u00e0 la structure propositionnelle<\/em>, Fribourg.<\/li>\n\n\n\n<li>Thuilier, Grant (2014) Influence of noun dependents on French adjective placement in sentence production<em>, International Workshop on Language Production<\/em>, Gen\u00e8ve.<\/li>\n<\/ul>\n","protected":false},"excerpt":{"rendered":"<p>Workshops Organisation du workshop ESoSA \u00ab\u00a0Empirical studies on syntactic alternation across languages and theoretical frameworks\u00a0\u00bb \u00e0 la conf\u00e9rence annuelle de la Societas Linguistica Europaea, Yanis da Cunha, Pegah Faghiri, Juliette Thuilier Communications Liens vers HAL Publications en lien avec le projet Communications en lien avec le projet<\/p>\n","protected":false},"author":1307,"featured_media":0,"parent":0,"menu_order":6,"comment_status":"closed","ping_status":"closed","template":"","meta":{"footnotes":""},"class_list":["post-69","page","type-page","status-publish","hentry"],"_links":{"self":[{"href":"https:\/\/blogs.univ-tlse2.fr\/pulco\/wp-json\/wp\/v2\/pages\/69","targetHints":{"allow":["GET"]}}],"collection":[{"href":"https:\/\/blogs.univ-tlse2.fr\/pulco\/wp-json\/wp\/v2\/pages"}],"about":[{"href":"https:\/\/blogs.univ-tlse2.fr\/pulco\/wp-json\/wp\/v2\/types\/page"}],"author":[{"embeddable":true,"href":"https:\/\/blogs.univ-tlse2.fr\/pulco\/wp-json\/wp\/v2\/users\/1307"}],"replies":[{"embeddable":true,"href":"https:\/\/blogs.univ-tlse2.fr\/pulco\/wp-json\/wp\/v2\/comments?post=69"}],"version-history":[{"count":11,"href":"https:\/\/blogs.univ-tlse2.fr\/pulco\/wp-json\/wp\/v2\/pages\/69\/revisions"}],"predecessor-version":[{"id":160,"href":"https:\/\/blogs.univ-tlse2.fr\/pulco\/wp-json\/wp\/v2\/pages\/69\/revisions\/160"}],"wp:attachment":[{"href":"https:\/\/blogs.univ-tlse2.fr\/pulco\/wp-json\/wp\/v2\/media?parent=69"}],"curies":[{"name":"wp","href":"https:\/\/api.w.org\/{rel}","templated":true}]}}