 {"id":80,"date":"2025-01-14T14:29:52","date_gmt":"2025-01-14T13:29:52","guid":{"rendered":"https:\/\/blogs.univ-tlse2.fr\/pulco\/?page_id=80"},"modified":"2025-01-14T15:25:35","modified_gmt":"2025-01-14T14:25:35","slug":"experience-en-ligne","status":"publish","type":"page","link":"https:\/\/blogs.univ-tlse2.fr\/pulco\/page-d-exemple\/experience-en-ligne\/","title":{"rendered":""},"content":{"rendered":"\n<p>Pour acc\u00e9der \u00e0 l&rsquo;exp\u00e9rience en ligne, cliquez sur le bouton suivant : <\/p>\n\n\n\n<div class=\"wp-block-buttons has-custom-font-size has-medium-font-size is-content-justification-left is-layout-flex wp-container-core-buttons-is-layout-fdcfc74e wp-block-buttons-is-layout-flex\">\n<div class=\"wp-block-button is-style-fill\"><a class=\"wp-block-button__link has-text-align-left wp-element-button\" href=\"https:\/\/jatos.mindprobe.eu\/publix\/doJ6G0oZiHa\"><strong><mark style=\"background-color:#e6e6e6\" class=\"has-inline-color has-blue-color\">Acc\u00e9der \u00e0 l&rsquo;exp\u00e9rience<\/mark><\/strong><\/a><\/div>\n<\/div>\n\n\n\n<p><\/p>\n","protected":false},"excerpt":{"rendered":"<p>Pour acc\u00e9der \u00e0 l&rsquo;exp\u00e9rience en ligne, cliquez sur le bouton suivant :<\/p>\n","protected":false},"author":1307,"featured_media":0,"parent":2,"menu_order":0,"comment_status":"closed","ping_status":"closed","template":"page-templates\/full-width.php","meta":{"footnotes":""},"class_list":["post-80","page","type-page","status-publish","hentry"],"_links":{"self":[{"href":"https:\/\/blogs.univ-tlse2.fr\/pulco\/wp-json\/wp\/v2\/pages\/80","targetHints":{"allow":["GET"]}}],"collection":[{"href":"https:\/\/blogs.univ-tlse2.fr\/pulco\/wp-json\/wp\/v2\/pages"}],"about":[{"href":"https:\/\/blogs.univ-tlse2.fr\/pulco\/wp-json\/wp\/v2\/types\/page"}],"author":[{"embeddable":true,"href":"https:\/\/blogs.univ-tlse2.fr\/pulco\/wp-json\/wp\/v2\/users\/1307"}],"replies":[{"embeddable":true,"href":"https:\/\/blogs.univ-tlse2.fr\/pulco\/wp-json\/wp\/v2\/comments?post=80"}],"version-history":[{"count":7,"href":"https:\/\/blogs.univ-tlse2.fr\/pulco\/wp-json\/wp\/v2\/pages\/80\/revisions"}],"predecessor-version":[{"id":137,"href":"https:\/\/blogs.univ-tlse2.fr\/pulco\/wp-json\/wp\/v2\/pages\/80\/revisions\/137"}],"up":[{"embeddable":true,"href":"https:\/\/blogs.univ-tlse2.fr\/pulco\/wp-json\/wp\/v2\/pages\/2"}],"wp:attachment":[{"href":"https:\/\/blogs.univ-tlse2.fr\/pulco\/wp-json\/wp\/v2\/media?parent=80"}],"curies":[{"name":"wp","href":"https:\/\/api.w.org\/{rel}","templated":true}]}}