 {"id":129,"date":"2019-10-03T09:59:35","date_gmt":"2019-10-03T07:59:35","guid":{"rendered":"https:\/\/blogs.univ-tlse2.fr\/real2-2020\/?page_id=129"},"modified":"2021-06-25T14:08:09","modified_gmt":"2021-06-25T12:08:09","slug":"accueil","status":"publish","type":"page","link":"https:\/\/blogs.univ-tlse2.fr\/real2-2020\/","title":{"rendered":"Bienvenue"},"content":{"rendered":"<p style=\"text-align: justify\">Le laboratoire interdisciplinaire U.R.I. Octogone-Lordat organise pour l&rsquo;ann\u00e9e 2021 le <span style=\"color: #99b5a7\"><strong><a style=\"color: #99b5a7\" href=\"https:\/\/octogone.univ-tlse2.fr\/accueil\/navigation\/manifestations-scientifiques\/colloques\/3rd-international-conference-du-gis-real2-crosslinguistic-influence-where-are-we-today--656919.kjsp?RH=OCTOGONE-FR\">troisi\u00e8me Colloque International du R\u00e9seau d&rsquo;Acquisition des Langues Secondes<\/a> <\/strong><\/span>(R\u00e9AL2). Le th\u00e8me du colloque est le suivant :<\/p>\r\n<h3 style=\"text-align: center\"><strong><!-- \/wp:post-content -->\r\n\r\n<!-- wp:paragraph --><\/strong><\/h3>\r\n<h3 style=\"text-align: center\"><a href=\"https:\/\/blogs.univ-tlse2.fr\/real2-2020\/appel-a-communication-real2-2020\/\"><strong>\u00ab\u00a0 Influence translinguistique : O\u00f9 en est-on aujourd\u2019hui ? \u00bb<\/strong><\/a><\/h3>\r\n<h3 style=\"text-align: center\"><span style=\"color: #339966\"><strong>Informations sur le d\u00e9roulement du colloque <a href=\"https:\/\/blogs.univ-tlse2.fr\/real2-2020\/informations-sur-les-communications\/\">ici<\/a>.<\/strong><\/span>\u00a0<\/h3>\r\n<h3 style=\"text-align: center\"><strong><!-- \/wp:paragraph -->\r\n\r\n<!-- wp:paragraph {\"customTextColor\":\"#99b5a7\"} --><\/strong><\/h3>\r\n<p><img loading=\"lazy\" decoding=\"async\" class=\"wp-image-150 size-medium aligncenter\" src=\"https:\/\/blogs.univ-tlse2.fr\/real2-2020\/files\/2019\/10\/Brain-1-285x300.png\" alt=\"\" width=\"285\" height=\"300\" srcset=\"https:\/\/blogs.univ-tlse2.fr\/real2-2020\/files\/2019\/10\/Brain-1-285x300.png 285w, https:\/\/blogs.univ-tlse2.fr\/real2-2020\/files\/2019\/10\/Brain-1.png 689w\" sizes=\"auto, (max-width: 285px) 100vw, 285px\" \/><\/p>\r\n<p class=\"has-text-color\" style=\"color: #99b5a7;text-align: justify\"><strong>Date et Lieu <br \/><\/strong><span style=\"color: #000000\">Universit\u00e9 Toulouse 2 Jean Jaur\u00e8s &#8211; 5\/7 Juillet 2021<br \/><\/span><\/p>\r\n<p class=\"has-text-color\" style=\"color: #99b5a7;text-align: justify\"><strong><a href=\"https:\/\/blogs.univ-tlse2.fr\/real2-2020\/accueil\/conferenciers-invites\/\"><span style=\"color: #99b5a7\"><em>Conf\u00e9renciers invit\u00e9s<\/em> <\/span><\/a><br \/><\/strong><span style=\"color: #000000\"><strong>Bene Bassetti<\/strong>, University of Birmingham, Royaume Uni<br \/><\/span><span style=\"color: #99b5a7\"><strong><em>\u00ab\u00a0Cross-modal cross-linguistic influence on second language phonology: Consonant spelling and consonant duration in ItalianL1 speakers of EnglishL2\u00a0\u00bb <\/em><\/strong><\/span><br \/><span style=\"color: #000000\"><strong>Marianne Starren<\/strong>, Radboud University, Pays Bas<br \/><strong><span style=\"color: #99b5a7\"><em>\u00ab\u00a0<\/em><\/span><\/strong><\/span><strong><em><span lang=\"EN-US\">The (almost native) acquisition of discourse coherence in L2 English\/French by Dutch and German learners<\/span><\/em><\/strong><span style=\"color: #000000\"><span style=\"color: #99b5a7\"><em><strong>\u00ab\u00a0<\/strong> <\/em><\/span><br \/><strong>Scott Jarvis<\/strong>, University of Utah, \u00c9tats-Unis\u00a0<br \/><span style=\"color: #99b5a7\"><strong><em>\u00ab\u00a0Conceptual transfer: Recent advances and current explorations\u00a0\u00bb\u00a0<\/em><\/strong><\/span><\/span><\/p>\r\n<h3 style=\"text-align: center\"><strong><!-- \/wp:paragraph -->\r\n\r\n<!-- wp:paragraph \/-->\r\n\r\n<!-- wp:paragraph {\"customTextColor\":\"#99b5a7\"} --><\/strong><\/h3>\r\n<hr \/>\r\n<h6 style=\"text-align: center\"><em><span style=\"color: #ff0000\">Le format du colloque s&rsquo;adaptera aux contraintes sanitaires actuelles.<\/span><\/em><\/h6>","protected":false},"excerpt":{"rendered":"<p>Le laboratoire interdisciplinaire U.R.I. Octogone-Lordat organise pour l&rsquo;ann\u00e9e 2021 le troisi\u00e8me Colloque International du R\u00e9seau d&rsquo;Acquisition des Langues Secondes (R\u00e9AL2). Le th\u00e8me du colloque est le suivant : \u00ab\u00a0 Influence translinguistique : O\u00f9 en est-on aujourd\u2019hui ? \u00bb Informations sur le d\u00e9roulement du colloque ici.\u00a0 Date et Lieu Universit\u00e9 Toulouse 2 Jean Jaur\u00e8s &#8211; 5\/7 [&hellip;]<\/p>\n","protected":false},"author":716,"featured_media":0,"parent":0,"menu_order":1,"comment_status":"closed","ping_status":"closed","template":"","meta":{"footnotes":""},"class_list":["post-129","page","type-page","status-publish","hentry"],"_links":{"self":[{"href":"https:\/\/blogs.univ-tlse2.fr\/real2-2020\/wp-json\/wp\/v2\/pages\/129","targetHints":{"allow":["GET"]}}],"collection":[{"href":"https:\/\/blogs.univ-tlse2.fr\/real2-2020\/wp-json\/wp\/v2\/pages"}],"about":[{"href":"https:\/\/blogs.univ-tlse2.fr\/real2-2020\/wp-json\/wp\/v2\/types\/page"}],"author":[{"embeddable":true,"href":"https:\/\/blogs.univ-tlse2.fr\/real2-2020\/wp-json\/wp\/v2\/users\/716"}],"replies":[{"embeddable":true,"href":"https:\/\/blogs.univ-tlse2.fr\/real2-2020\/wp-json\/wp\/v2\/comments?post=129"}],"version-history":[{"count":32,"href":"https:\/\/blogs.univ-tlse2.fr\/real2-2020\/wp-json\/wp\/v2\/pages\/129\/revisions"}],"predecessor-version":[{"id":519,"href":"https:\/\/blogs.univ-tlse2.fr\/real2-2020\/wp-json\/wp\/v2\/pages\/129\/revisions\/519"}],"wp:attachment":[{"href":"https:\/\/blogs.univ-tlse2.fr\/real2-2020\/wp-json\/wp\/v2\/media?parent=129"}],"curies":[{"name":"wp","href":"https:\/\/api.w.org\/{rel}","templated":true}]}}