 {"id":209,"date":"2019-10-16T08:31:39","date_gmt":"2019-10-16T06:31:39","guid":{"rendered":"https:\/\/blogs.univ-tlse2.fr\/real2-2020\/?page_id=209"},"modified":"2020-11-04T14:23:18","modified_gmt":"2020-11-04T13:23:18","slug":"informations-pratiques","status":"publish","type":"page","link":"https:\/\/blogs.univ-tlse2.fr\/real2-2020\/informations-pratiques\/","title":{"rendered":"Infos Pratiques"},"content":{"rendered":"<h6 style=\"text-align: center\"><span style=\"color: #99b5a7\"><strong>Toulouse n\u2019est pas seulement le chef-lieu de la r\u00e9gion d\u2019Occitanie, mais aussi la m\u00e9tropole la plus dynamique du Sud-Ouest de la France.<\/strong><\/span><\/h6>\n<h4 style=\"text-align: left\"><strong>4\u00e8me commune la plus peupl\u00e9e de France :<\/strong><\/h4>\n<p style=\"text-align: justify\">La ville de Toulouse compte \u00a0440, 204 habitants et son aire urbaine regroupe 1,2 million d\u2019habitants.<\/p>\n<ul style=\"text-align: justify\">\n<li>N \u00b0 1 en Europe et N \u00b0 2 dans le monde dans le domaine de l\u2019industrie a\u00e9ronautique<\/li>\n<li>N \u00b0 1 en Europe dans le domaine de l\u2019industrie spatiale<\/li>\n<li>N \u00b0 1 en France dans le domaine des syst\u00e8mes \u00e9lectroniques embarqu\u00e9s<\/li>\n<\/ul>\n<p style=\"text-align: justify\">Toulouse accueille plus de 10, 000 nouveaux arrivants chaque ann\u00e9e.<\/p>\n<h4 style=\"text-align: justify\"><strong>2\u00e8me ville universitaire de France :<\/strong><\/h4>\n<p style=\"text-align: justify\">Toulouse compte 110, 000 \u00e9tudiants dans 3 universit\u00e9s, 4 \u00e9coles d\u2019ing\u00e9nieurs et 14 \u00e9coles sup\u00e9rieures. Chaque ann\u00e9e sont d\u00e9cern\u00e9s 8, 000 dipl\u00f4mes. Il s\u2019agit d\u2019une ville particuli\u00e8rement vivante et dynamique.<\/p>\n<h4 style=\"text-align: justify\"><strong>Une ville privil\u00e9gi\u00e9e&#8230;<\/strong><\/h4>\n<p style=\"text-align: justify\">&#8230;id\u00e9alement situ\u00e9e sur l\u2019axe de communication entre la mer M\u00e9diterran\u00e9e et l\u2019oc\u00e9an Atlantique : \u00e0 150 km de la M\u00e9diterran\u00e9e, \u00e0 250 km de l\u2019oc\u00e9an Atlantique, \u00e0 110 km des stations de ski des Pyr\u00e9n\u00e9es.<\/p>\n<h4 style=\"text-align: justify\"><strong>Toulouse<\/strong><\/h4>\n<p style=\"text-align: justify\">Plan interactif de Toulouse:\u00a0<a href=\"https:\/\/www.plan.toulouse.fr\/\">https:\/\/www.plan.toulouse.fr\/<\/a><\/p>\n<p style=\"text-align: justify\">Office de Tourisme de Toulouse:\u00a0<a href=\"http:\/\/www.toulouse-tourisme.com\/\">http:\/\/www.toulouse-tourisme.com\/<\/a><\/p>\n<p style=\"text-align: justify\"><strong>R\u00e9gion Occitanie Pyr\u00e9n\u00e9es M\u00e9diterran\u00e9e :\u00a0<\/strong><a href=\"http:\/\/www.laregion.fr\/\">http:\/\/www.laregion.fr\/<\/a><\/p>\n","protected":false},"excerpt":{"rendered":"<p>Toulouse n\u2019est pas seulement le chef-lieu de la r\u00e9gion d\u2019Occitanie, mais aussi la m\u00e9tropole la plus dynamique du Sud-Ouest de la France. 4\u00e8me commune la plus peupl\u00e9e de France : La ville de Toulouse compte \u00a0440, 204 habitants et son aire urbaine regroupe 1,2 million d\u2019habitants. N \u00b0 1 en Europe et N \u00b0 2 [&hellip;]<\/p>\n","protected":false},"author":716,"featured_media":0,"parent":0,"menu_order":4,"comment_status":"closed","ping_status":"closed","template":"","meta":{"footnotes":""},"class_list":["post-209","page","type-page","status-publish","hentry"],"_links":{"self":[{"href":"https:\/\/blogs.univ-tlse2.fr\/real2-2020\/wp-json\/wp\/v2\/pages\/209","targetHints":{"allow":["GET"]}}],"collection":[{"href":"https:\/\/blogs.univ-tlse2.fr\/real2-2020\/wp-json\/wp\/v2\/pages"}],"about":[{"href":"https:\/\/blogs.univ-tlse2.fr\/real2-2020\/wp-json\/wp\/v2\/types\/page"}],"author":[{"embeddable":true,"href":"https:\/\/blogs.univ-tlse2.fr\/real2-2020\/wp-json\/wp\/v2\/users\/716"}],"replies":[{"embeddable":true,"href":"https:\/\/blogs.univ-tlse2.fr\/real2-2020\/wp-json\/wp\/v2\/comments?post=209"}],"version-history":[{"count":2,"href":"https:\/\/blogs.univ-tlse2.fr\/real2-2020\/wp-json\/wp\/v2\/pages\/209\/revisions"}],"predecessor-version":[{"id":230,"href":"https:\/\/blogs.univ-tlse2.fr\/real2-2020\/wp-json\/wp\/v2\/pages\/209\/revisions\/230"}],"wp:attachment":[{"href":"https:\/\/blogs.univ-tlse2.fr\/real2-2020\/wp-json\/wp\/v2\/media?parent=209"}],"curies":[{"name":"wp","href":"https:\/\/api.w.org\/{rel}","templated":true}]}}