 {"id":213,"date":"2019-10-16T08:40:19","date_gmt":"2019-10-16T06:40:19","guid":{"rendered":"https:\/\/blogs.univ-tlse2.fr\/real2-2020\/?page_id=213"},"modified":"2020-11-18T11:38:07","modified_gmt":"2020-11-18T10:38:07","slug":"comment-venir-a-toulouse","status":"publish","type":"page","link":"https:\/\/blogs.univ-tlse2.fr\/real2-2020\/informations-pratiques\/comment-venir-a-toulouse\/","title":{"rendered":"Comment venir \u00e0 Toulouse ?"},"content":{"rendered":"<h4 style=\"text-align: justify\"><strong>En avion<\/strong><\/h4>\n<ul style=\"text-align: justify\">\n<li>Paris-Toulouse: plus d\u2019un vol par heure, un vol quotidien relie Paris \u00e0 Toulouse en 1 heure et 10 minutes toutes les 30 minutes.<\/li>\n<li>38 vols r\u00e9guliers, dont 24 vols internationaux (20 en Europe).<\/li>\n<li>16 vols quotidiens entre Toulouse et les principales villes de province.<\/li>\n<li>20 vols quotidiens entre Toulouse et les principales capitales europ\u00e9ennes.<\/li>\n<\/ul>\n<p style=\"text-align: justify\">Et beaucoup d\u2019autres vols internationaux \u2026<\/p>\n<ul style=\"text-align: justify\">\n<li>\u00a0L\u2019a\u00e9roport international Toulouse Blagnac est situ\u00e9 \u00e0 8 km au nord-ouest de Toulouse et \u00e0 15 minutes du centre-ville (t\u00e9l: 0825 380 000).<\/li>\n<li>Le site de l\u2019a\u00e9roport de Toulouse :\u00a0<a href=\"http:\/\/www.toulouse.aeroport.fr\">http:\/\/www.toulouse.aeroport.fr<\/a><\/li>\n<li>Les d\u00e9tails sur toutes les destinations directes peuvent \u00eatre consult\u00e9s sur :\u00a0<a href=\"http:\/\/www.toulouse.aeroport.fr\/passagers\/vols-destinations\/destinations\">http:\/\/www.toulouse.aeroport.fr\/passagers\/vols-destinations\/destinations<\/a><\/li>\n<li>Une navette part toutes les 20 minutes de l\u2019a\u00e9roport vers le centre-ville, avec quatre arr\u00eats au centre-ville: le centre de congr\u00e8s Pierre Baudis (arr\u00eat Compans Caffarelli) \u2013 la place Jeanne d\u2019Arc \u2013 Les all\u00e9es Jean-Jaur\u00e8s \u2013 et la gare routi\u00e8re (\u00e0 c\u00f4t\u00e9 de la gare Matabiau SNCF). Vous pouvez \u00e9galement prendre le tram \u00e0 \u00ab\u00a0Ar\u00e8nes\u00a0\u00bb et ensuite prendre le m\u00e9tro.<\/li>\n<li>Pour plus d\u2019informations : \u00a0<a href=\"http:\/\/www.toulouse.aeroport.fr\/passagers\/acces-parking\/transports\/transports-en-commun\">http:\/\/www.toulouse.aeroport.fr\/passagers\/acces-parking\/transports\/transports-en-commun<\/a><\/li>\n<\/ul>\n<h4 style=\"text-align: justify\"><strong>En train<\/strong><\/h4>\n<p style=\"text-align: justify\">La gare SNCF Toulouse-Matabiau est situ\u00e9e dans le centre-ville et est reli\u00e9e \u00e0 la station de m\u00e9tro Marengo-SNCF. Il est \u00e0 environ 15 minutes en m\u00e9tro de l\u2019universit\u00e9.<\/p>\n<p style=\"text-align: justify\">Toulouse est \u00e0 5 heures et 30 minutes de Paris en TGV, 2 heures de Montpellier et 2 heures de Bordeaux.<\/p>\n<p style=\"text-align: justify\">Informations SNCF : T\u00e9l. 08 36 35 35 35<\/p>\n<p style=\"text-align: justify\">Si vous souhaitez r\u00e9server un billet de train SNCF \u00a0depuis l\u2019\u00e9tranger : T\u00e9l. 00 33 8 92 35 35 35<\/p>\n<p style=\"text-align: justify\"><a href=\"http:\/\/www.sncf.com\/\">http:\/\/www.sncf.com\/<\/a><\/p>\n<h4 style=\"text-align: justify\"><strong>En voiture<\/strong><\/h4>\n<p style=\"text-align: justify\">Toulouse est en liaison autorouti\u00e8re directe avec les principales capitales d\u2019Europe du Nord et du Sud.<\/p>\n<ul style=\"text-align: justify\">\n<li>A61(Carcassonne, Montpellier, Barcelone),<\/li>\n<li>A62 (Montauban, Agen, Bordeaux, Limoges, Paris),<\/li>\n<li>A64 (Foix, Lourdes, Bayonne, San-S\u00e9bastien), A68 (Lavaur, Albi),<\/li>\n<li>A66 (Pamiers, Foix, Andorre).<\/li>\n<\/ul>\n<p style=\"text-align: justify\">Autoroute du Sud de la France : T\u00e9l. 08 36 68 09 79<\/p>\n<p style=\"text-align: justify\">Centre d\u2019informations routi\u00e8res du sud-ouest : T\u00e9l. 05 56 96 33 33<\/p>\n","protected":false},"excerpt":{"rendered":"<p>En avion Paris-Toulouse: plus d\u2019un vol par heure, un vol quotidien relie Paris \u00e0 Toulouse en 1 heure et 10 minutes toutes les 30 minutes. 38 vols r\u00e9guliers, dont 24 vols internationaux (20 en Europe). 16 vols quotidiens entre Toulouse et les principales villes de province. 20 vols quotidiens entre Toulouse et les principales capitales [&hellip;]<\/p>\n","protected":false},"author":716,"featured_media":0,"parent":209,"menu_order":1,"comment_status":"closed","ping_status":"closed","template":"","meta":{"footnotes":""},"class_list":["post-213","page","type-page","status-publish","hentry"],"_links":{"self":[{"href":"https:\/\/blogs.univ-tlse2.fr\/real2-2020\/wp-json\/wp\/v2\/pages\/213","targetHints":{"allow":["GET"]}}],"collection":[{"href":"https:\/\/blogs.univ-tlse2.fr\/real2-2020\/wp-json\/wp\/v2\/pages"}],"about":[{"href":"https:\/\/blogs.univ-tlse2.fr\/real2-2020\/wp-json\/wp\/v2\/types\/page"}],"author":[{"embeddable":true,"href":"https:\/\/blogs.univ-tlse2.fr\/real2-2020\/wp-json\/wp\/v2\/users\/716"}],"replies":[{"embeddable":true,"href":"https:\/\/blogs.univ-tlse2.fr\/real2-2020\/wp-json\/wp\/v2\/comments?post=213"}],"version-history":[{"count":1,"href":"https:\/\/blogs.univ-tlse2.fr\/real2-2020\/wp-json\/wp\/v2\/pages\/213\/revisions"}],"predecessor-version":[{"id":214,"href":"https:\/\/blogs.univ-tlse2.fr\/real2-2020\/wp-json\/wp\/v2\/pages\/213\/revisions\/214"}],"up":[{"embeddable":true,"href":"https:\/\/blogs.univ-tlse2.fr\/real2-2020\/wp-json\/wp\/v2\/pages\/209"}],"wp:attachment":[{"href":"https:\/\/blogs.univ-tlse2.fr\/real2-2020\/wp-json\/wp\/v2\/media?parent=213"}],"curies":[{"name":"wp","href":"https:\/\/api.w.org\/{rel}","templated":true}]}}