 {"id":222,"date":"2019-10-21T13:25:43","date_gmt":"2019-10-21T11:25:43","guid":{"rendered":"https:\/\/blogs.univ-tlse2.fr\/real2-2020\/?page_id=222"},"modified":"2020-11-18T11:38:50","modified_gmt":"2020-11-18T10:38:50","slug":"hebergement","status":"publish","type":"page","link":"https:\/\/blogs.univ-tlse2.fr\/real2-2020\/informations-pratiques\/hebergement\/","title":{"rendered":"H\u00e9bergement"},"content":{"rendered":"<h6 style=\"text-align: center\"><strong>Quelques informations sur Toulouse et la r\u00e9gion Occitanie<\/strong><\/h6>\n<p style=\"text-align: justify\">Le centre-ville de Toulouse est en partie pi\u00e9ton et offre une grande vari\u00e9t\u00e9 d\u2019h\u00f4tels, de restaurants et de bars. Capitole, Jean Jaur\u00e8s, Jeanne d\u2019Arc, Esquirol et Carmes sont quelques stations de m\u00e9tro qui desservent le centre-ville.<\/p>\n<p style=\"text-align: justify\">Malheureusement, il n\u2019y a pas d\u2019h\u00e9bergement ni de restaurant de qualit\u00e9 sur ou pr\u00e8s du campus.<br \/>\n<strong>Nous vous recommandons vivement de loger dans le centre-ville de Toulouse et de vous rendre au campus en m\u00e9tro.<\/strong><\/p>\n<p style=\"text-align: justify\">Pour l\u2019h\u00e9bergement en ville: veuillez utiliser les sites habituels de r\u00e9servation d\u2019h\u00f4tels.<\/p>\n<p style=\"text-align: justify\">Vous pouvez \u00e9galement trouver quelques options <a href=\"http:\/\/www.univ-toulouse.fr\/vie-etudiante\/vie-pratique\/logement#recherche\">ici<\/a>\u00a0et <a href=\"https:\/\/blogs.univ-tlse2.fr\/bimo2017\/english-quelques-hotels-au-centre-ville-de-toulouse\/\">ici<\/a>.<\/p>\n<div class=\"post-header\" style=\"text-align: justify\">\n<h6 class=\"post-title\" style=\"text-align: center\">Quelques h\u00f4tels au centre-ville de Toulouse<\/h6>\n<\/div>\n<div class=\"post-content\">\n<p style=\"text-align: justify\"><strong>HOTEL CAPITOLE ** <\/strong><\/p>\n<ul>\n<li style=\"text-align: justify\"><strong>Adresse<\/strong>\u00a0: 10, rue Rivals \u00a0\u2013 tel. 05 61 23 21 28 \u2013 fax. 05 61 23 67 48<\/li>\n<li style=\"text-align: justify\"><strong>Acc\u00e8s<\/strong> : m\u00e9tro ligne A arr\u00eat \u201cCapitole\u201d<\/li>\n<li style=\"text-align: justify\"><strong>Mail :<\/strong> <a href=\"&#x6d;a&#x69;&#108;&#x74;&#x6f;:&#x68;&#111;&#x74;&#x65;l&#x63;&#97;&#x70;&#x69;t&#x6f;&#108;&#x65;&#x40;w&#x61;&#110;&#x61;&#x64;o&#x6f;&#46;&#x66;&#x72;\">&#x68;&#x6f;&#116;elc&#x61;&#x70;&#x69;&#116;ol&#x65;&#x40;&#x77;&#97;na&#x64;&#x6f;&#x6f;&#46;fr<\/a><\/li>\n<li style=\"text-align: justify\"><strong>Site web :<\/strong> <a href=\"http:\/\/www.capitole-hotel.com\/\">www.capitole-hotel.com<\/a><\/li>\n<\/ul>\n<p style=\"text-align: justify\"><strong>HOTEL PRESIDENT ** <\/strong><\/p>\n<ul>\n<li style=\"text-align: justify\"><strong><em>\u00a0<\/em><\/strong><strong>Adresse<\/strong>\u00a0: 43\/45 rue Raymond IV \u2013 tel. 05 61 63 46 46<\/li>\n<li style=\"text-align: justify\"><strong>Acc\u00e8s<\/strong> : m\u00e9tro ligne A (arr\u00eat \u201cMarengo SNCF\u201d) et B (arr\u00eat \u201cJeanne d\u2019Arc\u201d)<\/li>\n<li style=\"text-align: justify\"><strong>Mail :<\/strong> <a href=\"&#x6d;a&#x69;&#x6c;t&#x6f;&#58;c&#x6f;&#110;t&#x61;&#99;t&#x40;&#104;o&#x74;e&#x6c;&#x2d;p&#x72;&#x65;s&#x69;&#100;e&#x6e;&#116;&#46;&#x63;&#111;m\">&#x63;&#x6f;&#110;tac&#x74;&#x40;&#x68;&#111;te&#x6c;&#x2d;&#x70;&#114;es&#x69;&#x64;&#x65;&#110;t&#46;&#x63;&#x6f;&#x6d;<\/a><\/li>\n<\/ul>\n<p style=\"text-align: justify\"><strong>HOTEL CASTELLANE**<\/strong><\/p>\n<ul>\n<li style=\"text-align: justify\"><strong>Adresse\u00a0: <\/strong>17, rue Castellane \u2013 t\u00e9l. 05 61 62 18 82 \u2013 fax. 05 61 62 58 04<\/li>\n<li style=\"text-align: justify\"><strong>Acc\u00e8s\u00a0: <\/strong>m\u00e9tro ligne A arr\u00eat \u00ab\u00a0Jean Jaur\u00e8s\u00a0\u00bb<\/li>\n<li style=\"text-align: justify\"><strong>Mail\u00a0<\/strong>: <a href=\"&#109;a&#x69;l&#x74;o&#x3a;c&#x61;&#115;&#x74;&#101;l&#x6c;a&#x6e;e&#x68;o&#x74;e&#x6c;&#64;&#x77;&#97;n&#x61;d&#x6f;o&#x2e;f&#x72;\">c&#x61;&#x73;t&#x65;&#x6c;l&#x61;&#x6e;e&#104;&#x6f;t&#101;&#x6c;&#64;&#119;&#x61;n&#97;&#x64;oo&#x2e;&#x66;r<\/a><\/li>\n<li style=\"text-align: justify\"><strong>Site web<\/strong>\u00a0: <a href=\"http:\/\/www.castellanehotel.com\/site.php?langue=fr\">http:\/\/www.castellanehotel.com\/site.php?langue=fr<\/a><\/li>\n<\/ul>\n<p style=\"text-align: justify\"><strong>HOTEL OCCITANIA Centre Toulouse-Matabiau *** <\/strong>(ex-Phoenicia)<\/p>\n<ul>\n<li style=\"text-align: justify\"><strong>Adresse\u00a0:<\/strong> 7, boulevard Bonrepos (face \u00e0 la gare) \u2013 t\u00e9l. 05 61 63 81 63 \u2013 fax. 05 61 63 02 06<\/li>\n<li style=\"text-align: justify\"><strong>Acc\u00e8s\u00a0:<\/strong> m\u00e9tro Ligne A arr\u00eat \u00ab\u00a0Marengo \u2013 SNCF\u00a0\u00bb<\/li>\n<li style=\"text-align: justify\"><strong>Mail\u00a0:<\/strong> <a href=\"&#x6d;&#x61;&#x69;&#x6c;&#x74;&#x6f;&#x3a;&#97;&#108;&#105;enor&#46;e&#x73;&#x74;&#x72;&#x69;&#x65;&#x72;&#x40;&#x68;&#111;&#116;el-garo&#x6e;&#x6e;&#x65;&#x2e;&#x63;&#x6f;&#x6d;\">&#97;&#x6c;i&#x65;&#x6e;&#111;&#x72;&#46;&#x65;&#x73;&#116;&#x72;i&#x65;&#x72;&#64;&#x68;o&#x74;&#x65;&#108;&#x2d;g&#x61;&#x72;&#111;&#x6e;n&#x65;&#x2e;&#99;&#x6f;m<\/a> (Responsable commerciale)<\/li>\n<li style=\"text-align: justify\"><strong>Site web\u00a0:<\/strong> <a href=\"http:\/\/www.hotel-phoenicia-toulouse.com\/\">http:\/\/www.hotel-phoenicia-toulouse.com\/<\/a><\/li>\n<\/ul>\n<p style=\"text-align: justify\"><strong>HOTEL AU PERE LEON *** <\/strong><\/p>\n<ul>\n<li style=\"text-align: justify\"><strong>Adresse<\/strong>\u00a0: 2 place Esquirol \u2013 t\u00e9l. 05 61 21 70 39<\/li>\n<li style=\"text-align: justify\"><strong>Acc\u00e8s<\/strong> : m\u00e9tro ligne A arr\u00eat \u201cEsquirol\u201d<\/li>\n<li style=\"text-align: justify\"><strong>Mail :<\/strong> <a href=\"m&#97;&#x69;&#x6c;to&#x3a;&#x63;on&#116;&#x61;&#x63;t&#64;&#x70;&#x65;re&#x2d;&#x6c;eo&#110;&#x2e;&#x63;o&#109;\">&#x63;on&#x74;&#97;c&#x74;&#64;p&#x65;&#x72;e&#x2d;&#x6c;eo&#x6e;&#46;c&#x6f;&#109;<\/a><\/li>\n<li style=\"text-align: justify\"><strong>Site web :<\/strong> <a href=\"http:\/\/www.pere-leon.com\/\">http:\/\/www.pere-leon.com<\/a><\/li>\n<\/ul>\n<p style=\"text-align: justify\"><strong>HOTEL ROYAL WILSON ** <\/strong><\/p>\n<ul>\n<li style=\"text-align: justify\"><strong>Adresse<\/strong>\u00a0: 6 rue Labeda \u2013 t\u00e9l. 05 61 12 41 41 \u2013 fax 05 61 12 41 53<\/li>\n<li style=\"text-align: justify\"><strong>Acc\u00e8s<\/strong> : m\u00e9tro ligne A arr\u00eat \u201cCapitole\u201d ou \u201cJean Jaur\u00e8s\u201d<\/li>\n<li style=\"text-align: justify\"><strong>Mail :<\/strong> <a href=\"&#x6d;&#97;i&#x6c;&#x74;o:&#x72;&#x6f;ya&#x6c;&#119;i&#x6c;&#x73;&#111;n&#x68;&#x6f;te&#x6c;&#46;t&#x6f;&#x75;&#108;o&#x75;&#x73;e&#64;&#x77;&#97;na&#x64;&#111;o&#x2e;&#x66;r\">r&#111;&#x79;&#x61;lw&#x69;&#x6c;so&#110;&#x68;&#x6f;t&#101;&#x6c;&#x2e;to&#x75;&#x6c;ou&#115;&#x65;&#x40;w&#97;&#x6e;&#x61;do&#x6f;&#x2e;fr<\/a> ou <a href=\"&#x6d;&#x61;&#x69;&#x6c;&#116;o:co&#x6e;&#x74;&#x61;&#x63;&#116;&#64;hot&#x65;&#x6c;&#x72;&#x6f;&#121;alwi&#x6c;&#x73;&#x6f;&#x6e;&#45;toul&#x6f;&#x75;&#x73;&#x65;&#46;com\">&#x63;&#x6f;&#x6e;&#x74;&#x61;&#x63;&#x74;&#x40;&#x68;&#x6f;&#x74;&#x65;&#x6c;&#x72;&#111;&#121;&#97;&#108;&#119;&#105;lson-toulouse&#x2e;&#x63;&#x6f;&#x6d;<\/a><\/li>\n<\/ul>\n<p style=\"text-align: justify\"><strong>HOTEL OURS BLANC WILSON **** \u00a0 \u00a0 \u00a0 \u00a0 \u00a0 \u00a0 \u00a0 \u00a0 \u00a0 \u00a0 \u00a0 \u00a0 \u00a0 \u00a0 \u00a0 \u00a0 \u00a0 \u00a0 \u00a0 \u00a0 \u00a0 \u00a0 \u00a0 \u00a0 \u00a0 \u00a0 \u00a0 \u00a0 \u00a0 \u00a0 \u00a0 \u00a0 \u00a0 \u00a0 \u00a0 \u00a0 \u00a0 \u00a0 \u00a0 \u00a0 \u00a0 \u00a0 \u00a0 \u00a0 \u00a0 \u00a0 \u00a0 \u00a0 \u00a0 \u00a0 \u00a0 \u00a0 \u00a0 \u00a0 \u00a0 \u00a0 \u00a0 \u00a0 \u00a0 \u00a0 \u00a0 \u00a0 \u00a0 \u00a0 \u00a0 \u00a0 \u00a0 \u00a0 \u00a0 \u00a0 \u00a0 \u00a0 \u00a0 \u00a0 \u00a0 \u00a0 \u00a0 \u00a0 \u00a0 \u00a0 \u00a0 \u00a0 \u00a0 \u00a0 \u00a0 \u00a0 \u00a0 \u00a0 \u00a0 \u00a0 \u00a0 \u00a0 \u00a0 \u00a0 \u00a0 \u00a0 \u00a0 \u00a0 \u00a0 \u00a0 \u00a0 \u00a0 \u00a0 \u00a0 \u00a0 \u00a0 \u00a0 \u00a0 \u00a0 \u00a0 \u00a0 \u00a0 \u00a0 \u00a0 \u00a0 \u00a0 \u00a0 \u00a0 \u00a0 \u00a0 \u00a0 \u00a0 \u00a0 \u00a0 \u00a0 \u00a0 \u00a0 \u00a0 \u00a0 \u00a0 \u00a0 \u00a0 \u00a0 \u00a0 \u00a0 \u00a0 \u00a0 \u00a0 \u00a0 \u00a0 \u00a0 \u00a0 \u00a0 \u00a0 \u00a0 \u00a0 \u00a0\u00a0<\/strong><\/p>\n<ul>\n<li style=\"text-align: justify\"><strong>Adresse\u00a0:<\/strong> 2 rue Victor Hubo\u00a0 \u2013 t\u00e9l. 05 61 21 62 40 \u2013 fax. 05 61 23 62 34<\/li>\n<li style=\"text-align: justify\"><strong>Acc\u00e8s\u00a0:<\/strong> m\u00e9tro Ligne A arr\u00eat \u00ab\u00a0Capitole\u00a0\u00bb<\/li>\n<li style=\"text-align: justify\"><strong>Mail\u00a0:<\/strong> <a href=\"&#x6d;&#x61;&#x69;&#x6c;&#116;&#111;:wils&#x6f;&#x6e;&#x40;&#x68;&#x6f;&#116;el-ou&#x72;&#x73;&#x62;&#x6c;&#x61;&#110;c&#46;com\">&#x77;&#105;ls&#x6f;&#x6e;&#64;h&#x6f;&#x74;&#101;l-&#x6f;&#117;rs&#x62;&#x6c;&#97;n&#x63;&#x2e;&#99;om<\/a><\/li>\n<\/ul>\n<p style=\"text-align: justify\"><strong>HOTEL DU TAUR **\u00a0 <\/strong><\/p>\n<ul>\n<li style=\"text-align: justify\"><strong><em>\u00a0<\/em><\/strong><strong>Adresse\u00a0:<\/strong>\u00a0 2, rue du Taur \u2013 tel. 05 61 21 17 54 \u2013 fax. 05 61 13 78 41<\/li>\n<li style=\"text-align: justify\"><strong>Acc\u00e8s :<\/strong> m\u00e9tro ligne A arr\u00eat \u201cCapitole\u201d<\/li>\n<li style=\"text-align: justify\"><strong>Mail : <\/strong><a href=\"ma&#105;&#x6c;&#x74;o:&#99;&#x6f;&#x6e;&#x74;ac&#116;&#x40;&#x68;ot&#101;&#x6c;&#x2d;&#x64;ut&#97;&#x75;&#x72;&#46;c&#111;&#x6d;\">&#x68;&#x6f;&#x74;&#x65;&#x6c;&#x64;&#x75;&#x74;&#x61;&#x75;&#x72;&#x40;&#x77;&#x61;&#x6e;&#x61;&#x64;&#x6f;&#x6f;&#x2e;&#x66;&#x72;<\/a><\/li>\n<li style=\"text-align: justify\"><strong>Site web :<\/strong> <a href=\"http:\/\/www.hotel-du-taur.com\/index.htm\">http:\/\/www.hotel-du-taur.com\/index.htm<\/a><\/li>\n<\/ul>\n<p style=\"text-align: justify\"><strong>HOTEL IBIS STYLES *** <\/strong><em>(ex-TERMINUS)<\/em><\/p>\n<ul>\n<li style=\"text-align: justify\"><strong>Adresse\u00a0: <\/strong>13, boulevard Bonrepos (face \u00e0 la gare) \u2013 t\u00e9l. 05 61 62 44 78 \u2013 fax. 05 61 63 18 06<\/li>\n<li style=\"text-align: justify\"><strong>Acc\u00e8s\u00a0<\/strong>: m\u00e9tro Ligne A arr\u00eat \u00ab\u00a0Marengo \u2013 SNCF\u00a0\u00bb<\/li>\n<li style=\"text-align: justify\"><strong>Mail\u00a0: <\/strong><a href=\"mailto:&#99;&#111;&#110;&#116;&#x61;&#x63;&#x74;&#x40;&#x68;&#x6f;&#x74;&#x65;&#x6c;-toulou&#115;&#101;&#45;&#102;&#x72;&#x61;&#x6e;&#x63;&#x65;&#x2e;&#x63;&#x6f;&#x6d;\">&#x63;on&#x74;&#97;c&#x74;&#64;h&#x6f;&#116;e&#x6c;&#45;t&#x6f;&#x75;l&#x6f;&#x75;s&#x65;&#x2d;f&#x72;&#x61;nc&#x65;&#46;c&#x6f;&#109;<\/a><\/li>\n<li style=\"text-align: justify\"><strong>Site web\u00a0: <\/strong><a href=\"http:\/\/www.accorhotels.com\/fr\/hotel-8481-ibis-styles-toulouse-gare-centre-matabiau\/index.shtml\">http:\/\/www.accorhotels.com\/fr\/hotel-8481-ibis-styles-toulouse-gare-centre-matabiau\/index.shtml<\/a><\/li>\n<\/ul>\n<p style=\"text-align: justify\"><strong>HOTEL BEST WESTERN ATHENEE ***\u00a0 <\/strong><\/p>\n<ul>\n<li style=\"text-align: justify\"><strong>Adresse\u00a0:<\/strong> 1 bis rue Matabiau\u00a0 \u2013 t\u00e9l. 05 61 63 10 63 \u2013 fax. 05 61 63 87 80<\/li>\n<li style=\"text-align: justify\"><strong>Acc\u00e8s\u00a0:<\/strong> m\u00e9tro Ligne B arr\u00eat \u00ab\u00a0Jeanne d\u2019Arc\u00a0\u00bb<\/li>\n<li style=\"text-align: justify\"><strong>Mail\u00a0:<\/strong> <a href=\"mailto:&#99;&#111;&#110;&#116;&#x61;&#x63;&#x74;&#x40;&#x68;&#x6f;&#x74;&#x65;&#x6c;-toulou&#115;&#101;&#45;&#97;&#x74;&#x68;&#x65;&#x6e;&#x65;&#x65;&#x2e;&#x63;&#x6f;m\">&#x63;&#x6f;&#x6e;&#x74;&#x61;&#x63;&#x74;&#x40;&#x68;&#x6f;&#x74;&#101;&#108;&#45;&#116;oulouse-a&#x74;&#x68;&#x65;&#x6e;&#x65;&#x65;&#x2e;&#x63;&#x6f;&#x6d;<\/a><\/li>\n<li style=\"text-align: justify\"><strong>Site web\u00a0: <\/strong><a href=\"http:\/\/www.hotel-toulouse-athenee.com\/\">http:\/\/www.hotel-toulouse-athenee.com\/<\/a><\/li>\n<\/ul>\n<\/div>\n","protected":false},"excerpt":{"rendered":"<p>Quelques informations sur Toulouse et la r\u00e9gion Occitanie Le centre-ville de Toulouse est en partie pi\u00e9ton et offre une grande vari\u00e9t\u00e9 d\u2019h\u00f4tels, de restaurants et de bars. Capitole, Jean Jaur\u00e8s, Jeanne d\u2019Arc, Esquirol et Carmes sont quelques stations de m\u00e9tro qui desservent le centre-ville. Malheureusement, il n\u2019y a pas d\u2019h\u00e9bergement ni de restaurant de qualit\u00e9 [&hellip;]<\/p>\n","protected":false},"author":716,"featured_media":0,"parent":209,"menu_order":3,"comment_status":"closed","ping_status":"closed","template":"","meta":{"footnotes":""},"class_list":["post-222","page","type-page","status-publish","hentry"],"_links":{"self":[{"href":"https:\/\/blogs.univ-tlse2.fr\/real2-2020\/wp-json\/wp\/v2\/pages\/222","targetHints":{"allow":["GET"]}}],"collection":[{"href":"https:\/\/blogs.univ-tlse2.fr\/real2-2020\/wp-json\/wp\/v2\/pages"}],"about":[{"href":"https:\/\/blogs.univ-tlse2.fr\/real2-2020\/wp-json\/wp\/v2\/types\/page"}],"author":[{"embeddable":true,"href":"https:\/\/blogs.univ-tlse2.fr\/real2-2020\/wp-json\/wp\/v2\/users\/716"}],"replies":[{"embeddable":true,"href":"https:\/\/blogs.univ-tlse2.fr\/real2-2020\/wp-json\/wp\/v2\/comments?post=222"}],"version-history":[{"count":3,"href":"https:\/\/blogs.univ-tlse2.fr\/real2-2020\/wp-json\/wp\/v2\/pages\/222\/revisions"}],"predecessor-version":[{"id":232,"href":"https:\/\/blogs.univ-tlse2.fr\/real2-2020\/wp-json\/wp\/v2\/pages\/222\/revisions\/232"}],"up":[{"embeddable":true,"href":"https:\/\/blogs.univ-tlse2.fr\/real2-2020\/wp-json\/wp\/v2\/pages\/209"}],"wp:attachment":[{"href":"https:\/\/blogs.univ-tlse2.fr\/real2-2020\/wp-json\/wp\/v2\/media?parent=222"}],"curies":[{"name":"wp","href":"https:\/\/api.w.org\/{rel}","templated":true}]}}