 {"id":269,"date":"2019-11-08T15:10:51","date_gmt":"2019-11-08T14:10:51","guid":{"rendered":"https:\/\/blogs.univ-tlse2.fr\/real2-2020\/?page_id=269"},"modified":"2021-05-18T10:28:00","modified_gmt":"2021-05-18T08:28:00","slug":"comite-dorganisation","status":"publish","type":"page","link":"https:\/\/blogs.univ-tlse2.fr\/real2-2020\/accueil\/comite-dorganisation\/","title":{"rendered":"Comit\u00e9s"},"content":{"rendered":"<p style=\"text-align: center\"><strong><span style=\"color: #008000\">Organis\u00e9 par le laboratoire U.R.I. Octogone-Lordat \u00e0 l&rsquo;Universit\u00e9 Toulouse 2 <\/span><br \/><\/strong><\/p>\r\n<p><strong>Comit\u00e9 Scientifique<\/strong><\/p>\r\n<p>Malin \u00c5gren, Lund University<\/p>\r\n<p>Mehmet-Ali Akinci, Universit\u00e9 de Rouen<\/p>\r\n<p>Charlotte Alazard-Guiu, Universit\u00e9 Toulouse Jean Jaur\u00e8s<\/p>\r\n<p>Tatiana Aleksandrova, Universit\u00e9 Grenoble Alpes<\/p>\r\n<p>Encarnacion Arroyo, Universit\u00e9 Toulouse Jean Jaur\u00e8s<\/p>\r\n<p>Arnaud Arslangul, Institut National des Langues et Civilisations Orientales<\/p>\r\n<p>Corine Ast\u00e9sano, Universit\u00e9 Toulouse Jean Jaur\u00e8s<\/p>\r\n<p>Lorraine Baqu\u00e9, Universitat Aut\u00f2noma de Barcelona<\/p>\r\n<p>Bene Bassetti, University of Birmingham<\/p>\r\n<p>Sandra Benazzo, Universit\u00e9 Paris 8<\/p>\r\n<p>Alba Bordetas, Universit\u00e9 Toulouse Jean Jaur\u00e8s<\/p>\r\n<p>Catherine Cohen, INSP\u00c9, Universit\u00e9 Lyon I &#8211; Claude Bernard<\/p>\r\n<p>Saveria Colonna, Universit\u00e9 Paris 8<\/p>\r\n<p>Marie-Ange Dat, Universit\u00e9 de Nantes<\/p>\r\n<p>Catherine David, Aix-Marseille Universit\u00e9<\/p>\r\n<p>Gessica de Angelis, Trinity College Dublin<\/p>\r\n<p>Annie-Claude Demagny, Laboratoire Structures Formelles du Langage<\/p>\r\n<p>Sylvain Detey, Waseda University<\/p>\r\n<p>Christine Dimroth, Universit\u00e4t M\u00fcnster<\/p>\r\n<p>Amanda Edmonds, Universit\u00e9 Paul Val\u00e9ry<\/p>\r\n<p>Sarra El Ayari, CNRS, Laboratoire Structures Formelles du Langage<\/p>\r\n<p>Anika Falkert, Universit\u00e9 d&rsquo;Avignon<\/p>\r\n<p>Brigitte Garcia, Universit\u00e9 Paris 8<\/p>\r\n<p>Cyrille Granget, Universit\u00e9 de Nantes<\/p>\r\n<p>Cecilia Gunnarsson, Universit\u00e9 Toulouse Jean Jaur\u00e8s<\/p>\r\n<p>Heather Hilton, Universit\u00e9 Claude Bernard &#8211; Lyon II<\/p>\r\n<p>C\u00e9line Horgues, Universit\u00e9 Sorbonne Nouvelle Paris 3<\/p>\r\n<p>Martin Howard, University College Cork<\/p>\r\n<p>Maria\u00a0 Kihlstedt, Universit\u00e9 Paris 10<\/p>\r\n<p>Greta Komur-Thilloy, Universit\u00e9 de Haute Alsace<\/p>\r\n<p>Barbara K\u00f6pke , Universit\u00e9 Toulouse Jean Jaur\u00e8s<\/p>\r\n<p>Emmanuelle Labeau, Aston University<\/p>\r\n<p>Mohamed Lahrouchi, Universit\u00e9 Paris 8, Paris<\/p>\r\n<p>Pascale Leclercq, Universit\u00e9 Paul-Val\u00e9ry<\/p>\r\n<p>Ewa Lenart, Universit\u00e9 Paris 8<\/p>\r\n<p>Vanda Marijanovic, Universit\u00e9 Toulouse Jean Jaur\u00e8s<\/p>\r\n<p>Emilie Massa, Universit\u00e9 Toulouse Jean Jaur\u00e8s<\/p>\r\n<p>Kevin Mcmanus, Penn State University<\/p>\r\n<p>Rosamond Mitchell, University of Southampton<\/p>\r\n<p>Florence Myles, University of Essex<\/p>\r\n<p>Olivier Nocaudie, Universit\u00e9 Toulouse Jean Jaur\u00e8s<\/p>\r\n<p>Aneta Pavlenko, Oslo University<\/p>\r\n<p>Marie Perini, Universit\u00e9 Paris 8<\/p>\r\n<p>Isabelle Racine, Universit\u00e9 de Gen\u00e8ve<\/p>\r\n<p>Rebekah Rast, American University of Paris<\/p>\r\n<p>In\u00e8s Saddour, Universit\u00e9 Toulouse Jean Jaur\u00e8s<\/p>\r\n<p>Halima Sahraoui, Universit\u00e9 Toulouse Jean Jaur\u00e8s<\/p>\r\n<p>Claire Saillard, Universit\u00e9 Paris Diderot<\/p>\r\n<p>Marie-Anne Sallandra, Universit\u00e9 Paris 8, Paris<\/p>\r\n<p>Fabian Santiago, Universit\u00e9 Paris 8<\/p>\r\n<p>Clara Solier, Universit\u00e9 Toulouse Jean Jaur\u00e8s<\/p>\r\n<p>Frida Splendido, Lund University<\/p>\r\n<p>Marianne Starren, Radboud Universiteit<\/p>\r\n<p>Olga Theophanous, Universit\u00e9 Toulouse Jean Jaur\u00e8s<\/p>\r\n<p>Anita Thomas, Fribourg University<\/p>\r\n<p>Pascale Tr\u00e9visiol, Universit\u00e9 Sorbonne Nouvelle Paris 3<\/p>\r\n<p>Henry\u00a0 Tyne, Universit\u00e9 de Perpignan<\/p>\r\n<p>Daniel\u00a0 V\u00e9ronique, Laboratoire Parole et Langage, Marseille<\/p>\r\n<p>Sophie Wauquier, Universit\u00e9 Paris 8<\/p>\r\n<p>Shona\u00a0 Whyte, Universit\u00e9 Nice Sophia Antipolis<\/p>\r\n<p><strong>Comit\u00e9 d&rsquo;Organisation<\/strong><\/p>\r\n<p class=\"has-text-color\" style=\"color: #99b5a7;text-align: justify\"><span style=\"color: #000000\"><a style=\"color: #000000\" href=\"&#x63;&#104;a&#x72;&#x6c;&#111;t&#x74;&#x65;&#46;a&#x6c;&#x61;&#122;a&#x72;&#x64;&#64;u&#x6e;&#x69;&#118;-&#x74;&#x6c;&#115;e&#x32;&#x2e;&#102;r\">Charlotte Alazard-Guiu<\/a><br \/><\/span><span style=\"color: #000000\"><a style=\"color: #000000\" href=\"http:&#x2f;\/&#x61;&#x72;r&#x6f;&#x79;o&#x2e;&#x65;n&#x63;&#x61;r&#x6e;&#x69;&#64;&#x67;&#109;a&#x69;&#108;&#46;&#x63;&#111;m\">Encarnaci\u00f3n Arroyo <\/a><br \/><a style=\"color: #000000\" href=\"&#98;o&#x72;d&#x65;t&#x61;&#115;&#x40;&#117;n&#x69;v&#x2d;t&#x6c;s&#x65;&#50;&#x2e;&#102;r\">Alba Bordetas Bonilla<\/a><br \/><a style=\"color: #000000\" href=\"http:\/&#x2f;n&#111;&#x75;r&#46;&#x65;z&#x7a;&#x65;d&#x64;i&#110;&#x65;&#64;&#117;&#x6e;i&#x76;&#x2d;t&#x6c;&#x73;e&#x32;&#46;&#102;&#x72;\">Nour Ezzeddine<\/a><br \/><a style=\"color: #000000\" href=\"http:\/&#x2f;g&#117;&#x6e;n&#97;&#x72;s&#x40;&#x75;n&#x69;v&#45;&#x74;l&#115;&#x65;2&#x2e;&#x66;r\">Cecilia Gunnarsson<\/a><br \/><a style=\"color: #000000\" href=\"http:\/&#47;&#x76;&#x61;nd&#97;&#x2e;&#x6d;a&#114;&#x69;&#x6a;an&#111;&#x76;&#x69;c&#64;&#x75;&#x6e;iv&#45;&#x74;&#x6c;se&#x32;&#x2e;fr\">Vanda Marijanovic<\/a><br \/><a style=\"color: #000000\" href=\"http:&#x2f;&#x2f;&#x69;&#x6e;&#x65;&#x73;&#x2e;&#x73;&#x61;&#x64;&#x64;&#x6f;&#x75;&#x72;&#x40;&#x75;&#x6e;&#x69;&#x76;&#x2d;&#x74;&#x6c;&#115;&#101;&#50;&#46;&#102;&#114;\">In\u00e8s Saddour<\/a><br \/><a style=\"color: #000000\" href=\"http:\/\/&#99;&#x6c;&#x61;&#x72;a&#46;&#115;&#x6f;&#x6c;&#x69;er&#64;&#x75;&#x6e;&#x69;v-t&#108;&#x73;&#x65;&#x32;&#46;f&#114;\">Clara Solier<\/a><br \/><a style=\"color: #000000\" href=\"o&#x6c;g&#97;&#x2e;t&#x68;&#x65;o&#x70;h&#97;&#x6e;o&#117;&#x73;&#64;&#x75;n&#105;&#x76;-&#116;&#x6c;s&#x65;&#x32;&#46;&#x66;r\">Olga Th\u00e9ophanous<\/a><br \/><a style=\"color: #000000\" href=\"&#101;&#x6b;&#97;&#x74;&#101;&#x72;&#105;&#x6e;&#97;&#x2e;&#116;&#x69;&#117;&#x6c;&#107;&#x6f;&#118;&#x61;&#64;&#x75;&#110;&#x69;&#118;&#x2d;&#116;&#x6c;&#115;&#x65;&#50;&#x2e;&#102;&#x72;\">Ekaterina Tiulkova<\/a><br \/><a href=\"cyrille&#46;granget&#64;univ-tlse2&#46;fr\">Cyrille Granget<\/a><br \/><a href=\"&#x62;&#x61;&#114;b&#x61;&#x72;&#x61;&#46;k&#x6f;&#x70;&#x6b;&#101;&#64;&#x75;&#x6e;&#x69;&#118;-&#x74;&#x6c;&#x73;&#101;2&#x2e;&#x66;&#x72;\">Barbara K\u00f6pke<\/a><br \/><a href=\"l&#x75;&#x63;i&#101;&#x2e;c&#101;&#x63;&#x63;o&#x6e;&#x2d;m&#97;&#x72;t&#105;&#x6e;&#x65;a&#x75;&#x40;u&#110;&#x69;v&#45;&#x74;&#x6c;s&#x65;&#x32;&#46;&#102;&#x72;\">Lucie Judkins<\/a><\/span><\/p>\r\n<p class=\"has-text-color\" style=\"color: #99b5a7;text-align: justify\"><span style=\"color: #000000\"><a style=\"color: #000000\" href=\"charlo&#116;&#116;&#101;&#x2e;&#x61;&#x6c;&#x61;&#x7a;&#x61;&#x72;d&#64;univ-&#116;&#108;&#x73;&#x65;&#x32;&#x2e;&#x66;&#x72;\"><!-- \/wp:post-content -->\r\n\r\n<!-- wp:paragraph --><\/a><\/span><\/p>\r\n<p><span style=\"color: #000000\"><a style=\"color: #000000\" href=\"ch&#x61;&#x72;&#x6c;ot&#116;&#x65;&#x2e;al&#97;&#x7a;&#x61;rd&#64;&#x75;&#x6e;&#x69;v-&#x74;&#x6c;&#x73;e2&#46;&#x66;&#x72;\"><!-- \/wp:paragraph -->\r\n\r\n<!-- wp:paragraph --><\/a><\/span><\/p>\r\n<p style=\"text-align: justify\">\u00a0<\/p>","protected":false},"excerpt":{"rendered":"<p>Organis\u00e9 par le laboratoire U.R.I. Octogone-Lordat \u00e0 l&rsquo;Universit\u00e9 Toulouse 2 Comit\u00e9 Scientifique Malin \u00c5gren, Lund University Mehmet-Ali Akinci, Universit\u00e9 de Rouen Charlotte Alazard-Guiu, Universit\u00e9 Toulouse Jean Jaur\u00e8s Tatiana Aleksandrova, Universit\u00e9 Grenoble Alpes Encarnacion Arroyo, Universit\u00e9 Toulouse Jean Jaur\u00e8s Arnaud Arslangul, Institut National des Langues et Civilisations Orientales Corine Ast\u00e9sano, Universit\u00e9 Toulouse Jean Jaur\u00e8s Lorraine Baqu\u00e9, [&hellip;]<\/p>\n","protected":false},"author":716,"featured_media":0,"parent":129,"menu_order":3,"comment_status":"closed","ping_status":"closed","template":"","meta":{"footnotes":""},"class_list":["post-269","page","type-page","status-publish","hentry"],"_links":{"self":[{"href":"https:\/\/blogs.univ-tlse2.fr\/real2-2020\/wp-json\/wp\/v2\/pages\/269","targetHints":{"allow":["GET"]}}],"collection":[{"href":"https:\/\/blogs.univ-tlse2.fr\/real2-2020\/wp-json\/wp\/v2\/pages"}],"about":[{"href":"https:\/\/blogs.univ-tlse2.fr\/real2-2020\/wp-json\/wp\/v2\/types\/page"}],"author":[{"embeddable":true,"href":"https:\/\/blogs.univ-tlse2.fr\/real2-2020\/wp-json\/wp\/v2\/users\/716"}],"replies":[{"embeddable":true,"href":"https:\/\/blogs.univ-tlse2.fr\/real2-2020\/wp-json\/wp\/v2\/comments?post=269"}],"version-history":[{"count":10,"href":"https:\/\/blogs.univ-tlse2.fr\/real2-2020\/wp-json\/wp\/v2\/pages\/269\/revisions"}],"predecessor-version":[{"id":395,"href":"https:\/\/blogs.univ-tlse2.fr\/real2-2020\/wp-json\/wp\/v2\/pages\/269\/revisions\/395"}],"up":[{"embeddable":true,"href":"https:\/\/blogs.univ-tlse2.fr\/real2-2020\/wp-json\/wp\/v2\/pages\/129"}],"wp:attachment":[{"href":"https:\/\/blogs.univ-tlse2.fr\/real2-2020\/wp-json\/wp\/v2\/media?parent=269"}],"curies":[{"name":"wp","href":"https:\/\/api.w.org\/{rel}","templated":true}]}}