 {"id":459,"date":"2021-06-08T08:50:13","date_gmt":"2021-06-08T06:50:13","guid":{"rendered":"https:\/\/blogs.univ-tlse2.fr\/real2-2020\/?page_id=459"},"modified":"2021-07-02T16:09:49","modified_gmt":"2021-07-02T14:09:49","slug":"programme","status":"publish","type":"page","link":"https:\/\/blogs.univ-tlse2.fr\/real2-2020\/programme\/","title":{"rendered":"Programme"},"content":{"rendered":"<h6 style=\"text-align: justify\">Vous pouvez t\u00e9l\u00e9charger la version finale\u00a0du programme du colloque <a href=\"https:\/\/drive.google.com\/file\/d\/1ZpWikpqLHNA-yI3sAI5ATkIQSoy8bCT2\/view?usp=sharing\">programme-r\u00e9al2-2021-<\/a>et des r\u00e9sum\u00e9s des pr\u00e9sentations <a href=\"https:\/\/drive.google.com\/file\/d\/1WFmJPMNUXeqW-r32LLXfgp3bs6mfWBRs\/view?usp=sharing\">ici<\/a>.<\/h6>\n<p>&nbsp;<\/p>\n<p>&nbsp;<\/p>\n","protected":false},"excerpt":{"rendered":"<p>Vous pouvez t\u00e9l\u00e9charger la version finale\u00a0du programme du colloque programme-r\u00e9al2-2021-et des r\u00e9sum\u00e9s des pr\u00e9sentations ici. &nbsp; &nbsp;<\/p>\n","protected":false},"author":716,"featured_media":0,"parent":0,"menu_order":3,"comment_status":"closed","ping_status":"closed","template":"","meta":{"footnotes":""},"class_list":["post-459","page","type-page","status-publish","hentry"],"_links":{"self":[{"href":"https:\/\/blogs.univ-tlse2.fr\/real2-2020\/wp-json\/wp\/v2\/pages\/459","targetHints":{"allow":["GET"]}}],"collection":[{"href":"https:\/\/blogs.univ-tlse2.fr\/real2-2020\/wp-json\/wp\/v2\/pages"}],"about":[{"href":"https:\/\/blogs.univ-tlse2.fr\/real2-2020\/wp-json\/wp\/v2\/types\/page"}],"author":[{"embeddable":true,"href":"https:\/\/blogs.univ-tlse2.fr\/real2-2020\/wp-json\/wp\/v2\/users\/716"}],"replies":[{"embeddable":true,"href":"https:\/\/blogs.univ-tlse2.fr\/real2-2020\/wp-json\/wp\/v2\/comments?post=459"}],"version-history":[{"count":21,"href":"https:\/\/blogs.univ-tlse2.fr\/real2-2020\/wp-json\/wp\/v2\/pages\/459\/revisions"}],"predecessor-version":[{"id":556,"href":"https:\/\/blogs.univ-tlse2.fr\/real2-2020\/wp-json\/wp\/v2\/pages\/459\/revisions\/556"}],"wp:attachment":[{"href":"https:\/\/blogs.univ-tlse2.fr\/real2-2020\/wp-json\/wp\/v2\/media?parent=459"}],"curies":[{"name":"wp","href":"https:\/\/api.w.org\/{rel}","templated":true}]}}