 {"id":11,"date":"2021-03-19T15:06:07","date_gmt":"2021-03-19T14:06:07","guid":{"rendered":"https:\/\/blogs.univ-tlse2.fr\/recherchedpi\/?page_id=11"},"modified":"2021-03-19T18:26:59","modified_gmt":"2021-03-19T17:26:59","slug":"est-ce-que-je-peux-participer","status":"publish","type":"page","link":"https:\/\/blogs.univ-tlse2.fr\/recherchedpi\/est-ce-que-je-peux-participer\/","title":{"rendered":"Est-ce que je peux participer ?"},"content":{"rendered":"\n<p>Rendez-vous sur la page <a href=\"https:\/\/blogs.univ-tlse2.fr\/recherchedpi\/methodologie\/\" data-type=\"URL\" data-id=\"https:\/\/blogs.univ-tlse2.fr\/recherchedpi\/methodologie\/\">M\u00e9thodologie <\/a>pour en savoir plus sur la mani\u00e8re dont vous seriez impliqu\u00e9.e. <\/p>\n\n\n\n<p>Pour participer, vous devrez pouvoir r\u00e9pondre oui aux questions suivantes : <\/p>\n\n\n\n<ul class=\"wp-block-list\"><li>Je suis inscrit.e, en cours d&rsquo;inclusion, ayant fini ou ayant \u00e9t\u00e9 refus\u00e9.e d&rsquo;un parcours de DPI<\/li><li>Je suis majeur.e<\/li><\/ul>\n\n\n\n<p>Pour les professionnel.les : <\/p>\n\n\n\n<ul class=\"wp-block-list\"><li>Je suis en contact avec des patient.es inscrit.es ou en vu d&rsquo;\u00eatre inscrit.es dans un parcours de DPI<\/li><\/ul>\n\n\n\n<p><strong>Si vos r\u00e9ponses \u00e0 chacune de ces questions est oui<\/strong>, alors votre participation est bienvenue. <a href=\"m&#x61;i&#108;&#x74;o&#x3a;a&#110;&#x6e;e&#x2d;&#x73;o&#x70;h&#105;&#x65;&#46;&#x67;&#x69;r&#x61;u&#100;&#x40;u&#x6e;i&#118;&#x2d;t&#108;&#x73;e&#x32;&#46;&#102;&#x72;\">Contactez-nous directement<\/a>. Tous les points de vue et toutes les exp\u00e9riences sont enrichissants pour le travail men\u00e9. N&rsquo;h\u00e9sitez donc pas ! <\/p>\n\n\n\n<p><strong>Si l&rsquo;une de vos r\u00e9ponses est non<\/strong>, nous ne pouvons pas malheureusement pas vous inclure dans l&rsquo;enqu\u00eate. N\u00e9anmoins, si vous souhaitez partager quelque chose ou bien vous n&rsquo;\u00eates pas s\u00fbr.e, n&rsquo;h\u00e9sitez pas \u00e0 <a href=\"a&#x6e;&#x6e;e&#x2d;&#x73;o&#x70;&#x68;i&#x65;&#x2e;g&#x69;&#x72;a&#x75;&#x64;&#64;&#x75;&#x6e;i&#x76;&#x2d;t&#x6c;&#x73;e&#x32;&#x2e;f&#x72;\">nous <\/a><a href=\"&#x6d;&#x61;il&#x74;&#x6f;&#58;an&#x6e;&#x65;-s&#x6f;&#x70;&#104;ie&#x2e;&#x67;ir&#x61;&#x75;&#100;&#64;u&#x6e;&#x69;&#118;-&#x74;&#x6c;&#115;e2&#x2e;&#x66;&#114;\">contacter<\/a>. <\/p>\n","protected":false},"excerpt":{"rendered":"<p>Rendez-vous sur la page M\u00e9thodologie pour en savoir plus sur la mani\u00e8re dont vous seriez impliqu\u00e9.e. Pour participer, vous devrez pouvoir r\u00e9pondre oui aux questions suivantes : Je suis inscrit.e, en cours d&rsquo;inclusion, ayant fini ou ayant \u00e9t\u00e9 refus\u00e9.e d&rsquo;un parcours de DPI Je suis majeur.e Pour les professionnel.les : Je suis en contact avec [&hellip;]<\/p>\n","protected":false},"author":965,"featured_media":0,"parent":0,"menu_order":0,"comment_status":"closed","ping_status":"closed","template":"","meta":{"footnotes":""},"class_list":["post-11","page","type-page","status-publish","hentry"],"_links":{"self":[{"href":"https:\/\/blogs.univ-tlse2.fr\/recherchedpi\/wp-json\/wp\/v2\/pages\/11","targetHints":{"allow":["GET"]}}],"collection":[{"href":"https:\/\/blogs.univ-tlse2.fr\/recherchedpi\/wp-json\/wp\/v2\/pages"}],"about":[{"href":"https:\/\/blogs.univ-tlse2.fr\/recherchedpi\/wp-json\/wp\/v2\/types\/page"}],"author":[{"embeddable":true,"href":"https:\/\/blogs.univ-tlse2.fr\/recherchedpi\/wp-json\/wp\/v2\/users\/965"}],"replies":[{"embeddable":true,"href":"https:\/\/blogs.univ-tlse2.fr\/recherchedpi\/wp-json\/wp\/v2\/comments?post=11"}],"version-history":[{"count":6,"href":"https:\/\/blogs.univ-tlse2.fr\/recherchedpi\/wp-json\/wp\/v2\/pages\/11\/revisions"}],"predecessor-version":[{"id":82,"href":"https:\/\/blogs.univ-tlse2.fr\/recherchedpi\/wp-json\/wp\/v2\/pages\/11\/revisions\/82"}],"wp:attachment":[{"href":"https:\/\/blogs.univ-tlse2.fr\/recherchedpi\/wp-json\/wp\/v2\/media?parent=11"}],"curies":[{"name":"wp","href":"https:\/\/api.w.org\/{rel}","templated":true}]}}