 {"id":12,"date":"2021-03-19T15:06:07","date_gmt":"2021-03-19T14:06:07","guid":{"rendered":"https:\/\/blogs.univ-tlse2.fr\/recherchedpi\/?page_id=12"},"modified":"2021-03-19T17:07:42","modified_gmt":"2021-03-19T16:07:42","slug":"ethique","status":"publish","type":"page","link":"https:\/\/blogs.univ-tlse2.fr\/recherchedpi\/ethique\/","title":{"rendered":"Ethique"},"content":{"rendered":"\n<h2 class=\"wp-block-heading\">Quels sont vos droits ?<\/h2>\n\n\n\n<p>Vous pouvez refuser de participer \u00e0 cette recherche sans avoir \u00e0 vous justifier. De m\u00eame, vous pouvez vous retirer \u00e0 tout moment de l&rsquo;entretien sans justification, sans cons\u00e9quence sur la suite de votre traitement ni la qualit\u00e9 des soins qui vous seront fournis. <\/p>\n\n\n\n<p>Vous pouvez acc\u00e9der \u00e0 l&rsquo;entretien qui sera r\u00e9alis\u00e9 (enregistrement, retranscription) \u00e0 tout moment. Vous pouvez obtenir les r\u00e9sultats \u00e0 l\u2019issue de l&rsquo;enqu\u00eate si vous le d\u00e9sirez. <\/p>\n\n\n\n<hr class=\"wp-block-separator\" \/>\n\n\n\n<h2 class=\"wp-block-heading\">Comment les donn\u00e9es vous concernant sont-elles trait\u00e9es ?<\/h2>\n\n\n\n<p>Cette recherche est conforme au RGPD (R\u00e8glement g\u00e9n\u00e9ral sur la protection des donn\u00e9es). <\/p>\n\n\n\n<p>Conform\u00e9ment aux dispositions de loi relative \u00e0 l&rsquo;informatique et aux libert\u00e9s (loi n\u00b078-17 du 6 janvier 1978 modifi\u00e9e par la loi n\u00b02004-801 du 6 ao\u00fbt 2004), vous disposez d&rsquo;un droit d&rsquo;acc\u00e8s, de rectifications et d&rsquo;oppositions relatif au traitement de vos donn\u00e9es personnelles. Ces droits s&rsquo;exercent aupr\u00e8s d&rsquo;Anne-Sophie Giraud. <\/p>\n\n\n\n<p>Ce projet a re\u00e7u un avis favorable du CEEI\/IRB de l&rsquo;Inserm (IRB00003888) le 4 f\u00e9vrier 2020. <\/p>\n\n\n\n<p>Si vous d\u00e9sirez \u00eatre inform\u00e9.e des r\u00e9sultats de l&rsquo;enqu\u00eate, veuillez le manifester aupr\u00e8s d&rsquo;Anne-Sophie Giraud lors de l&rsquo;entretien. Vous pourrez \u00e9galement demander ult\u00e9rieurement les r\u00e9sultats de l&rsquo;enqu\u00eate en contactant directement <a href=\"&#x6d;&#97;i&#x6c;&#116;o&#x3a;&#x61;n&#x6e;&#x65;&#45;s&#x6f;&#112;h&#x69;&#x65;&#46;&#x67;&#x69;&#114;a&#x75;&#100;&#64;&#x75;&#x6e;i&#x76;&#x2d;&#116;l&#x73;&#101;2&#x2e;&#x66;r\">Anne-Sophie Giraud<\/a>. <\/p>\n\n\n\n<hr class=\"wp-block-separator\" \/>\n\n\n\n<h2 class=\"wp-block-heading\">Non-discrimination<\/h2>\n\n\n\n<p>Aucune discrimination ne sera faite sur la base de la race, de la couleur, du handicap, du genre, de l&rsquo;orientation sexuelle, de la religion ou des opinions politiques. <\/p>\n","protected":false},"excerpt":{"rendered":"<p>Quels sont vos droits ? Vous pouvez refuser de participer \u00e0 cette recherche sans avoir \u00e0 vous justifier. De m\u00eame, vous pouvez vous retirer \u00e0 tout moment de l&rsquo;entretien sans justification, sans cons\u00e9quence sur la suite de votre traitement ni la qualit\u00e9 des soins qui vous seront fournis. Vous pouvez acc\u00e9der \u00e0 l&rsquo;entretien qui sera [&hellip;]<\/p>\n","protected":false},"author":965,"featured_media":0,"parent":0,"menu_order":0,"comment_status":"closed","ping_status":"closed","template":"","meta":{"footnotes":""},"class_list":["post-12","page","type-page","status-publish","hentry"],"_links":{"self":[{"href":"https:\/\/blogs.univ-tlse2.fr\/recherchedpi\/wp-json\/wp\/v2\/pages\/12","targetHints":{"allow":["GET"]}}],"collection":[{"href":"https:\/\/blogs.univ-tlse2.fr\/recherchedpi\/wp-json\/wp\/v2\/pages"}],"about":[{"href":"https:\/\/blogs.univ-tlse2.fr\/recherchedpi\/wp-json\/wp\/v2\/types\/page"}],"author":[{"embeddable":true,"href":"https:\/\/blogs.univ-tlse2.fr\/recherchedpi\/wp-json\/wp\/v2\/users\/965"}],"replies":[{"embeddable":true,"href":"https:\/\/blogs.univ-tlse2.fr\/recherchedpi\/wp-json\/wp\/v2\/comments?post=12"}],"version-history":[{"count":2,"href":"https:\/\/blogs.univ-tlse2.fr\/recherchedpi\/wp-json\/wp\/v2\/pages\/12\/revisions"}],"predecessor-version":[{"id":45,"href":"https:\/\/blogs.univ-tlse2.fr\/recherchedpi\/wp-json\/wp\/v2\/pages\/12\/revisions\/45"}],"wp:attachment":[{"href":"https:\/\/blogs.univ-tlse2.fr\/recherchedpi\/wp-json\/wp\/v2\/media?parent=12"}],"curies":[{"name":"wp","href":"https:\/\/api.w.org\/{rel}","templated":true}]}}