 {"id":14,"date":"2021-03-19T15:06:08","date_gmt":"2021-03-19T14:06:08","guid":{"rendered":"https:\/\/blogs.univ-tlse2.fr\/recherchedpi\/?page_id=14"},"modified":"2021-03-19T18:22:45","modified_gmt":"2021-03-19T17:22:45","slug":"equipe-de-recherche","status":"publish","type":"page","link":"https:\/\/blogs.univ-tlse2.fr\/recherchedpi\/equipe-de-recherche\/","title":{"rendered":"L\u2019\u00c9quipe de recherche"},"content":{"rendered":"\n<h2 class=\"wp-block-heading\">Anne-Sophie Giraud<\/h2>\n\n\n\n<p>Anne-Sophie Giraud est anthropologue, charg\u00e9e de recherche au CNRS (Centre national de la recherche scientifique), au Centre d&rsquo;anthropologie sociale (LISST-CAS, UMR 5193) \u00e0 Toulouse. <\/p>\n\n\n\n<p>Ses recherches portent sur la constitution de la personne au cours de la grossesse, avec une attention port\u00e9e aux technologies procr\u00e9atives. Elle a travaill\u00e9 sur les repr\u00e9sentations des embryons par les professionnel.les (biologistes, technicien.nes de laboratoire, gyn\u00e9cologues, etc.) et les patient.es en parcours de f\u00e9condation <em>in vitro<\/em> (FIV). <\/p>\n\n\n\n<p>Vous pouvez consulter sa page institutionnelle pour voir ses publications : <a href=\"https:\/\/lisst.univ-tlse2.fr\/accueil\/hn-equipes-de-recherche\/centre-danthropologie-sociale-cas\/anne-sophie-giraud\">ici<\/a>. <\/p>\n\n\n\n<p>Elle est la responsable et coordinatrice du projet. <\/p>\n\n\n\n<hr class=\"wp-block-separator\" \/>\n\n\n\n<p>Cette recherche est r\u00e9alis\u00e9e en collaboration avec le centre de diagnostic pr\u00e9implantatoire du CHU de Nantes, en particulier <strong>Pr. Thomas Fr\u00e9our, Dr. Florence Leperlier et Sonia Blon<\/strong>. Vous pouvez trouver sur <a href=\"https:\/\/www.chu-nantes.fr\/centre-de-diagnostic-pre-implantatoire-dpi-1\">la page internet<\/a> du centre l&rsquo;ensemble des collaborateur.ices de cette recherche. <\/p>\n\n\n\n<hr class=\"wp-block-separator\" \/>\n\n\n\n<p>Cette recherche fait l&rsquo;objet d&rsquo;un financement de la <a href=\"http:\/\/www.fondationfyssen.fr\/fr\/\">Fondation Fyssen<\/a>. <\/p>\n\n\n\n<div class=\"wp-block-group\"><div class=\"wp-block-group__inner-container is-layout-flow wp-block-group-is-layout-flow\">\n<div class=\"wp-block-columns are-vertically-aligned-center is-layout-flex wp-container-core-columns-is-layout-9d6595d7 wp-block-columns-is-layout-flex\">\n<div class=\"wp-block-column is-layout-flow wp-block-column-is-layout-flow\">\n<figure class=\"wp-block-image size-large\"><img loading=\"lazy\" decoding=\"async\" width=\"512\" height=\"512\" src=\"https:\/\/blogs.univ-tlse2.fr\/recherchedpi\/files\/2021\/03\/Logo-CNRS-4.png\" alt=\"\" class=\"wp-image-65\" srcset=\"https:\/\/blogs.univ-tlse2.fr\/recherchedpi\/files\/2021\/03\/Logo-CNRS-4.png 512w, https:\/\/blogs.univ-tlse2.fr\/recherchedpi\/files\/2021\/03\/Logo-CNRS-4-300x300.png 300w, https:\/\/blogs.univ-tlse2.fr\/recherchedpi\/files\/2021\/03\/Logo-CNRS-4-150x150.png 150w\" sizes=\"auto, (max-width: 512px) 100vw, 512px\" \/><\/figure>\n<\/div>\n\n\n\n<div class=\"wp-block-column is-layout-flow wp-block-column-is-layout-flow\">\n<figure class=\"wp-block-image size-large\"><img loading=\"lazy\" decoding=\"async\" width=\"330\" height=\"153\" src=\"https:\/\/blogs.univ-tlse2.fr\/recherchedpi\/files\/2021\/03\/logo-LISST-4.png\" alt=\"\" class=\"wp-image-66\" srcset=\"https:\/\/blogs.univ-tlse2.fr\/recherchedpi\/files\/2021\/03\/logo-LISST-4.png 330w, https:\/\/blogs.univ-tlse2.fr\/recherchedpi\/files\/2021\/03\/logo-LISST-4-300x139.png 300w\" sizes=\"auto, (max-width: 330px) 100vw, 330px\" \/><\/figure>\n<\/div>\n\n\n\n<div class=\"wp-block-column is-layout-flow wp-block-column-is-layout-flow\">\n<figure class=\"wp-block-image size-large\"><img loading=\"lazy\" decoding=\"async\" width=\"272\" height=\"185\" src=\"https:\/\/blogs.univ-tlse2.fr\/recherchedpi\/files\/2021\/03\/logo-CHU-nantes-3.png\" alt=\"\" class=\"wp-image-67\" srcset=\"https:\/\/blogs.univ-tlse2.fr\/recherchedpi\/files\/2021\/03\/logo-CHU-nantes-3.png 272w, https:\/\/blogs.univ-tlse2.fr\/recherchedpi\/files\/2021\/03\/logo-CHU-nantes-3-75x50.png 75w\" sizes=\"auto, (max-width: 272px) 100vw, 272px\" \/><\/figure>\n\n\n\n<figure class=\"wp-block-image size-large\"><img loading=\"lazy\" decoding=\"async\" width=\"528\" height=\"196\" src=\"https:\/\/blogs.univ-tlse2.fr\/recherchedpi\/files\/2021\/03\/logo-fyssen-2.png\" alt=\"\" class=\"wp-image-68\" srcset=\"https:\/\/blogs.univ-tlse2.fr\/recherchedpi\/files\/2021\/03\/logo-fyssen-2.png 528w, https:\/\/blogs.univ-tlse2.fr\/recherchedpi\/files\/2021\/03\/logo-fyssen-2-300x111.png 300w\" sizes=\"auto, (max-width: 528px) 100vw, 528px\" \/><\/figure>\n<\/div>\n<\/div>\n<\/div><\/div>\n\n\n\n<div class=\"wp-block-group\"><div class=\"wp-block-group__inner-container is-layout-flow wp-block-group-is-layout-flow\">\n<div class=\"wp-block-columns is-layout-flex wp-container-core-columns-is-layout-9d6595d7 wp-block-columns-is-layout-flex\">\n<div class=\"wp-block-column is-layout-flow wp-block-column-is-layout-flow\" style=\"flex-basis:100%\">\n<div class=\"wp-block-group is-layout-flow wp-block-group-is-layout-flow\"><div class=\"wp-block-group__inner-container\"><\/div><\/div>\n<\/div>\n<\/div>\n<\/div><\/div>\n","protected":false},"excerpt":{"rendered":"<p>Anne-Sophie Giraud Anne-Sophie Giraud est anthropologue, charg\u00e9e de recherche au CNRS (Centre national de la recherche scientifique), au Centre d&rsquo;anthropologie sociale (LISST-CAS, UMR 5193) \u00e0 Toulouse. Ses recherches portent sur la constitution de la personne au cours de la grossesse, avec une attention port\u00e9e aux technologies procr\u00e9atives. Elle a travaill\u00e9 sur les repr\u00e9sentations des embryons [&hellip;]<\/p>\n","protected":false},"author":965,"featured_media":0,"parent":0,"menu_order":0,"comment_status":"closed","ping_status":"closed","template":"","meta":{"footnotes":""},"class_list":["post-14","page","type-page","status-publish","hentry"],"_links":{"self":[{"href":"https:\/\/blogs.univ-tlse2.fr\/recherchedpi\/wp-json\/wp\/v2\/pages\/14","targetHints":{"allow":["GET"]}}],"collection":[{"href":"https:\/\/blogs.univ-tlse2.fr\/recherchedpi\/wp-json\/wp\/v2\/pages"}],"about":[{"href":"https:\/\/blogs.univ-tlse2.fr\/recherchedpi\/wp-json\/wp\/v2\/types\/page"}],"author":[{"embeddable":true,"href":"https:\/\/blogs.univ-tlse2.fr\/recherchedpi\/wp-json\/wp\/v2\/users\/965"}],"replies":[{"embeddable":true,"href":"https:\/\/blogs.univ-tlse2.fr\/recherchedpi\/wp-json\/wp\/v2\/comments?post=14"}],"version-history":[{"count":6,"href":"https:\/\/blogs.univ-tlse2.fr\/recherchedpi\/wp-json\/wp\/v2\/pages\/14\/revisions"}],"predecessor-version":[{"id":79,"href":"https:\/\/blogs.univ-tlse2.fr\/recherchedpi\/wp-json\/wp\/v2\/pages\/14\/revisions\/79"}],"wp:attachment":[{"href":"https:\/\/blogs.univ-tlse2.fr\/recherchedpi\/wp-json\/wp\/v2\/media?parent=14"}],"curies":[{"name":"wp","href":"https:\/\/api.w.org\/{rel}","templated":true}]}}