 {"id":15,"date":"2021-03-19T15:06:08","date_gmt":"2021-03-19T14:06:08","guid":{"rendered":"https:\/\/blogs.univ-tlse2.fr\/recherchedpi\/?page_id=15"},"modified":"2021-03-19T18:36:48","modified_gmt":"2021-03-19T17:36:48","slug":"recherche","status":"publish","type":"page","link":"https:\/\/blogs.univ-tlse2.fr\/recherchedpi\/","title":{"rendered":"Recherche"},"content":{"rendered":"\n<p class=\"has-text-align-center\">Nous recherchons des <strong>personnes inscrites, en cours d&rsquo;inscription, ayant fini, ou ayant vu leur dossier refus\u00e9 d&rsquo;un parcours de DPI<\/strong> qui accepteraient de participer \u00e0 l&rsquo;enqu\u00eate. <\/p>\n\n\n\n<p><\/p>\n\n\n\n<hr class=\"wp-block-separator\" \/>\n\n\n\n<p><\/p>\n\n\n\n<h2 class=\"has-text-align-center wp-block-heading\">Qui sommes-nous ?<\/h2>\n\n\n\n<p><\/p>\n\n\n\n<p><\/p>\n\n\n\n<p class=\"has-text-align-left\">L&rsquo;investigatrice principale est <strong>Anne-Sophie Giraud<\/strong>. Cette \u00e9tude est r\u00e9alis\u00e9e par le laboratoire de sciences humaines et sociales le LISST-Centre d&rsquo;anthropologie sociale (UMR 5193), affili\u00e9 au CNRS et \u00e0 l&rsquo;EHESS, en partenariat avec le CHU de Nantes. <\/p>\n\n\n\n<p class=\"has-text-align-center\"><a href=\"https:\/\/blogs.univ-tlse2.fr\/recherchedpi\/equipe-de-recherche\/\">L&rsquo;\u00e9quipe de recherche<\/a><\/p>\n\n\n\n<hr class=\"wp-block-separator\" \/>\n\n\n\n<h2 class=\"has-text-align-center wp-block-heading\">Contactez-nous<\/h2>\n\n\n\n<p><\/p>\n\n\n\n<p>Vous avez des questions ? Vous voulez participer \u00e0 l&rsquo;enqu\u00eate ? Contactez <a href=\"&#109;a&#x69;l&#x74;o&#x3a;a&#x6e;n&#x65;-&#x73;&#111;&#x70;&#104;i&#101;&#46;&#x67;i&#x72;a&#x75;d&#x40;u&#x6e;i&#x76;&#45;&#x74;&#108;s&#101;2&#x2e;f&#x72;\">Anne-Sophie Giraud<\/a>. <\/p>\n\n\n\n<p><\/p>\n\n\n\n<p><\/p>\n\n\n\n<p><\/p>\n\n\n\n<p><\/p>\n\n\n\n<p><\/p>\n\n\n\n<div class=\"wp-block-columns is-layout-flex wp-container-core-columns-is-layout-9d6595d7 wp-block-columns-is-layout-flex\">\n<div class=\"wp-block-column is-layout-flow wp-block-column-is-layout-flow\">\n<figure class=\"wp-block-image size-large\"><img loading=\"lazy\" decoding=\"async\" width=\"512\" height=\"512\" src=\"https:\/\/blogs.univ-tlse2.fr\/recherchedpi\/files\/2021\/03\/Logo-CNRS-5.png\" alt=\"\" class=\"wp-image-72\" srcset=\"https:\/\/blogs.univ-tlse2.fr\/recherchedpi\/files\/2021\/03\/Logo-CNRS-5.png 512w, https:\/\/blogs.univ-tlse2.fr\/recherchedpi\/files\/2021\/03\/Logo-CNRS-5-300x300.png 300w, https:\/\/blogs.univ-tlse2.fr\/recherchedpi\/files\/2021\/03\/Logo-CNRS-5-150x150.png 150w\" sizes=\"auto, (max-width: 512px) 100vw, 512px\" \/><\/figure>\n<\/div>\n\n\n\n<div class=\"wp-block-column is-layout-flow wp-block-column-is-layout-flow\">\n<figure class=\"wp-block-image size-large\"><img loading=\"lazy\" decoding=\"async\" width=\"330\" height=\"153\" src=\"https:\/\/blogs.univ-tlse2.fr\/recherchedpi\/files\/2021\/03\/logo-LISST-5.png\" alt=\"\" class=\"wp-image-73\" srcset=\"https:\/\/blogs.univ-tlse2.fr\/recherchedpi\/files\/2021\/03\/logo-LISST-5.png 330w, https:\/\/blogs.univ-tlse2.fr\/recherchedpi\/files\/2021\/03\/logo-LISST-5-300x139.png 300w\" sizes=\"auto, (max-width: 330px) 100vw, 330px\" \/><\/figure>\n\n\n\n<figure class=\"wp-block-image size-large\"><img loading=\"lazy\" decoding=\"async\" width=\"528\" height=\"196\" src=\"https:\/\/blogs.univ-tlse2.fr\/recherchedpi\/files\/2021\/03\/logo-fyssen-3.png\" alt=\"\" class=\"wp-image-74\" srcset=\"https:\/\/blogs.univ-tlse2.fr\/recherchedpi\/files\/2021\/03\/logo-fyssen-3.png 528w, https:\/\/blogs.univ-tlse2.fr\/recherchedpi\/files\/2021\/03\/logo-fyssen-3-300x111.png 300w\" sizes=\"auto, (max-width: 528px) 100vw, 528px\" \/><\/figure>\n\n\n\n<figure class=\"wp-block-image size-large\"><img loading=\"lazy\" decoding=\"async\" width=\"272\" height=\"185\" src=\"https:\/\/blogs.univ-tlse2.fr\/recherchedpi\/files\/2021\/03\/logo-CHU-nantes-4.png\" alt=\"\" class=\"wp-image-75\" srcset=\"https:\/\/blogs.univ-tlse2.fr\/recherchedpi\/files\/2021\/03\/logo-CHU-nantes-4.png 272w, https:\/\/blogs.univ-tlse2.fr\/recherchedpi\/files\/2021\/03\/logo-CHU-nantes-4-75x50.png 75w\" sizes=\"auto, (max-width: 272px) 100vw, 272px\" \/><\/figure>\n<\/div>\n\n\n\n<div class=\"wp-block-column is-layout-flow wp-block-column-is-layout-flow\"><\/div>\n<\/div>\n","protected":false},"excerpt":{"rendered":"<p>Nous recherchons des personnes inscrites, en cours d&rsquo;inscription, ayant fini, ou ayant vu leur dossier refus\u00e9 d&rsquo;un parcours de DPI qui accepteraient de participer \u00e0 l&rsquo;enqu\u00eate. Qui sommes-nous ? L&rsquo;investigatrice principale est Anne-Sophie Giraud. Cette \u00e9tude est r\u00e9alis\u00e9e par le laboratoire de sciences humaines et sociales le LISST-Centre d&rsquo;anthropologie sociale (UMR 5193), affili\u00e9 au CNRS [&hellip;]<\/p>\n","protected":false},"author":965,"featured_media":0,"parent":0,"menu_order":0,"comment_status":"closed","ping_status":"closed","template":"","meta":{"footnotes":""},"class_list":["post-15","page","type-page","status-publish","hentry"],"_links":{"self":[{"href":"https:\/\/blogs.univ-tlse2.fr\/recherchedpi\/wp-json\/wp\/v2\/pages\/15","targetHints":{"allow":["GET"]}}],"collection":[{"href":"https:\/\/blogs.univ-tlse2.fr\/recherchedpi\/wp-json\/wp\/v2\/pages"}],"about":[{"href":"https:\/\/blogs.univ-tlse2.fr\/recherchedpi\/wp-json\/wp\/v2\/types\/page"}],"author":[{"embeddable":true,"href":"https:\/\/blogs.univ-tlse2.fr\/recherchedpi\/wp-json\/wp\/v2\/users\/965"}],"replies":[{"embeddable":true,"href":"https:\/\/blogs.univ-tlse2.fr\/recherchedpi\/wp-json\/wp\/v2\/comments?post=15"}],"version-history":[{"count":4,"href":"https:\/\/blogs.univ-tlse2.fr\/recherchedpi\/wp-json\/wp\/v2\/pages\/15\/revisions"}],"predecessor-version":[{"id":83,"href":"https:\/\/blogs.univ-tlse2.fr\/recherchedpi\/wp-json\/wp\/v2\/pages\/15\/revisions\/83"}],"wp:attachment":[{"href":"https:\/\/blogs.univ-tlse2.fr\/recherchedpi\/wp-json\/wp\/v2\/media?parent=15"}],"curies":[{"name":"wp","href":"https:\/\/api.w.org\/{rel}","templated":true}]}}