 {"id":108,"date":"2020-07-14T16:17:06","date_gmt":"2020-07-14T14:17:06","guid":{"rendered":"https:\/\/blogs.univ-tlse2.fr\/relirejeanboudou\/?page_id=108"},"modified":"2021-10-08T12:12:03","modified_gmt":"2021-10-08T10:12:03","slug":"gilles-couffignal","status":"publish","type":"page","link":"https:\/\/blogs.univ-tlse2.fr\/relirejeanboudou\/intervencions-interventions\/gilles-couffignal\/","title":{"rendered":"Gilles Couffignal"},"content":{"rendered":"\n<p class=\"has-text-align-center has-accent-color has-text-color\"><strong>L\u2019activit\u00e9 \u00e9pilinguistique de Jean Boudou\u00a0: du discours sur la langue \u00e0 l\u2019autonymie<\/strong><\/p>\n\n\n\n<p>Jean Boudou a \u00e9crit son oeuvre litt\u00e9raire dans sa langue maternelle alors qu\u2019elle se trouve en situation de conflit linguistique et m\u00eame de substitution linguistique. Du fait de ce choix linguistique minoritaire, il n\u2019est pas \u00e9tonnant qu\u2019une grande partie de son \u0153uvre th\u00e9matise la question linguistique. Quelles sont les r\u00e9percussions de ce positionnement de l\u2019auteur vis-\u00e0-vis de la situation sociolinguistique de sa langue d\u2019\u00e9criture sur les plans discursif et \u00e9nonciatif ? Cette enqu\u00eate cherche \u00e0 mettre \u00e0 mettre en lumi\u00e8re aussi bien les discours sur les langues et le langage que les proc\u00e9d\u00e9s autonymiques questionnant l\u2019emploi des mots.<\/p>\n\n\n\n<p><strong><em>Gilles Couffignal. <\/em><\/strong><em>\u00a0Auteur d\u2019une th\u00e8se sur\u00a0 l\u2019auteur gascon Pey de Garros, ma\u00eetre de conf\u00e9rences en histoire de la langue \u00e0 l&rsquo;Universit\u00e9 de\u00a0Paris-Sorbonne-Paris\u00a04, rattach\u00e9 \u00e0 l\u2019\u00e9quipe Sens Texte Histoire Informatique, Gilles Couffignal a co-organis\u00e9 diverses journ\u00e9es\u00a0d\u2019\u00e9tudes sur le baroque occitan, l\u2019\u00e9criture d\u2019Yves Rouquette, la question Style, genre, auteurs et est membre de plusieurs comit\u00e9s d\u2019experts.<\/em><\/p>\n","protected":false},"excerpt":{"rendered":"<p>L\u2019activit\u00e9 \u00e9pilinguistique de Jean Boudou\u00a0: du discours sur la langue \u00e0 l\u2019autonymie Jean Boudou a \u00e9crit son oeuvre litt\u00e9raire dans sa langue maternelle alors qu\u2019elle se trouve en situation de conflit linguistique et m\u00eame de substitution linguistique. Du fait de ce choix linguistique minoritaire, il n\u2019est pas \u00e9tonnant qu\u2019une grande partie de son \u0153uvre th\u00e9matise [&hellip;]<\/p>\n","protected":false},"author":773,"featured_media":0,"parent":76,"menu_order":7,"comment_status":"closed","ping_status":"closed","template":"","meta":{"footnotes":""},"class_list":["post-108","page","type-page","status-publish","hentry","post-preview"],"_links":{"self":[{"href":"https:\/\/blogs.univ-tlse2.fr\/relirejeanboudou\/wp-json\/wp\/v2\/pages\/108","targetHints":{"allow":["GET"]}}],"collection":[{"href":"https:\/\/blogs.univ-tlse2.fr\/relirejeanboudou\/wp-json\/wp\/v2\/pages"}],"about":[{"href":"https:\/\/blogs.univ-tlse2.fr\/relirejeanboudou\/wp-json\/wp\/v2\/types\/page"}],"author":[{"embeddable":true,"href":"https:\/\/blogs.univ-tlse2.fr\/relirejeanboudou\/wp-json\/wp\/v2\/users\/773"}],"replies":[{"embeddable":true,"href":"https:\/\/blogs.univ-tlse2.fr\/relirejeanboudou\/wp-json\/wp\/v2\/comments?post=108"}],"version-history":[{"count":2,"href":"https:\/\/blogs.univ-tlse2.fr\/relirejeanboudou\/wp-json\/wp\/v2\/pages\/108\/revisions"}],"predecessor-version":[{"id":388,"href":"https:\/\/blogs.univ-tlse2.fr\/relirejeanboudou\/wp-json\/wp\/v2\/pages\/108\/revisions\/388"}],"up":[{"embeddable":true,"href":"https:\/\/blogs.univ-tlse2.fr\/relirejeanboudou\/wp-json\/wp\/v2\/pages\/76"}],"wp:attachment":[{"href":"https:\/\/blogs.univ-tlse2.fr\/relirejeanboudou\/wp-json\/wp\/v2\/media?parent=108"}],"curies":[{"name":"wp","href":"https:\/\/api.w.org\/{rel}","templated":true}]}}