 {"id":110,"date":"2020-07-14T16:17:43","date_gmt":"2020-07-14T14:17:43","guid":{"rendered":"https:\/\/blogs.univ-tlse2.fr\/relirejeanboudou\/?page_id=110"},"modified":"2021-10-08T12:12:47","modified_gmt":"2021-10-08T10:12:47","slug":"patrick-couffin","status":"publish","type":"page","link":"https:\/\/blogs.univ-tlse2.fr\/relirejeanboudou\/intervencions-interventions\/patrick-couffin\/","title":{"rendered":"Patrick Couffin"},"content":{"rendered":"\n<p class=\"has-text-align-center has-accent-color has-text-color\"><strong>Joan Bodon, Prepauses d\u2019un occitan<\/strong><\/p>\n\n\n\n<p>D\u2019oct\u00f2bre de 1972 a febri\u00e8r de 1975, Joan Bodon publica una cronica \u00ab&nbsp; propos d\u2019un occitan&nbsp;\u00bb dins un pichon setmani\u00e8r local del sud d\u2019Avairon, \u00ab&nbsp;lo Sant-African&nbsp;\u00bb. Aquestes \u00ab&nbsp;propos d\u2019un occitan&nbsp;\u00bb seri\u00e1n pas per Joan Bodon, exiliat en Argeria e que t\u00f2rna sonque l\u2019estiu sul Larzac, una temptativa per metre en forma e vulgaritzar sa pensada&nbsp;? Entre l\u2019intencion iniciala dels responsables del jornal e de l\u2019escrivan, se descobr\u00eds \u00e7\u00f2 que l\u2019occitan Joan Bodon volgu\u00e8t transmetre, en consci\u00e9ncia, a de legeires occitans. I a pas pus lo fantastic, l\u2019onirisme, la transgression ni mai la lenga occitana que ne fan lo creator d\u2019una \u00f2bra liter\u00e0ria primadi\u00e8ra, mas tota la trama istorica, las refer\u00e9ncias etnograficas, las tradicions, los engatjaments\u2026que fondan una pensada occitana pr\u00f2pria, duberta al mond.<\/p>\n\n\n\n<p><strong><em>Patric Cofin<\/em><\/strong><em>, professor certificat d\u2019occitan, associat a l\u2019INRP, cargat de corses a l\u2019IUFM e l\u2019universitat. Doctorat d\u2019estudis Occitans. Rec\u00e8rca en Ist\u00f2ria sul bacin carboni\u00e8r d\u2019Avairon abans de 1914. Rec\u00e8rca e trabalhs en Occitan&nbsp;: l\u2019ensenhament public d\u2019occitan, la didactica de l\u2019occitan, l\u2019ensenhament biling\u00fce occitan-franc\u00e9s\u2026<\/em><\/p>\n","protected":false},"excerpt":{"rendered":"<p>Joan Bodon, Prepauses d\u2019un occitan D\u2019oct\u00f2bre de 1972 a febri\u00e8r de 1975, Joan Bodon publica una cronica \u00ab&nbsp; propos d\u2019un occitan&nbsp;\u00bb dins un pichon setmani\u00e8r local del sud d\u2019Avairon, \u00ab&nbsp;lo Sant-African&nbsp;\u00bb. Aquestes \u00ab&nbsp;propos d\u2019un occitan&nbsp;\u00bb seri\u00e1n pas per Joan Bodon, exiliat en Argeria e que t\u00f2rna sonque l\u2019estiu sul Larzac, una temptativa per metre en [&hellip;]<\/p>\n","protected":false},"author":773,"featured_media":0,"parent":76,"menu_order":8,"comment_status":"closed","ping_status":"closed","template":"","meta":{"footnotes":""},"class_list":["post-110","page","type-page","status-publish","hentry","post-preview"],"_links":{"self":[{"href":"https:\/\/blogs.univ-tlse2.fr\/relirejeanboudou\/wp-json\/wp\/v2\/pages\/110","targetHints":{"allow":["GET"]}}],"collection":[{"href":"https:\/\/blogs.univ-tlse2.fr\/relirejeanboudou\/wp-json\/wp\/v2\/pages"}],"about":[{"href":"https:\/\/blogs.univ-tlse2.fr\/relirejeanboudou\/wp-json\/wp\/v2\/types\/page"}],"author":[{"embeddable":true,"href":"https:\/\/blogs.univ-tlse2.fr\/relirejeanboudou\/wp-json\/wp\/v2\/users\/773"}],"replies":[{"embeddable":true,"href":"https:\/\/blogs.univ-tlse2.fr\/relirejeanboudou\/wp-json\/wp\/v2\/comments?post=110"}],"version-history":[{"count":3,"href":"https:\/\/blogs.univ-tlse2.fr\/relirejeanboudou\/wp-json\/wp\/v2\/pages\/110\/revisions"}],"predecessor-version":[{"id":389,"href":"https:\/\/blogs.univ-tlse2.fr\/relirejeanboudou\/wp-json\/wp\/v2\/pages\/110\/revisions\/389"}],"up":[{"embeddable":true,"href":"https:\/\/blogs.univ-tlse2.fr\/relirejeanboudou\/wp-json\/wp\/v2\/pages\/76"}],"wp:attachment":[{"href":"https:\/\/blogs.univ-tlse2.fr\/relirejeanboudou\/wp-json\/wp\/v2\/media?parent=110"}],"curies":[{"name":"wp","href":"https:\/\/api.w.org\/{rel}","templated":true}]}}