 {"id":113,"date":"2020-07-14T16:19:04","date_gmt":"2020-07-14T14:19:04","guid":{"rendered":"https:\/\/blogs.univ-tlse2.fr\/relirejeanboudou\/?page_id=113"},"modified":"2021-10-08T12:13:25","modified_gmt":"2021-10-08T10:13:25","slug":"jean-francois-courouau","status":"publish","type":"page","link":"https:\/\/blogs.univ-tlse2.fr\/relirejeanboudou\/intervencions-interventions\/jean-francois-courouau\/","title":{"rendered":"Jean-Fran\u00e7ois Courouau"},"content":{"rendered":"\n<p class=\"has-text-align-center has-accent-color has-text-color\"><strong>Bodon queer<\/strong><\/p>\n\n\n\n<p>La pr\u00e9sence de la sexualit\u00e9 dans l\u2019\u0153uvre romanesque de Boudou peut \u00eatre discr\u00e8te mais elle est en fait obs\u00e9dante. Les repr\u00e9sentations qui en sont donn\u00e9es ne renvoient pas n\u00e9cessairement une image conventionnelle h\u00e9t\u00e9ronorm\u00e9e. Un univers o\u00f9 \u00e9mergent des prostitu\u00e9es est mis en place mais aussi, encore plus en rupture avec les sch\u00e9mas dominants de son temps, une image alt\u00e9r\u00e9e de la masculinit\u00e9 est progressivement constitu\u00e9e au fil des romans tardifs, o\u00f9 se rencontrent le motif de la castration (<em>La Quim\u00e8ra<\/em>, 1974) et celui, inou\u00ef dans la litt\u00e9rature occitane, du travestissement, comme dans le roman inachev\u00e9&nbsp;<em>Las Domais\u00e8las&nbsp;<\/em>(1976), posant ainsi la question de l\u2019identit\u00e9 et de la transidentit\u00e9 dans l\u2019\u0153uvre de ce romancier hors normes. &nbsp;<\/p>\n\n\n\n<p><em>Jean-Fran\u00e7ois Courouau<\/em> <em>est responsable de l\u2019axe litterature occitane, litteratures des \u00ab midis \u00bb du laboratoire de recherche elh-plh, directeur du service d\u2019enseignement a distance et responsable de la licence d&rsquo;occitan (2013) a l\u2019universite jean jaures. ses publications et recherches concernent la litterature occitane moderne (baroque, rococo, theatre de beziers\u2026), la reception des troubadours ainsi que les courants culturels du felibrige et de l\u2019occitanisme. il a aborde l\u2019\u0153uvre de jean boudou par le biais de l\u2019auteur denis saurat, personnage de la santa estela del centenari (cf. denis saurat,<\/em>&nbsp;encaminament catar. <em>introduction, traduction et notes, toulouse, presses universitaires du mirail (\u00ab&nbsp;interlangues&nbsp;\u00bb), 2010).<\/em><\/p>\n","protected":false},"excerpt":{"rendered":"<p>Bodon queer La pr\u00e9sence de la sexualit\u00e9 dans l\u2019\u0153uvre romanesque de Boudou peut \u00eatre discr\u00e8te mais elle est en fait obs\u00e9dante. Les repr\u00e9sentations qui en sont donn\u00e9es ne renvoient pas n\u00e9cessairement une image conventionnelle h\u00e9t\u00e9ronorm\u00e9e. Un univers o\u00f9 \u00e9mergent des prostitu\u00e9es est mis en place mais aussi, encore plus en rupture avec les sch\u00e9mas dominants [&hellip;]<\/p>\n","protected":false},"author":773,"featured_media":0,"parent":76,"menu_order":9,"comment_status":"closed","ping_status":"closed","template":"","meta":{"footnotes":""},"class_list":["post-113","page","type-page","status-publish","hentry","post-preview"],"_links":{"self":[{"href":"https:\/\/blogs.univ-tlse2.fr\/relirejeanboudou\/wp-json\/wp\/v2\/pages\/113","targetHints":{"allow":["GET"]}}],"collection":[{"href":"https:\/\/blogs.univ-tlse2.fr\/relirejeanboudou\/wp-json\/wp\/v2\/pages"}],"about":[{"href":"https:\/\/blogs.univ-tlse2.fr\/relirejeanboudou\/wp-json\/wp\/v2\/types\/page"}],"author":[{"embeddable":true,"href":"https:\/\/blogs.univ-tlse2.fr\/relirejeanboudou\/wp-json\/wp\/v2\/users\/773"}],"replies":[{"embeddable":true,"href":"https:\/\/blogs.univ-tlse2.fr\/relirejeanboudou\/wp-json\/wp\/v2\/comments?post=113"}],"version-history":[{"count":3,"href":"https:\/\/blogs.univ-tlse2.fr\/relirejeanboudou\/wp-json\/wp\/v2\/pages\/113\/revisions"}],"predecessor-version":[{"id":390,"href":"https:\/\/blogs.univ-tlse2.fr\/relirejeanboudou\/wp-json\/wp\/v2\/pages\/113\/revisions\/390"}],"up":[{"embeddable":true,"href":"https:\/\/blogs.univ-tlse2.fr\/relirejeanboudou\/wp-json\/wp\/v2\/pages\/76"}],"wp:attachment":[{"href":"https:\/\/blogs.univ-tlse2.fr\/relirejeanboudou\/wp-json\/wp\/v2\/media?parent=113"}],"curies":[{"name":"wp","href":"https:\/\/api.w.org\/{rel}","templated":true}]}}