 {"id":122,"date":"2020-07-14T16:23:23","date_gmt":"2020-07-14T14:23:23","guid":{"rendered":"https:\/\/blogs.univ-tlse2.fr\/relirejeanboudou\/?page_id=122"},"modified":"2021-10-08T12:20:22","modified_gmt":"2021-10-08T10:20:22","slug":"marie-france-fourcadier","status":"publish","type":"page","link":"https:\/\/blogs.univ-tlse2.fr\/relirejeanboudou\/intervencions-interventions\/marie-france-fourcadier\/","title":{"rendered":"Marie-France Fourcadier"},"content":{"rendered":"\n<p><\/p>\n\n\n\n<p class=\"has-text-align-center has-accent-color has-text-color\"><strong>Joan Bodon e Lorca, un Roerg\u00e0s en Andalosia, un Andal\u00f3s en Avairon<\/strong><\/p>\n\n\n\n<p>R\u00f2tle de l\u2019enfan\u00e7a e influ\u00e9ncia dels contes&nbsp;; rescontre amb los Romances que recitava la diasp\u00f2ra espanh\u00f2la de Rod\u00e9s&nbsp;; passion pels Trobadors dins la poesia (<em>Albas<\/em>) e dins la pr\u00f2sa bodoniana&nbsp;: estudi de qualques po\u00e8mas-fraires. Presentacion de la semblan\u00e7a de la \u00ab&nbsp;color&nbsp;\u00bb poetica, \u00ab&nbsp;folclorica&nbsp;\u00bb e dels sentiments d\u2019amor, d\u2019umanitat e fraternitat, de pena e solesa, de vida e m\u00f2rt, entre los dos po\u00e8tas.<\/p>\n\n\n\n<p><strong><em>Marie-France Fourcadier<\/em><\/strong><em>, Nascuda a Rod\u00e9s lo 18 de junh de 1948, dins una familha mod\u00e8sta ont lo \u00ab&nbsp;patois&nbsp;\u00bb \u00e8ra la lenga de l\u2019ostal&nbsp;; dins la paura bibliot\u00e8ca occitana i avi\u00e1 un sol libre de Bodon, mas quin libre&nbsp;!<\/em> La Grava sul camin<em>.<\/em> <em>Apr\u00e8s los estudis a la facultat de Letras de Tolosa, lo primi\u00e8r p\u00f2ste de professora d\u2019espanh\u00f2l se deban\u00e8t en Corresa pu\u00e8i fogu\u00e8t l\u2019exilh dins la banl\u00e8ga parisenca. Los corses del Coll\u00e8gi d\u2019Occitania mantengu\u00e8ron las brasas occitanas vivas abans de poder tornar dins lo Mi\u00e8gjorn&nbsp;: Gard e Erau duscas a l\u2019ora de la retirada en 2008. En 2009, pendent l\u2019Estivada de Rod\u00e9s, un rescontre amb M-Joana Verny marqu\u00e8t la debuta d\u2019una aventura al departament d\u2019occitan de Pau Val\u00e8ri, a Montpelli\u00e8r&nbsp;: lic\u00e9ncia, Masters (en ensenhament a dist\u00e0ncia) e una t\u00e8si codirigida per M-Joana Verny e Nathalie Sagnes-Alem sul t\u00e8ma&nbsp;: \u00ab&nbsp;Pr\u00e9sence de Federico Garc\u00eda Lorca dans la po\u00e9sie occitane du d\u00e9but du XX<sup>e<\/sup> si\u00e8cle. \u00c9cho et convergences&nbsp;\u00bb.<\/em><\/p>\n","protected":false},"excerpt":{"rendered":"<p>Joan Bodon e Lorca, un Roerg\u00e0s en Andalosia, un Andal\u00f3s en Avairon R\u00f2tle de l\u2019enfan\u00e7a e influ\u00e9ncia dels contes&nbsp;; rescontre amb los Romances que recitava la diasp\u00f2ra espanh\u00f2la de Rod\u00e9s&nbsp;; passion pels Trobadors dins la poesia (Albas) e dins la pr\u00f2sa bodoniana&nbsp;: estudi de qualques po\u00e8mas-fraires. Presentacion de la semblan\u00e7a de la \u00ab&nbsp;color&nbsp;\u00bb poetica, \u00ab&nbsp;folclorica&nbsp;\u00bb [&hellip;]<\/p>\n","protected":false},"author":773,"featured_media":0,"parent":76,"menu_order":11,"comment_status":"closed","ping_status":"closed","template":"","meta":{"footnotes":""},"class_list":["post-122","page","type-page","status-publish","hentry","post-preview"],"_links":{"self":[{"href":"https:\/\/blogs.univ-tlse2.fr\/relirejeanboudou\/wp-json\/wp\/v2\/pages\/122","targetHints":{"allow":["GET"]}}],"collection":[{"href":"https:\/\/blogs.univ-tlse2.fr\/relirejeanboudou\/wp-json\/wp\/v2\/pages"}],"about":[{"href":"https:\/\/blogs.univ-tlse2.fr\/relirejeanboudou\/wp-json\/wp\/v2\/types\/page"}],"author":[{"embeddable":true,"href":"https:\/\/blogs.univ-tlse2.fr\/relirejeanboudou\/wp-json\/wp\/v2\/users\/773"}],"replies":[{"embeddable":true,"href":"https:\/\/blogs.univ-tlse2.fr\/relirejeanboudou\/wp-json\/wp\/v2\/comments?post=122"}],"version-history":[{"count":3,"href":"https:\/\/blogs.univ-tlse2.fr\/relirejeanboudou\/wp-json\/wp\/v2\/pages\/122\/revisions"}],"predecessor-version":[{"id":392,"href":"https:\/\/blogs.univ-tlse2.fr\/relirejeanboudou\/wp-json\/wp\/v2\/pages\/122\/revisions\/392"}],"up":[{"embeddable":true,"href":"https:\/\/blogs.univ-tlse2.fr\/relirejeanboudou\/wp-json\/wp\/v2\/pages\/76"}],"wp:attachment":[{"href":"https:\/\/blogs.univ-tlse2.fr\/relirejeanboudou\/wp-json\/wp\/v2\/media?parent=122"}],"curies":[{"name":"wp","href":"https:\/\/api.w.org\/{rel}","templated":true}]}}