 {"id":125,"date":"2020-07-14T16:24:47","date_gmt":"2020-07-14T14:24:47","guid":{"rendered":"https:\/\/blogs.univ-tlse2.fr\/relirejeanboudou\/?page_id=125"},"modified":"2021-10-08T12:21:52","modified_gmt":"2021-10-08T10:21:52","slug":"philippe-gardy","status":"publish","type":"page","link":"https:\/\/blogs.univ-tlse2.fr\/relirejeanboudou\/intervencions-interventions\/philippe-gardy\/","title":{"rendered":"Philippe Gardy"},"content":{"rendered":"\n<p>Entre la fin des ann\u00e9es 1940 et le d\u00e9but des ann\u00e9es 1950 (dates demeurant \u00e0 pr\u00e9ciser), Jean Boudou s\u2019est essay\u00e9 \u00e0 l\u2019\u00e9criture de pi\u00e8ces de th\u00e9\u00e2tre. Certaines de ces pi\u00e8ces, les plus anciennes (\u00ab\u00a0quand eri encara patessejaire\u00a0\u00bb \u00e9crivait plus tard Boudou dans une lettre), s\u2019inscrivent dans une tradition, celle, notamment, de la \u00ab\u00a0galejada\u00a0\u00bb entendue racont\u00e9e \u00e0 la veill\u00e9e; d\u2019autres, apparemment jamais conduites jusqu\u2019\u00e0 leur terme, peuvent \u00eatre qualifi\u00e9es de plus \u00ab\u00a0litt\u00e9raires\u00a0\u00bb, notamment deux esquisses tir\u00e9es des <em>Contes dels Balss\u00e0s<\/em> (premi\u00e8re \u00e9dition en volume: Villefranche-de-Rouergue, Salingardes, 1953). On tentera de d\u00e9crire cet ensemble rest\u00e9 \u00e0 l\u2019\u00e9tat de manuscrit, et l\u2019on se risquera \u00e0 tirer quelques conclusions (tr\u00e8s provisoires) \u00e0 son sujet.<\/p>\n\n\n\n<p><strong><em>Philippe Gardy<\/em><\/strong><em> est directeur de recherche honoraire au CNRS. Lecteur de Boudou il a publi\u00e9 aux \u00e9ditions du Rouergue une traduction fran\u00e7aise de<\/em> La Quim\u00e8ra<em> (Rodez, \u00c9ditions du Rouergue, 1989 ; premi\u00e8re \u00e9dition : Toulouse, Institut d&rsquo;estudis occitans, coll.&nbsp;\u00ab&nbsp;<\/em><em>A tots<\/em><em>&nbsp;\u00bb (n<sup>o<\/sup>&nbsp;7-9), 1974), effectu\u00e9e \u00e0 partir d\u2019un texte r\u00e9vis\u00e9 sur les manuscrits alors accessibles par Joan de Cantalausa.<\/em><\/p>\n","protected":false},"excerpt":{"rendered":"<p>Entre la fin des ann\u00e9es 1940 et le d\u00e9but des ann\u00e9es 1950 (dates demeurant \u00e0 pr\u00e9ciser), Jean Boudou s\u2019est essay\u00e9 \u00e0 l\u2019\u00e9criture de pi\u00e8ces de th\u00e9\u00e2tre. Certaines de ces pi\u00e8ces, les plus anciennes (\u00ab\u00a0quand eri encara patessejaire\u00a0\u00bb \u00e9crivait plus tard Boudou dans une lettre), s\u2019inscrivent dans une tradition, celle, notamment, de la \u00ab\u00a0galejada\u00a0\u00bb entendue racont\u00e9e [&hellip;]<\/p>\n","protected":false},"author":773,"featured_media":0,"parent":76,"menu_order":12,"comment_status":"closed","ping_status":"closed","template":"","meta":{"footnotes":""},"class_list":["post-125","page","type-page","status-publish","hentry","post-preview"],"_links":{"self":[{"href":"https:\/\/blogs.univ-tlse2.fr\/relirejeanboudou\/wp-json\/wp\/v2\/pages\/125","targetHints":{"allow":["GET"]}}],"collection":[{"href":"https:\/\/blogs.univ-tlse2.fr\/relirejeanboudou\/wp-json\/wp\/v2\/pages"}],"about":[{"href":"https:\/\/blogs.univ-tlse2.fr\/relirejeanboudou\/wp-json\/wp\/v2\/types\/page"}],"author":[{"embeddable":true,"href":"https:\/\/blogs.univ-tlse2.fr\/relirejeanboudou\/wp-json\/wp\/v2\/users\/773"}],"replies":[{"embeddable":true,"href":"https:\/\/blogs.univ-tlse2.fr\/relirejeanboudou\/wp-json\/wp\/v2\/comments?post=125"}],"version-history":[{"count":4,"href":"https:\/\/blogs.univ-tlse2.fr\/relirejeanboudou\/wp-json\/wp\/v2\/pages\/125\/revisions"}],"predecessor-version":[{"id":394,"href":"https:\/\/blogs.univ-tlse2.fr\/relirejeanboudou\/wp-json\/wp\/v2\/pages\/125\/revisions\/394"}],"up":[{"embeddable":true,"href":"https:\/\/blogs.univ-tlse2.fr\/relirejeanboudou\/wp-json\/wp\/v2\/pages\/76"}],"wp:attachment":[{"href":"https:\/\/blogs.univ-tlse2.fr\/relirejeanboudou\/wp-json\/wp\/v2\/media?parent=125"}],"curies":[{"name":"wp","href":"https:\/\/api.w.org\/{rel}","templated":true}]}}