 {"id":133,"date":"2020-07-14T16:27:50","date_gmt":"2020-07-14T14:27:50","guid":{"rendered":"https:\/\/blogs.univ-tlse2.fr\/relirejeanboudou\/?page_id=133"},"modified":"2021-10-08T12:27:51","modified_gmt":"2021-10-08T10:27:51","slug":"roger-harvey-et-marine-mazars","status":"publish","type":"page","link":"https:\/\/blogs.univ-tlse2.fr\/relirejeanboudou\/intervencions-interventions\/roger-harvey-et-marine-mazars\/","title":{"rendered":"Roger Harvey et Marine Mazars"},"content":{"rendered":"\n<p class=\"has-text-align-center has-accent-color has-text-color\"><strong>Art et langues\u00a0: l\u2019\u0153uvre de Jean Boudou<\/strong><\/p>\n\n\n\n<p>Bien que nous soyons programm\u00e9s de naissance par nos g\u00e8nes et surtout par notre \u00e9ducation afin de suivre un certain chemin et r\u00e9agir aux circonstances d\u2019une certaine fa\u00e7on, je crois fermement au hasard, \u00e0 l\u2019impr\u00e9vu pour mettre du \u00ab&nbsp;peps&nbsp;\u00bb dans les choses, \u00e0 la co\u00efncidence qui sert comme un \u00ab&nbsp;bug&nbsp;\u00bb dans le syst\u00e8me et qui peut remettre tout en cause, revitaliser une d\u00e9marche et indiquer de nouvelles directions \u00e0 prendre.<\/p>\n\n\n\n<p>Une telle flexibilit\u00e9 de&nbsp;l\u2019esprit&nbsp;est un atout essentiel pour un artiste plasticien qui&nbsp;s\u2019av\u00e8re&nbsp;d\u00e8s le d\u00e9but,&nbsp;d\u2019\u00eatre&nbsp;ni un expert de l\u2019occitan, de l\u2019Occitanie ni de Jean Boudou lui-m\u00eame.<\/p>\n\n\n\n<p>Faire de l&rsquo;art c&rsquo;est prendre des d\u00e9cisions et je les prends toujours tr\u00e8s soigneusement en fonction de ma connaissance de l&rsquo;histoire et de ma passion pour l&rsquo;art contemporain. Mon travail plastique, plut\u00f4t&nbsp;conceptuel, fait&nbsp;r\u00e9f\u00e9rence&nbsp;\u00e0 mes id\u00e9es&nbsp;sur le monde que je vois autour de moi et l\u2019esth\u00e9tique&nbsp;que j&rsquo;y&nbsp;trouve tandis que mon histoire universitaire m&rsquo;impose un besoin in\u00e9luctable de rigueur&nbsp;et de contextualisation dans sa r\u00e9alisation.&nbsp;<\/p>\n\n\n\n<p><strong><em>Roger Harvey&nbsp;<\/em><\/strong><em>a entendu la langue occitane sur un march\u00e9 du Rouergue et d\u00e9couvert des textes de l\u2019auteur occitan&nbsp;Jean Boudou&nbsp;qui l\u2019ont boulevers\u00e9 et l\u2019ont amen\u00e9 \u00e0 d\u00e9couvrir les subtilit\u00e9s et la po\u00e9sie de cette langue. Il a traduit des textes de Jean Boudou en anglais, a int\u00e9gr\u00e9 des mots en occitan dans ses cr\u00e9ations graphiques et a cr\u00e9\u00e9 le groupe de musique, les&nbsp;<\/em>Boudoumen<em>.<\/em><\/p>\n","protected":false},"excerpt":{"rendered":"<p>Art et langues\u00a0: l\u2019\u0153uvre de Jean Boudou Bien que nous soyons programm\u00e9s de naissance par nos g\u00e8nes et surtout par notre \u00e9ducation afin de suivre un certain chemin et r\u00e9agir aux circonstances d\u2019une certaine fa\u00e7on, je crois fermement au hasard, \u00e0 l\u2019impr\u00e9vu pour mettre du \u00ab&nbsp;peps&nbsp;\u00bb dans les choses, \u00e0 la co\u00efncidence qui sert comme [&hellip;]<\/p>\n","protected":false},"author":773,"featured_media":0,"parent":76,"menu_order":15,"comment_status":"closed","ping_status":"closed","template":"","meta":{"footnotes":""},"class_list":["post-133","page","type-page","status-publish","hentry","post-preview"],"_links":{"self":[{"href":"https:\/\/blogs.univ-tlse2.fr\/relirejeanboudou\/wp-json\/wp\/v2\/pages\/133","targetHints":{"allow":["GET"]}}],"collection":[{"href":"https:\/\/blogs.univ-tlse2.fr\/relirejeanboudou\/wp-json\/wp\/v2\/pages"}],"about":[{"href":"https:\/\/blogs.univ-tlse2.fr\/relirejeanboudou\/wp-json\/wp\/v2\/types\/page"}],"author":[{"embeddable":true,"href":"https:\/\/blogs.univ-tlse2.fr\/relirejeanboudou\/wp-json\/wp\/v2\/users\/773"}],"replies":[{"embeddable":true,"href":"https:\/\/blogs.univ-tlse2.fr\/relirejeanboudou\/wp-json\/wp\/v2\/comments?post=133"}],"version-history":[{"count":3,"href":"https:\/\/blogs.univ-tlse2.fr\/relirejeanboudou\/wp-json\/wp\/v2\/pages\/133\/revisions"}],"predecessor-version":[{"id":398,"href":"https:\/\/blogs.univ-tlse2.fr\/relirejeanboudou\/wp-json\/wp\/v2\/pages\/133\/revisions\/398"}],"up":[{"embeddable":true,"href":"https:\/\/blogs.univ-tlse2.fr\/relirejeanboudou\/wp-json\/wp\/v2\/pages\/76"}],"wp:attachment":[{"href":"https:\/\/blogs.univ-tlse2.fr\/relirejeanboudou\/wp-json\/wp\/v2\/media?parent=133"}],"curies":[{"name":"wp","href":"https:\/\/api.w.org\/{rel}","templated":true}]}}