 {"id":159,"date":"2020-07-14T16:38:18","date_gmt":"2020-07-14T14:38:18","guid":{"rendered":"https:\/\/blogs.univ-tlse2.fr\/relirejeanboudou\/?page_id=159"},"modified":"2021-10-08T12:41:37","modified_gmt":"2021-10-08T10:41:37","slug":"catherine-parayre","status":"publish","type":"page","link":"https:\/\/blogs.univ-tlse2.fr\/relirejeanboudou\/intervencions-interventions\/catherine-parayre\/","title":{"rendered":"Catherine Parayre"},"content":{"rendered":"\n<p class=\"has-text-align-center has-accent-color has-text-color\"><strong>Jean Boudou et Eug\u00e8ne Viala\u00a0: l\u2019imaginaire des passages<\/strong><\/p>\n\n\n\n<p>Eug\u00e8ne Viala (1859-1913) et Jean Boudou (1920-1975), originaires de deux r\u00e9gions proches l\u2019une de l\u2019autre, le L\u00e9v\u00e9zou et la vall\u00e9e du Viaur, sont tous deux attach\u00e9s \u00e0&nbsp;la ruralit\u00e9 et expriment dans leurs \u0153uvres \u2013 visuelle pour l\u2019un, litt\u00e9raire pour l\u2019autre \u2013 une m\u00e9lancolie, voire un d\u00e9sespoir, saisissants. Le premier s\u2019inspire des romantiques et des symbolistes&nbsp;; le second, plus jeune, t\u00e9moigne de l\u2019effritement de son milieu occitanophone. Malgr\u00e9 d\u2019\u00e9videntes diff\u00e9rences, leurs \u0153uvres m\u00e9ritent toutefois la comparaison dans la repr\u00e9sentation que fait chacune de passages ou espaces liminaires, que ceux-ci soient un cours d\u2019eau, un pont ou le trac\u00e9 d\u2019un chemin. Chez Viala comme chez Boudou, ces passages, loin d\u2019ouvrir une voie, figurent le sort de subjectivit\u00e9s tourment\u00e9es et sans certitude d\u2019avenir.<\/p>\n\n\n\n<p><strong><em>Catherine Parayre<\/em><\/strong><em> dirige le Centre d\u2019\u00e9tudes en arts et cultures et le Centre de Recherche en arts interdisciplinaires et cr\u00e9ation culturelle, tous deux \u00e0 l\u2019Ecole des beaux-arts et des arts du spectacle Marilyn I. Walker. Elle est co-fondatrice et co-directrice de la Small Walker Press et directrice de<\/em> Voix plurielles, <em>revue de l\u2019Association des professeur.e.s de fran\u00e7ais des universit\u00e9s et coll\u00e8ges canadiens.<\/em><\/p>\n","protected":false},"excerpt":{"rendered":"<p>Jean Boudou et Eug\u00e8ne Viala\u00a0: l\u2019imaginaire des passages Eug\u00e8ne Viala (1859-1913) et Jean Boudou (1920-1975), originaires de deux r\u00e9gions proches l\u2019une de l\u2019autre, le L\u00e9v\u00e9zou et la vall\u00e9e du Viaur, sont tous deux attach\u00e9s \u00e0&nbsp;la ruralit\u00e9 et expriment dans leurs \u0153uvres \u2013 visuelle pour l\u2019un, litt\u00e9raire pour l\u2019autre \u2013 une m\u00e9lancolie, voire un d\u00e9sespoir, saisissants. [&hellip;]<\/p>\n","protected":false},"author":773,"featured_media":0,"parent":76,"menu_order":23,"comment_status":"closed","ping_status":"closed","template":"","meta":{"footnotes":""},"class_list":["post-159","page","type-page","status-publish","hentry","post-preview"],"_links":{"self":[{"href":"https:\/\/blogs.univ-tlse2.fr\/relirejeanboudou\/wp-json\/wp\/v2\/pages\/159","targetHints":{"allow":["GET"]}}],"collection":[{"href":"https:\/\/blogs.univ-tlse2.fr\/relirejeanboudou\/wp-json\/wp\/v2\/pages"}],"about":[{"href":"https:\/\/blogs.univ-tlse2.fr\/relirejeanboudou\/wp-json\/wp\/v2\/types\/page"}],"author":[{"embeddable":true,"href":"https:\/\/blogs.univ-tlse2.fr\/relirejeanboudou\/wp-json\/wp\/v2\/users\/773"}],"replies":[{"embeddable":true,"href":"https:\/\/blogs.univ-tlse2.fr\/relirejeanboudou\/wp-json\/wp\/v2\/comments?post=159"}],"version-history":[{"count":3,"href":"https:\/\/blogs.univ-tlse2.fr\/relirejeanboudou\/wp-json\/wp\/v2\/pages\/159\/revisions"}],"predecessor-version":[{"id":405,"href":"https:\/\/blogs.univ-tlse2.fr\/relirejeanboudou\/wp-json\/wp\/v2\/pages\/159\/revisions\/405"}],"up":[{"embeddable":true,"href":"https:\/\/blogs.univ-tlse2.fr\/relirejeanboudou\/wp-json\/wp\/v2\/pages\/76"}],"wp:attachment":[{"href":"https:\/\/blogs.univ-tlse2.fr\/relirejeanboudou\/wp-json\/wp\/v2\/media?parent=159"}],"curies":[{"name":"wp","href":"https:\/\/api.w.org\/{rel}","templated":true}]}}