 {"id":162,"date":"2020-07-14T16:40:02","date_gmt":"2020-07-14T14:40:02","guid":{"rendered":"https:\/\/blogs.univ-tlse2.fr\/relirejeanboudou\/?page_id=162"},"modified":"2021-10-08T12:42:08","modified_gmt":"2021-10-08T10:42:08","slug":"michel-pedussaud","status":"publish","type":"page","link":"https:\/\/blogs.univ-tlse2.fr\/relirejeanboudou\/intervencions-interventions\/michel-pedussaud\/","title":{"rendered":"Michel P\u00e9dussaud"},"content":{"rendered":"\n<p class=\"has-text-align-center has-accent-color has-text-color\"><strong>Qu\u00e9 nos dison los escambis epistolaris amb R. Lafont (1951-1974) ?<\/strong><\/p>\n\n\n\n<p>Ja la lectura de las letras escambiadas amb Enric&nbsp;Mouly nos p\u00f2rta d\u2019elements interessants que nos ajudan a compr\u00e9ner melhor son \u00f2bra.<\/p>\n\n\n\n<p>Lo mem\u00f2ri <em>Edicion critica de la correspond\u00e9ncia de Joan Bodon a Rob\u00e8rt Lafont (1951-1974)<\/em> ne balha un complement amb de precisions que permeton de melhorar la con\u00e9issen\u00e7a de l\u2019autor, de melhor con\u00e9isser sos probl\u00e8mas, sos questionaments, sas crentas, sos esp\u00e8rs, sas conviccions. Mas aquelas letras p\u00f2don tanben esclairar suls asp\u00e8ctes literaris.<\/p>\n\n\n\n<p>I pod\u00e8m trobar tanben en r\u00e8ire-fons una ti\u00e8ra d\u2019eveniments qu\u2019an influenciat sas id\u00e8as e, per consequ\u00e9ncia, sos escrits.<\/p>\n\n\n\n<p>Ni per las dificultats encontradas, aqu\u00ed una contribucion, emai s\u2019es mod\u00e8sta, per ensajar de participar a \u201calandar la p\u00f2rta\u201d coma nos i convida Joan Delm\u00e0s que cita Cantalausa dins l\u2019estamp\u00e8l de <em>Letras de Joan&nbsp;Bodon a Enric&nbsp;Mouly <\/em>(1986)<em>.<\/em><\/p>\n\n\n\n<p><strong><em>Michel P\u00e9dussaud<\/em><\/strong><em>. 1947 : naissen\u00e7a dins lo barri de Lardena a Tolosa. Vida professionala a La P\u00f2sta. A la retirada, retorn a l\u2019occitan, amb dins lo cap los&nbsp; remembres de la menina pairala. L\u2019I.E.O. de Garona Nauta pu\u00e8i l\u2019Universitat Pau Val\u00e8ri de Montpelhi\u00e8r (Master 2 L.L.C.E.R. en Ensenhament a Dist\u00e0ncia) prengu\u00e8ron la seguida. 2013 : mesa en linha del mem\u00f2ri<\/em> Edicion critica de la correspond\u00e9ncia Joan Bodon \u2013 Rob\u00e8rt Lafont <em>al CIRD\u00d2C<\/em>. <em>2015 : Premi Jos\u00e8p Roumanille (Concors \u201cEscriure en lenga d\u2019\u00f2c\u201d, publicat dins \u201cL\u2019Almanac Leis Amics de Mesclum\u201d en 2016). Publicacion d\u2019un pichon recu\u00e8lh en 2018 : <\/em>Brigalhs <em>a las Edicions de l\u2019I.E.O. Lengad\u00f2c<\/em>.<\/p>\n","protected":false},"excerpt":{"rendered":"<p>Qu\u00e9 nos dison los escambis epistolaris amb R. Lafont (1951-1974) ? Ja la lectura de las letras escambiadas amb Enric&nbsp;Mouly nos p\u00f2rta d\u2019elements interessants que nos ajudan a compr\u00e9ner melhor son \u00f2bra. Lo mem\u00f2ri Edicion critica de la correspond\u00e9ncia de Joan Bodon a Rob\u00e8rt Lafont (1951-1974) ne balha un complement amb de precisions que permeton [&hellip;]<\/p>\n","protected":false},"author":773,"featured_media":0,"parent":76,"menu_order":24,"comment_status":"closed","ping_status":"closed","template":"","meta":{"footnotes":""},"class_list":["post-162","page","type-page","status-publish","hentry","post-preview"],"_links":{"self":[{"href":"https:\/\/blogs.univ-tlse2.fr\/relirejeanboudou\/wp-json\/wp\/v2\/pages\/162","targetHints":{"allow":["GET"]}}],"collection":[{"href":"https:\/\/blogs.univ-tlse2.fr\/relirejeanboudou\/wp-json\/wp\/v2\/pages"}],"about":[{"href":"https:\/\/blogs.univ-tlse2.fr\/relirejeanboudou\/wp-json\/wp\/v2\/types\/page"}],"author":[{"embeddable":true,"href":"https:\/\/blogs.univ-tlse2.fr\/relirejeanboudou\/wp-json\/wp\/v2\/users\/773"}],"replies":[{"embeddable":true,"href":"https:\/\/blogs.univ-tlse2.fr\/relirejeanboudou\/wp-json\/wp\/v2\/comments?post=162"}],"version-history":[{"count":3,"href":"https:\/\/blogs.univ-tlse2.fr\/relirejeanboudou\/wp-json\/wp\/v2\/pages\/162\/revisions"}],"predecessor-version":[{"id":406,"href":"https:\/\/blogs.univ-tlse2.fr\/relirejeanboudou\/wp-json\/wp\/v2\/pages\/162\/revisions\/406"}],"up":[{"embeddable":true,"href":"https:\/\/blogs.univ-tlse2.fr\/relirejeanboudou\/wp-json\/wp\/v2\/pages\/76"}],"wp:attachment":[{"href":"https:\/\/blogs.univ-tlse2.fr\/relirejeanboudou\/wp-json\/wp\/v2\/media?parent=162"}],"curies":[{"name":"wp","href":"https:\/\/api.w.org\/{rel}","templated":true}]}}