 {"id":168,"date":"2020-07-14T16:42:44","date_gmt":"2020-07-14T14:42:44","guid":{"rendered":"https:\/\/blogs.univ-tlse2.fr\/relirejeanboudou\/?page_id=168"},"modified":"2021-10-08T12:43:38","modified_gmt":"2021-10-08T10:43:38","slug":"patrick-sauzet","status":"publish","type":"page","link":"https:\/\/blogs.univ-tlse2.fr\/relirejeanboudou\/intervencions-interventions\/patrick-sauzet\/","title":{"rendered":"Patrick Sauzet"},"content":{"rendered":"\n<p class=\"has-text-align-center has-accent-color has-text-color\"><strong>Lenga de pa\u00eds, lenga d\u2019autor, lenga comuna\u00a0: la morfologia de las \u00f2bras de Bodon<\/strong><\/p>\n\n\n\n<p>L\u2019\u00f2bra de Joan Bodon apareis a l\u2019enc\u00f2p coma un mod\u00e8l d\u2019autenticitat enrasigada e d\u2019estandardicitat. Aquela dobla caracterizacion es evidentament renduda&nbsp; possibla per la centralitat del parlar de Bodon dins l\u2019ensem occitan. Roergue p\u00f2t disputar a Albig\u00e9s lo t\u00edtol de \u00ab&nbsp;C\u00f2r d\u2019Occit\u00e0nia&nbsp;\u00bb e \u00e7a que la lo Roergue de Bodon es tan vesin d\u2019Albig\u00e9s. Contra una recepcion escolara de Bodon que ne tasi\u00e1 o ne rescondi\u00e1 las especificitats localas, s\u2019es mes l\u2019accent suls traches tot c\u00f2p iperlocals de la lenga de l\u2019autor, manifestats mai que mai dins lo lexic (J.P. Chambon 2014, De Oliveira 2012). En nos interessant a la morfologia, mostrarem l\u2019elaboracion operada dins aquela dimension de la lenga pel quite Bodon e per sos editors, e lo gra de dist\u00e0ncia que ne resulta amb las causidas d\u2019autors roergasses anteriors (Besson, Molin) e los elements de descripcion dialectologica dels parlars de l\u2019airal de Crespinh que porgisson los punts d\u2019enqu\u00e8sta vesins del atlasses ling\u00fcistics (ALF, ALLOc). Nos servirem tanben de la comparason entre l\u2019oral e l\u2019escrich de Joan Bodon. Mostrarem cons\u00ed l\u2019\u00f2bra de Bodon, coma es editada, contribu\u00efgu\u00e8t a estabilizar la morfologia de l\u2019occitan larg o estandard.<\/p>\n\n\n\n<p><strong><em>Patric Sauzet<\/em><\/strong> <em>es nascut a Montpelhi\u00e8r en 1953. Ancian escolan de l\u2019ENS Ulm, agregat de gramatica, fogu\u00e8t assistent a Montpelhi\u00e8r 3, pu\u00e8i professor a Paris 8 e Tolosa 2. Sa t\u00e8si e son ADR p\u00f2rtan sus la fonolo\u0261ia e la morfolo\u0261ia de l\u02c8occitan dins una perspectiva suprasegmentala.&nbsp;<\/em><em>Trabalha tanben en sintaxi e socioling\u00fcistica, e contribu\u00eds a la produccion d\u2019espleches per l\u2019usatge e l\u2019ensenhament de la lenga occitana (conjugason, diccionari).<\/em><strong><\/strong><\/p>\n","protected":false},"excerpt":{"rendered":"<p>Lenga de pa\u00eds, lenga d\u2019autor, lenga comuna\u00a0: la morfologia de las \u00f2bras de Bodon L\u2019\u00f2bra de Joan Bodon apareis a l\u2019enc\u00f2p coma un mod\u00e8l d\u2019autenticitat enrasigada e d\u2019estandardicitat. Aquela dobla caracterizacion es evidentament renduda&nbsp; possibla per la centralitat del parlar de Bodon dins l\u2019ensem occitan. Roergue p\u00f2t disputar a Albig\u00e9s lo t\u00edtol de \u00ab&nbsp;C\u00f2r d\u2019Occit\u00e0nia&nbsp;\u00bb [&hellip;]<\/p>\n","protected":false},"author":773,"featured_media":0,"parent":76,"menu_order":26,"comment_status":"closed","ping_status":"closed","template":"","meta":{"footnotes":""},"class_list":["post-168","page","type-page","status-publish","hentry","post-preview"],"_links":{"self":[{"href":"https:\/\/blogs.univ-tlse2.fr\/relirejeanboudou\/wp-json\/wp\/v2\/pages\/168","targetHints":{"allow":["GET"]}}],"collection":[{"href":"https:\/\/blogs.univ-tlse2.fr\/relirejeanboudou\/wp-json\/wp\/v2\/pages"}],"about":[{"href":"https:\/\/blogs.univ-tlse2.fr\/relirejeanboudou\/wp-json\/wp\/v2\/types\/page"}],"author":[{"embeddable":true,"href":"https:\/\/blogs.univ-tlse2.fr\/relirejeanboudou\/wp-json\/wp\/v2\/users\/773"}],"replies":[{"embeddable":true,"href":"https:\/\/blogs.univ-tlse2.fr\/relirejeanboudou\/wp-json\/wp\/v2\/comments?post=168"}],"version-history":[{"count":3,"href":"https:\/\/blogs.univ-tlse2.fr\/relirejeanboudou\/wp-json\/wp\/v2\/pages\/168\/revisions"}],"predecessor-version":[{"id":408,"href":"https:\/\/blogs.univ-tlse2.fr\/relirejeanboudou\/wp-json\/wp\/v2\/pages\/168\/revisions\/408"}],"up":[{"embeddable":true,"href":"https:\/\/blogs.univ-tlse2.fr\/relirejeanboudou\/wp-json\/wp\/v2\/pages\/76"}],"wp:attachment":[{"href":"https:\/\/blogs.univ-tlse2.fr\/relirejeanboudou\/wp-json\/wp\/v2\/media?parent=168"}],"curies":[{"name":"wp","href":"https:\/\/api.w.org\/{rel}","templated":true}]}}