 {"id":27,"date":"2020-07-13T11:19:09","date_gmt":"2020-07-13T09:19:09","guid":{"rendered":"https:\/\/blogs.univ-tlse2.fr\/relirejeanboudou\/?page_id=27"},"modified":"2021-10-19T18:05:47","modified_gmt":"2021-10-19T16:05:47","slug":"partenaris","status":"publish","type":"page","link":"https:\/\/blogs.univ-tlse2.fr\/relirejeanboudou\/informacions-practicas\/partenaris\/","title":{"rendered":"Partenaires \/ Partenaris"},"content":{"rendered":"\n<p class=\"has-text-align-center\">Partenaires du laboratoire PLH-ELH, organisateur du Colloque \u00ab\u00a0Relire Jean Boudou &#8211; Tornar legir Bodon\u00a0\u00bb<\/p>\n\n\n\n<p class=\"has-text-align-center\"><a href=\"https:\/\/plh.univ-tlse2.fr\/accueil-plh\/elh\">https:\/\/plh.univ-tlse2.fr\/accueil-plh\/elh<\/a><\/p>\n\n\n\n<div class=\"wp-block-image\"><figure class=\"aligncenter size-full is-resized\"><img loading=\"lazy\" decoding=\"async\" src=\"https:\/\/blogs.univ-tlse2.fr\/relirejeanboudou\/files\/2021\/10\/LogoPLH-ELH.jpg\" alt=\"\" class=\"wp-image-450\" width=\"189\" height=\"187\" srcset=\"https:\/\/blogs.univ-tlse2.fr\/relirejeanboudou\/files\/2021\/10\/LogoPLH-ELH.jpg 792w, https:\/\/blogs.univ-tlse2.fr\/relirejeanboudou\/files\/2021\/10\/LogoPLH-ELH-300x298.jpg 300w, https:\/\/blogs.univ-tlse2.fr\/relirejeanboudou\/files\/2021\/10\/LogoPLH-ELH-768x763.jpg 768w, https:\/\/blogs.univ-tlse2.fr\/relirejeanboudou\/files\/2021\/10\/LogoPLH-ELH-676x672.jpg 676w\" sizes=\"auto, (max-width: 189px) 100vw, 189px\" \/><\/figure><\/div>\n\n\n\n<ul class=\"wp-block-list\"><li> D\u00e9partement de lettres modernes, cin\u00e9ma, occitan, Universit\u00e9 Jean Jaur\u00e8s<\/li><\/ul>\n\n\n\n<p class=\"has-text-align-center\"><a href=\"https:\/\/lettres-modernes.univ-tlse2.fr\/\">https:\/\/lettres-modernes.univ-tlse2.fr\/<\/a><\/p>\n\n\n\n<ul class=\"wp-block-list\"><li>La R\u00e9gion Occitanie \/ Pyr\u00e9n\u00e9es-M\u00e9diterran\u00e9e <\/li><\/ul>\n\n\n\n<p class=\"has-text-align-center\"><a href=\"https:\/\/www.laregion.fr\/\">https:\/\/www.laregion.fr\/<\/a><\/p>\n\n\n\n<div class=\"wp-block-image\"><figure class=\"aligncenter size-full is-resized\"><img loading=\"lazy\" decoding=\"async\" src=\"https:\/\/blogs.univ-tlse2.fr\/relirejeanboudou\/files\/2021\/10\/Region-Occitanie.jpg\" alt=\"\" class=\"wp-image-456\" width=\"353\" height=\"157\" srcset=\"https:\/\/blogs.univ-tlse2.fr\/relirejeanboudou\/files\/2021\/10\/Region-Occitanie.jpg 638w, https:\/\/blogs.univ-tlse2.fr\/relirejeanboudou\/files\/2021\/10\/Region-Occitanie-300x134.jpg 300w\" sizes=\"auto, (max-width: 353px) 100vw, 353px\" \/><\/figure><\/div>\n\n\n\n<ul class=\"wp-block-list\"><li>Association Internationale \u00c9tudes Occitanes (association d\u2019universitaires enseignants chercheurs dans le domaine de la langue, litt\u00e9rature, linguistique occitanes)<\/li><\/ul>\n\n\n\n<p class=\"has-text-align-center\"><a href=\"http:\/\/www.aieo.org\/\">http:\/\/www.aieo.org\/<\/a><\/p>\n\n\n\n<div class=\"wp-block-image\"><figure class=\"aligncenter size-full\"><img loading=\"lazy\" decoding=\"async\" width=\"231\" height=\"218\" src=\"https:\/\/blogs.univ-tlse2.fr\/relirejeanboudou\/files\/2021\/10\/index_aieo.jpg\" alt=\"\" class=\"wp-image-448\" \/><\/figure><\/div>\n\n\n\n<ul class=\"wp-block-list\"><li>Centre Interregional de Documentation Occitane (C.I.R.D.O.C), B\u00e9ziers<\/li><\/ul>\n\n\n\n<p class=\"has-text-align-center\"><a href=\"https:\/\/www.oc-cultura.eu\/\">https:\/\/www.oc-cultura.eu\/<\/a><\/p>\n\n\n\n<div class=\"wp-block-image\"><figure class=\"aligncenter size-full\"><img loading=\"lazy\" decoding=\"async\" width=\"351\" height=\"144\" src=\"https:\/\/blogs.univ-tlse2.fr\/relirejeanboudou\/files\/2021\/10\/index-cirdoc.png\" alt=\"\" class=\"wp-image-438\" srcset=\"https:\/\/blogs.univ-tlse2.fr\/relirejeanboudou\/files\/2021\/10\/index-cirdoc.png 351w, https:\/\/blogs.univ-tlse2.fr\/relirejeanboudou\/files\/2021\/10\/index-cirdoc-300x123.png 300w\" sizes=\"auto, (max-width: 351px) 100vw, 351px\" \/><\/figure><\/div>\n\n\n\n<ul class=\"wp-block-list\"><li>ReSO (Recherches sur le Sud et les Orients), Universit\u00e9 Paul Val\u00e9ry &#8211; Montpellier III<\/li><\/ul>\n\n\n\n<p class=\"has-text-align-center\"><a href=\"https:\/\/www.univ-montp3.fr\/fr\/llacs-langues-litt%C3%A9ratures-arts-et-cultures-du-sud\">https:\/\/www.univ-montp3.fr\/fr\/llacs-langues-litt%C3%A9ratures-arts-et-cultures-du-sud<\/a><\/p>\n\n\n\n<div class=\"wp-block-image\"><figure class=\"aligncenter size-full is-resized\"><img loading=\"lazy\" decoding=\"async\" src=\"https:\/\/blogs.univ-tlse2.fr\/relirejeanboudou\/files\/2021\/10\/logo_reso_0.png\" alt=\"\" class=\"wp-image-441\" width=\"131\" height=\"185\" srcset=\"https:\/\/blogs.univ-tlse2.fr\/relirejeanboudou\/files\/2021\/10\/logo_reso_0.png 360w, https:\/\/blogs.univ-tlse2.fr\/relirejeanboudou\/files\/2021\/10\/logo_reso_0-212x300.png 212w\" sizes=\"auto, (max-width: 131px) 100vw, 131px\" \/><\/figure><\/div>\n\n\n\n<ul class=\"wp-block-list\"><li>CTEL (Centre Transdisciplinaire d\u2019\u00c9pist\u00e9mologie de la Litt\u00e9rature et des Arts vivants), Universit\u00e9 C\u00f4te d\u2019Azur)<\/li><\/ul>\n\n\n\n<p class=\"has-text-align-center\"><a href=\"http:\/\/ctel.unice.fr\/\">http:\/\/ctel.unice.fr\/<\/a><\/p>\n\n\n\n<div class=\"wp-block-image\"><figure class=\"aligncenter size-full is-resized\"><img loading=\"lazy\" decoding=\"async\" src=\"https:\/\/blogs.univ-tlse2.fr\/relirejeanboudou\/files\/2021\/10\/Centre-Transdisciplinaire-d-Epistemologie-de-la-Litterature-et-des-arts-vivants-CTEL.png\" alt=\"\" class=\"wp-image-442\" width=\"151\" height=\"201\" srcset=\"https:\/\/blogs.univ-tlse2.fr\/relirejeanboudou\/files\/2021\/10\/Centre-Transdisciplinaire-d-Epistemologie-de-la-Litterature-et-des-arts-vivants-CTEL.png 289w, https:\/\/blogs.univ-tlse2.fr\/relirejeanboudou\/files\/2021\/10\/Centre-Transdisciplinaire-d-Epistemologie-de-la-Litterature-et-des-arts-vivants-CTEL-226x300.png 226w\" sizes=\"auto, (max-width: 151px) 100vw, 151px\" \/><\/figure><\/div>\n\n\n\n<ul class=\"wp-block-list\"><li>LAB-E3D (Laboratoire \u00c9pist\u00e9mologie et didactique des disciplines), Universit\u00e9 Bordeaux <\/li><\/ul>\n\n\n\n<p class=\"has-text-align-center\"><a href=\"https:\/\/lab-e3d.u-bordeaux.fr\/\">https:\/\/lab-e3d.u-bordeaux.fr\/<\/a><\/p>\n\n\n\n<figure class=\"wp-block-image size-large\"><img loading=\"lazy\" decoding=\"async\" width=\"1024\" height=\"224\" src=\"https:\/\/blogs.univ-tlse2.fr\/relirejeanboudou\/files\/2021\/10\/Footer-LAB-E3D_FooterLogoTiers-1024x224.png\" alt=\"\" class=\"wp-image-443\" srcset=\"https:\/\/blogs.univ-tlse2.fr\/relirejeanboudou\/files\/2021\/10\/Footer-LAB-E3D_FooterLogoTiers-1024x224.png 1024w, https:\/\/blogs.univ-tlse2.fr\/relirejeanboudou\/files\/2021\/10\/Footer-LAB-E3D_FooterLogoTiers-300x66.png 300w, https:\/\/blogs.univ-tlse2.fr\/relirejeanboudou\/files\/2021\/10\/Footer-LAB-E3D_FooterLogoTiers-768x168.png 768w, https:\/\/blogs.univ-tlse2.fr\/relirejeanboudou\/files\/2021\/10\/Footer-LAB-E3D_FooterLogoTiers-676x148.png 676w, https:\/\/blogs.univ-tlse2.fr\/relirejeanboudou\/files\/2021\/10\/Footer-LAB-E3D_FooterLogoTiers.png 1120w\" sizes=\"auto, (max-width: 1024px) 100vw, 1024px\" \/><\/figure>\n\n\n\n<ul class=\"wp-block-list\"><li>Ostal Joan Bodon (maison d\u2019\u00e9crivain), Crespin, Aveyron<\/li><\/ul>\n\n\n\n<p class=\"has-text-align-center\"><a href=\"http:\/\/www.ostal-bodon.com\/fr\/accueil\/bienvenue.html\">http:\/\/www.ostal-bodon.com\/fr\/accueil\/bienvenue.html<\/a><\/p>\n\n\n\n<div class=\"wp-block-image\"><figure class=\"aligncenter size-full\"><img loading=\"lazy\" decoding=\"async\" width=\"300\" height=\"130\" src=\"https:\/\/blogs.univ-tlse2.fr\/relirejeanboudou\/files\/2021\/10\/ostalJB.png\" alt=\"\" class=\"wp-image-444\" \/><\/figure><\/div>\n\n\n\n<ul class=\"wp-block-list\"><li>IEO-IDECO, \u00e9diteur de l\u2019\u0153uvre occitane de Jean Boudou, Puylaurens, Tarn Conseil D\u00e9partemental Haute-Garonne<\/li><\/ul>\n\n\n\n<p class=\"has-text-align-center\"><a href=\"https:\/\/ideco-dif.com\/\">https:\/\/ideco-dif.com\/<\/a><\/p>\n\n\n\n<div class=\"wp-block-image\"><figure class=\"aligncenter size-full is-resized\"><img loading=\"lazy\" decoding=\"async\" src=\"https:\/\/blogs.univ-tlse2.fr\/relirejeanboudou\/files\/2021\/10\/index.jpg\" alt=\"\" class=\"wp-image-445\" width=\"214\" height=\"142\" \/><\/figure><\/div>\n\n\n\n<ul class=\"wp-block-list\"><li><strong>CePeN&amp;S, Culture et Patrimoine en Naucellois &amp; Sauveterrat<\/strong><\/li><\/ul>\n\n\n\n<div class=\"wp-block-image\"><figure class=\"aligncenter size-large is-resized\"><img loading=\"lazy\" decoding=\"async\" src=\"https:\/\/blogs.univ-tlse2.fr\/relirejeanboudou\/files\/2021\/10\/cepen-logo-1024x257.jpg\" alt=\"\" class=\"wp-image-457\" width=\"456\" height=\"114\" srcset=\"https:\/\/blogs.univ-tlse2.fr\/relirejeanboudou\/files\/2021\/10\/cepen-logo-1024x257.jpg 1024w, https:\/\/blogs.univ-tlse2.fr\/relirejeanboudou\/files\/2021\/10\/cepen-logo-300x75.jpg 300w, https:\/\/blogs.univ-tlse2.fr\/relirejeanboudou\/files\/2021\/10\/cepen-logo-768x192.jpg 768w, https:\/\/blogs.univ-tlse2.fr\/relirejeanboudou\/files\/2021\/10\/cepen-logo-1536x385.jpg 1536w, https:\/\/blogs.univ-tlse2.fr\/relirejeanboudou\/files\/2021\/10\/cepen-logo-2048x513.jpg 2048w, https:\/\/blogs.univ-tlse2.fr\/relirejeanboudou\/files\/2021\/10\/cepen-logo-676x169.jpg 676w\" sizes=\"auto, (max-width: 456px) 100vw, 456px\" \/><\/figure><\/div>\n\n\n\n<ul class=\"wp-block-list\"><li><strong>Institut d&rsquo;\u00c9tudes Occitanes 82 <\/strong><\/li><\/ul>\n\n\n\n<div class=\"wp-block-image is-style-default\"><figure class=\"aligncenter size-full is-resized\"><img loading=\"lazy\" decoding=\"async\" src=\"https:\/\/blogs.univ-tlse2.fr\/relirejeanboudou\/files\/2021\/10\/arton106.jpg\" alt=\"\" class=\"wp-image-469\" width=\"235\" height=\"157\" \/><\/figure><\/div>\n","protected":false},"excerpt":{"rendered":"<p>Partenaires du laboratoire PLH-ELH, organisateur du Colloque \u00ab\u00a0Relire Jean Boudou &#8211; Tornar legir Bodon\u00a0\u00bb https:\/\/plh.univ-tlse2.fr\/accueil-plh\/elh D\u00e9partement de lettres modernes, cin\u00e9ma, occitan, Universit\u00e9 Jean Jaur\u00e8s https:\/\/lettres-modernes.univ-tlse2.fr\/ La R\u00e9gion Occitanie \/ Pyr\u00e9n\u00e9es-M\u00e9diterran\u00e9e https:\/\/www.laregion.fr\/ Association Internationale \u00c9tudes Occitanes (association d\u2019universitaires enseignants chercheurs dans le domaine de la langue, litt\u00e9rature, linguistique occitanes) http:\/\/www.aieo.org\/ Centre Interregional de Documentation Occitane (C.I.R.D.O.C), [&hellip;]<\/p>\n","protected":false},"author":773,"featured_media":0,"parent":42,"menu_order":2,"comment_status":"closed","ping_status":"closed","template":"","meta":{"footnotes":""},"class_list":["post-27","page","type-page","status-publish","hentry","post-preview"],"_links":{"self":[{"href":"https:\/\/blogs.univ-tlse2.fr\/relirejeanboudou\/wp-json\/wp\/v2\/pages\/27","targetHints":{"allow":["GET"]}}],"collection":[{"href":"https:\/\/blogs.univ-tlse2.fr\/relirejeanboudou\/wp-json\/wp\/v2\/pages"}],"about":[{"href":"https:\/\/blogs.univ-tlse2.fr\/relirejeanboudou\/wp-json\/wp\/v2\/types\/page"}],"author":[{"embeddable":true,"href":"https:\/\/blogs.univ-tlse2.fr\/relirejeanboudou\/wp-json\/wp\/v2\/users\/773"}],"replies":[{"embeddable":true,"href":"https:\/\/blogs.univ-tlse2.fr\/relirejeanboudou\/wp-json\/wp\/v2\/comments?post=27"}],"version-history":[{"count":13,"href":"https:\/\/blogs.univ-tlse2.fr\/relirejeanboudou\/wp-json\/wp\/v2\/pages\/27\/revisions"}],"predecessor-version":[{"id":471,"href":"https:\/\/blogs.univ-tlse2.fr\/relirejeanboudou\/wp-json\/wp\/v2\/pages\/27\/revisions\/471"}],"up":[{"embeddable":true,"href":"https:\/\/blogs.univ-tlse2.fr\/relirejeanboudou\/wp-json\/wp\/v2\/pages\/42"}],"wp:attachment":[{"href":"https:\/\/blogs.univ-tlse2.fr\/relirejeanboudou\/wp-json\/wp\/v2\/media?parent=27"}],"curies":[{"name":"wp","href":"https:\/\/api.w.org\/{rel}","templated":true}]}}