 {"id":30,"date":"2020-07-13T11:20:11","date_gmt":"2020-07-13T09:20:11","guid":{"rendered":"https:\/\/blogs.univ-tlse2.fr\/relirejeanboudou\/?page_id=30"},"modified":"2020-07-14T16:03:03","modified_gmt":"2020-07-14T14:03:03","slug":"contactes","status":"publish","type":"page","link":"https:\/\/blogs.univ-tlse2.fr\/relirejeanboudou\/informacions-practicas\/contactes\/","title":{"rendered":"Contactes \/ Contacts"},"content":{"rendered":"\n<p>Jo\u00eblle Ginestet et \u00e9quipe des enseignants chercheurs en langue et litt\u00e9rature occitanes de l\u2019UT2J : <\/p>\n\n\n\n<p><a href=\"&#x6d;&#x61;&#105;lt&#x6f;&#x3a;&#103;in&#x65;&#x73;&#116;et&#x2e;&#x6a;&#x70;j&#64;o&#x72;&#x61;&#110;ge&#x2e;&#x66;&#114;\">gi&#110;&#x65;&#x73;&#x74;&#x65;t&#46;&#106;&#112;&#x6a;&#x40;&#x6f;ran&#103;&#x65;&#x2e;&#x66;r<\/a> \u2013 0631647289<\/p>\n\n\n\n<figure class=\"wp-block-table\"><table><tbody><tr><td><strong>UNIT\u00c9 de recherche proposant la manifestation\u00a0:<\/strong> laboratoire ELH-PLH, Universit\u00e9 Toulouse Jean Jaures<\/td><\/tr><\/tbody><\/table><\/figure>\n","protected":false},"excerpt":{"rendered":"<p>Jo\u00eblle Ginestet et \u00e9quipe des enseignants chercheurs en langue et litt\u00e9rature occitanes de l\u2019UT2J : &#x67;i&#x6e;&#101;&#x73;&#x74;e&#x74;&#46;&#x6a;&#x70;j&#x40;&#111;&#x72;&#x61;n&#x67;&#101;&#x2e;&#x66;r \u2013 0631647289 UNIT\u00c9 de recherche proposant la manifestation\u00a0: laboratoire ELH-PLH, Universit\u00e9 Toulouse Jean Jaures<\/p>\n","protected":false},"author":773,"featured_media":0,"parent":42,"menu_order":3,"comment_status":"closed","ping_status":"closed","template":"","meta":{"footnotes":""},"class_list":["post-30","page","type-page","status-publish","hentry","post-preview"],"_links":{"self":[{"href":"https:\/\/blogs.univ-tlse2.fr\/relirejeanboudou\/wp-json\/wp\/v2\/pages\/30","targetHints":{"allow":["GET"]}}],"collection":[{"href":"https:\/\/blogs.univ-tlse2.fr\/relirejeanboudou\/wp-json\/wp\/v2\/pages"}],"about":[{"href":"https:\/\/blogs.univ-tlse2.fr\/relirejeanboudou\/wp-json\/wp\/v2\/types\/page"}],"author":[{"embeddable":true,"href":"https:\/\/blogs.univ-tlse2.fr\/relirejeanboudou\/wp-json\/wp\/v2\/users\/773"}],"replies":[{"embeddable":true,"href":"https:\/\/blogs.univ-tlse2.fr\/relirejeanboudou\/wp-json\/wp\/v2\/comments?post=30"}],"version-history":[{"count":3,"href":"https:\/\/blogs.univ-tlse2.fr\/relirejeanboudou\/wp-json\/wp\/v2\/pages\/30\/revisions"}],"predecessor-version":[{"id":74,"href":"https:\/\/blogs.univ-tlse2.fr\/relirejeanboudou\/wp-json\/wp\/v2\/pages\/30\/revisions\/74"}],"up":[{"embeddable":true,"href":"https:\/\/blogs.univ-tlse2.fr\/relirejeanboudou\/wp-json\/wp\/v2\/pages\/42"}],"wp:attachment":[{"href":"https:\/\/blogs.univ-tlse2.fr\/relirejeanboudou\/wp-json\/wp\/v2\/media?parent=30"}],"curies":[{"name":"wp","href":"https:\/\/api.w.org\/{rel}","templated":true}]}}