 {"id":412,"date":"2021-10-08T12:49:32","date_gmt":"2021-10-08T10:49:32","guid":{"rendered":"https:\/\/blogs.univ-tlse2.fr\/relirejeanboudou\/?page_id=412"},"modified":"2021-10-08T12:50:38","modified_gmt":"2021-10-08T10:50:38","slug":"alem-surre-garcia","status":"publish","type":"page","link":"https:\/\/blogs.univ-tlse2.fr\/relirejeanboudou\/intervencions-interventions\/alem-surre-garcia\/","title":{"rendered":"Alem Surre-Garcia"},"content":{"rendered":"\n<p class=\"has-text-align-center has-accent-color has-text-color\"><strong>Influ\u00e9ncia de Joan Bodon<\/strong><\/p>\n\n\n\n<p>&#8211; Caminament poetic e picaresc o coss\u00ed Man Trobat (enf\u00e0ncia solit\u00e0ria e campestrala) crosa lo camin de Lazarillo de Tormes\u00a0;<\/p>\n\n\n\n<p>&#8211; Caminament semantic : de la talv\u00e8ra al talverar e a las talveradas o coss\u00ed la talv\u00e8ra se fa l&rsquo;airal experimental de la conviv\u00e9ncia\u00a0;<\/p>\n\n\n\n<p>&#8211; Caminament literari o coss\u00ed lo roman \u00ab\u00a0Convit a Mojacar\u00a0\u00bb inv\u00f2ca Joan Bodon, entre Silesia e Argeria\u00a0;<\/p>\n\n\n\n<p>&#8211; Confrontacion Joan-Bodon-Albert Camus.<\/p>\n","protected":false},"excerpt":{"rendered":"<p>Influ\u00e9ncia de Joan Bodon &#8211; Caminament poetic e picaresc o coss\u00ed Man Trobat (enf\u00e0ncia solit\u00e0ria e campestrala) crosa lo camin de Lazarillo de Tormes\u00a0; &#8211; Caminament semantic : de la talv\u00e8ra al talverar e a las talveradas o coss\u00ed la talv\u00e8ra se fa l&rsquo;airal experimental de la conviv\u00e9ncia\u00a0; &#8211; Caminament literari o coss\u00ed lo roman [&hellip;]<\/p>\n","protected":false},"author":773,"featured_media":0,"parent":76,"menu_order":28,"comment_status":"closed","ping_status":"closed","template":"","meta":{"footnotes":""},"class_list":["post-412","page","type-page","status-publish","hentry","post-preview"],"_links":{"self":[{"href":"https:\/\/blogs.univ-tlse2.fr\/relirejeanboudou\/wp-json\/wp\/v2\/pages\/412","targetHints":{"allow":["GET"]}}],"collection":[{"href":"https:\/\/blogs.univ-tlse2.fr\/relirejeanboudou\/wp-json\/wp\/v2\/pages"}],"about":[{"href":"https:\/\/blogs.univ-tlse2.fr\/relirejeanboudou\/wp-json\/wp\/v2\/types\/page"}],"author":[{"embeddable":true,"href":"https:\/\/blogs.univ-tlse2.fr\/relirejeanboudou\/wp-json\/wp\/v2\/users\/773"}],"replies":[{"embeddable":true,"href":"https:\/\/blogs.univ-tlse2.fr\/relirejeanboudou\/wp-json\/wp\/v2\/comments?post=412"}],"version-history":[{"count":1,"href":"https:\/\/blogs.univ-tlse2.fr\/relirejeanboudou\/wp-json\/wp\/v2\/pages\/412\/revisions"}],"predecessor-version":[{"id":413,"href":"https:\/\/blogs.univ-tlse2.fr\/relirejeanboudou\/wp-json\/wp\/v2\/pages\/412\/revisions\/413"}],"up":[{"embeddable":true,"href":"https:\/\/blogs.univ-tlse2.fr\/relirejeanboudou\/wp-json\/wp\/v2\/pages\/76"}],"wp:attachment":[{"href":"https:\/\/blogs.univ-tlse2.fr\/relirejeanboudou\/wp-json\/wp\/v2\/media?parent=412"}],"curies":[{"name":"wp","href":"https:\/\/api.w.org\/{rel}","templated":true}]}}