 {"id":417,"date":"2021-10-08T12:56:43","date_gmt":"2021-10-08T10:56:43","guid":{"rendered":"https:\/\/blogs.univ-tlse2.fr\/relirejeanboudou\/?page_id=417"},"modified":"2021-10-08T12:56:43","modified_gmt":"2021-10-08T10:56:43","slug":"jean-claude-foret","status":"publish","type":"page","link":"https:\/\/blogs.univ-tlse2.fr\/relirejeanboudou\/intervencions-interventions\/jean-claude-foret\/","title":{"rendered":"Jean-Claude For\u00eat"},"content":{"rendered":"\n<p class=\"has-text-align-center has-accent-color has-text-color\"><strong>Le Viaur\u00a0: Jean Boudou et Robert Marty<\/strong><\/p>\n\n\n\n<p><strong>Jean-Claude For\u00eat. <\/strong><em>Depuis <\/em>La Vall\u00e9e perdue<em> (1987), Jean-Claude For\u00eat, \u00e9diteur de la revue <\/em>Jorn,<em> s\u2019est consacr\u00e9 \u00e0 l\u2019enseignement de la langue et de la litt\u00e9rature occitanes et \u00e0 l\u2019\u00e9criture en nord-occitan aussi bien qu\u2019en languedocien pour des romans, <\/em>La P\u00e8ira d\u2019asard <em>(1990, Prix Froment), <\/em>Lo Libre dels grands nombres, o falses e us de fals<em> (1998, Prix Antigone 2000), <\/em>Sang e saba <em>(2005). Il est aussi l\u2019auteur de recueils de po\u00e9sie\u00a0<\/em>:Cants de l\u2019ochava (2000), Un grand eissam de mots (2013) <em>et le traducteur de<\/em> Cinquanta cinc sonets de Shakespeare, traduction <em>(2018)<\/em>&#8230;<\/p>\n","protected":false},"excerpt":{"rendered":"<p>Le Viaur\u00a0: Jean Boudou et Robert Marty Jean-Claude For\u00eat. Depuis La Vall\u00e9e perdue (1987), Jean-Claude For\u00eat, \u00e9diteur de la revue Jorn, s\u2019est consacr\u00e9 \u00e0 l\u2019enseignement de la langue et de la litt\u00e9rature occitanes et \u00e0 l\u2019\u00e9criture en nord-occitan aussi bien qu\u2019en languedocien pour des romans, La P\u00e8ira d\u2019asard (1990, Prix Froment), Lo Libre dels grands [&hellip;]<\/p>\n","protected":false},"author":773,"featured_media":0,"parent":76,"menu_order":11,"comment_status":"closed","ping_status":"closed","template":"","meta":{"footnotes":""},"class_list":["post-417","page","type-page","status-publish","hentry","post-preview"],"_links":{"self":[{"href":"https:\/\/blogs.univ-tlse2.fr\/relirejeanboudou\/wp-json\/wp\/v2\/pages\/417","targetHints":{"allow":["GET"]}}],"collection":[{"href":"https:\/\/blogs.univ-tlse2.fr\/relirejeanboudou\/wp-json\/wp\/v2\/pages"}],"about":[{"href":"https:\/\/blogs.univ-tlse2.fr\/relirejeanboudou\/wp-json\/wp\/v2\/types\/page"}],"author":[{"embeddable":true,"href":"https:\/\/blogs.univ-tlse2.fr\/relirejeanboudou\/wp-json\/wp\/v2\/users\/773"}],"replies":[{"embeddable":true,"href":"https:\/\/blogs.univ-tlse2.fr\/relirejeanboudou\/wp-json\/wp\/v2\/comments?post=417"}],"version-history":[{"count":1,"href":"https:\/\/blogs.univ-tlse2.fr\/relirejeanboudou\/wp-json\/wp\/v2\/pages\/417\/revisions"}],"predecessor-version":[{"id":418,"href":"https:\/\/blogs.univ-tlse2.fr\/relirejeanboudou\/wp-json\/wp\/v2\/pages\/417\/revisions\/418"}],"up":[{"embeddable":true,"href":"https:\/\/blogs.univ-tlse2.fr\/relirejeanboudou\/wp-json\/wp\/v2\/pages\/76"}],"wp:attachment":[{"href":"https:\/\/blogs.univ-tlse2.fr\/relirejeanboudou\/wp-json\/wp\/v2\/media?parent=417"}],"curies":[{"name":"wp","href":"https:\/\/api.w.org\/{rel}","templated":true}]}}