 {"id":422,"date":"2021-10-08T13:01:29","date_gmt":"2021-10-08T11:01:29","guid":{"rendered":"https:\/\/blogs.univ-tlse2.fr\/relirejeanboudou\/?page_id=422"},"modified":"2021-10-08T13:02:28","modified_gmt":"2021-10-08T11:02:28","slug":"fritz-peter-kirsch-2","status":"publish","type":"page","link":"https:\/\/blogs.univ-tlse2.fr\/relirejeanboudou\/intervencions-interventions\/fritz-peter-kirsch-2\/","title":{"rendered":"Fritz-Peter Kirsch &#8211; 2"},"content":{"rendered":"\n<p class=\"has-text-align-center has-text-color\" style=\"color:#f08000\"><strong>Salle communale de Naucelle (12)<\/strong><\/p>\n\n\n\n<p class=\"has-text-align-center has-text-color\" style=\"color:#f08000\"><strong>Vendredi 22 octobre 2021, 18.30<\/strong><\/p>\n\n\n\n<p class=\"has-text-align-center has-accent-color has-text-color\"><strong>Pourquoi relire Joan Bodon\/Jean Boudou\u00a0?<\/strong><\/p>\n\n\n\n<p>Dans une conf\u00e9rence publi\u00e9e dans les <em>Actes du Colloque de Naucelle<\/em> sur l\u2019\u00e9crivain rouergat, F\u00e9lix Castan rapprochait Bodon narrateur des grands romanciers internationaux tels que Faulkner et Kafka, tout en pr\u00e9tendant que \u00ab&nbsp;Le roman fran\u00e7ais en gen\u00e9ral ne l\u2019influence pas, sinon antinomiquement&nbsp;\u00bb.<sup>1<\/sup> Dans la pr\u00e9sente communication, on s\u2019interroge sur l\u2019antinomie mentionn\u00e9e par Castan en se demandant dans quelle mesure l\u2019opposition qu\u2019il souligne ne comporte pas des aspects de compl\u00e9mentarit\u00e9 permettant de mieux comprendre chacune des deux litt\u00e9ratures en question, la fran\u00e7aise et l\u2019occitane. Dans les \u0153uvres narratives de Jean Boudou, notamment dans le roman inachev\u00e9 <em>Las Domaiselas<\/em>, la peinture d\u2019une humanit\u00e9 aux abois semble annoncer l\u2019inspiration apocalyptique allant de pair avec une critique acerbe de la civilisation occidentale qui compte parmi les traits les plus caract\u00e9ristiques de la litt\u00e9rature fran\u00e7aise et europ\u00e9enne d\u2019aujourd\u2019hui. Dans ce contexte, on pourrait entamer, par exemple, une \u00e9tude compar\u00e9e des \u0153uvres de Michel Houellebecq et de Jean Boudou.<\/p>\n\n\n\n<p>1. F\u00e9lix Castan, Jean Boudou (conf\u00e9rence prononc\u00e9e le 19 juin 1986 \u00e0 Rodez), in&nbsp;: <em>Jean Boudou (1920-1975), Actes du Colloque de Naucelle<\/em> <em>1985<\/em>, r\u00e9unis par Christian Anatole, B\u00e9ziers, Centre International de Documentation occitane, 1987, 263-273.<\/p>\n\n\n\n<p><strong><em>Fritz-Peter Kirsch<\/em><\/strong><strong>.<\/strong> <em>Philologue et romaniste, form\u00e9 \u00e0 la diversit\u00e9 romane selon la tradition universitaire sp\u00e9cifique aux pays de langue allemande, s\u2019est d\u2019abord sp\u00e9cialis\u00e9 en litt\u00e9rature fran\u00e7aise (th\u00e8se d\u2019habilitation sur les romans de Victor Hugo) et a sans cesse \u00e9largi son horizon de chercheur. Ses centres d\u2019int\u00e9r\u00eat scientifique se constituent en premier lieu dans les situations de contacts et de conflits entre majorit\u00e9s et minorit\u00e9s linguistico-culturelles. Ses publications concernent la litt\u00e9rature fran\u00e7aise, les litt\u00e9ratures des francophonies du Maghreb, de l\u2019Afrique occidentale et de l\u2019Am\u00e9rique du nord, la litt\u00e9rature occitane (m\u00e9di\u00e9vale et moderne), la litt\u00e9rature italienne, la litt\u00e9rature catalane, la litt\u00e9rature roumaine et la litt\u00e9rature rh\u00e9to-romane des Grisons. Pendant dix ans, Fritz Peter Kirsch a dirig\u00e9 le D\u00e9partement d\u2019\u00c9tudes Romanes de l\u2019Universit\u00e9 de Vienne.<\/em><\/p>\n","protected":false},"excerpt":{"rendered":"<p>Salle communale de Naucelle (12) Vendredi 22 octobre 2021, 18.30 Pourquoi relire Joan Bodon\/Jean Boudou\u00a0? Dans une conf\u00e9rence publi\u00e9e dans les Actes du Colloque de Naucelle sur l\u2019\u00e9crivain rouergat, F\u00e9lix Castan rapprochait Bodon narrateur des grands romanciers internationaux tels que Faulkner et Kafka, tout en pr\u00e9tendant que \u00ab&nbsp;Le roman fran\u00e7ais en gen\u00e9ral ne l\u2019influence pas, [&hellip;]<\/p>\n","protected":false},"author":773,"featured_media":0,"parent":76,"menu_order":17,"comment_status":"closed","ping_status":"closed","template":"","meta":{"footnotes":""},"class_list":["post-422","page","type-page","status-publish","hentry","post-preview"],"_links":{"self":[{"href":"https:\/\/blogs.univ-tlse2.fr\/relirejeanboudou\/wp-json\/wp\/v2\/pages\/422","targetHints":{"allow":["GET"]}}],"collection":[{"href":"https:\/\/blogs.univ-tlse2.fr\/relirejeanboudou\/wp-json\/wp\/v2\/pages"}],"about":[{"href":"https:\/\/blogs.univ-tlse2.fr\/relirejeanboudou\/wp-json\/wp\/v2\/types\/page"}],"author":[{"embeddable":true,"href":"https:\/\/blogs.univ-tlse2.fr\/relirejeanboudou\/wp-json\/wp\/v2\/users\/773"}],"replies":[{"embeddable":true,"href":"https:\/\/blogs.univ-tlse2.fr\/relirejeanboudou\/wp-json\/wp\/v2\/comments?post=422"}],"version-history":[{"count":1,"href":"https:\/\/blogs.univ-tlse2.fr\/relirejeanboudou\/wp-json\/wp\/v2\/pages\/422\/revisions"}],"predecessor-version":[{"id":423,"href":"https:\/\/blogs.univ-tlse2.fr\/relirejeanboudou\/wp-json\/wp\/v2\/pages\/422\/revisions\/423"}],"up":[{"embeddable":true,"href":"https:\/\/blogs.univ-tlse2.fr\/relirejeanboudou\/wp-json\/wp\/v2\/pages\/76"}],"wp:attachment":[{"href":"https:\/\/blogs.univ-tlse2.fr\/relirejeanboudou\/wp-json\/wp\/v2\/media?parent=422"}],"curies":[{"name":"wp","href":"https:\/\/api.w.org\/{rel}","templated":true}]}}