 {"id":47,"date":"2020-07-13T12:12:59","date_gmt":"2020-07-13T10:12:59","guid":{"rendered":"https:\/\/blogs.univ-tlse2.fr\/relirejeanboudou\/?page_id=47"},"modified":"2021-10-08T13:27:06","modified_gmt":"2021-10-08T11:27:06","slug":"escotar-bodon","status":"publish","type":"page","link":"https:\/\/blogs.univ-tlse2.fr\/relirejeanboudou\/escotar-bodon\/","title":{"rendered":"Escotar Bodon \/ \u00c9couter Boudou"},"content":{"rendered":"\n<p>En rason de la situacion sanit\u00e0ria deguda a la pandemia de la Covid-19 lo coll\u00f2qui Joan Bodon es estat reportat al mes d&rsquo;octobre de 2021.<\/p>\n\n\n\n<p>Caquel\u00e0, per festejar coma se deu lo centenari de la naissen\u00e7a de Joan Bodon (1920-1975) av\u00e8m prepausat als intervenents d&rsquo;enregistrar, segon lor causida, una extrach de l&rsquo;\u00f2bra de Joan Bodon.<\/p>\n\n\n\n<p>Traparetz doncas dins la rubrica \u00ab\u00a0Escotar Bodon\u00a0\u00bb d&rsquo;extraches de las \u00f2bras de l&rsquo;autor en format audi\u00f2 e vid\u00e8o. Al total poiretz descobrir los eregistraments de 27 personas per 7 \u00f2bras de l&rsquo;autor dins 7 lengas diferentas (occitan, franc\u00e9s, espanh\u00f2l, catalan, italian, allemand, angl\u00e9s) amb en suplement d&rsquo;une po\u00e8mas botats en can\u00e7on.<\/p>\n\n\n\n<ul class=\"wp-block-list\"><li>Lo frescun de n\u00f2stre Viaur (1945)<\/li><li>La grava sul camin (1956)<\/li><li>Lo libre de Cat\u00f2ia (1966)<\/li><li>Lo libre dels grands jorns (1968)<\/li><li>La Santa-Estela del Centenari (1968)<\/li><li>Sus la mar de las gal\u00e8ras (1975)<\/li><li>Contes (1989)<\/li><li>Po\u00e8mas (2010)<\/li><\/ul>\n\n\n\n<p>Bona re-descob\u00e8rta !<\/p>\n","protected":false},"excerpt":{"rendered":"<p>En rason de la situacion sanit\u00e0ria deguda a la pandemia de la Covid-19 lo coll\u00f2qui Joan Bodon es estat reportat al mes d&rsquo;octobre de 2021. Caquel\u00e0, per festejar coma se deu lo centenari de la naissen\u00e7a de Joan Bodon (1920-1975) av\u00e8m prepausat als intervenents d&rsquo;enregistrar, segon lor causida, una extrach de l&rsquo;\u00f2bra de Joan Bodon. [&hellip;]<\/p>\n","protected":false},"author":773,"featured_media":0,"parent":0,"menu_order":4,"comment_status":"closed","ping_status":"closed","template":"","meta":{"footnotes":""},"class_list":["post-47","page","type-page","status-publish","hentry","post-preview"],"_links":{"self":[{"href":"https:\/\/blogs.univ-tlse2.fr\/relirejeanboudou\/wp-json\/wp\/v2\/pages\/47","targetHints":{"allow":["GET"]}}],"collection":[{"href":"https:\/\/blogs.univ-tlse2.fr\/relirejeanboudou\/wp-json\/wp\/v2\/pages"}],"about":[{"href":"https:\/\/blogs.univ-tlse2.fr\/relirejeanboudou\/wp-json\/wp\/v2\/types\/page"}],"author":[{"embeddable":true,"href":"https:\/\/blogs.univ-tlse2.fr\/relirejeanboudou\/wp-json\/wp\/v2\/users\/773"}],"replies":[{"embeddable":true,"href":"https:\/\/blogs.univ-tlse2.fr\/relirejeanboudou\/wp-json\/wp\/v2\/comments?post=47"}],"version-history":[{"count":3,"href":"https:\/\/blogs.univ-tlse2.fr\/relirejeanboudou\/wp-json\/wp\/v2\/pages\/47\/revisions"}],"predecessor-version":[{"id":430,"href":"https:\/\/blogs.univ-tlse2.fr\/relirejeanboudou\/wp-json\/wp\/v2\/pages\/47\/revisions\/430"}],"wp:attachment":[{"href":"https:\/\/blogs.univ-tlse2.fr\/relirejeanboudou\/wp-json\/wp\/v2\/media?parent=47"}],"curies":[{"name":"wp","href":"https:\/\/api.w.org\/{rel}","templated":true}]}}