 {"id":7,"date":"2019-12-19T11:21:00","date_gmt":"2019-12-19T10:21:00","guid":{"rendered":"https:\/\/blogs.univ-tlse2.fr\/relirejeanboudou\/?page_id=7"},"modified":"2020-07-14T16:02:44","modified_gmt":"2020-07-14T14:02:44","slug":"comite-scientifique","status":"publish","type":"page","link":"https:\/\/blogs.univ-tlse2.fr\/relirejeanboudou\/informacions-practicas\/comite-scientifique\/","title":{"rendered":"Comitat scientific \/ Comit\u00e9 scientifiques"},"content":{"rendered":"\n<p>Jean-Fran\u00e7ois Courouau (ELH-PLH, UT2J),<\/p>\n\n\n\n<p>Herv\u00e9 Lieutard (LLACS, Univ. Paul Val\u00e9ry Montpellier),<\/p>\n\n\n\n<p>Myriam Bras (Cless, UT2J),<\/p>\n\n\n\n<p>R\u00e9my Gasiglia (lab. Univ. Nice Sophia Antipolis),<\/p>\n\n\n\n<p>Marie-Anne Ch\u00e2teau Reynaud (Laces, Univ. Bordeaux Montaigne)<\/p>\n\n\n\n<p>Wendy Pfeffer (r\u00e9dactrice, revue <em>Tenso <\/em>de la Soci\u00e9t\u00e9 Guilhem IX), <\/p>\n\n\n\n<p>Jo\u00eblle Ginestet (ELH-PLH, UT2J, membre du Bureau de l\u2019Association Internationale d\u2019\u00c9tudes Occitanes)<\/p>\n","protected":false},"excerpt":{"rendered":"<p>Jean-Fran\u00e7ois Courouau (ELH-PLH, UT2J), Herv\u00e9 Lieutard (LLACS, Univ. Paul Val\u00e9ry Montpellier), Myriam Bras (Cless, UT2J), R\u00e9my Gasiglia (lab. Univ. Nice Sophia Antipolis), Marie-Anne Ch\u00e2teau Reynaud (Laces, Univ. Bordeaux Montaigne) Wendy Pfeffer (r\u00e9dactrice, revue Tenso de la Soci\u00e9t\u00e9 Guilhem IX), Jo\u00eblle Ginestet (ELH-PLH, UT2J, membre du Bureau de l\u2019Association Internationale d\u2019\u00c9tudes Occitanes)<\/p>\n","protected":false},"author":773,"featured_media":0,"parent":42,"menu_order":1,"comment_status":"closed","ping_status":"closed","template":"","meta":{"footnotes":""},"class_list":["post-7","page","type-page","status-publish","hentry","post-preview"],"_links":{"self":[{"href":"https:\/\/blogs.univ-tlse2.fr\/relirejeanboudou\/wp-json\/wp\/v2\/pages\/7","targetHints":{"allow":["GET"]}}],"collection":[{"href":"https:\/\/blogs.univ-tlse2.fr\/relirejeanboudou\/wp-json\/wp\/v2\/pages"}],"about":[{"href":"https:\/\/blogs.univ-tlse2.fr\/relirejeanboudou\/wp-json\/wp\/v2\/types\/page"}],"author":[{"embeddable":true,"href":"https:\/\/blogs.univ-tlse2.fr\/relirejeanboudou\/wp-json\/wp\/v2\/users\/773"}],"replies":[{"embeddable":true,"href":"https:\/\/blogs.univ-tlse2.fr\/relirejeanboudou\/wp-json\/wp\/v2\/comments?post=7"}],"version-history":[{"count":4,"href":"https:\/\/blogs.univ-tlse2.fr\/relirejeanboudou\/wp-json\/wp\/v2\/pages\/7\/revisions"}],"predecessor-version":[{"id":72,"href":"https:\/\/blogs.univ-tlse2.fr\/relirejeanboudou\/wp-json\/wp\/v2\/pages\/7\/revisions\/72"}],"up":[{"embeddable":true,"href":"https:\/\/blogs.univ-tlse2.fr\/relirejeanboudou\/wp-json\/wp\/v2\/pages\/42"}],"wp:attachment":[{"href":"https:\/\/blogs.univ-tlse2.fr\/relirejeanboudou\/wp-json\/wp\/v2\/media?parent=7"}],"curies":[{"name":"wp","href":"https:\/\/api.w.org\/{rel}","templated":true}]}}