 {"id":79,"date":"2020-07-14T16:05:13","date_gmt":"2020-07-14T14:05:13","guid":{"rendered":"https:\/\/blogs.univ-tlse2.fr\/relirejeanboudou\/?page_id=79"},"modified":"2021-10-08T12:07:22","modified_gmt":"2021-10-08T10:07:22","slug":"alibert-laurent-distopias-danticipacion-en-co-de-joan-bodon-lo-libre-dels-grands-jorns-e-la-santa-estela-del-centenari-al-miralh-dautras-distopias-literarias-del-segle-xx","status":"publish","type":"page","link":"https:\/\/blogs.univ-tlse2.fr\/relirejeanboudou\/intervencions-interventions\/alibert-laurent-distopias-danticipacion-en-co-de-joan-bodon-lo-libre-dels-grands-jorns-e-la-santa-estela-del-centenari-al-miralh-dautras-distopias-literarias-del-segle-xx\/","title":{"rendered":"Laurent Alibert"},"content":{"rendered":"\n<p class=\"has-text-align-center has-accent-color has-text-color\"><strong>Distopias d\u2019anticipacion en c\u00f2 de Joan Bodon\u00a0:\u00a0<\/strong><em><strong>Lo libre dels grands jorns\u00a0<\/strong><\/em><strong>e\u00a0<\/strong><em><strong>La Santa estela del centenari\u00a0<\/strong><\/em><strong>al miralh d\u2019autras distopias liter\u00e0rias del segle XX<\/strong><\/p>\n\n\n\n<p>Una linha directritz de l\u2019\u00f2bra narrativa de Bodon es segurament la pres\u00e9ncia frequenta d\u2019utopias decebudas, d\u2019utopias que menan sovent un mal pusl\u00e8u qu\u2019un rem\u00e8di a la situacion que voli\u00e1n far cambiar. Se&nbsp;<em>La Quim\u00e8ra&nbsp;<\/em>conta una utopia politica &#8211; que ven distopica en vesent pas le jorn &#8211; pla\u00e7ada dins un passat istoric, un roman coma&nbsp;<em>Lo libre de Cat\u00f2ia&nbsp;<\/em>ev\u00f2ca, dins un present parall\u00e8l, una distopia religiosa, la d\u2019una puretat inagantabla tre qu\u2019es mesa a l\u2019espr\u00f2va del real.<\/p>\n\n\n\n<p>La mena de distopia que descrivon&nbsp;<em>Lo libre dels grands jorns&nbsp;<\/em>e&nbsp;<em>La Santa Estela del centenari<\/em>,&nbsp;es tanben circonscrida dins un encastre de \u00ab&nbsp;present parall\u00e8l&nbsp;\u00bb. \u00c7aquela les dos romans se destacan del&nbsp;<em>Libre de Cat\u00f2ia&nbsp;<\/em>en essent virats cap a l\u2019avenidor. Aquelas doas \u00f2bras manlevan d\u2019elements de las tradicions liter\u00e0rias dels genres de la science-ficcion e del roman d\u2019anticipacion.<\/p>\n\n\n\n<p>Mas coss\u00ed se pla\u00e7a Bodon dins aquela tradicion&nbsp;? E quines messatges p\u00f2don plan traversar aqueles dos romans mentre que l\u2019escritura bodonenca es, va podem observar a l\u2019estudi,&nbsp;&nbsp;mai polifonica qu\u2019ideologica&nbsp;? De fait, l\u2019escritura de las distopias d\u2019anticipacion es generalament acompanhada d\u2019un messatge critic, quand es pas allegoric. En c\u00f2 de Bodon, la critica es rarament centrada sus un sol obj\u00e8cte, \u00e7\u00f2 qu\u2019escarta son escritura de la tentacion allegorica. Veirem donc las especificitats de la distopia d\u2019anticipacion en c\u00f2 de Bodon en la fasent dialogar amb d\u2019autras distopias del segles XX<sup>en<\/sup>, que si\u00e1n orwelliana, pre-orweliana (Zamiatine), kafka\u00efana o venguda d\u2019autres orizonts.<\/p>\n\n\n\n<p><strong><em>Lauren\u00e7 Alibert.<\/em><\/strong><em> Es ensenhaire de lenga e literatura occitanas al Departament d\u2019occitan de Montpelhi\u00e8r 3-Pau Val\u00e8ri. S\u2019es primi\u00e8r especializat sus la literatura occitana medievala e publiqu\u00e8t en 2015&nbsp;Le Roman de&nbsp;Jaufr\u00e9&nbsp;et les&nbsp;Narty Kadd\u017eyt\u00e6.&nbsp;Modalit\u00e9s du merveilleux et structures indo-europ\u00e9ennes&nbsp;<strong>(<\/strong>Honor\u00e9 Champion), mas trabalha tanben sus la literatura mod\u00e8rna, en particular sul rap\u00f2rt a la mimesis dins la literatura narrativa occitana. En def\u00f2ra&nbsp;del dom\u00e8ni occitan, trabalha&nbsp;sus&nbsp;las literaturas de l\u2019espaci rus e caucasian.<\/em><\/p>\n","protected":false},"excerpt":{"rendered":"<p>Distopias d\u2019anticipacion en c\u00f2 de Joan Bodon\u00a0:\u00a0Lo libre dels grands jorns\u00a0e\u00a0La Santa estela del centenari\u00a0al miralh d\u2019autras distopias liter\u00e0rias del segle XX Una linha directritz de l\u2019\u00f2bra narrativa de Bodon es segurament la pres\u00e9ncia frequenta d\u2019utopias decebudas, d\u2019utopias que menan sovent un mal pusl\u00e8u qu\u2019un rem\u00e8di a la situacion que voli\u00e1n far cambiar. Se&nbsp;La Quim\u00e8ra&nbsp;conta [&hellip;]<\/p>\n","protected":false},"author":773,"featured_media":0,"parent":76,"menu_order":0,"comment_status":"closed","ping_status":"closed","template":"","meta":{"footnotes":""},"class_list":["post-79","page","type-page","status-publish","hentry","post-preview"],"_links":{"self":[{"href":"https:\/\/blogs.univ-tlse2.fr\/relirejeanboudou\/wp-json\/wp\/v2\/pages\/79","targetHints":{"allow":["GET"]}}],"collection":[{"href":"https:\/\/blogs.univ-tlse2.fr\/relirejeanboudou\/wp-json\/wp\/v2\/pages"}],"about":[{"href":"https:\/\/blogs.univ-tlse2.fr\/relirejeanboudou\/wp-json\/wp\/v2\/types\/page"}],"author":[{"embeddable":true,"href":"https:\/\/blogs.univ-tlse2.fr\/relirejeanboudou\/wp-json\/wp\/v2\/users\/773"}],"replies":[{"embeddable":true,"href":"https:\/\/blogs.univ-tlse2.fr\/relirejeanboudou\/wp-json\/wp\/v2\/comments?post=79"}],"version-history":[{"count":7,"href":"https:\/\/blogs.univ-tlse2.fr\/relirejeanboudou\/wp-json\/wp\/v2\/pages\/79\/revisions"}],"predecessor-version":[{"id":382,"href":"https:\/\/blogs.univ-tlse2.fr\/relirejeanboudou\/wp-json\/wp\/v2\/pages\/79\/revisions\/382"}],"up":[{"embeddable":true,"href":"https:\/\/blogs.univ-tlse2.fr\/relirejeanboudou\/wp-json\/wp\/v2\/pages\/76"}],"wp:attachment":[{"href":"https:\/\/blogs.univ-tlse2.fr\/relirejeanboudou\/wp-json\/wp\/v2\/media?parent=79"}],"curies":[{"name":"wp","href":"https:\/\/api.w.org\/{rel}","templated":true}]}}