 {"id":85,"date":"2020-07-14T16:07:50","date_gmt":"2020-07-14T14:07:50","guid":{"rendered":"https:\/\/blogs.univ-tlse2.fr\/relirejeanboudou\/?page_id=85"},"modified":"2021-10-08T12:09:52","modified_gmt":"2021-10-08T10:09:52","slug":"eleonore-andrieu-et-arnaud-cance","status":"publish","type":"page","link":"https:\/\/blogs.univ-tlse2.fr\/relirejeanboudou\/intervencions-interventions\/eleonore-andrieu-et-arnaud-cance\/","title":{"rendered":"\u00c9l\u00e9onore Andrieu et Arnaud Cance"},"content":{"rendered":"\n<p class=\"has-text-align-center has-accent-color has-text-color\"><strong>Chanter les po\u00e8mes de Jean Boudou<\/strong><\/p>\n\n\n\n<p><strong><em>Arnaud Cance <\/em><\/strong><em>m\u00eale les compositions personnelles en fran\u00e7ais et en langue d\u2019oc \u00e0 des reprises de la chanson occitane. Dans son r\u00e9pertoire, Jean Boudou est bien pr\u00e9sent. Il sait colorer chacun de ses morceaux d\u2019une large palette de rythmes et de sonorit\u00e9s en s\u2019accompagnant \u00e0 la guitare, aux percussions corporelles et \u00e0 la loop station.<\/em><\/p>\n\n\n\n<p><strong>El\u00e9onore Andrieu. <\/strong><em>Ma\u00eetre de Conf\u00e9rences en langues et litt\u00e9ratures m\u00e9di\u00e9vales et membre de l\u2019\u00e9quipe de recherche ELH-PLH, elle est notamment sp\u00e9cialiste d\u2019histoire litt\u00e9raire et topique (VIe-XIIe si\u00e8cle), histoire de la scripturalit\u00e9 et de l&rsquo;oralit\u00e9 en p\u00e9riode \u00ab gr\u00e9gorienne \u00bb (XIe-XIIe si\u00e8cle), histoire de l\u2019historiographie et de l\u2019hagiographie (VIe-XIIIe si\u00e8cle)&#8230; Elle ajoute \u00e0 ces comp\u00e9tences d\u2019enseignante-chercheuse \u00e0 l\u2019Universit\u00e9 Toulouse Jean Jaur\u00e8s, une connaissance approfondie de la culture occitane du moyen \u00e2ge et de nos jours.<\/em><\/p>\n","protected":false},"excerpt":{"rendered":"<p>Chanter les po\u00e8mes de Jean Boudou Arnaud Cance m\u00eale les compositions personnelles en fran\u00e7ais et en langue d\u2019oc \u00e0 des reprises de la chanson occitane. Dans son r\u00e9pertoire, Jean Boudou est bien pr\u00e9sent. Il sait colorer chacun de ses morceaux d\u2019une large palette de rythmes et de sonorit\u00e9s en s\u2019accompagnant \u00e0 la guitare, aux percussions [&hellip;]<\/p>\n","protected":false},"author":773,"featured_media":0,"parent":76,"menu_order":1,"comment_status":"closed","ping_status":"closed","template":"","meta":{"footnotes":""},"class_list":["post-85","page","type-page","status-publish","hentry","post-preview"],"_links":{"self":[{"href":"https:\/\/blogs.univ-tlse2.fr\/relirejeanboudou\/wp-json\/wp\/v2\/pages\/85","targetHints":{"allow":["GET"]}}],"collection":[{"href":"https:\/\/blogs.univ-tlse2.fr\/relirejeanboudou\/wp-json\/wp\/v2\/pages"}],"about":[{"href":"https:\/\/blogs.univ-tlse2.fr\/relirejeanboudou\/wp-json\/wp\/v2\/types\/page"}],"author":[{"embeddable":true,"href":"https:\/\/blogs.univ-tlse2.fr\/relirejeanboudou\/wp-json\/wp\/v2\/users\/773"}],"replies":[{"embeddable":true,"href":"https:\/\/blogs.univ-tlse2.fr\/relirejeanboudou\/wp-json\/wp\/v2\/comments?post=85"}],"version-history":[{"count":2,"href":"https:\/\/blogs.univ-tlse2.fr\/relirejeanboudou\/wp-json\/wp\/v2\/pages\/85\/revisions"}],"predecessor-version":[{"id":385,"href":"https:\/\/blogs.univ-tlse2.fr\/relirejeanboudou\/wp-json\/wp\/v2\/pages\/85\/revisions\/385"}],"up":[{"embeddable":true,"href":"https:\/\/blogs.univ-tlse2.fr\/relirejeanboudou\/wp-json\/wp\/v2\/pages\/76"}],"wp:attachment":[{"href":"https:\/\/blogs.univ-tlse2.fr\/relirejeanboudou\/wp-json\/wp\/v2\/media?parent=85"}],"curies":[{"name":"wp","href":"https:\/\/api.w.org\/{rel}","templated":true}]}}