 {"id":24,"date":"2026-04-21T19:08:18","date_gmt":"2026-04-21T17:08:18","guid":{"rendered":"https:\/\/blogs.univ-tlse2.fr\/rmpr\/?page_id=24"},"modified":"2026-04-21T19:08:18","modified_gmt":"2026-04-21T17:08:18","slug":"le-conseil-dadministration","status":"publish","type":"page","link":"https:\/\/blogs.univ-tlse2.fr\/rmpr\/lassociation\/le-conseil-dadministration\/","title":{"rendered":"Le Conseil d&rsquo;Administration"},"content":{"rendered":"\n<h3 class=\"wp-block-heading\">Sont actuellement membres du CA :<\/h3>\n\n\n\n<ul class=\"wp-block-list\">\n<li>Ingrid S\u00e9n\u00e9part, pr\u00e9sidente<\/li>\n\n\n\n<li>Jessie Cauliez, secr\u00e9taire<\/li>\n\n\n\n<li>Anne Hasler, tr\u00e9sori\u00e8re<\/li>\n\n\n\n<li>\u00c9ric Thirault<\/li>\n\n\n\n<li>Vincent Ard<\/li>\n\n\n\n<li>Christophe Gilabert<\/li>\n<\/ul>\n\n\n\n<h3 class=\"wp-block-heading\">Coordonn\u00e9es :<\/h3>\n\n\n\n<p><strong>Ingrid S\u00e9n\u00e9part<\/strong><br><em>Arch\u00e9ologue n\u00e9olithicienne<\/em><br>SMPH \u2013 Division Arch\u00e9ologie<br>D\u00e9p\u00f4t de fouille Ville de Marseille<br>146 Avenue Roger Salengro<br>F-13003 Marseille<br>et<br>UMR 5608 TRACES<br>Universit\u00e9 Toulouse Jean Jaur\u00e8s<br>Maison de la Recherche<br>5, all\u00e9e Antonio-Machado<br>F-31058 Toulouse cedex 9<\/p>\n\n\n\n<p><strong>Jessie\u2028 Cauliez<\/strong><br><em>Arch\u00e9ologue n\u00e9olithicienne\u2028<\/em><br><em>Charg\u00e9e de recherche CNRS<\/em><br>UMR 5608 TRACES<br>Universit\u00e9 Toulouse Jean Jaur\u00e8s<br>Maison de la Recherche<br>5, all\u00e9e Antonio-Machado<br>F-31058 Toulouse cedex 9<\/p>\n\n\n\n<p><strong>Anne Hasler<\/strong><br><em>Arch\u00e9ologue n\u00e9olithicienne<\/em><br><em>Ing\u00e9nieur de recherche<\/em><br>Inrap M\u00e9diterran\u00e9e<br>561 rue Etienne Lenoir<br>ZAC kilom\u00e8tre delta<br>F-30900 N\u00eemes<br>et<br>Lamp\u00e9a UMR 7269<br>MMSH<br>Rue Ch\u00e2teau de l\u2019Horloge<br>F-13000 Aix-en-Provence<\/p>\n\n\n\n<p><strong>\u00c9ric\u2028 Thirault<\/strong><br><em>Arch\u00e9ologue n\u00e9olithicien<\/em><br><em>Professeur de Pr\u00e9histoire<\/em><br>UFR Temps et Territoires<br>Universit\u00e9 Lumi\u00e8re Lyon 2<br>UMR5133 du CNRS Arch\u00e9orient<br>Maison de l\u2019Orient et de la M\u00e9diterran\u00e9e Jean Pouilloux<br>7 rue Raulin<br>F-69365 Lyon cedex 07<\/p>\n\n\n\n<p><strong>Vincent Ard<\/strong><br><em>Arch\u00e9ologue n\u00e9olithicien<\/em><br><em>Charg\u00e9 de recherche CNRS<\/em><br>UMR 5608 TRACES<br>Universit\u00e9 Toulouse Jean Jaur\u00e8s<br>Maison de la Recherche<br>5, all\u00e9e Antonio-Machado<br>F-31058 Toulouse cedex 9<\/p>\n\n\n\n<p><strong>Christophe Gilabert<\/strong><br><em>Arch\u00e9ologue n\u00e9olithicien<\/em><br><em>Conservateur du patrimoine arch\u00e9ologie<\/em><br>MCC-DRAC\/SRA Occitanie<br>H\u00f4tel de Grave<br>5 rue Salle-l\u2019\u00c9v\u00eaque<br>F-34000 Montpellier<br>et<br>UMR 5140-ASM<br>Arch\u00e9ologie des Soci\u00e9t\u00e9s M\u00e9diterran\u00e9ennes<br>Universit\u00e9 Paul Val\u00e9ry<br>Route de Mende<br>F-34199 Montpellier<\/p>\n","protected":false},"excerpt":{"rendered":"<p>Sont actuellement membres du CA : Coordonn\u00e9es : Ingrid S\u00e9n\u00e9partArch\u00e9ologue n\u00e9olithicienneSMPH \u2013 Division Arch\u00e9ologieD\u00e9p\u00f4t de fouille Ville de Marseille146 Avenue Roger SalengroF-13003 MarseilleetUMR 5608 TRACESUniversit\u00e9 Toulouse Jean Jaur\u00e8sMaison de la Recherche5, all\u00e9e Antonio-MachadoF-31058 Toulouse cedex 9 Jessie\u2028 CauliezArch\u00e9ologue n\u00e9olithicienne\u2028Charg\u00e9e de recherche CNRSUMR 5608 TRACESUniversit\u00e9 Toulouse Jean Jaur\u00e8sMaison de la Recherche5, all\u00e9e Antonio-MachadoF-31058 Toulouse cedex 9 [&hellip;]<\/p>\n","protected":false},"author":1421,"featured_media":0,"parent":13,"menu_order":0,"comment_status":"closed","ping_status":"closed","template":"","meta":{"footnotes":""},"class_list":["post-24","page","type-page","status-publish","hentry"],"_links":{"self":[{"href":"https:\/\/blogs.univ-tlse2.fr\/rmpr\/wp-json\/wp\/v2\/pages\/24","targetHints":{"allow":["GET"]}}],"collection":[{"href":"https:\/\/blogs.univ-tlse2.fr\/rmpr\/wp-json\/wp\/v2\/pages"}],"about":[{"href":"https:\/\/blogs.univ-tlse2.fr\/rmpr\/wp-json\/wp\/v2\/types\/page"}],"author":[{"embeddable":true,"href":"https:\/\/blogs.univ-tlse2.fr\/rmpr\/wp-json\/wp\/v2\/users\/1421"}],"replies":[{"embeddable":true,"href":"https:\/\/blogs.univ-tlse2.fr\/rmpr\/wp-json\/wp\/v2\/comments?post=24"}],"version-history":[{"count":1,"href":"https:\/\/blogs.univ-tlse2.fr\/rmpr\/wp-json\/wp\/v2\/pages\/24\/revisions"}],"predecessor-version":[{"id":25,"href":"https:\/\/blogs.univ-tlse2.fr\/rmpr\/wp-json\/wp\/v2\/pages\/24\/revisions\/25"}],"up":[{"embeddable":true,"href":"https:\/\/blogs.univ-tlse2.fr\/rmpr\/wp-json\/wp\/v2\/pages\/13"}],"wp:attachment":[{"href":"https:\/\/blogs.univ-tlse2.fr\/rmpr\/wp-json\/wp\/v2\/media?parent=24"}],"curies":[{"name":"wp","href":"https:\/\/api.w.org\/{rel}","templated":true}]}}