 {"id":86,"date":"2026-04-21T21:31:27","date_gmt":"2026-04-21T19:31:27","guid":{"rendered":"https:\/\/blogs.univ-tlse2.fr\/rmpr\/?page_id=86"},"modified":"2026-04-21T23:08:09","modified_gmt":"2026-04-21T21:08:09","slug":"rmpr-8-marseille-2008","status":"publish","type":"page","link":"https:\/\/blogs.univ-tlse2.fr\/rmpr\/publications\/rmpr-8-marseille-2008\/","title":{"rendered":"RMPR 8 \u2013 Marseille 2008"},"content":{"rendered":"\n<figure class=\"wp-block-image size-full is-resized\"><img loading=\"lazy\" decoding=\"async\" width=\"100\" height=\"141\" src=\"https:\/\/blogs.univ-tlse2.fr\/rmpr\/files\/2026\/04\/RMPR_08_100.jpg\" alt=\"\" class=\"wp-image-114\" style=\"width:100px\" \/><\/figure>\n\n\n\n<h2 class=\"wp-block-heading\">S\u00c9N\u00c9PART (I.), PERRIN (T.), THIRAULT (\u00c9.), BONNARDIN (S.), dir., 2011. Marges, fronti\u00e8res et transgressions. Actualit\u00e9 de la recherche. Actes des huiti\u00e8mes Rencontres M\u00e9ridionales de Pr\u00e9histoire R\u00e9cente. Marseille, 7 et 8 novembre 2008, Archives d\u2019\u00c9cologie Pr\u00e9historique, 2011, 493 p., ISBN 9782358420051.<\/h2>\n\n\n\n<p><a href=\"http:\/\/www.archeoaep.fr\/?product=rmpr-8\" target=\"_blank\" rel=\"noreferrer noopener\">En vente sur le site des AEP<\/a><br><a href=\"\/Users\/tperrin\/Downloads\/RMPR\/rmpr.fr\/publications\/wp-content\/uploads\/sites\/7\/2016\/10\/RMPR08-2008-TDM.pdf\">Table des mati\u00e8res<\/a><br><a href=\"\/Users\/tperrin\/Downloads\/RMPR\/rmpr.fr\/publications\/wp-content\/uploads\/sites\/7\/2016\/10\/RMPR08-2008-introduction.pdf\">Introduction<\/a><\/p>\n\n\n\n<p>La reconnaissance des cultures arch\u00e9ologiques semble relativement ais\u00e9e et\/ou d\u00e9monstrative l\u00e0 o\u00f9 s\u2019expriment le mieux les traits sp\u00e9cifiques qui leur sont attribu\u00e9s (production c\u00e9ramique ou lithique, d\u00e9cors, types\u2026). Il est possible dans ce cas de cerner \u00ab des zones centrales \u00bb qui peuvent \u00eatre spatialement d\u00e9limit\u00e9es. L\u2019exercice devient p\u00e9rilleux lorsque l\u2019on s\u2019\u00e9loigne de ces centres et que l\u2019on gagne leurs marges \u2013 l\u2019expression des caract\u00e8res peut y \u00eatre exacerb\u00e9e ou au contraire dilu\u00e9e dans des \u00ab ensembles mixtes \u00bb. Cette question est particuli\u00e8rement cruciale en ce qui concerne la n\u00e9olithisation, mais se retrouve tout au long de la Pr\u00e9histoire r\u00e9cente, du M\u00e9solithique \u00e0 l\u2019\u00e2ge du Bronze. Au sein d\u2019un m\u00eame ensemble culturel se pose donc la question de la d\u00e9finition d\u2019entit\u00e9s coh\u00e9rentes, marg\u00e9es, mais partageant des termes communs. Quels crit\u00e8res objectifs permettent alors de d\u00e9finir des marges ou des fronti\u00e8res, lesquels signent des transgressions ? C\u2019est \u00e0 ces questions que les auteurs du Th\u00e9ma des 8e Rencontres M\u00e9ridionales de Pr\u00e9histoire R\u00e9cente de Marseille intitul\u00e9 \u00ab Marges, fronti\u00e8res et transgressions \u00bb ont tent\u00e9 de r\u00e9pondre au travers de huit contributions.<\/p>\n\n\n\n<p>Conform\u00e9ment aux r\u00e8gles des RMPR de promouvoir et de diffuser la recherche arch\u00e9ologique en Pr\u00e9histoire r\u00e9cente (du M\u00e9solithique \u00e0 l\u2019\u00e2ge du Bronze) dans le sud de la France, ce panel est accompagn\u00e9 de dix-sept articles d\u2019actualit\u00e9s scientifiques portant sur les recherches de terrain et de laboratoire des ann\u00e9es 2006-2008. Cette volont\u00e9 permet d\u2019offrir un espace de parole aux diff\u00e9rents acteurs de la discipline oeuvrant dans le Midi et ses marges afin de t\u00e9moigner du dynamisme de leur recherche.<\/p>\n","protected":false},"excerpt":{"rendered":"<p>S\u00c9N\u00c9PART (I.), PERRIN (T.), THIRAULT (\u00c9.), BONNARDIN (S.), dir., 2011. Marges, fronti\u00e8res et transgressions. Actualit\u00e9 de la recherche. Actes des huiti\u00e8mes Rencontres M\u00e9ridionales de Pr\u00e9histoire R\u00e9cente. Marseille, 7 et 8 novembre 2008, Archives d\u2019\u00c9cologie Pr\u00e9historique, 2011, 493 p., ISBN 9782358420051. En vente sur le site des AEPTable des mati\u00e8resIntroduction La reconnaissance des cultures arch\u00e9ologiques semble [&hellip;]<\/p>\n","protected":false},"author":1421,"featured_media":0,"parent":20,"menu_order":0,"comment_status":"closed","ping_status":"closed","template":"","meta":{"footnotes":""},"class_list":["post-86","page","type-page","status-publish","hentry"],"_links":{"self":[{"href":"https:\/\/blogs.univ-tlse2.fr\/rmpr\/wp-json\/wp\/v2\/pages\/86","targetHints":{"allow":["GET"]}}],"collection":[{"href":"https:\/\/blogs.univ-tlse2.fr\/rmpr\/wp-json\/wp\/v2\/pages"}],"about":[{"href":"https:\/\/blogs.univ-tlse2.fr\/rmpr\/wp-json\/wp\/v2\/types\/page"}],"author":[{"embeddable":true,"href":"https:\/\/blogs.univ-tlse2.fr\/rmpr\/wp-json\/wp\/v2\/users\/1421"}],"replies":[{"embeddable":true,"href":"https:\/\/blogs.univ-tlse2.fr\/rmpr\/wp-json\/wp\/v2\/comments?post=86"}],"version-history":[{"count":2,"href":"https:\/\/blogs.univ-tlse2.fr\/rmpr\/wp-json\/wp\/v2\/pages\/86\/revisions"}],"predecessor-version":[{"id":153,"href":"https:\/\/blogs.univ-tlse2.fr\/rmpr\/wp-json\/wp\/v2\/pages\/86\/revisions\/153"}],"up":[{"embeddable":true,"href":"https:\/\/blogs.univ-tlse2.fr\/rmpr\/wp-json\/wp\/v2\/pages\/20"}],"wp:attachment":[{"href":"https:\/\/blogs.univ-tlse2.fr\/rmpr\/wp-json\/wp\/v2\/media?parent=86"}],"curies":[{"name":"wp","href":"https:\/\/api.w.org\/{rel}","templated":true}]}}